{"id":2113,"date":"2011-02-27T16:59:22","date_gmt":"2011-02-27T15:59:22","guid":{"rendered":"http:\/\/www.packpapierverlag.de\/neu\/?p=2113"},"modified":"2011-12-30T11:41:49","modified_gmt":"2011-12-30T10:41:49","slug":"housemitteilung-022011","status":"publish","type":"product","link":"https:\/\/www.packpapierverlag.de\/?product=housemitteilung-022011","title":{"rendered":"Housemitteilung 11\/2011"},"content":{"rendered":"<p>Housemitteilung &#8211; unsre neue Seite ist online &#8211; Aufbauphase (25,11,2011)<\/p>\n<p>Bevor ich ins Wendland fahre, Castor blockieren, noch schnell diese Mitteilung an euch:<\/p>\n<p>Endlich im Netz ist unsre neu gestrickte Seite (packpapierverlag.de ohne Strich dazwischen) mit allem technische Schnickschnack vonwegen Warenkorb und so. Hoffentlich funktioniert der Spa\u00df nun auch, damit sich keiner als Versuchskaninchen in den den Fallstricken des Internets f\u00fchlt, und wir gleich nach unsrer R\u00fcckkehr die ersten Bestellungen vorfinden.<\/p>\n<p>Die neue Seite wollen wir dann wieder ordentlich f\u00fcllen mit Infos, zuletzt ist das n\u00e4mlich etwas un\u00fcbersichtlich geworden. Dank Simon aus Freiburg wird nun alles besser, am meisten gef\u00e4llt mir immer das schmutzig-schwarze Gr\u00fcn, das hat er gut hingekriegt. &#8211; danke!<\/p>\n<p>Und danke auch an Alex aus Jena, der das Geld zur Finanzierung der Neuauflage von Rolf Schwendters Utopie \u00fcberwiesen hat. Ich habe n\u00e4mlich schon \u00f6fter darauf hingewiesen, da\u00df B\u00fccher nicht nur Autoren, Drucker, einen Verlag und engagierte Buchl\u00e4den brauchen, sondern jemand der die Kosten vorstreckt. Und das haben Alex und Simon geh\u00f6rt &#8211; so stelle ich mir eine gute Kooperation zwischen Lesern, Autoren und allem dazwischen vor. Nachahmungst\u00e4ter sind gesucht &#8211; wer sich als Leser mehr f\u00fcr das Kulturgut Buch engagieren will, melde sich bitte. Auch zum Lektorieren und \u00fcberhaupt zum sich Vergraben in der Literatur suchen wir Mitstreiter.<\/p>\n<p>\u00dcbrigens hat mir Alex mit Freunden aus Jena auch geholfen, da\u00df ich die Woche bei der Fusion \u00fcber die Runden kam. Echt peinlich, wenn einem die Knie versagen, irgendne Entz\u00fcndung halt, trotzdem habe ich nur ein Festival diesen Sommer verpa\u00dft (das in Freiberg), jedoch ist viel Arbeit in Werkstatt und B\u00fcro (emails) liegengeblieben, und aus der Krankenkasse bin ich auch rausgeflogen. Also dann, im Wendland ab morgen, man sieht sich!<\/p>\n<p>PS, w\u00e4r gut, wenn du\/ihr deinen Freunden unsre Internetadresse weitergeben w\u00fcrdest.<\/p>\n<p>Gru\u00df! Herrmann, Packpapierverlag<\/p>\n","protected":false},"excerpt":{"rendered":"<p>Housemitteilung &#8211; unsre neue Seite ist online &#8211; Aufbauphase (25,11,2011) [&hellip;] &hellip; <a href=\"https:\/\/www.packpapierverlag.de\/?product=housemitteilung-022011\">Weiterlesen <span class=\"meta-nav\">&rarr;<\/span><\/a><\/p>\n","protected":false},"featured_media":0,"template":"","meta":[],"product_brand":[],"product_cat":[39],"product_tag":[],"class_list":{"0":"post-2113","1":"product","2":"type-product","3":"status-publish","5":"product_cat-housemitteilungen","7":"first","8":"instock","9":"shipping-taxable","10":"product-type-simple"},"_links":{"self":[{"href":"https:\/\/www.packpapierverlag.de\/index.php?rest_route=\/wp\/v2\/product\/2113","targetHints":{"allow":["GET"]}}],"collection":[{"href":"https:\/\/www.packpapierverlag.de\/index.php?rest_route=\/wp\/v2\/product"}],"about":[{"href":"https:\/\/www.packpapierverlag.de\/index.php?rest_route=\/wp\/v2\/types\/product"}],"wp:attachment":[{"href":"https:\/\/www.packpapierverlag.de\/index.php?rest_route=%2Fwp%2Fv2%2Fmedia&parent=2113"}],"wp:term":[{"taxonomy":"product_brand","embeddable":true,"href":"https:\/\/www.packpapierverlag.de\/index.php?rest_route=%2Fwp%2Fv2%2Fproduct_brand&post=2113"},{"taxonomy":"product_cat","embeddable":true,"href":"https:\/\/www.packpapierverlag.de\/index.php?rest_route=%2Fwp%2Fv2%2Fproduct_cat&post=2113"},{"taxonomy":"product_tag","embeddable":true,"href":"https:\/\/www.packpapierverlag.de\/index.php?rest_route=%2Fwp%2Fv2%2Fproduct_tag&post=2113"}],"curies":[{"name":"wp","href":"https:\/\/api.w.org\/{rel}","templated":true}]}}