{"id":215,"date":"2010-12-05T21:49:55","date_gmt":"2010-12-05T20:49:55","guid":{"rendered":"http:\/\/www.packpapierverlag.de\/neu\/?p=215"},"modified":"2017-05-04T13:21:53","modified_gmt":"2017-05-04T11:21:53","slug":"was-ist-getreide","status":"publish","type":"product","link":"https:\/\/www.packpapierverlag.de\/?product=was-ist-getreide","title":{"rendered":"Das Getreide und seine Verarbeitung (p13)"},"content":{"rendered":"<p><img loading=\"lazy\" decoding=\"async\" class=\"alignleft size-medium wp-image-5615\" title=\"Das Getreide\" src=\"https:\/\/www.packpapierverlag.de\/wp-content\/uploads\/2010\/12\/Das-Getreide-212x300.jpg\" alt=\"\" width=\"212\" height=\"300\" srcset=\"https:\/\/www.packpapierverlag.de\/wp-content\/uploads\/2010\/12\/Das-Getreide-212x300.jpg 212w, https:\/\/www.packpapierverlag.de\/wp-content\/uploads\/2010\/12\/Das-Getreide-300x423.jpg 300w, https:\/\/www.packpapierverlag.de\/wp-content\/uploads\/2010\/12\/Das-Getreide-726x1024.jpg 726w, https:\/\/www.packpapierverlag.de\/wp-content\/uploads\/2010\/12\/Das-Getreide.jpg 1024w\" sizes=\"auto, (max-width: 212px) 100vw, 212px\" \/><small style=\"color: #0b2424;\"><big style=\"font-weight: bold; color: #154747;\"><span style=\"font-family: Helvetica,Arial,sans-serif;\">Das Getreide und seine Verarbeitung<\/span><\/big><br style=\"font-family: Helvetica,Arial,sans-serif;\" \/><span style=\"font-family: Helvetica,Arial,sans-serif;\">Heft in DIN A6, 31 Seiten, 11 Abbildungen und Tabellen Grundlegende Informationen \u00fcber die g\u00e4ngigen Getreidesorten und ihre Verarbeitung<br style=\"font-family: Helvetica,Arial,sans-serif;\" \/><\/span><span style=\"font-family: Helvetica,Arial,sans-serif;\">INHALT:<\/span> <span style=\"font-family: Helvetica,Arial,sans-serif;\">Das Getreidekorn, Aufbau ud Inhaltsstoffe * Getreidefr\u00fcchte * Zusammensetzung der Getreidearten in % (Kohlehydrate, Protein, Fett, Rohfaser, Mineralstoffe) * Der Keim * Aufschlie\u00dfen des getreides durch Vermahlen * Hoch- (Grie\u00df) und Flach (Mehl)-M\u00fcllerei * Bezeichnung der Mehltypen * Schaubild Gerste, Weizen, Hafer, Roggen, Reis, Mais * Maismehl * Hafermehl * Grie\u00df und Dunst * Gr\u00fctze * Graupen (Rollgerste) * Flocken * Hafermark * Das Backen * Teigbereitung * Mit B\u00e4ckereihefe * Sauerteig * Brotteigg\u00e4rung * Backen * Brotfehler und &#8211; Krankheiten * Vollkornbrot * Pumpernickel * Simonsbrot * Steinmetzbrot<\/span><\/small><\/p>\n","protected":false},"excerpt":{"rendered":"<p>Das Getreide und seine VerarbeitungHeft in DIN A6, 31 Seiten, [&hellip;] &hellip; <a href=\"https:\/\/www.packpapierverlag.de\/?product=was-ist-getreide\">Weiterlesen <span class=\"meta-nav\">&rarr;<\/span><\/a><\/p>\n","protected":false},"featured_media":5615,"template":"","meta":[],"product_brand":[],"product_cat":[14,3],"product_tag":[],"class_list":{"0":"post-215","1":"product","2":"type-product","3":"status-publish","4":"has-post-thumbnail","6":"product_cat-kleine-reihe-naturkost-broschuren","7":"product_cat-produkte","9":"first","10":"instock","11":"shipping-taxable","12":"purchasable","13":"product-type-simple"},"_links":{"self":[{"href":"https:\/\/www.packpapierverlag.de\/index.php?rest_route=\/wp\/v2\/product\/215","targetHints":{"allow":["GET"]}}],"collection":[{"href":"https:\/\/www.packpapierverlag.de\/index.php?rest_route=\/wp\/v2\/product"}],"about":[{"href":"https:\/\/www.packpapierverlag.de\/index.php?rest_route=\/wp\/v2\/types\/product"}],"wp:featuredmedia":[{"embeddable":true,"href":"https:\/\/www.packpapierverlag.de\/index.php?rest_route=\/wp\/v2\/media\/5615"}],"wp:attachment":[{"href":"https:\/\/www.packpapierverlag.de\/index.php?rest_route=%2Fwp%2Fv2%2Fmedia&parent=215"}],"wp:term":[{"taxonomy":"product_brand","embeddable":true,"href":"https:\/\/www.packpapierverlag.de\/index.php?rest_route=%2Fwp%2Fv2%2Fproduct_brand&post=215"},{"taxonomy":"product_cat","embeddable":true,"href":"https:\/\/www.packpapierverlag.de\/index.php?rest_route=%2Fwp%2Fv2%2Fproduct_cat&post=215"},{"taxonomy":"product_tag","embeddable":true,"href":"https:\/\/www.packpapierverlag.de\/index.php?rest_route=%2Fwp%2Fv2%2Fproduct_tag&post=215"}],"curies":[{"name":"wp","href":"https:\/\/api.w.org\/{rel}","templated":true}]}}