{"id":2165,"date":"2011-11-02T22:58:27","date_gmt":"2011-11-02T21:58:27","guid":{"rendered":"http:\/\/www.packpapierverlag.de\/neu\/?p=2165"},"modified":"2020-07-09T18:46:37","modified_gmt":"2020-07-09T16:46:37","slug":"wildkrauter-p152","status":"publish","type":"product","link":"https:\/\/www.packpapierverlag.de\/?product=wildkrauter-p152","title":{"rendered":"Wildkr\u00e4uter von Elisabeth Westphal &#038; Rabe Ralf (p152)"},"content":{"rendered":"<p><a href=\"https:\/\/www.packpapierverlag.de\/wp-content\/uploads\/2011\/11\/Wildkr\u00e4uter-Rabe-Ralf4.jpg\"><img loading=\"lazy\" decoding=\"async\" class=\"alignleft size-medium wp-image-2896\" title=\"Wildkr\u00e4uter Rabe Ralf\" src=\"https:\/\/www.packpapierverlag.de\/wp-content\/uploads\/2011\/11\/Wildkr\u00e4uter-Rabe-Ralf4-209x300.jpg\" alt=\"\" width=\"209\" height=\"300\" srcset=\"https:\/\/www.packpapierverlag.de\/wp-content\/uploads\/2011\/11\/Wildkr\u00e4uter-Rabe-Ralf4-209x300.jpg 209w, https:\/\/www.packpapierverlag.de\/wp-content\/uploads\/2011\/11\/Wildkr\u00e4uter-Rabe-Ralf4-300x430.jpg 300w, https:\/\/www.packpapierverlag.de\/wp-content\/uploads\/2011\/11\/Wildkr\u00e4uter-Rabe-Ralf4-714x1024.jpg 714w, https:\/\/www.packpapierverlag.de\/wp-content\/uploads\/2011\/11\/Wildkr\u00e4uter-Rabe-Ralf4.jpg 1024w\" sizes=\"auto, (max-width: 209px) 100vw, 209px\" \/><\/a><small><span style=\"font-weight: bold;\">Elisabeth Westphal<\/span><\/small><\/p>\n<p><small><big style=\"color: #663366;\"><span style=\"font-weight: bold;\">* WILDKR\u00c4UTER *<\/span><\/big><\/small><\/p>\n<div style=\"text-align: left; font-family: Helvetica,Arial,sans-serif; color: #004300;\"><small>Gemeinschaftsausgabe des Packpapier Verlags Osnabr\u00fcck und der Umweltzeitung des Netzwerkes Gr\u00fcne Liga e.V. \u201eDer Rabe Ralf\u201c Erstauflage 2010 ISBN 978-3-931504-48-4<br \/>\n.<br \/>\nErweiterte Neuauflage ca 200 Seiten, illustriert. In der Farbe Gr\u00fcn auf Umweltschutzpapier gedruckt, Einband aus Recycling-Karton, genutet f\u00fcr die lesefreundliche und lange Benutzung. Klebebindung.<br \/>\n.<br \/>\nEin wundersch\u00f6nes, rundum \u00f6kologisches Buch, 10 Jahre Kr\u00e4uterentdeckungen, zusammengetragen aus der Umweltzeitung \u201eDer Rabe Ralf\u201c und f\u00fcr diese Buchausgabe \u00fcberarbeitet. Elisabeth Westphal ist als Ern\u00e4hrungsberaterin f\u00fcr die Gr\u00fcne Liga t\u00e4tig und f\u00fchrt<br \/>\nseit vielen Jahren Kr\u00e4uter- und Pilzwanderungen durch; sie arbeitet au\u00dferdem als Leiterin des \u00d6komarktes am Kollwitzplatz in Berlin.<br \/>\n.<br \/>\nDie Gr\u00fcne Liga ist ein Netzwerk \u00f6kologischer Bewegungen, die ihre Wurzeln in der Umwelt- und Friedensbewegung der DDR hat und neben<br \/>\ndem Arbeits-Schwerpunkt \u00f6kologisch nachhaltiger Stadtpolitik \u00fcberregional und international f\u00fcr den Umweltschutz aktiv ist.<br \/>\n.<br \/>\nStatt die \u201eKostbarkeiten zu zertreten\u201c, m\u00f6chte die Autorin dazu anregen, die Vielfalt der Wildkr\u00e4uter neu zu entdecken und auf diese Weise die Gesundheit, die in Zeiten von Fertigpillen und Fertigmen\u00fcs zu kurz kommt, zu f\u00f6rdern. Damit man den wilden \u201eNutzgarten\u201c Natur nicht zerst\u00f6rt, gibt Elisabeth Westphal Tips, wie man Pflanzen oder Pflanzenteile umsichtig \u201eerntet\u201c.<br \/>\n.<br \/>\nDie im Buch versammelten 55 Pflanzenportraits vermitteln einen anschaulichen Eindruck von der Vielfalt nutzbarer Wildkr\u00e4uter.<br \/>\nDas jeweilige Portrait umfa\u00dft: <\/small><\/div>\n<div style=\"text-align: left; font-family: Helvetica,Arial,sans-serif; color: #004300;\"><small>Pflanzenname: Deutsch- Latein<br \/>\nAbbildung der Pflanze<br \/>\nHistorische bzw. botanische Einordnung<br \/>\nBotanische Merkmale<br \/>\nVorkommen<br \/>\nErnte und Erntezeit<br \/>\nHauptinhaltsstoffe<br \/>\nGeschmack<br \/>\nMedizinische Wirksamkeit (akute und\/ oder langfristige Anwendung zur<br \/>\nVerbesserung des Allgemeinzustandes)<br \/>\nK\u00fcchentipps<br \/>\nAnekdoten und Irrt\u00fcmer<br \/>\n.<br \/>\n<span style=\"font-weight: bold;\">INHALT:<\/span><br \/>\n. Prolog von Lonicerus (1679)<br \/>\n. Der Rabe Ralf<br \/>\n. Wildpflanzen \u2013 Gesundheit kostenlos<br \/>\n. Gegen alles ist ein Kraut gewachsen (\u00dcbersicht: Welche Krankheit- welches Kraut)<br \/>\n. Tips f\u00fcr Sammler<br \/>\n. Sammelkalender<br \/>\n.<br \/>\n* PFLANZENPORT\u00c4TS *<br \/>\n<\/small><\/div>\n<div style=\"text-align: left; font-family: Helvetica,Arial,sans-serif; color: #004300;\"><\/div>\n<div style=\"text-align: left; font-family: Helvetica,Arial,sans-serif; color: #004300;\"><small>Ackerhellerkraut<br \/>\nAckerschachtelhalm<br \/>\nAckersenf<br \/>\n.<br \/>\nBach-Nelkenwurz<br \/>\nBarbarakraut, wildes<br \/>\nB\u00e4rlauch<br \/>\nBeifu\u00df, gemeiner<br \/>\nBeinwell<br \/>\nBrennessel<br \/>\nBrunnekresse<br \/>\n.<br \/>\nFranzosenkraut, kleinbl\u00fctiges<br \/>\nFrauenmantel, gemeiner<br \/>\nFr\u00fchlings- Scharbockskraut<br \/>\n.<br \/>\nG\u00e4nsebl\u00fcmchen<br \/>\nG\u00e4nsefingerkraut<br \/>\nGiersch, Geifu\u00df<br \/>\nGundermann<br \/>\nG\u00e4nsel, kriechender<br \/>\n.<br \/>\nHeckenrose<br \/>\nHirtent\u00e4schel<br \/>\nHolunder, schwarzer<br \/>\nHopfen, wilder<br \/>\nHuflattich<br \/>\n.<br \/>\nJohanniskraut, echtes<br \/>\n.<br \/>\nKamille, echte<br \/>\nKlette<br \/>\nKapuzinerkresse<br \/>\nKnoblauchsrauke<br \/>\n.<br \/>\nL\u00f6wenzahn<br \/>\nLungenkraut, echtes<br \/>\n.<br \/>\nMalve, wilde<br \/>\nMeerrettich<br \/>\nMelde, wei\u00dfe<br \/>\n.<br \/>\nNatternkopf, gemeiner<br \/>\n.<br \/>\nOchsenzunge, gemeine oder gew\u00f6hnliche<br \/>\n.<br \/>\nRotklee<br \/>\n.<br \/>\nSanddorn<br \/>\nSauerampfer<br \/>\nSchafgarbe<br \/>\nSchaumkraut, bitteres<br \/>\nSchlehe<br \/>\n.<br \/>\nTaubnessel, wei\u00dfe<br \/>\nTaubenkropf &#8211; Leimkraut<br \/>\nTopinambur<br \/>\n.<br \/>\nVeilchen, wohlriechendes<br \/>\nVogelmiere<br \/>\n.<br \/>\nWaldmeister<br \/>\nWald-Sauerklee<br \/>\nWegerich (Spitzwegerich, Breitwegerich, Mittlerer Wegerich)<br \/>\nWegwarte<br \/>\nWiesen-B\u00e4renklau<br \/>\nWiesenbocksbart<br \/>\nWiesenknopf<br \/>\nWiesenlabkraut<br \/>\nWiesenschaumkraut<br \/>\n.<br \/>\nDie Gr\u00fcne Liga<br \/>\n.<br \/>\nB\u00fccherauswahl vom Packpapier Verlag<br \/>\n&#8230;<\/small><\/div>\n<p>&nbsp;<\/p>\n","protected":false},"excerpt":{"rendered":"<p>Elisabeth Westphal * WILDKR\u00c4UTER * Gemeinschaftsausgabe des Packpapier Verlags Osnabr\u00fcck [&hellip;] &hellip; <a href=\"https:\/\/www.packpapierverlag.de\/?product=wildkrauter-p152\">Weiterlesen <span class=\"meta-nav\">&rarr;<\/span><\/a><\/p>\n","protected":false},"featured_media":2896,"template":"","meta":[],"product_brand":[],"product_cat":[16,3],"product_tag":[],"class_list":{"0":"post-2165","1":"product","2":"type-product","3":"status-publish","4":"has-post-thumbnail","6":"product_cat-krauter-und-drogen","7":"product_cat-produkte","9":"first","10":"instock","11":"shipping-taxable","12":"purchasable","13":"product-type-simple"},"_links":{"self":[{"href":"https:\/\/www.packpapierverlag.de\/index.php?rest_route=\/wp\/v2\/product\/2165","targetHints":{"allow":["GET"]}}],"collection":[{"href":"https:\/\/www.packpapierverlag.de\/index.php?rest_route=\/wp\/v2\/product"}],"about":[{"href":"https:\/\/www.packpapierverlag.de\/index.php?rest_route=\/wp\/v2\/types\/product"}],"wp:featuredmedia":[{"embeddable":true,"href":"https:\/\/www.packpapierverlag.de\/index.php?rest_route=\/wp\/v2\/media\/2896"}],"wp:attachment":[{"href":"https:\/\/www.packpapierverlag.de\/index.php?rest_route=%2Fwp%2Fv2%2Fmedia&parent=2165"}],"wp:term":[{"taxonomy":"product_brand","embeddable":true,"href":"https:\/\/www.packpapierverlag.de\/index.php?rest_route=%2Fwp%2Fv2%2Fproduct_brand&post=2165"},{"taxonomy":"product_cat","embeddable":true,"href":"https:\/\/www.packpapierverlag.de\/index.php?rest_route=%2Fwp%2Fv2%2Fproduct_cat&post=2165"},{"taxonomy":"product_tag","embeddable":true,"href":"https:\/\/www.packpapierverlag.de\/index.php?rest_route=%2Fwp%2Fv2%2Fproduct_tag&post=2165"}],"curies":[{"name":"wp","href":"https:\/\/api.w.org\/{rel}","templated":true}]}}