{"id":219,"date":"2010-12-05T21:51:50","date_gmt":"2010-12-05T20:51:50","guid":{"rendered":"http:\/\/www.packpapierverlag.de\/neu\/?p=219"},"modified":"2017-05-04T13:21:15","modified_gmt":"2017-05-04T11:21:15","slug":"gemuse-krauter-pasten","status":"publish","type":"product","link":"https:\/\/www.packpapierverlag.de\/?product=gemuse-krauter-pasten","title":{"rendered":"Gem\u00fcse-Kr\u00e4uter-Pasten (p60)"},"content":{"rendered":"<p><a href=\"https:\/\/www.packpapierverlag.de\/wp-content\/uploads\/2017\/04\/Gem\u00fcsekr\u00e4uterpasten.jpg\" rel=\"attachment wp-att-7238\"><img loading=\"lazy\" decoding=\"async\" class=\"alignleft wp-image-7238 size-medium\" src=\"https:\/\/www.packpapierverlag.de\/wp-content\/uploads\/2017\/04\/Gem\u00fcsekr\u00e4uterpasten-206x300.jpg\" alt=\"Gem\u00fcsekr\u00e4uterpasten\" width=\"206\" height=\"300\" srcset=\"https:\/\/www.packpapierverlag.de\/wp-content\/uploads\/2017\/04\/Gem\u00fcsekr\u00e4uterpasten-206x300.jpg 206w, https:\/\/www.packpapierverlag.de\/wp-content\/uploads\/2017\/04\/Gem\u00fcsekr\u00e4uterpasten-300x438.jpg 300w, https:\/\/www.packpapierverlag.de\/wp-content\/uploads\/2017\/04\/Gem\u00fcsekr\u00e4uterpasten-768x1121.jpg 768w, https:\/\/www.packpapierverlag.de\/wp-content\/uploads\/2017\/04\/Gem\u00fcsekr\u00e4uterpasten-702x1024.jpg 702w, https:\/\/www.packpapierverlag.de\/wp-content\/uploads\/2017\/04\/Gem\u00fcsekr\u00e4uterpasten.jpg 1024w\" sizes=\"auto, (max-width: 206px) 100vw, 206px\" \/><\/a><small><big><span style=\"color: #4f1a4f; font-family: Helvetica,Arial,sans-serif; font-weight: bold;\">Gem\u00fcse-Kr\u00e4uter- Pasten<\/span><\/big><br style=\"color: #004100; font-family: Helvetica,Arial,sans-serif;\" \/><span style=\"color: #004100; font-family: Helvetica,Arial,sans-serif;\">Vegetarische Brotaufstrich- Rezepte mit Ferment Getreide (milchsaure G\u00e4rung)<\/span> <span style=\"color: #004100; font-family: Helvetica,Arial,sans-serif;\">Heftchen gr\u00f6\u00dfer DIN A5, 30 Seiten, illustriert mit Zeichnungen. Packpapier- Verlag <\/span><span style=\"color: #004100; font-family: Helvetica,Arial,sans-serif;\">Rezepte f\u00fcr 14 Pasten plus Hintergundinformationen zu Getreideferment und Gesundheit<\/span><br style=\"color: #004100; font-family: Helvetica,Arial,sans-serif;\" \/><span style=\"color: #004100; font-family: Helvetica,Arial,sans-serif;\">INHALT: * Liebe Naturkostfreunde: zur Einleitung * Was ist Fermentgetreide? * Vorbemerkungen zu den Rezepten * Sellerie- Paste * Gr\u00fcnkern-Paste * M\u00f6hren- Paste * Avocado- Paste * Rettich- Paste * Tomaten- Paste * Fenchel- Paste * Tomaten- M\u00f6hren- Paste * Sauerrahm- Kresse- Paste * Kohlrabi- Paste * Wei\u00dfkraut- Paste * Gurken- Paprika- Paste * Kichererbsen- Paste * Aduki- Bohnen- Paste * Fermentgetreide: ein heilendes Lebensmittel * Wirkung des Fermentgetreides *<\/span><\/small><\/p>\n","protected":false},"excerpt":{"rendered":"<p>Gem\u00fcse-Kr\u00e4uter- PastenVegetarische Brotaufstrich- Rezepte mit Ferment Getreide (milchsaure G\u00e4rung) Heftchen [&hellip;] &hellip; <a href=\"https:\/\/www.packpapierverlag.de\/?product=gemuse-krauter-pasten\">Weiterlesen <span class=\"meta-nav\">&rarr;<\/span><\/a><\/p>\n","protected":false},"featured_media":7238,"template":"","meta":[],"product_brand":[],"product_cat":[14,15,3],"product_tag":[],"class_list":{"0":"post-219","1":"product","2":"type-product","3":"status-publish","4":"has-post-thumbnail","6":"product_cat-kleine-reihe-naturkost-broschuren","7":"product_cat-kochbucher-ernahrung-bewusstsein","8":"product_cat-produkte","10":"first","11":"instock","12":"shipping-taxable","13":"purchasable","14":"product-type-simple"},"_links":{"self":[{"href":"https:\/\/www.packpapierverlag.de\/index.php?rest_route=\/wp\/v2\/product\/219","targetHints":{"allow":["GET"]}}],"collection":[{"href":"https:\/\/www.packpapierverlag.de\/index.php?rest_route=\/wp\/v2\/product"}],"about":[{"href":"https:\/\/www.packpapierverlag.de\/index.php?rest_route=\/wp\/v2\/types\/product"}],"wp:featuredmedia":[{"embeddable":true,"href":"https:\/\/www.packpapierverlag.de\/index.php?rest_route=\/wp\/v2\/media\/7238"}],"wp:attachment":[{"href":"https:\/\/www.packpapierverlag.de\/index.php?rest_route=%2Fwp%2Fv2%2Fmedia&parent=219"}],"wp:term":[{"taxonomy":"product_brand","embeddable":true,"href":"https:\/\/www.packpapierverlag.de\/index.php?rest_route=%2Fwp%2Fv2%2Fproduct_brand&post=219"},{"taxonomy":"product_cat","embeddable":true,"href":"https:\/\/www.packpapierverlag.de\/index.php?rest_route=%2Fwp%2Fv2%2Fproduct_cat&post=219"},{"taxonomy":"product_tag","embeddable":true,"href":"https:\/\/www.packpapierverlag.de\/index.php?rest_route=%2Fwp%2Fv2%2Fproduct_tag&post=219"}],"curies":[{"name":"wp","href":"https:\/\/api.w.org\/{rel}","templated":true}]}}