{"id":221,"date":"2010-12-05T21:52:47","date_gmt":"2010-12-05T20:52:47","guid":{"rendered":"http:\/\/www.packpapierverlag.de\/neu\/?p=221"},"modified":"2017-05-04T13:19:56","modified_gmt":"2017-05-04T11:19:56","slug":"sherborne-house-brotbuch","status":"publish","type":"product","link":"https:\/\/www.packpapierverlag.de\/?product=sherborne-house-brotbuch","title":{"rendered":"Sherborne-House &#8211; Brotbuch (p20)"},"content":{"rendered":"<p><a href=\"https:\/\/www.packpapierverlag.de\/wp-content\/uploads\/2010\/12\/Brotbuch.jpg\"><img loading=\"lazy\" decoding=\"async\" class=\"alignleft size-medium wp-image-3236\" title=\"Brotbuch\" src=\"https:\/\/www.packpapierverlag.de\/wp-content\/uploads\/2010\/12\/Brotbuch-200x300.jpg\" alt=\"\" width=\"200\" height=\"300\" srcset=\"https:\/\/www.packpapierverlag.de\/wp-content\/uploads\/2010\/12\/Brotbuch-200x300.jpg 200w, https:\/\/www.packpapierverlag.de\/wp-content\/uploads\/2010\/12\/Brotbuch-300x449.jpg 300w, https:\/\/www.packpapierverlag.de\/wp-content\/uploads\/2010\/12\/Brotbuch-683x1024.jpg 683w, https:\/\/www.packpapierverlag.de\/wp-content\/uploads\/2010\/12\/Brotbuch.jpg 1024w\" sizes=\"auto, (max-width: 200px) 100vw, 200px\" \/><\/a><small><big style=\"color: #4f1a4f;\"><span style=\"font-family: Helvetica,Arial,sans-serif; font-weight: bold;\">Sherborne House : Brot Buch\u00a0<\/span><\/big><br style=\"color: #003b00; font-family: Helvetica,Arial,sans-serif;\" \/><span style=\"font-family: Helvetica,Arial,sans-serif; color: #193333;\">Brosch\u00fcre mit 64 Seiten, z.T. in Handschrift verfasst, die sehr gut lesbar ist. Druck auf DIN A 5 Umweltpapier. Packpapier-Verlag. <\/span><br style=\"font-family: Helvetica,Arial,sans-serif; color: #193333;\" \/><span style=\"font-family: Helvetica,Arial,sans-serif; color: #193333;\">37 Rezepte vom einfachen Hefebrot \u00fcber regionale- und Landesspezialit\u00e4ten bis zu Br\u00f6tchen und Croissants. Nur Mut, so schwer ist das gar nicht!<\/span><br style=\"font-family: Helvetica,Arial,sans-serif; color: #193333;\" \/><span style=\"font-weight: bold; font-family: Helvetica,Arial,sans-serif; color: #193333;\">Inhaltsverzeichnis:<br \/>\nWissenswertes vom Brot: <\/span><span style=\"font-family: Helvetica,Arial,sans-serif; color: #193333;\">* Sauerteig selbst ansetzen * Hefe * Backpulver * Der Klebereffekt * Was man nicht tun soll * Brotfehler * <\/span><span style=\"font-weight: bold; font-family: Helvetica,Arial,sans-serif; color: #193333;\">Der Backvorgang: <\/span><span style=\"font-family: Helvetica,Arial,sans-serif; color: #193333;\">* Teigbearbeitung * G\u00e4rung * Das Backen * Vollkornmehl * Brotgeschichten (Eine kleine historische Reise)<\/span><span style=\"font-family: Helvetica,Arial,sans-serif; color: #193333;\"><br \/>\n*<span style=\"font-weight: bold;\"> LECKERE REZEPTE:<\/span> * Einfaches Brot * Backpulverbrot * Weizen- Hefe- Brot * Weizenfladen * Irisches Sodabrot * Hefebrot * Sauerteigbrot * Sauerteigbr\u00f6tchen * Sauerteig- Gew\u00fcrzbrote * Crescente * Kartoffelbrot * Franz\u00f6sisches Brot * Einfaches Wei\u00dfbrot * Walliser Korinthenbrot * Singende Esel * Feiner Sonntagsstuten * Schottisches Bauern- Festbrot * Kr\u00e4uter-Brot- Kugeln * Reisbrot * Bananenbrot * Croissants * Roggenbrot * Honigbrot * Kokosnussbrot * Aflagun * 3 verschiedene K\u00fcrbisbrote * Kahk Wusula el al Habit * Chorec * Paratha * Man Tou * Makki Ki * Roti * Khubz Mbassis * Khubz * Challah *<\/span><\/small><\/p>\n","protected":false},"excerpt":{"rendered":"<p>Sherborne House : Brot Buch\u00a0Brosch\u00fcre mit 64 Seiten, z.T. in [&hellip;] &hellip; <a href=\"https:\/\/www.packpapierverlag.de\/?product=sherborne-house-brotbuch\">Weiterlesen <span class=\"meta-nav\">&rarr;<\/span><\/a><\/p>\n","protected":false},"featured_media":3236,"template":"","meta":[],"product_brand":[],"product_cat":[14,15,3],"product_tag":[],"class_list":{"0":"post-221","1":"product","2":"type-product","3":"status-publish","4":"has-post-thumbnail","6":"product_cat-kleine-reihe-naturkost-broschuren","7":"product_cat-kochbucher-ernahrung-bewusstsein","8":"product_cat-produkte","10":"first","11":"instock","12":"shipping-taxable","13":"purchasable","14":"product-type-simple"},"_links":{"self":[{"href":"https:\/\/www.packpapierverlag.de\/index.php?rest_route=\/wp\/v2\/product\/221","targetHints":{"allow":["GET"]}}],"collection":[{"href":"https:\/\/www.packpapierverlag.de\/index.php?rest_route=\/wp\/v2\/product"}],"about":[{"href":"https:\/\/www.packpapierverlag.de\/index.php?rest_route=\/wp\/v2\/types\/product"}],"wp:featuredmedia":[{"embeddable":true,"href":"https:\/\/www.packpapierverlag.de\/index.php?rest_route=\/wp\/v2\/media\/3236"}],"wp:attachment":[{"href":"https:\/\/www.packpapierverlag.de\/index.php?rest_route=%2Fwp%2Fv2%2Fmedia&parent=221"}],"wp:term":[{"taxonomy":"product_brand","embeddable":true,"href":"https:\/\/www.packpapierverlag.de\/index.php?rest_route=%2Fwp%2Fv2%2Fproduct_brand&post=221"},{"taxonomy":"product_cat","embeddable":true,"href":"https:\/\/www.packpapierverlag.de\/index.php?rest_route=%2Fwp%2Fv2%2Fproduct_cat&post=221"},{"taxonomy":"product_tag","embeddable":true,"href":"https:\/\/www.packpapierverlag.de\/index.php?rest_route=%2Fwp%2Fv2%2Fproduct_tag&post=221"}],"curies":[{"name":"wp","href":"https:\/\/api.w.org\/{rel}","templated":true}]}}