{"id":260,"date":"2010-12-12T14:54:18","date_gmt":"2010-12-12T13:54:18","guid":{"rendered":"http:\/\/www.packpapierverlag.de\/neu\/?p=260"},"modified":"2024-10-25T12:00:07","modified_gmt":"2024-10-25T10:00:07","slug":"vegetarisch-kochen","status":"publish","type":"product","link":"https:\/\/www.packpapierverlag.de\/?product=vegetarisch-kochen","title":{"rendered":"Vegetarisch kochen (von Parvatee &#038; Shankara, Lichtheimat) (f02)"},"content":{"rendered":"<p><a href=\"https:\/\/www.packpapierverlag.de\/wp-content\/uploads\/2010\/12\/Vegetarisch-kochen.jpg\"><img loading=\"lazy\" decoding=\"async\" class=\"alignleft size-medium wp-image-2871\" title=\"Vegetarisch kochen\" src=\"https:\/\/www.packpapierverlag.de\/wp-content\/uploads\/2010\/12\/Vegetarisch-kochen-212x300.jpg\" alt=\"\" width=\"212\" height=\"300\" srcset=\"https:\/\/www.packpapierverlag.de\/wp-content\/uploads\/2010\/12\/Vegetarisch-kochen-212x300.jpg 212w, https:\/\/www.packpapierverlag.de\/wp-content\/uploads\/2010\/12\/Vegetarisch-kochen-300x423.jpg 300w, https:\/\/www.packpapierverlag.de\/wp-content\/uploads\/2010\/12\/Vegetarisch-kochen-726x1024.jpg 726w, https:\/\/www.packpapierverlag.de\/wp-content\/uploads\/2010\/12\/Vegetarisch-kochen.jpg 1024w\" sizes=\"auto, (max-width: 212px) 100vw, 212px\" \/><\/a><\/p>\n<div style=\"text-align: left; font-family: Helvetica,Arial,sans-serif;\"><span style=\"font-size: small;\"><span style=\"color: #008000;\"><span style=\"font-size: 15pt;\">Parvatee &amp; Shankara<b><br \/>\n<span style=\"color: #993399;\">Vegetarisch kochen<\/span><\/b><u><b><br \/>\n<\/b><\/u><\/span><\/span><\/span><\/div>\n<div style=\"text-align: left; font-family: Helvetica,Arial,sans-serif;\"><small><b>Gr\u00fcner Zweig Nr. 75\/ Packpapier- Verlag. 208 Seiten, DIN A 5, Umweltpapier. \u00dcber 140 Rezepte. <\/b><b><br \/>\n<\/b><\/small><\/div>\n<p style=\"margin-bottom: 0cm; font-family: Helvetica,Arial,sans-serif;\"><small><b>Ein wundersch\u00f6nes Buch in <span style=\"color: #94006b;\">bunten Farben <\/span>gedruckt, handgeschrieben, mit vielen liebevollen Zeichnungen, einem Vorwort zur vegetarischen Ern\u00e4hrungsweise, vielen regionalen und internationalen Speisen und drei \u00fcbersichtlichen Inhaltsverzeichnissen, einmal alphabetisch, einmal nach Pflanzensorten geordnet und einmal in Themen unterteilt. Ich gebe hier letztere Unterteilung wieder:<\/b><\/small><\/p>\n<p><span style=\"color: #eb613d;\"><b>HAUPTSPEISEN salzig\/deftig\/w\u00fcrzig<\/b><\/span><\/p>\n<p style=\"margin-bottom: 0cm; font-family: Helvetica,Arial,sans-serif;\"><small>Bratkartoffeln, Biryani, Bulgur, Capuns, Chapati, Curryreis, Dosha, Erd\u00e4pfelsterz, Falscher Hackbraten, Gef\u00fcllte Auberginen, Gem\u00fcselaibchen, Gnocchi, Grenadiermarsch, Gef\u00fcllte Paprika, Grie\u00dfkn\u00f6del, Gr\u00fcnkern, Hirse, Hirseauflauf, Kartoffelauflauf, Kartoffelchapati, Kartoffelgulasch, Kartoffelkroketten, Kartoffelch\u00fcchli, Kartoffeln in Rahm, Kartoffeln mit K\u00e4se, Kartoffelnudeln, Kartoffelp\u00fcree, K\u00e4sepolenta, K\u00e4skn\u00f6pfli, Kn\u00f6pfli, Krautfleckerl, Krautrouladen, Lasagne, Linsen, Maiskolben, Maisschnitten, Maronieomlett, Ondranand, Papanasch, Pappa, Parolla, Pellkartoffeln, Pizza (verschiedene Sorten), Polenta, Puri, Ravioli, Reisfladen, Ribl, Risotto (verschiedene Sorten), R\u00f6sti (verschiedene Sorten), Safranreis, Samosha, Spagetti, Suppli, Upma, Vollkornreis, Zitronenreis<\/small><\/p>\n<p style=\"margin-bottom: 0cm; font-family: Helvetica,Arial,sans-serif;\"><small><span style=\"color: #ff0000;\"><b>HAUPTSPEISEN s\u00fc\u00df<\/b><\/span><\/small><\/p>\n<p style=\"margin-bottom: 0cm; font-family: Helvetica,Arial,sans-serif;\"><small>Apfelnockerl, Apfelreis, Bircherm\u00fcsli, Grie\u00dfauflauf, Grie\u00dfmus, Halva, Hirseauflauf, Hirsefr\u00fchst\u00fcck, Holderk\u00fcchli, Kaiserschmarren, Krislauflauf, Maismus, Mehlmus, Milchreis, Mohnnudeln, M\u00fcsli, Payasam, Scheiterhaufen, Schrotm\u00fcsli, Topfenauflauf, Trinkm\u00fcsli<\/small><\/p>\n<p style=\"margin-bottom: 0cm; font-family: Helvetica,Arial,sans-serif;\"><small><span style=\"color: #008080;\"><b>BEILAGEN UND GEM\u00dcSE salzig\/ deftig<\/b><\/span><\/small><\/p>\n<p style=\"margin-bottom: 0cm; font-family: Helvetica,Arial,sans-serif;\"><small>Akazienk\u00fcchli, Auberginencurry, Auberginen gebraten, Auberginen \u00fcberbacken, Blumenkohl (verschiedene), Bohnencurry, Bohnen toscaner Art, Chicoree, Dhal-Sambar, Fenchel, Gelbes Dhal- P\u00fcree, Gem\u00fcsecurry, Gurkengem\u00fcse, Kartoffeln indische Art, Kichererbsen, Kohlrabigem\u00fcse, Kohl s\u00fc\u00df- sauer, Kraut, Krautcurry, K\u00fcrbiscurry, K\u00fcrbis s\u00fc\u00df- sauer, Mongold, Mangoldstile, Pakora, Parasolschnitzel, Peperonata, Petersilienzucchetti, Pinzirnonio, Plain Dhal, Randen, Ratatouille, Rosenkohl, R\u00fcbligem\u00fcse, Salbeik\u00fcchli, Sambar, Schwarzwurzeln, Sellerie (verschiedene), Sojabohnenp\u00fcree, Spinat (verschiedene), Tomaten (verschiedene), Wildspinat, Wirsinggem\u00fcse, Zucchetti (verschiedene), Zucchettibl\u00fctenk\u00fcchli<\/small><\/p>\n<p style=\"margin-bottom: 0cm; font-family: Helvetica,Arial,sans-serif;\"><small><span style=\"color: #dc2300;\"><b>BEILAGEN UND GEM\u00dcSE s\u00fc\u00df<\/b><\/span><\/small><\/p>\n<p style=\"margin-bottom: 0cm; font-family: Helvetica,Arial,sans-serif;\"><small>Apfelmus, Holderkompott, Maronicreme, Rhabarberkompott, R\u00fcblihalva<\/small><\/p>\n<p style=\"margin-bottom: 0cm; font-family: Helvetica,Arial,sans-serif;\"><small><span style=\"color: #7da647;\"><b>SUPPEN:<\/b><\/span><\/small><\/p>\n<p style=\"margin-bottom: 0cm; font-family: Helvetica,Arial,sans-serif;\"><small>Bohnensuppe, Brotsuppe, Gem\u00fcsesuppe, Kohlsuppe, K\u00fcrbiscremesuppe, Linsensuppe, Sauerrahmsuppe, Spargelsuppe, Tomatensuppe, Zuchhettisuppe, Zwiebelsuppe<\/small><\/p>\n<p style=\"margin-bottom: 0cm; font-family: Helvetica,Arial,sans-serif;\"><small><span style=\"color: #0099ff;\"><b>GETR\u00c4NKE:<\/b><\/span><\/small><\/p>\n<p style=\"margin-bottom: 0cm; font-family: Helvetica,Arial,sans-serif;\"><small>Fruchtshake, Getreidekaffee, Gl\u00fchmost, Holdersekt, Jay, Kaffeeersatz, Karamellmilch, Sojamilch, Trinkm\u00fcsli<\/small><\/p>\n<p style=\"margin-bottom: 0cm; font-family: Helvetica,Arial,sans-serif;\"><small><span style=\"color: #663300;\"><b><span style=\"background: transparent none repeat scroll 0% 50%; -moz-background-clip: initial; -moz-background-origin: initial; -moz-background-inline-policy: initial;\">SAUCEN, CHUTNEYS, AUFSTRICHE salzig\/deftig<\/span><\/b><\/span><\/small><\/p>\n<p style=\"margin-bottom: 0cm; font-family: Helvetica,Arial,sans-serif;\"><small>Apfelchutney, Basilikumso\u00dfe, Bechamelso\u00dfe, Currytopfen, Fr\u00fchlingstopfencreme, Frischk\u00e4se, Gomasio, Gorgonzolaso\u00dfe, Gr\u00fcne Tomaten Chutney, Gr\u00fcnkernpaste, Joghurt, Knoblauchso\u00dfe, Kokosnu\u00dfchutney, Maroniauftrich, Nussmus, Pilzso\u00dfe, Pfefferso\u00dfe, Rosa So\u00dfe, Salatso\u00dfe, Salbeiso\u00dfe, Sauermilch, Tofu, Tahin, Tomatenso\u00dfe, Zieger<\/small><\/p>\n<p style=\"margin-bottom: 0cm; font-family: Helvetica,Arial,sans-serif;\"><small><span style=\"color: #0000ff;\"><b>SAUCEN, CHUTNEYS, AUFSTRICHE, s\u00fc\u00df<\/b><\/span><\/small><\/p>\n<p style=\"margin-bottom: 0cm; font-family: Helvetica,Arial,sans-serif;\"><small>Butterbr\u00f6sel, Hagebuttenmarmelade, Moroniemarmelade, Topfencreme s\u00fc\u00df<\/small><\/p>\n<p style=\"margin-bottom: 0cm; font-family: Helvetica,Arial,sans-serif;\"><small><span style=\"color: #008000;\"><b>SALATE<\/b><\/span><\/small><\/p>\n<p style=\"margin-bottom: 0cm; font-family: Helvetica,Arial,sans-serif;\"><small>Auberginensalat, Erdbeersalat, Fruchtsalat, Keimlinge, Kohlrabisalat, Krautsalat, Randigsalat, Rohkostsalat, Salate allgemein, Selleriesalat, Tomatensalat<\/small><\/p>\n<p style=\"margin-bottom: 0cm; font-family: Helvetica,Arial,sans-serif;\"><small><span style=\"color: #b80047;\"><b>BACKWERKE, NACHSPEISEN<\/b><\/span><\/small><\/p>\n<p><small><span style=\"font-family: Helvetica,Arial,sans-serif;\">Apfelbrot, Apfelstrudel, Bananenchips, Beeristurm, Birnbrot, Birnen al Gorgonzola, Brat\u00e4pfel, Brezel, Caramelbirnen, Feigenpaste, Fruchteis, Fr\u00fcchter\u00f6stli, Fr\u00fcchteweihe, Gef\u00fcllte Pfirsiche, G\u00f6tterspeise, Granik, Kheer, Krapfen, Haferflockenguezli, Honiglebkuchen, Ingwerguezli, K\u00e4sebrot, Kichererbsen- Sweetballs, K\u00f6nigskuchen, Krisikuchen, Ladu, Linzer Torte, Maisbrot, Marmorkuchen, Marzipan, Mohnstrudel, Nusskuchen, Prana Bindu Balls, Pudding (verschiedene), Puffreis- Sweetballs, Quittenzeltchen, R\u00fcblikuchen, Sesamringe, Sesamsweets, Sig, Sonnebrot, S\u00fc\u00dfmostcreme, Sweet Dhal, Topfen- Joghurt. Nachtisch, Topfenkuchen, Vanilleh\u00f6rnchen, Vollkornbrot (verschiedene), Zopf, Zwieback<\/span><\/small><\/p>\n","protected":false},"excerpt":{"rendered":"<p>Parvatee &amp; Shankara Vegetarisch kochen Gr\u00fcner Zweig Nr. 75\/ Packpapier- [&hellip;] &hellip; <a href=\"https:\/\/www.packpapierverlag.de\/?product=vegetarisch-kochen\">Weiterlesen <span class=\"meta-nav\">&rarr;<\/span><\/a><\/p>\n","protected":false},"featured_media":2871,"template":"","meta":[],"product_brand":[],"product_cat":[15,3],"product_tag":[],"class_list":{"0":"post-260","1":"product","2":"type-product","3":"status-publish","4":"has-post-thumbnail","6":"product_cat-kochbucher-ernahrung-bewusstsein","7":"product_cat-produkte","9":"first","10":"instock","11":"shipping-taxable","12":"purchasable","13":"product-type-simple"},"_links":{"self":[{"href":"https:\/\/www.packpapierverlag.de\/index.php?rest_route=\/wp\/v2\/product\/260","targetHints":{"allow":["GET"]}}],"collection":[{"href":"https:\/\/www.packpapierverlag.de\/index.php?rest_route=\/wp\/v2\/product"}],"about":[{"href":"https:\/\/www.packpapierverlag.de\/index.php?rest_route=\/wp\/v2\/types\/product"}],"wp:featuredmedia":[{"embeddable":true,"href":"https:\/\/www.packpapierverlag.de\/index.php?rest_route=\/wp\/v2\/media\/2871"}],"wp:attachment":[{"href":"https:\/\/www.packpapierverlag.de\/index.php?rest_route=%2Fwp%2Fv2%2Fmedia&parent=260"}],"wp:term":[{"taxonomy":"product_brand","embeddable":true,"href":"https:\/\/www.packpapierverlag.de\/index.php?rest_route=%2Fwp%2Fv2%2Fproduct_brand&post=260"},{"taxonomy":"product_cat","embeddable":true,"href":"https:\/\/www.packpapierverlag.de\/index.php?rest_route=%2Fwp%2Fv2%2Fproduct_cat&post=260"},{"taxonomy":"product_tag","embeddable":true,"href":"https:\/\/www.packpapierverlag.de\/index.php?rest_route=%2Fwp%2Fv2%2Fproduct_tag&post=260"}],"curies":[{"name":"wp","href":"https:\/\/api.w.org\/{rel}","templated":true}]}}