{"id":262,"date":"2010-12-12T14:55:13","date_gmt":"2010-12-12T13:55:13","guid":{"rendered":"http:\/\/www.packpapierverlag.de\/neu\/?p=262"},"modified":"2017-07-14T13:23:08","modified_gmt":"2017-07-14T11:23:08","slug":"haltbarmach-almanach","status":"publish","type":"product","link":"https:\/\/www.packpapierverlag.de\/?product=haltbarmach-almanach","title":{"rendered":"Haltbarmach-Almanach von Erika Renato (f03)"},"content":{"rendered":"<p style=\"font-family: Helvetica,Arial,sans-serif;\"><a href=\"https:\/\/www.packpapierverlag.de\/wp-content\/uploads\/2010\/12\/Haltbarmachalmanach.jpg\"><img loading=\"lazy\" decoding=\"async\" class=\"alignleft size-medium wp-image-3188\" title=\"Haltbarmachalmanach\" src=\"https:\/\/www.packpapierverlag.de\/wp-content\/uploads\/2010\/12\/Haltbarmachalmanach-213x300.jpg\" alt=\"\" width=\"213\" height=\"300\" srcset=\"https:\/\/www.packpapierverlag.de\/wp-content\/uploads\/2010\/12\/Haltbarmachalmanach-213x300.jpg 213w, https:\/\/www.packpapierverlag.de\/wp-content\/uploads\/2010\/12\/Haltbarmachalmanach-300x421.jpg 300w, https:\/\/www.packpapierverlag.de\/wp-content\/uploads\/2010\/12\/Haltbarmachalmanach-729x1024.jpg 729w, https:\/\/www.packpapierverlag.de\/wp-content\/uploads\/2010\/12\/Haltbarmachalmanach.jpg 1024w\" sizes=\"auto, (max-width: 213px) 100vw, 213px\" \/><\/a><small><span style=\"color: #000080;\"><span style=\"font-size: medium; color: #822082; font-family: Helvetica,Arial,sans-serif;\"><small><u><b>Haltbarmach-Almanach.<\/b><\/u><br \/>\n<b>Alternativen zu Tiefk\u00fchltruhe und Konservendosen. Von Erika und Renato, <\/b><\/small><\/span><b>160 Seiten.<\/b><br \/>\nWundersch\u00f6n vielfarbig gedruckt, mit liebevollen Zeichnungen,Gedichten und Aphorismen illustriert.<span style=\"font-style: italic;\"><br \/>\n<\/span><\/span><\/small><\/p>\n<p style=\"font-family: Helvetica,Arial,sans-serif;\"><small><span style=\"color: #000080;\"><span style=\"font-size: medium;\"><small><u><b>Inhalt: <\/b><\/u><\/small><\/span>Vorwort\/ Hinweise zum Gebrauch des Buches\/ Grundlegendes zum Haltbarmachen\/ Lagern, Einmieten\/ D\u00f6rren\/ Einlegen (in Essig, in Salz, in \u00d6l)\/ Einmachen (mit Zucker, ohne Zucker)\/ Sterilisieren\/ Verschiedenes\/ Worterl\u00e4uterungen\/ Stichwortverzeichnis.<\/span><\/small><\/p>\n<p style=\"font-family: Helvetica,Arial,sans-serif;\"><small><span style=\"color: #800080;\"><span style=\"font-size: medium;\"><small><u><b>Alle Rezepte und Tips, die im Buch enthalten sind:<\/b><\/u><\/small><\/span><\/span><\/small><\/p>\n<p style=\"font-family: Helvetica,Arial,sans-serif;\"><small><span style=\"color: #000080;\"><b><span style=\"color: #b80047;\">LAGERN\/EINMIETEN<\/span> <\/b>Das Lagern von Gem\u00fcse und Fr\u00fcchten\/ Lagerungsarten: Im Boden belassen, Erdmieten, Erdkammern, Kellermieten, Kellerlager\/ <b>Wie lagert man was: <i>Gem\u00fcse:<\/i><\/b> Blumenkohl, Bleich- oder Stangensellerie, Chicoree oder Br\u00fcsseler Endivien, Gurken, Kartoffeln, Karotten, Knoblauch, Knollensellerie, Kohlrabi, Kohlr\u00fcbe, K\u00fcrbis, Kohl, Lauch, Pastinak, Randen, Rote Beete, Schwarzwurzel, Tomaten, Topinambur, Zwiebel, <b><i>Fr\u00fcchte\/ Obst:<\/i><\/b> \u00c4pfel, Birnen, Kastanien, Maronen, Melonen, Weintrauben, Getreide<\/span><\/small><\/p>\n<p style=\"font-family: Helvetica,Arial,sans-serif;\"><small><span style=\"color: #000000;\"><b><span style=\"color: #b80047;\">D\u00d6RREN: <\/span><\/b><span style=\"color: #000080;\">Zur Technik des D\u00f6rrens, Wie baut man sich Hilfsmittel zum D\u00f6rren? <b>D\u00f6rr- Rezepte oder Wie d\u00f6rrt man was: <i>Fr\u00fcchte<\/i><\/b><i>:<\/i> \u00c4pfel, Apfelschnee, Ananas, Aprikosen, Aprikosenschnitten s\u00fc\u00df- sauer, Bananen, Birnen, Pflaumen, Pfirsich, Feigen, Hagebutten, Kirschen, Mirabellen, Trauben, Heidelbeeren, Holunder, Johannisbeeren, Rhabarber, Zitronenschalen <b><i>Gem\u00fcse:<\/i><\/b> Bohnen, Erbsen, Gem\u00fcsebr\u00fche- Extrakt, Karotten, Kohlrabi, Knollensellerie, Kr\u00e4utersalz- Mischung, Knoblauch, Lauch, Spinat, Tomaten, Zucchini, Pilze\/ Zur Zubereitung des D\u00f6rrgutes\/ Zur Aufbewahrung von Ged\u00f6rrtem<\/span><\/span><\/small><\/p>\n<p style=\"font-family: Helvetica,Arial,sans-serif;\"><small><span style=\"color: #000000;\"><b><span style=\"color: #b80047;\">G\u00c4REN UND FERMENTIEREN:<\/span><\/b> <span style=\"color: #000080;\">Milchs\u00e4ureg\u00e4rung\/ Allgemeines zum Eins\u00e4uren\/ Sauergem\u00fcse- Allerlei\/ Wie macht man Sauerkraut?\/ Zur Kahmschicht\/ Wie man selbst Molke herstellen kann\/ fermentierte Pilze nach russischem Rezept\/ Das Fermentieren von Bl\u00e4ttern f\u00fcr Tee<\/span><\/span><\/small><\/p>\n<p style=\"font-family: Helvetica,Arial,sans-serif;\"><small><span style=\"color: #000000;\"><b><span style=\"color: #b80047;\">EINLEGEN: <\/span><\/b><span style=\"color: #000080;\">Grundlegendes zum Einlegen\/ das Einlegen in Essig\/ <b><i>Fr\u00fcchte- Rezepte:<\/i><\/b> \u00c4pfel\/ Birnen, Senfbirnen, Hagebutten, Himbeerlimonaden, Johannis- oder Preiselbeeren, Herbe Kirschen, Kirschen s\u00fc\u00df- sauer, Melonen, Orangenschalenessig f\u00fcr Limonaden, Pflaumen, Trauben\/ <b><i>Gem\u00fcse- Rezepte:<\/i><\/b> Auberginen, Blumenkohl und Tomaten angels\u00e4chsisch, Gurken s\u00fc\u00df- sauer, Senfgurken, Essig oder Pfeffergurken, Gew\u00fcrzessig, falsche Kapern, Karotten, K\u00fcrbis s\u00fc\u00df- sauer, Maiskolben, Meerrettich, Meerfenchel, Peperoni, Mixed Pickles, Pilze, Pilze in Butter und Essig, Pilze in Essig, Milchlinge, Randen (rote Beete), Stangensellerie, Tomaten, Zucchini, Zwiebeln\/ Die Herstellung von Essig\/<b><i>Das Einlegen in Salz, Rezepte:<\/i><\/b> Bohnen, Gem\u00fcsemischung f\u00fcr Suppen und Saucen, Gurkensalat, Kr\u00e4uter f\u00fcr Suppen und Saucen, Oliven (eingesalzen, in Salzwasser, Schnellmethode, 40- Tage- Methode), Pflaumen, Pilze (eingesalzen), Pilze in Salzlake, Tomaten\/ <b><i>Das Einlegen in<\/i><\/b><\/span> <span style=\"color: #000080;\"><b><i>\u00d6l, Rezepte:<\/i><\/b> Auberginen, Blumenkohl, K\u00fcchenkr\u00e4uter, Oliven, Peperoni, Pesto, Pilze (2 Varianten), Pferdebohnen (Saubohnen), Randensauce, Tomaten anged\u00f6rrt und in \u00d6l, Zucchetti<\/span><\/span><\/small><\/p>\n<p style=\"font-family: Helvetica,Arial,sans-serif;\"><small><span style=\"color: #000000;\"><b><span style=\"color: #b80047;\">EINMACHEN: <\/span><\/b><span style=\"color: #000080;\">Einmachen mit und ohne Zucker\/ Tips: Gl\u00e4ser und Flaschen, Putzen der Gef\u00e4\u00dfe, Angebrannte T\u00f6pfe, Vorbereiten der Gl\u00e4ser, Das Einf\u00fcllen, Dichtheitsprobe bei Vakuum- Gl\u00e4sern, Verschlie\u00dfen der Vakuum-Gl\u00e4ser, Vakuum- Kontrolle, Gl\u00e4ser ohne Vakuum, Die Beschriftung der Gl\u00e4ser, Lagerung, Pektin, Pektinprobe, Pektinreiche Fr\u00fcchte, Pektinarme Fr\u00fcchte, K\u00fcnstliche Geliermittel, Saftgewinnung f\u00fcr Gelees, Sirups etc., Geleeprobe, Marmeladenprobe\/ <b><i>Das Einmachen mit Zucker, Rezepte:<\/i><\/b> Ananas, Apfelgelee, Apfelmarmelade, Apfel- Brombeermarmelade, Apfelchutney, Apfel\/Holundergelee, Aprikosenmarmelade, Birnenchutney, Birnenkonfit\u00fcre, Brombeeren, Erdebeermarmelade, Erdbeermark, Hagebuttenmarmelade, Hagebuttenhonig, Heidelbeermarmelade, Himbeermarmelade (3 Sorten), Holundermarmelade, Der rote Holunder, Holzapfelgelee, Japonica- Gelee (Zierquitte), Johannisbeergelee, Johannisbeermarmelade, Kastanien- Brotaufstrich, Kirschenmarmelade, Kirschenmus, Mirabellen- Marmelade, Pfirsichmarmelade, Pflaumenmarmelade, Gemischte Pflaumenmarmelade, Preiselbeermarmelade, Preiselbeeren mit Birnen oder \u00c4pfeln, Quittenbrot, Quitten-Gelee, Quittenmarmelade, Rhabarber- Chutney, Rhabarberkonfit\u00fcre, Sanddorn, Sanddornmarmelade, Sanddornhonig, Sauerdorn\/ Berberitze, Sauerdorngelee, Sauerdornsaft, Schlehe- Schwarzdorn, Schlehen-Apfelmarmelade, Traubengelee, Traubenmarmelade, Stachelbeerchutney,<\/span> <span style=\"color: #000080;\">Stachelbeermarmelade, Nogelbeeren- oder Rebereschenmarmelade, Vogelbeergelee, Wei\u00dfdorn, Wei\u00dfdorngelee\/ <b><i>Verschiedene Sirups:<\/i><\/b> Flachen f\u00fcr Sirups\/ Vorbereitung der Flaschen\/ Einf\u00fcllen und Verschlie\u00dfen\/ Lagerung und Verbrauch\/ Zum Wasser\/ <b><i>Rezepte:<\/i><\/b> Erdbeersirup, Goldmelissensirup, Hagebuttensirup, Holunderbeerensirup, Holunderbl\u00fctensirup, Heidelbeer- oder Brombeersirup, Himbeersirup, Himbeer\/Johannisbeersirup, Kirschensirup, Rosenbl\u00e4ttersirup, Schlehen\/Schwarzdornsirup, Zitronen\/Orangensirup, Zitronenmelissen\/Pfefferminz\/Verveine- Sirup\/ <b><i>Einmachen ohne Zucker, Rezepte:<\/i><\/b> Latwerge (=Obstbutter bzw. Obsthonig), Birnen- Latwerge, der Saft, das Mark, Fallobst-Latwerge, Pflaumenmus, Pflaumenbrot, Apfelkraut, Birnendicksaftkraut, Zuckerr\u00fcbensaft, Preiselbeermus, Rezeptvorschlag f\u00fcr`s Jahr<\/span><\/span><\/small><\/p>\n<p style=\"font-family: Helvetica,Arial,sans-serif;\"><small><span style=\"color: #000000;\"><b><span style=\"color: #b80047;\">STERILISIEREN (inklusive Hei\u00dfeinf\u00fcllen):<\/span> <\/b><span style=\"color: #000080;\">Anleitung (Vorbereiten, nachbereiten, \u00d6ffnen der Gl\u00e4ser), Das Hei\u00dfeinf\u00fcllen\/ <b>Rezepte:<\/b> Apfel,- Rhabarber,- Quitten,- Birnenmus, Pflaumen, Aprikosen, \u00c4pfel, Birnen, Beeren, Tomaten, Tomatenp\u00fcree\/ Das eigentliche Sterilisieren (Fr\u00fcchte, Gem\u00fcse, Frucht- und Gem\u00fcses\u00e4fte\/ Sterilisierzeit- Tabelle, Spezielle Rezepte: Champignons oder Morcheln in Butter, Pilzsauce, Tomatensauce oder Peperonata<\/span><\/span><\/small><\/p>\n<p style=\"font-family: Helvetica,Arial,sans-serif;\"><small><span style=\"color: #000000;\"><b><span style=\"color: #b80047;\">VERSCHIEDENES:<\/span> <\/b><span style=\"color: #000080;\">Konservieren von Eiern, Vaseline-Eier, Kalk- Eier, Wasserglas- Eier, Eier in Essig, Schokoladenei, Spitzwegerichsirup (Hustensirup), Engelwurzhonig, Kandieren von Fr\u00fcchten (Aprikosen, Birnen, Engelwurz, Angelika, Grapefruitschalen, Isl\u00e4ndisch Moos, Kalmuswurzel, Kirschen, Kastanien\/ Maronen, Orangen- oder Zitronenschalen), Pilzextrakt f\u00fcr Suppen und Saucen, eingesottene Butter, Senffr\u00fcchte<\/span><\/span><\/small><\/p>\n<p style=\"font-weight: bold; color: #cc33cc; text-align: left; font-family: Helvetica,Arial,sans-serif;\"><big>*******<\/big><\/p>\n<p>&nbsp;<\/p>\n","protected":false},"excerpt":{"rendered":"<p>Haltbarmach-Almanach. Alternativen zu Tiefk\u00fchltruhe und Konservendosen. Von Erika und Renato, [&hellip;] &hellip; <a href=\"https:\/\/www.packpapierverlag.de\/?product=haltbarmach-almanach\">Weiterlesen <span class=\"meta-nav\">&rarr;<\/span><\/a><\/p>\n","protected":false},"featured_media":3188,"template":"","meta":[],"product_brand":[],"product_cat":[15,17,3,5],"product_tag":[],"class_list":{"0":"post-262","1":"product","2":"type-product","3":"status-publish","4":"has-post-thumbnail","6":"product_cat-kochbucher-ernahrung-bewusstsein","7":"product_cat-land-garten-anders-leben","8":"product_cat-produkte","9":"product_cat-selbstversorgung","11":"first","12":"instock","13":"shipping-taxable","14":"purchasable","15":"product-type-simple"},"_links":{"self":[{"href":"https:\/\/www.packpapierverlag.de\/index.php?rest_route=\/wp\/v2\/product\/262","targetHints":{"allow":["GET"]}}],"collection":[{"href":"https:\/\/www.packpapierverlag.de\/index.php?rest_route=\/wp\/v2\/product"}],"about":[{"href":"https:\/\/www.packpapierverlag.de\/index.php?rest_route=\/wp\/v2\/types\/product"}],"wp:featuredmedia":[{"embeddable":true,"href":"https:\/\/www.packpapierverlag.de\/index.php?rest_route=\/wp\/v2\/media\/3188"}],"wp:attachment":[{"href":"https:\/\/www.packpapierverlag.de\/index.php?rest_route=%2Fwp%2Fv2%2Fmedia&parent=262"}],"wp:term":[{"taxonomy":"product_brand","embeddable":true,"href":"https:\/\/www.packpapierverlag.de\/index.php?rest_route=%2Fwp%2Fv2%2Fproduct_brand&post=262"},{"taxonomy":"product_cat","embeddable":true,"href":"https:\/\/www.packpapierverlag.de\/index.php?rest_route=%2Fwp%2Fv2%2Fproduct_cat&post=262"},{"taxonomy":"product_tag","embeddable":true,"href":"https:\/\/www.packpapierverlag.de\/index.php?rest_route=%2Fwp%2Fv2%2Fproduct_tag&post=262"}],"curies":[{"name":"wp","href":"https:\/\/api.w.org\/{rel}","templated":true}]}}