{"id":264,"date":"2010-12-12T14:55:58","date_gmt":"2010-12-12T13:55:58","guid":{"rendered":"http:\/\/www.packpapierverlag.de\/neu\/?p=264"},"modified":"2017-03-03T11:58:55","modified_gmt":"2017-03-03T10:58:55","slug":"das-olivenbuch","status":"publish","type":"product","link":"https:\/\/www.packpapierverlag.de\/?product=das-olivenbuch","title":{"rendered":"Das Olivenbuch von Parvatee &#8211; Oh, oh Oliven\u00f6l Extra Vergine (f28)"},"content":{"rendered":"<p>Preis: [yak_price] [yak_buy]<br \/>\n<a href=\"https:\/\/www.packpapierverlag.de\/wp-content\/uploads\/2010\/12\/Oliven\u00f6l.jpg\"><img loading=\"lazy\" decoding=\"async\" class=\"alignleft size-medium wp-image-3193\" title=\"Oliven\u00f6l\" src=\"https:\/\/www.packpapierverlag.de\/wp-content\/uploads\/2010\/12\/Oliven\u00f6l-216x300.jpg\" alt=\"\" width=\"216\" height=\"300\" srcset=\"https:\/\/www.packpapierverlag.de\/wp-content\/uploads\/2010\/12\/Oliven\u00f6l-216x300.jpg 216w, https:\/\/www.packpapierverlag.de\/wp-content\/uploads\/2010\/12\/Oliven\u00f6l-300x416.jpg 300w, https:\/\/www.packpapierverlag.de\/wp-content\/uploads\/2010\/12\/Oliven\u00f6l-737x1024.jpg 737w, https:\/\/www.packpapierverlag.de\/wp-content\/uploads\/2010\/12\/Oliven\u00f6l.jpg 1024w\" sizes=\"auto, (max-width: 216px) 100vw, 216px\" \/><\/a><\/p>\n<p style=\"margin-bottom: 0cm; text-align: left; font-family: Helvetica,Arial,sans-serif;\"><small><span style=\"color: #008000;\"><big style=\"font-weight: bold; color: #772777;\">Parvatee:<\/big><span style=\"font-weight: bold; color: #772777; font-size: large;\"><small><br \/>\nOh, oh Oliven\u00f6l Extra Vergine\u00a0<\/small><\/span><br \/>\n<span style=\"color: #3f6b1d;\"><br \/>\nVerlegt im Packpapier Verlag. 136 Seiten, handgeschrieben und mit vielen liebevollen Zeichnungen versehen. <\/span><span style=\"color: #3f6b1d;\">Kleines Format (ca. 10&#215;14 cm), gebunden, Druckfarbe: oliv- gr\u00fcn.<\/span><span style=\"color: #3f6b1d;\"> Ideal auch als Geschenkb\u00fcchlein!<\/span> <\/span><\/small><\/p>\n<p style=\"margin-bottom: 0cm; text-align: left; font-family: Helvetica,Arial,sans-serif;\"><small><span style=\"color: #008000;\"><span style=\"color: #00ae00;\">Dieses Olivenbuch wurde von einer Olivenb\u00e4uerin aus der Toscana geschrieben.<\/span> <span style=\"color: #3f6b1d;\">Hier erf\u00e4hrt Mensch alles \u00fcber die Olive, von der Historie, den Inhaltsstoffen und dem Anbau \u00fcber die Ernte und Verarbeitung bis hin zu Rezepten f\u00fcr eine echt italienische K\u00fcche. Au\u00dferdem enth\u00e4lt das Buch hilfreiche Hinweise, wie man echtes von gepanschtem Oliven\u00f6l unterscheiden kann.<\/span> <span style=\"color: #3f6b1d;\">Eine kulinarische Reise der besonderen Art. F\u00fcr alle K\u00f6che, \u00d6lfruchtbauern, Italien- und Oliven\u00f6l- Freunde ein Muss.<\/span><br style=\"color: #3f6b1d;\" \/><span style=\"font-size: medium; font-weight: bold; color: #772777;\"><small>Der Inhalt:<\/small><\/span><br style=\"color: #3f6b1d;\" \/><span style=\"color: #3f6b1d;\">* \u00dcber dieses Buch<\/span><span style=\"color: #3f6b1d;\"> * Olio di Oliva Extra Vergine *<\/span><span style=\"color: #3f6b1d; font-weight: bold;\"> Geschichte des Olivenbaumes:<\/span><span style=\"color: #3f6b1d;\"> * Der Olivenbaum und sein Ursprung * Die Oliven\u00f6lgeschichte * Die Olivenkultur des 20sten Jahrhunderts * Die Olivenkultur in anderen L\u00e4ndern *<\/span><span style=\"color: #3f6b1d; font-weight: bold;\"> Rund um die Olive:<\/span><span style=\"color: #3f6b1d;\"> * Der Olivenhain * Der Olivenbaum und seine Frucht * Die Frucht * Das Alter des Olivenbaumes * Sch\u00e4dlinge und Krankheiten des Olivenbaumes *<\/span><span style=\"color: #3f6b1d; font-weight: bold;\"> Pflege und Arbeit im Olivenhain:<\/span><span style=\"color: #3f6b1d;\"> * Der Olivenbauer und seine B\u00e4ume * Reifezeit- Erntezeit *<\/span><span style=\"color: #3f6b1d; font-weight: bold;\"> Die Verwandlung der Oliven in \u00d6l:<\/span><span style=\"color: #3f6b1d;\"> * In der \u00d6lm\u00fchle * Nach der Presse * Die moderne \u00d6lm\u00fchle * Traditioneller Mahl- und Pressvorgang * Die wunderbare \u00d6lvermehrung * Das Oliven\u00f6lgesetz * Olio di Sansa * Wohin mit dem Abfallprodukt * Garantie f\u00fcr den Konsumenten * Die organolektischen Eigenschaften des Oliven\u00f6ls Extra Vergine * Der wahre Geschmack des Oliven\u00f6ls Extra Vergine * Arten der \u00d6lkonservierung * Oliven\u00f6l Tests *<\/span><span style=\"color: #3f6b1d; font-weight: bold;\"> Oliven\u00f6l-Rezepte:<\/span><span style=\"color: #3f6b1d;\"> * Kaltgepresstes Oliven\u00f6l Extra Vergine in der K\u00fcche * Oliven\u00f6l h\u00e4lt Schimmel ab * Pesto alla Genovese * Salsa verde * Ribollita * Spaghetti al aglio, dio e peperonico * Nusscreme * Pinzimonio * Fettunta * Risotto ai funghi * Peperonata * Pizzaiola * Bohnen nach toskaner Art * Griechischer Reissalat * Kuchen mit Oliven\u00f6l * Castagnaccio * Mayonnaise * Kr\u00e4uter\u00f6le * Tomaten in Oliven\u00f6l *<\/span><span style=\"color: #3f6b1d;\"><span style=\"font-weight: bold;\"> Sonstiges Wissenswertes <\/span>\u00fcber Oliven\u00f6l und Olivenbaum<\/span><span style=\"color: #3f6b1d;\"> * Wertvolle Oliven\u00f6l Extra Vergine Bezugsquellen<\/span><\/span><\/small><\/p>\n<p>&nbsp;<\/p>\n","protected":false},"excerpt":{"rendered":"<p>Preis: [yak_price] [yak_buy] Parvatee: Oh, oh Oliven\u00f6l Extra Vergine\u00a0 Verlegt [&hellip;] &hellip; <a href=\"https:\/\/www.packpapierverlag.de\/?product=das-olivenbuch\">Weiterlesen <span class=\"meta-nav\">&rarr;<\/span><\/a><\/p>\n","protected":false},"featured_media":3193,"template":"","meta":[],"product_brand":[],"product_cat":[15,3],"product_tag":[],"class_list":{"0":"post-264","1":"product","2":"type-product","3":"status-publish","4":"has-post-thumbnail","6":"product_cat-kochbucher-ernahrung-bewusstsein","7":"product_cat-produkte","9":"first","10":"instock","11":"shipping-taxable","12":"purchasable","13":"product-type-simple"},"_links":{"self":[{"href":"https:\/\/www.packpapierverlag.de\/index.php?rest_route=\/wp\/v2\/product\/264","targetHints":{"allow":["GET"]}}],"collection":[{"href":"https:\/\/www.packpapierverlag.de\/index.php?rest_route=\/wp\/v2\/product"}],"about":[{"href":"https:\/\/www.packpapierverlag.de\/index.php?rest_route=\/wp\/v2\/types\/product"}],"wp:featuredmedia":[{"embeddable":true,"href":"https:\/\/www.packpapierverlag.de\/index.php?rest_route=\/wp\/v2\/media\/3193"}],"wp:attachment":[{"href":"https:\/\/www.packpapierverlag.de\/index.php?rest_route=%2Fwp%2Fv2%2Fmedia&parent=264"}],"wp:term":[{"taxonomy":"product_brand","embeddable":true,"href":"https:\/\/www.packpapierverlag.de\/index.php?rest_route=%2Fwp%2Fv2%2Fproduct_brand&post=264"},{"taxonomy":"product_cat","embeddable":true,"href":"https:\/\/www.packpapierverlag.de\/index.php?rest_route=%2Fwp%2Fv2%2Fproduct_cat&post=264"},{"taxonomy":"product_tag","embeddable":true,"href":"https:\/\/www.packpapierverlag.de\/index.php?rest_route=%2Fwp%2Fv2%2Fproduct_tag&post=264"}],"curies":[{"name":"wp","href":"https:\/\/api.w.org\/{rel}","templated":true}]}}