{"id":274,"date":"2010-12-12T14:59:57","date_gmt":"2010-12-12T13:59:57","guid":{"rendered":"http:\/\/www.packpapierverlag.de\/neu\/?p=274"},"modified":"2017-05-04T11:28:17","modified_gmt":"2017-05-04T09:28:17","slug":"a-nabben-vegane-schikane","status":"publish","type":"product","link":"https:\/\/www.packpapierverlag.de\/?product=a-nabben-vegane-schikane","title":{"rendered":"Alexander F. Nabben : Vegane Schikane (p132)"},"content":{"rendered":"<p><a href=\"https:\/\/www.packpapierverlag.de\/wp-content\/uploads\/2010\/12\/Vegane-Schikane.jpg\"><img loading=\"lazy\" decoding=\"async\" class=\"alignleft size-medium wp-image-2379\" title=\"Vegane Schikane\" src=\"https:\/\/www.packpapierverlag.de\/wp-content\/uploads\/2010\/12\/Vegane-Schikane-212x300.jpg\" alt=\"\" width=\"212\" height=\"300\" srcset=\"https:\/\/www.packpapierverlag.de\/wp-content\/uploads\/2010\/12\/Vegane-Schikane-212x300.jpg 212w, https:\/\/www.packpapierverlag.de\/wp-content\/uploads\/2010\/12\/Vegane-Schikane-300x423.jpg 300w, https:\/\/www.packpapierverlag.de\/wp-content\/uploads\/2010\/12\/Vegane-Schikane-725x1024.jpg 725w, https:\/\/www.packpapierverlag.de\/wp-content\/uploads\/2010\/12\/Vegane-Schikane.jpg 1024w\" sizes=\"auto, (max-width: 212px) 100vw, 212px\" \/><\/a><small><span style=\"font-weight: bold;\">Alexander Franziskus Nabben<\/span> <\/small><\/p>\n<p><small><big><big style=\"color: #993399;\"><span style=\"font-weight: bold;\">* Vegane Schikane *<\/span><\/big><\/big> <\/small><\/p>\n<p><small><span style=\"font-weight: bold;\">Alle Achtung f\u00fcr Mensch, Tier und Pflanze!<\/span><\/small><\/p>\n<div style=\"color: #004200; font-family: Helvetica,Arial,sans-serif; text-align: left;\"><small> Riesendickes Buch mit 509 Seiten, A5, mit vielen, vielen (\u00fcber 500!) Vegan- und Tierrechtsbildern, Slogans, Spr\u00fcchen, Comics, Zeitungsausschnitten, Grafiken und Photos. Gedruckt auf bibeld\u00fcnnem Recycling-Papier. Osnabr\u00fcck: Packpapier- Verlag 2009. 2. erweiterte Auflage ISBN: 3-931504-35-2<br \/>\nVegane Schikane ist das vegane Theorie- und Philosophie- Werk von Vegankoch und Tierrechtler Alexander F. Nabben. Untersuchungen, Aufs\u00e4tze, Daten, Fakten, Erfahrungen, Gedichte, Erz\u00e4hlungen, Aufrufe, Pamphlete, Nachdenkliches, Kurioses, (Lebens-)Notwendiges, Gesundheit und Krankheit, Tipps und Tricks, Aktionen. F\u00fcr Veganer, Vegetarier, Tier- und Umweltaktivisten, Menschen- und Naturfreunde, Antikapitalisten, Pazifisten und solche, die es werden wollen- was nach diesem dicken, veganen \u201eSchinken\u201c auch gar nicht mehr anders geht! Alexander hat an wirklich alles gedacht! Ideales Buch zum St\u00f6bern, Querlesen und immer wieder in die Hand nehmen. <\/small><\/div>\n<div style=\"color: #004200; font-family: Helvetica,Arial,sans-serif; text-align: left;\"><small><span style=\"font-weight: bold;\">Inhalt (auszugsweise):<\/span> <span style=\"font-weight: bold;\">Statement vom Dr.<\/span> : Definition Veganer * <big>Geleit\/<\/big>Vorwort * Auszug aus H\u00e4uptling Seattles Rede * <span style=\"font-weight: bold;\">Vegane Schikane<\/span>, Gedicht * <span style=\"font-weight: bold;\">Zitierte Geistesblitze<\/span>: Ausspr\u00fcche \u201eber\u00fchmter\u201c Personen zum Thema Tier- und Menschenschutz, z.B. Voltaire: \u201e<span style=\"font-weight: bold; font-style: italic;\">Die Jagd ist eines der sichersten Mittel, das Gef\u00fchl der Menschen f\u00fcr ihre Mitgesch\u00f6pfe abzut\u00f6ten.<\/span>\u201c * <span style=\"font-weight: bold;\">Der globalisierte Massenmord<\/span>: Kultur des Todes &#8211; B\u00f6se Tiere (eine abendl\u00e4ndische Tradition) \u2013 Massenhaft &#8211; Chemie und BSE (Wir essen, was die Tiere essen)- Die Erde weint (\u00fcber fatale Landwirtschaft, Hunger in der Welt und korrupte Regimes)- Unwertes Leben &#8211; Vorl\u00e4ufiges Fazit (hierzu Robert F. Kennedy jr.: \u201eDie Schweinest\u00e4lle in unserem Land sind weit gef\u00e4hrlicher f\u00fcr unser Volk als Osama bin Laden.\u201c) *<span style=\"font-weight: bold;\"> Feinschmecker- Lied<\/span>: Gedicht gegen Aasesserei * <span style=\"font-weight: bold;\">Wohin der Samen f\u00e4llt<\/span> * <span style=\"font-weight: bold;\">\u00dcber das Bedanken bei den Tieren<\/span>, z.B. F\u00fcr kostenlosen Gesang und Flugakrobatik * <span style=\"font-weight: bold;\">Anteil haben<\/span>: Gedicht \u00fcber Tier, Mensch, Armut und Reichtum * <span style=\"font-weight: bold;\">Die Kehrseite der Kuscheltiere<\/span>, \u00fcber Tierliebe, Haltung und F\u00fctterung zuhause und wo es absurd wird: Dosenrind f\u00fcr Katzen udgl. mehr * <span style=\"font-weight: bold;\">Ern\u00e4hrung ohne Bew\u00e4hrung<\/span>: Global (Klima, Flucht, Hybride, Patent auf Leben, Bio- Piraterie,&#8230;.) * lokal (Gesundheit oder Fremd-Fleisch im K\u00f6rper) * kolossal (Familienfeste, Plastikessen und so andere \u201egutgemeinte\u201c Unm\u00f6glichkeiten, Gesundheitsrisiken) * fatal (Fleischkultur und Gem\u00fcse: \u00fcber vitaminloses Gr\u00fcnfutter als \u201eBeilage\u201c zum Schnitzel, Chemie im Essen, MacDonalds, etc.) ideal (Liebe und Essen, fleischfrei gl\u00fccklich) * <span style=\"font-weight: bold;\">Kinder und Tiere<\/span>: \u201eEin Kind zu lehren, nicht auf eine Raupe zu treten, ist ebenso wichtig f\u00fcr das Kind, wie f\u00fcr die Raupe.\u201c- Bradley Miller\/ <span style=\"font-style: italic; font-weight: bold;\">\u201eLegen sie einen Apfel und ein Kaninchen zu einem kleinen Kind. Wenn das Kind das Kaninchen isst und mit dem Apfel spielt, dann kaufe ich ihnen ein neues Auto.<\/span>\u201c- Harvey Diamond. Au\u00dferdem: <span style=\"font-weight: bold;\">\u00fcber Kindererziehung, Vernachl\u00e4ssigung von Tieren UND Kindern <\/span>in unserer Gesellschaft * <span style=\"font-weight: bold;\">Iss ja nur Fisch!??<\/span> Meeres\u201cschmau\u00df\u201c, Deplhinarien, Wale, Leerfischung der Meere, und dass Fische sehr schmerzempfindlich sind. * <span style=\"font-weight: bold;\">Wer denn, wenn nicht wir-<\/span> Aufruf zum Handeln * <span style=\"font-weight: bold;\">Eier um` s Verrecken,<\/span> Hintergr\u00fcnde und Ekelhaftes * <span style=\"font-weight: bold;\">Heute im Angebot<\/span>, Gedicht an der Fleischtheke, ups, pl\u00f6tzlich werden hier ja auch Menschenteile verkauft&#8230;* <span style=\"font-weight: bold;\">Mahlzeit<\/span>: Gedicht \u00fcber Kadaver- Junkies, Macht und Herrschaft und: BSE gonna get ya all! * Tiere- Kinder Gottes?<span style=\"font-weight: bold;\"> Lieber Gott, mach mich blind, dass ich diese Welt gut find.<\/span>.., \u00fcber Tiere und Bibel, Glaube, Kirche und Tiermord im Namen\u00a0 der Religionen vs. die Idee der Mitgesch\u00f6pflichkeit * <span style=\"font-weight: bold;\">Zeitgem\u00e4\u00dfe S\u00e4ugetiere<\/span>: \u00dcber die Entstehung des Menschen und seine Entfremdung von der Natur, auch der eigenen! * <span style=\"font-weight: bold;\">Der besondere \u00d6ko- Tod<\/span>: <span style=\"font-weight: bold;\">Die M\u00e4r vom \u201eartgerechten\u201c \u201e\u00d6ko\u201c- Fleisch.<\/span> \u201eWenn in einem Loblied- Artikel \u00fcber Biobauern und ihren besseren Umgang mit ihren Tieren unter dem Titel \u2013 Transparenz ist machbar- auch von dem ganzen guten Futter, der besseren Milch und dem besten Ergebnis die Rede ist, reicht die Transparenz leider nicht bis zur Schlachtbank&#8230;\u201c * <span style=\"font-weight: bold;\">Spirituell im Bordell,<\/span> Gedicht \u00fcber sch\u00f6ngeistige, buddhistische und andere angeblich mitwesenfreundliche Aasfresser * <span style=\"font-weight: bold;\">Gehirnw\u00e4sche f\u00fcr Bleichgesichter:<\/span> Werbung oder Vererbung \u2013 Rund oder gesund \u2013 Milch oder Wahrheit \u2013 Alles K\u00e4se- oder was? &#8211; Was geschieht mit dem Kalb??! &#8211; <span style=\"font-weight: bold;\">Ende gut- alles Blut! <\/span>(Kulturkrankheit Fremd- Milchkonsum) * <span style=\"font-weight: bold;\">\u201eLieb e\u201c<\/span>\u00a0 Gedicht \u00fcber \u201eTierfreunde\u201c * <span style=\"font-weight: bold;\">Tiefenpsychologische Milch<\/span>: Die Milch macht` s \u2013 Brustmilch ist Lustmilch \u2013 Sahne und Butter ohne Mutter &#8211; Rache ist s\u00fc\u00df! \u2013 F\u00fcr jeden etwas (\u00dcber die Bedeutung der Milch, ihre tats\u00e4chlich artgerechte Benutzung- n\u00e4mlich vom Jungen des jeweiligen Tieres und \u00fcberhaupt mal ein Gesamt\u00fcberblick \u00fcber das wei\u00dfe Gold) * Br\u00fcssel- Mafia : Subvention f\u00fcr Kadaver-Produktion * <span style=\"font-weight: bold;\">Als Lohn die Aggression: <\/span>\u00dcber J\u00e4ger und Aasfresser, Bauern und Metzger, Fleischwerbung und was das mit zwischenmenschlicher Gewalt, Krieg, Armut, Recht, Unrecht und der Umwelt zu tun hat * <span style=\"font-weight: bold;\">Traum-Arbeit<\/span>, Traumerz\u00e4hlung: pl\u00f6tzlich wird Mensch unversehens \u201egemolken\u201c *<span style=\"font-weight: bold;\"><br \/>\nEin Mann hat keine Angst<\/span>: Warum M\u00e4nner so unbedingt Fleisch essen m\u00fcssen, von wegen Arbeit, Muskeln, St\u00e4rke und Rustikalit\u00e4t, \u00fcber Tierqu\u00e4lermutproben, sowie die fr\u00fchm\u00e4nnliche \u201eEntdeckung\u201c des Tierreichs durch Tierqu\u00e4lerei, und warum gerade ihre m\u00e4nnlichen S\u00e4ugetiergenossen (Tiere) in der Tierhaltung als besonders \u201eunbrauchbar\u201c gelten (keine Milch, keine Nachkommen, zuviel Muskelgewebe,&#8230;) und deshalb noch vor \u201eHeranreifung\u201c des Fleisch- und Speckmantels get\u00f6tet werden, oftmals direkt nach der Geburt. * <span style=\"font-weight: bold;\">Den Pelz vom Leder ziehen:<\/span> Warum kein Pelz, aber Leder?! Warum nicht endlich Antileder- Aktionen?! \u00dcber Pelz- und Lederhandel weltweit, \u00fcber Damenmode und Statussymbole * <span style=\"font-weight: bold;\">J\u00e4ger- Halali,<\/span> Gedicht gegen das \u201ebraune Jagdgesetz\u201c * Waidmanns J\u00e4gerschnitzel:\u00a0 \u00dcber J\u00e4ger und ihre sowohl Tier- als auch Menschenfeindlichkeit, \u00fcber die Gefahr von Antijagdaktionen f\u00fcr die Aktivisten, \u00fcber Jagdsabotage und Widerstand * <span style=\"font-weight: bold;\">Tierversuche am Menschen<\/span>: Die Geschichte vom Kampf gegen Tierversuche, Wissenschaft und L\u00fcge, Menschen- und Tierversuche in Krieg, Armee, Knast und Krankenhaus,\u00a0 Studium (\u00fcber Leichen zum Examen?) und \u00fcber Alternativen * <span style=\"font-weight: bold;\">Nur so ein Gef\u00fchl<\/span>, \u00dcber die Verzweiflung eines Aktivisten und dass sich die Dinge bzw. Menschen so ungern ver\u00e4ndern lassen wollen * <span style=\"font-weight: bold;\">Knast zum Vergn\u00fcgen: Zirkus, Zoo und Tierpark<\/span> und die \u201eFreude\u201c ob der gefangenen und begafften Kreatur unter dem Deckmantel von Kinderliebe, Information und Artenschutz, haha! * <span style=\"font-weight: bold;\">Schandurteile und Justizirrtum<\/span>, Voltaire: \u201eEs ist gef\u00e4hrlich, recht zu haben, wenn die Regierung unrecht hat&#8230;\u201c \u00dcber die Behandlung von Tieren als Sachen, die Tradition der Gerichte, die Verfolgung von Tierrechtlern weltweit, die verschiedenen deutschen Regierungen und ihre Haltung zum Tier und \u00fcber die Notwendigkeit von Tierrechten *<span style=\"font-weight: bold;\"> Boykott, aber flott<\/span>: Aufruf zum Boykott verschiedener Ketten und Marken, z.B. Nestl\u00e9, Maggi, Alete, Knorr,&#8230; *<span style=\"font-weight: bold;\"> Veganer sind so<\/span>: Negativreaktionen auf Veganer: was darf man denn deren Meinung nach \u00fcberhaupt noch essen?! * <span style=\"font-weight: bold;\">Lass die Geene nie aleene,<\/span> Gedicht \u00fcber genetische Konditionierung bei Tier und Mensch * <span style=\"font-weight: bold;\">Vegan- wie oder was: <\/span>Vitamine, Ern\u00e4hrung, Gesundheit und befreite K\u00f6rper * <span style=\"font-weight: bold;\">Sonst noch was?!<\/span> \u00dcber Honig \u2013 Wolle \u2013 Seide \u2013 Daunen \u2013 Reiseandenken \u2013 Stierk\u00e4mpfe \u2013 Gen-Tiere \u2013\u00a0 Patent-Lebewesen \u2013 Euro-Tier \u2013 Tiervergn\u00fcgen \u2013 Artenschutz \u2013 Was wir noch tun k\u00f6nnen \u2013 Gelatine und Knochenreste in Photos * <span style=\"font-weight: bold;\">Vegane Sport- Weltmeister:<\/span> Gegen die M\u00e4r von der Notwendigkeit des Fleischkonsums bei Extrem- oder Kraftsport * <span style=\"font-weight: bold;\">Die G\u00f6ttin der Gesundheit <\/span>* Gedicht \u00fcber vordergr\u00fcndige Hygiene und reale Umweltverschmutzung * <span style=\"font-weight: bold;\">Grenz\u00fcberschreitungen<\/span>: Aufz\u00e4hlung der Verwendung verschiedener Tierbestandteile f\u00fcr unterschiedliche Produkte: Blut, Fett, Haar, Darm, Bindegewebe, D\u00fcngung von Obst und Gem\u00fcse mittels Knochenmehl&#8230; und andere versteckte Metzeleien * <span style=\"font-weight: bold;\">Der anst\u00e4ndige Aufstand<\/span>: Aufruf zum Aktivwerden * <span style=\"font-weight: bold;\">Die Magie der Pflanzen<\/span>: Eine Replik auf den h\u00f6hnischen Vorwurf, als Veganer t\u00f6te man ja Pflanzen. Eine detaillierte Auseinandersetzung \u00fcber Pflanzen, B\u00f6den und Kleinstlebewesen *<span style=\"font-weight: bold;\"> Frauen, die sich trauen: F\u00fcr ein neues und anderes Matriarchat <\/span>* <span style=\"font-weight: bold;\">H\u00f6r doch auf: \u00dcber Tabak<\/span> und seine Sch\u00e4dlichkeit f\u00fcr Mensch, Tier und Natur und die Interessen der globalen Tabakindustrie * <span style=\"font-weight: bold;\">Gedanken zum Zusammenleben<\/span>: \u00dcber Kommunen, WGs, Familien und andere Formen des Zusammenlebens, auch mit Tieren und \u201eSch\u00e4dlingen\u201c * <span style=\"font-weight: bold;\">Vegane Ackergold- Grube<\/span>: Unser Klima bietet die optimale Ausgangslage f\u00fcr eine vegane Ern\u00e4hrungsweise, leider wird aber mit Leichenabf\u00e4llen ged\u00fcngt, der Boden \u00fcbers\u00e4uert und mit Kuhkot versiegelt * <span style=\"font-weight: bold;\">Metier personelle:<\/span> \u00dcber kapitalistische Unterdr\u00fcckung und braune V\u00e4ter * <span style=\"font-weight: bold;\">In Teufels K\u00fcche<\/span>: Vegankoch Alexander F. Nabben dichtet \u00fcber seine Kochk\u00fcnste * <span style=\"font-weight: bold;\">M\u00e4rchen von der tierischen R-Evolution<\/span>: Ein M\u00e4rchen \u00fcber die Selbst- Befreiung der Tiere und was den Menschen zu tun \u00fcbrig bliebe, wenn sich die Tiere menschlicher Verwertungslogik organisiert widersetzen k\u00f6nnten- Veganismus!* <span style=\"font-weight: bold;\">Letzte Warnung<\/span> * Global- lokal- vision\u00e4r: <span style=\"font-weight: bold;\">Perspektiven f\u00fcr den Veganismus<\/span> * <span style=\"font-weight: bold;\">Eigene Geistesblitze<\/span>: Spr\u00fcche und Leits\u00e4tze von Alexander * <span style=\"font-weight: bold;\">Ausklang<\/span> * <span style=\"font-weight: bold;\">Nachwort<\/span> * <span style=\"font-weight: bold;\">Internet- Links<\/span> veganer Organisationen weltweit * <span style=\"font-weight: bold;\">Nestl\u00e9 t\u00f6tet&#8230;! <\/span>* <span style=\"font-weight: bold;\">Literaturhinweise<\/span> * <span style=\"font-weight: bold;\">Adressen<\/span><br \/>\n<\/small><\/div>\n<p>&nbsp;<\/p>\n","protected":false},"excerpt":{"rendered":"<p>Alexander Franziskus Nabben * Vegane Schikane * Alle Achtung f\u00fcr [&hellip;] &hellip; <a href=\"https:\/\/www.packpapierverlag.de\/?product=a-nabben-vegane-schikane\">Weiterlesen <span class=\"meta-nav\">&rarr;<\/span><\/a><\/p>\n","protected":false},"featured_media":2379,"template":"","meta":[],"product_brand":[],"product_cat":[15,18,3],"product_tag":[],"class_list":{"0":"post-274","1":"product","2":"type-product","3":"status-publish","4":"has-post-thumbnail","6":"product_cat-kochbucher-ernahrung-bewusstsein","7":"product_cat-literatur","8":"product_cat-produkte","10":"first","11":"instock","12":"shipping-taxable","13":"purchasable","14":"product-type-simple"},"_links":{"self":[{"href":"https:\/\/www.packpapierverlag.de\/index.php?rest_route=\/wp\/v2\/product\/274","targetHints":{"allow":["GET"]}}],"collection":[{"href":"https:\/\/www.packpapierverlag.de\/index.php?rest_route=\/wp\/v2\/product"}],"about":[{"href":"https:\/\/www.packpapierverlag.de\/index.php?rest_route=\/wp\/v2\/types\/product"}],"wp:featuredmedia":[{"embeddable":true,"href":"https:\/\/www.packpapierverlag.de\/index.php?rest_route=\/wp\/v2\/media\/2379"}],"wp:attachment":[{"href":"https:\/\/www.packpapierverlag.de\/index.php?rest_route=%2Fwp%2Fv2%2Fmedia&parent=274"}],"wp:term":[{"taxonomy":"product_brand","embeddable":true,"href":"https:\/\/www.packpapierverlag.de\/index.php?rest_route=%2Fwp%2Fv2%2Fproduct_brand&post=274"},{"taxonomy":"product_cat","embeddable":true,"href":"https:\/\/www.packpapierverlag.de\/index.php?rest_route=%2Fwp%2Fv2%2Fproduct_cat&post=274"},{"taxonomy":"product_tag","embeddable":true,"href":"https:\/\/www.packpapierverlag.de\/index.php?rest_route=%2Fwp%2Fv2%2Fproduct_tag&post=274"}],"curies":[{"name":"wp","href":"https:\/\/api.w.org\/{rel}","templated":true}]}}