{"id":298,"date":"2010-12-12T15:08:01","date_gmt":"2010-12-12T14:08:01","guid":{"rendered":"http:\/\/www.packpapierverlag.de\/neu\/?p=298"},"modified":"2017-05-04T13:26:48","modified_gmt":"2017-05-04T11:26:48","slug":"schweinefleisch-gesundheit","status":"publish","type":"product","link":"https:\/\/www.packpapierverlag.de\/?product=schweinefleisch-gesundheit","title":{"rendered":"Schweinefleisch und Gesundheit (f16)"},"content":{"rendered":"<p><a href=\"https:\/\/www.packpapierverlag.de\/wp-content\/uploads\/2010\/12\/Schweinefleisch-und-Gesundheit.jpg\"><img loading=\"lazy\" decoding=\"async\" class=\"alignleft size-medium wp-image-4944\" title=\"Schweinefleisch und Gesundheit\" src=\"https:\/\/www.packpapierverlag.de\/wp-content\/uploads\/2010\/12\/Schweinefleisch-und-Gesundheit-203x300.jpg\" alt=\"\" width=\"203\" height=\"300\" srcset=\"https:\/\/www.packpapierverlag.de\/wp-content\/uploads\/2010\/12\/Schweinefleisch-und-Gesundheit-203x300.jpg 203w, https:\/\/www.packpapierverlag.de\/wp-content\/uploads\/2010\/12\/Schweinefleisch-und-Gesundheit-300x442.jpg 300w, https:\/\/www.packpapierverlag.de\/wp-content\/uploads\/2010\/12\/Schweinefleisch-und-Gesundheit.jpg 385w\" sizes=\"auto, (max-width: 203px) 100vw, 203px\" \/><\/a><\/p>\n<p><small><big style=\"color: #006600;\"><span style=\"font-weight: bold;\">Schweinefleisch und Gesundheit.<\/span><\/big><\/small><\/p>\n<p><small style=\"font-family: Helvetica,Arial,sans-serif; color: #1a4d08;\"> <span style=\"font-weight: bold;\">Allgemeinverst\u00e4ndlicher Vortrag von Dr. med. Hans- Heinrich Reckeweg. <\/span><br \/>\nHeftchen mit 62 Seiten, DIN A 6.<br \/>\n<span style=\"font-weight: bold;\">INHALT:<\/span> * Auszug aus dem Koran zum Schweinefleisch, Sure 16. * Schweinefleisch und Gesundheit. Allgemeinverst\u00e4ndlicher Vortrag: Wirkungen des Schweinefleisches * F\u00fctterungsversuche mit Versuchstieren (Steigerung des Kannibalismus, Krebserkrankungen,&#8230; etc.) * Homotoxikologie des Schweinefleisches * Spezielle Belastungsstoffe des Schweinefleisches mit einer Tabelle von Giften und ihrer Wirkung (Cholosterin, Histamin und Imidazol, Wachstumshormon, schwefelreiche, mesenchymale Schleimsubstanzen, Sutoxische Fetts\u00e4uren, Onkogenes Agens, Grippe-Virus) * Biologische \u00c4hnlichkeiten * Skrofulose (\u201eSchweinekrankheit\u201c) und Tuberkulose * Schweinefleisch- Sucht? * Sexualhormone als Karzinogene? * Homotoxikologie als L\u00f6sung des Problems * Noch ein moderner Aspekt der Minderwertigkeit des Schweinefleisches * Verpflegung in Kantinen und Restaurants * Allgemeine und \u00e4rztliche Information * Konsequenzen und Ratschl\u00e4ge * Nachtrag, Stellungnahmen und Schlusswort zu dem Vortrag * Elephantiasis * Adipositas (Fettsucht) * Tier\u00e4rztlicher Bericht * Fortsetzung der Stellungnahme<\/small><\/p>\n","protected":false},"excerpt":{"rendered":"<p>Schweinefleisch und Gesundheit. Allgemeinverst\u00e4ndlicher Vortrag von Dr. med. Hans- Heinrich [&hellip;] &hellip; <a href=\"https:\/\/www.packpapierverlag.de\/?product=schweinefleisch-gesundheit\">Weiterlesen <span class=\"meta-nav\">&rarr;<\/span><\/a><\/p>\n","protected":false},"featured_media":4944,"template":"","meta":[],"product_brand":[],"product_cat":[14,3],"product_tag":[],"class_list":{"0":"post-298","1":"product","2":"type-product","3":"status-publish","4":"has-post-thumbnail","6":"product_cat-kleine-reihe-naturkost-broschuren","7":"product_cat-produkte","9":"first","10":"instock","11":"shipping-taxable","12":"purchasable","13":"product-type-simple"},"_links":{"self":[{"href":"https:\/\/www.packpapierverlag.de\/index.php?rest_route=\/wp\/v2\/product\/298","targetHints":{"allow":["GET"]}}],"collection":[{"href":"https:\/\/www.packpapierverlag.de\/index.php?rest_route=\/wp\/v2\/product"}],"about":[{"href":"https:\/\/www.packpapierverlag.de\/index.php?rest_route=\/wp\/v2\/types\/product"}],"wp:featuredmedia":[{"embeddable":true,"href":"https:\/\/www.packpapierverlag.de\/index.php?rest_route=\/wp\/v2\/media\/4944"}],"wp:attachment":[{"href":"https:\/\/www.packpapierverlag.de\/index.php?rest_route=%2Fwp%2Fv2%2Fmedia&parent=298"}],"wp:term":[{"taxonomy":"product_brand","embeddable":true,"href":"https:\/\/www.packpapierverlag.de\/index.php?rest_route=%2Fwp%2Fv2%2Fproduct_brand&post=298"},{"taxonomy":"product_cat","embeddable":true,"href":"https:\/\/www.packpapierverlag.de\/index.php?rest_route=%2Fwp%2Fv2%2Fproduct_cat&post=298"},{"taxonomy":"product_tag","embeddable":true,"href":"https:\/\/www.packpapierverlag.de\/index.php?rest_route=%2Fwp%2Fv2%2Fproduct_tag&post=298"}],"curies":[{"name":"wp","href":"https:\/\/api.w.org\/{rel}","templated":true}]}}