{"id":312,"date":"2010-12-12T15:11:50","date_gmt":"2010-12-12T14:11:50","guid":{"rendered":"http:\/\/www.packpapierverlag.de\/neu\/?p=312"},"modified":"2021-01-24T21:18:02","modified_gmt":"2021-01-24T20:18:02","slug":"antifa-stade-bruker-doku","status":"publish","type":"product","link":"https:\/\/www.packpapierverlag.de\/?product=antifa-stade-bruker-doku","title":{"rendered":"Antifa Stade: Bruker Doku (w08)"},"content":{"rendered":"<p><img loading=\"lazy\" decoding=\"async\" class=\"alignleft wp-image-14710\" src=\"https:\/\/www.packpapierverlag.de\/wp-content\/uploads\/2021\/01\/w08bruker.jpg\" alt=\"\" width=\"258\" height=\"397\" \/>Antifa Stade: Bruker Doku, 96 Seiten &#8211; Nr.w08<br \/>\nJ.Bollmer: &#8222;Enth\u00fcllungen \u00fcber den Ern\u00e4hrungspapst&#8220;<\/p>\n<p>Inhalt: Brukers Lebenslauf &#8211; Die Funktionen und Verbindungen Brukers: Freisoziale Union &#8211; W\u00e4hlergemeinschaft Gr\u00fcne Liste &#8211; 5%-Block-Partei &#8211; Aufruf der F\u00fcnfzigtausend &#8211; Ges..f.biolog.Anthropologie, Eugenik u.Verhaltensforschung &#8211; Weltbund zum Schutze des Lebens &#8211; Inst.f.biologische Sicherheit &#8211; Bruderschaft Salem &#8211; Diagnosen &#8211; Verlag Mehr Wissen &#8211; Deutscher Naturheilbund \/ Ges.f. Gesundheitsberatung &#8211; Gesundheitskasse &#8211; Brukers Boykott-Aufruf gegen Bio-L\u00e4den &#8211; Zitate &#8211; Quellen Literatur Dokumente<\/p>\n<p>Bruker-Brote gibts noch immer in vielen Biol\u00e4den &#8230; Bruker war rechtsextrem, entsprechend xenophob und ausl\u00e4nderfeindlich, aber das hat die meisten Biol\u00e4den nicht gest\u00f6rt, galt und gilt er doch als Gesundheitspapst. Aufgrund dieser Brosch\u00fcre haben sich \u00fcbrigens etliche Biol\u00e4den gegen den Packpapierverlag gestellt&#8230;als &#8222;Nestbeschmutzer&#8220; und alle Verlagsb\u00fccher aus dem Laden geworfen. OK, wei\u00df man, wo man dran ist,&#8230;<\/p>\n","protected":false},"excerpt":{"rendered":"<p>Antifa Stade: Bruker Doku, 96 Seiten &#8211; Nr.w08 J.Bollmer: &#8222;Enth\u00fcllungen [&hellip;] &hellip; <a href=\"https:\/\/www.packpapierverlag.de\/?product=antifa-stade-bruker-doku\">Weiterlesen <span class=\"meta-nav\">&rarr;<\/span><\/a><\/p>\n","protected":false},"featured_media":14710,"template":"","meta":[],"product_brand":[],"product_cat":[15,6,3],"product_tag":[],"class_list":{"0":"post-312","1":"product","2":"type-product","3":"status-publish","4":"has-post-thumbnail","6":"product_cat-kochbucher-ernahrung-bewusstsein","7":"product_cat-politik-und-geschichte","8":"product_cat-produkte","10":"first","11":"instock","12":"shipping-taxable","13":"purchasable","14":"product-type-simple"},"_links":{"self":[{"href":"https:\/\/www.packpapierverlag.de\/index.php?rest_route=\/wp\/v2\/product\/312","targetHints":{"allow":["GET"]}}],"collection":[{"href":"https:\/\/www.packpapierverlag.de\/index.php?rest_route=\/wp\/v2\/product"}],"about":[{"href":"https:\/\/www.packpapierverlag.de\/index.php?rest_route=\/wp\/v2\/types\/product"}],"wp:featuredmedia":[{"embeddable":true,"href":"https:\/\/www.packpapierverlag.de\/index.php?rest_route=\/wp\/v2\/media\/14710"}],"wp:attachment":[{"href":"https:\/\/www.packpapierverlag.de\/index.php?rest_route=%2Fwp%2Fv2%2Fmedia&parent=312"}],"wp:term":[{"taxonomy":"product_brand","embeddable":true,"href":"https:\/\/www.packpapierverlag.de\/index.php?rest_route=%2Fwp%2Fv2%2Fproduct_brand&post=312"},{"taxonomy":"product_cat","embeddable":true,"href":"https:\/\/www.packpapierverlag.de\/index.php?rest_route=%2Fwp%2Fv2%2Fproduct_cat&post=312"},{"taxonomy":"product_tag","embeddable":true,"href":"https:\/\/www.packpapierverlag.de\/index.php?rest_route=%2Fwp%2Fv2%2Fproduct_tag&post=312"}],"curies":[{"name":"wp","href":"https:\/\/api.w.org\/{rel}","templated":true}]}}