{"id":3254,"date":"2012-01-04T19:51:59","date_gmt":"2012-01-04T18:51:59","guid":{"rendered":"http:\/\/www.packpapierverlag.de\/?p=3254"},"modified":"2022-03-28T12:40:38","modified_gmt":"2022-03-28T10:40:38","slug":"wir-informieren-uns-naturschutz-verkehrt-richarz","status":"publish","type":"product","link":"https:\/\/www.packpapierverlag.de\/?product=wir-informieren-uns-naturschutz-verkehrt-richarz","title":{"rendered":"Wir informieren uns &#8211; Naturschutz verkehrt (Richarz) (i59)"},"content":{"rendered":"<p><small style=\"color: #003800;\"><span style=\"font-family: Helvetica,Arial,sans-serif;\"><a href=\"https:\/\/www.packpapierverlag.de\/wp-content\/uploads\/2017\/04\/wir-informieren-uns-...-Naturschutz.jpg\" rel=\"attachment wp-att-7254\"><img loading=\"lazy\" decoding=\"async\" class=\"size-medium wp-image-7254 alignleft\" src=\"https:\/\/www.packpapierverlag.de\/wp-content\/uploads\/2017\/04\/wir-informieren-uns-...-Naturschutz-201x300.jpg\" alt=\"wir informieren uns ... Naturschutz\" width=\"201\" height=\"300\" srcset=\"https:\/\/www.packpapierverlag.de\/wp-content\/uploads\/2017\/04\/wir-informieren-uns-...-Naturschutz-201x300.jpg 201w, https:\/\/www.packpapierverlag.de\/wp-content\/uploads\/2017\/04\/wir-informieren-uns-...-Naturschutz-300x447.jpg 300w, https:\/\/www.packpapierverlag.de\/wp-content\/uploads\/2017\/04\/wir-informieren-uns-...-Naturschutz-768x1144.jpg 768w, https:\/\/www.packpapierverlag.de\/wp-content\/uploads\/2017\/04\/wir-informieren-uns-...-Naturschutz-688x1024.jpg 688w, https:\/\/www.packpapierverlag.de\/wp-content\/uploads\/2017\/04\/wir-informieren-uns-...-Naturschutz.jpg 1024w\" sizes=\"auto, (max-width: 201px) 100vw, 201px\" \/><\/a>Dr. Klaus Richarz<\/span><br style=\"font-family: Helvetica,Arial,sans-serif;\" \/><span style=\"font-family: Helvetica,Arial,sans-serif; font-weight: bold; color: #482448;\">Wir informieren uns : Naturschutz verkehrt<\/span><br style=\"font-family: Helvetica,Arial,sans-serif; font-weight: bold; color: #482448;\" \/><span style=\"font-family: Helvetica,Arial,sans-serif; font-weight: bold; color: #482448;\">Wie wir Lebensr\u00e4ume verplanen<\/span><br style=\"font-family: Helvetica,Arial,sans-serif;\" \/><span style=\"font-family: Helvetica,Arial,sans-serif;\">Aus der Reihe Aktion Ameise. Im Verlag F. Schneider in der Reihe Natur erschienen, M\u00fcnchen 1987. ISBN 3-505-09597-4<\/span><br style=\"font-family: Helvetica,Arial,sans-serif;\" \/><span style=\"font-family: Helvetica,Arial,sans-serif;\">Gebundenes Buch, Hardcover, 71 Seiten, viele Abbildungen und Photos.<\/span><br style=\"font-family: Helvetica,Arial,sans-serif;\" \/><span style=\"font-family: Helvetica,Arial,sans-serif;\">Die B\u00fccher der Aktion Ameise richten sich an junge Menschen, die sich f\u00fcr \u00d6kologie und Naturschutz interessieren.<\/span><br style=\"font-family: Helvetica,Arial,sans-serif;\" \/><span style=\"font-weight: bold; font-family: Helvetica,Arial,sans-serif;\">Klappentext:<\/span><span style=\"font-family: Helvetica,Arial,sans-serif;\"> Im Naturschutz steht nicht alles zum besten. Immer mehr Menschen und Interessengruppen fordern der Natur immer mehr ab: Sie soll Rohstoffe liefern, ihre einstige Vielfalt an Tieren und Pflanzen bewahren, Boden, Luft und Wasser durch ihre Kreisl\u00e4ufe reinigen, Freizeitw\u00fcnsche erf\u00fcllen, Erholungsraum sein und Baupl\u00e4tze abtreten. Klaus Richarz, Natursch\u00fctzer im Staatsdienst, gibt uns an vielen Beispielen zu bedenken, wo privates, gesch\u00e4ftliches und beh\u00f6rdliches Wunschdenken mit dem Schutz der Natur nicht mehr zu vereinbaren sind.<\/span><span style=\"font-weight: bold; font-family: Helvetica,Arial,sans-serif;\"><br \/>\nINHALT:<\/span><span style=\"font-family: Helvetica,Arial,sans-serif;\"> * Zum Buch * \u00c4ndern, irren, lernen * Kosmetik statt Naturschutz * Scheinerfolge * \u00dcbertriebene Aktivit\u00e4t * Nichtstun kann besser sein * Wie Statistiken t\u00e4uschen * Schutzgebiet? * Naturschutzgebiete vor Ort * Zwei weitere Schutzgebietstypen * Wo die Natur noch Vorfahrt hat * Kritik &#8211; aus Liebe zur Natur * Kaum Schutz f\u00fcr Tiere * Unzureichende Verordnungen * Wieviel Raum braucht die Natur? * Was sich \u00e4ndern m\u00fc\u00dfte * Natur aus zweiter Hand * Ein Beispiel, das Mut macht * Naturschutzwacht im Einsatz * Die Einstellung entscheidet * Zum Weiterlesen empfohlen * B\u00fccher und Schriften * Adressen * Die Aktion Ameise * Lieber Leser, lieber Freund<\/span><\/small><\/p>\n","protected":false},"excerpt":{"rendered":"<p>Dr. Klaus RicharzWir informieren uns : Naturschutz verkehrtWie wir Lebensr\u00e4ume [&hellip;] &hellip; <a href=\"https:\/\/www.packpapierverlag.de\/?product=wir-informieren-uns-naturschutz-verkehrt-richarz\">Weiterlesen <span class=\"meta-nav\">&rarr;<\/span><\/a><\/p>\n","protected":false},"featured_media":7254,"template":"","meta":[],"product_brand":[],"product_cat":[41],"product_tag":[],"class_list":{"0":"post-3254","1":"product","2":"type-product","3":"status-publish","4":"has-post-thumbnail","6":"product_cat-antiquariat","8":"first","9":"instock","10":"shipping-taxable","11":"purchasable","12":"product-type-simple"},"_links":{"self":[{"href":"https:\/\/www.packpapierverlag.de\/index.php?rest_route=\/wp\/v2\/product\/3254","targetHints":{"allow":["GET"]}}],"collection":[{"href":"https:\/\/www.packpapierverlag.de\/index.php?rest_route=\/wp\/v2\/product"}],"about":[{"href":"https:\/\/www.packpapierverlag.de\/index.php?rest_route=\/wp\/v2\/types\/product"}],"wp:featuredmedia":[{"embeddable":true,"href":"https:\/\/www.packpapierverlag.de\/index.php?rest_route=\/wp\/v2\/media\/7254"}],"wp:attachment":[{"href":"https:\/\/www.packpapierverlag.de\/index.php?rest_route=%2Fwp%2Fv2%2Fmedia&parent=3254"}],"wp:term":[{"taxonomy":"product_brand","embeddable":true,"href":"https:\/\/www.packpapierverlag.de\/index.php?rest_route=%2Fwp%2Fv2%2Fproduct_brand&post=3254"},{"taxonomy":"product_cat","embeddable":true,"href":"https:\/\/www.packpapierverlag.de\/index.php?rest_route=%2Fwp%2Fv2%2Fproduct_cat&post=3254"},{"taxonomy":"product_tag","embeddable":true,"href":"https:\/\/www.packpapierverlag.de\/index.php?rest_route=%2Fwp%2Fv2%2Fproduct_tag&post=3254"}],"curies":[{"name":"wp","href":"https:\/\/api.w.org\/{rel}","templated":true}]}}