{"id":3264,"date":"2012-01-04T20:09:54","date_gmt":"2012-01-04T19:09:54","guid":{"rendered":"http:\/\/www.packpapierverlag.de\/?p=3264"},"modified":"2020-12-04T12:47:30","modified_gmt":"2020-12-04T11:47:30","slug":"wir-informieren-uns-wildtiere-in-gefahr-richarz","status":"publish","type":"product","link":"https:\/\/www.packpapierverlag.de\/?product=wir-informieren-uns-wildtiere-in-gefahr-richarz","title":{"rendered":"Wir informieren uns &#8211; Wildtiere in Gefahr (Richarz (i56)"},"content":{"rendered":"<p><small><span style=\"font-family: Helvetica,Arial,sans-serif; color: #003500;\"><a href=\"https:\/\/www.packpapierverlag.de\/wp-content\/uploads\/2017\/04\/wir-informieren-uns-...-Wildtiere.jpg\" rel=\"attachment wp-att-7258\"><img loading=\"lazy\" decoding=\"async\" class=\"alignnone size-medium wp-image-7258\" src=\"https:\/\/www.packpapierverlag.de\/wp-content\/uploads\/2017\/04\/wir-informieren-uns-...-Wildtiere-198x300.jpg\" alt=\"wir informieren uns ... Wildtiere\" width=\"198\" height=\"300\" srcset=\"https:\/\/www.packpapierverlag.de\/wp-content\/uploads\/2017\/04\/wir-informieren-uns-...-Wildtiere-198x300.jpg 198w, https:\/\/www.packpapierverlag.de\/wp-content\/uploads\/2017\/04\/wir-informieren-uns-...-Wildtiere-300x455.jpg 300w, https:\/\/www.packpapierverlag.de\/wp-content\/uploads\/2017\/04\/wir-informieren-uns-...-Wildtiere-768x1166.jpg 768w, https:\/\/www.packpapierverlag.de\/wp-content\/uploads\/2017\/04\/wir-informieren-uns-...-Wildtiere-675x1024.jpg 675w, https:\/\/www.packpapierverlag.de\/wp-content\/uploads\/2017\/04\/wir-informieren-uns-...-Wildtiere.jpg 1024w\" sizes=\"auto, (max-width: 198px) 100vw, 198px\" \/><\/a>Dr. Klaus Richarz<\/span><br style=\"font-family: Helvetica,Arial,sans-serif;\" \/><span style=\"font-weight: bold; color: #561c56; font-family: Helvetica,Arial,sans-serif;\">Wir informieren uns : Wildtiere in Gefahr<\/span><br style=\"font-family: Helvetica,Arial,sans-serif;\" \/><span style=\"font-family: Helvetica,Arial,sans-serif; color: #003500;\">Aus der Reihe Aktion Ameise. Im Verlag F. Schneider in der Reihe Natur erschienen, M\u00fcnchen 1988. ISBN 3-505-09743-8<\/span><br style=\"font-family: Helvetica,Arial,sans-serif; color: #003500;\" \/><span style=\"font-family: Helvetica,Arial,sans-serif; color: #003500;\">Gebundenes Buch, Hardcover, 71 Seiten, viele Abbildungen und Photos.<\/span><br style=\"font-family: Helvetica,Arial,sans-serif; color: #003500;\" \/><span style=\"font-family: Helvetica,Arial,sans-serif; color: #003500;\">Die B\u00fccher der Aktion Ameise richten sich an junge Menschen, die sich f\u00fcr \u00d6kologie und Naturschutz interessieren.<\/span><br style=\"font-family: Helvetica,Arial,sans-serif; color: #003500;\" \/><span style=\"font-weight: bold; font-family: Helvetica,Arial,sans-serif; color: #003500;\">Klappentext:<\/span><span style=\"font-family: Helvetica,Arial,sans-serif; color: #003500;\"><br \/>\nIn diesem Band geht es um die akute Bedrohung Tausender (!) Tierarten unserer Heimat. Der Autor, beruflich mit dem Artenschutz bei der Regierung von Oberbayern befa\u00dft, zeichnet ein deutliches Bild von der Verarmung unserer gegenw\u00e4rtigen Tierwelt. Der gewonnene \u00dcberblick wird jeden, dem die Natur nicht gleichg\u00fcltig ist, betroffen machen. Die Roten Listen signalisieren Alarm auch f\u00fcr die Lebensgrundlage der Menschen.<br \/>\n<\/span><span style=\"font-weight: bold; font-family: Helvetica,Arial,sans-serif; color: #003500;\">INHALT:<br \/>\n*<\/span><span style=\"font-family: Helvetica,Arial,sans-serif; color: #003500;\">Zum Buch * Aussterben und Ausrotten * Rote Listen &#8211; unsere S\u00fcndenregister * Schutz durch Gesetze * S\u00e4ugetiere &#8211; unsere n\u00e4chsten Verwandten * V\u00f6gel &#8211; alle sind l\u00e4ngst nicht mehr da * Kriechtiere &#8211; auf Sonnenw\u00e4rme angewiesen * Amphibien \u2013 \u201eDer Laubfrosch ist ein armer Hund\u201c * Fische &#8211; Stiefkinder des Naturschutzes * Muscheln und Schnecken &#8211; Geh\u00e4use als Sammelgut * Heuschrecken &#8211; ihre Sommerkonzerte nehmen ab * Libellen &#8211; wenig Platz f\u00fcr \u201efliegende Edelsteine\u201c * Schmetterlinge weinen nicht * K\u00e4fer &#8211; Spezialisten haben`s schwer * Wanzen und Bienen &#8211; unterschiedliches Ansehen * Eine Verbeugung vor den<br \/>\nUngenannten * B\u00fccher, die weiterhelfen * Adressen * Aktion Ameise * Lieber Leser, lieber Freund<\/span><\/small><\/p>\n","protected":false},"excerpt":{"rendered":"<p>Dr. Klaus RicharzWir informieren uns : Wildtiere in GefahrAus der [&hellip;] &hellip; <a href=\"https:\/\/www.packpapierverlag.de\/?product=wir-informieren-uns-wildtiere-in-gefahr-richarz\">Weiterlesen <span class=\"meta-nav\">&rarr;<\/span><\/a><\/p>\n","protected":false},"featured_media":7258,"template":"","meta":[],"product_brand":[],"product_cat":[41],"product_tag":[],"class_list":{"0":"post-3264","1":"product","2":"type-product","3":"status-publish","4":"has-post-thumbnail","6":"product_cat-antiquariat","8":"first","9":"instock","10":"shipping-taxable","11":"purchasable","12":"product-type-simple"},"_links":{"self":[{"href":"https:\/\/www.packpapierverlag.de\/index.php?rest_route=\/wp\/v2\/product\/3264","targetHints":{"allow":["GET"]}}],"collection":[{"href":"https:\/\/www.packpapierverlag.de\/index.php?rest_route=\/wp\/v2\/product"}],"about":[{"href":"https:\/\/www.packpapierverlag.de\/index.php?rest_route=\/wp\/v2\/types\/product"}],"wp:featuredmedia":[{"embeddable":true,"href":"https:\/\/www.packpapierverlag.de\/index.php?rest_route=\/wp\/v2\/media\/7258"}],"wp:attachment":[{"href":"https:\/\/www.packpapierverlag.de\/index.php?rest_route=%2Fwp%2Fv2%2Fmedia&parent=3264"}],"wp:term":[{"taxonomy":"product_brand","embeddable":true,"href":"https:\/\/www.packpapierverlag.de\/index.php?rest_route=%2Fwp%2Fv2%2Fproduct_brand&post=3264"},{"taxonomy":"product_cat","embeddable":true,"href":"https:\/\/www.packpapierverlag.de\/index.php?rest_route=%2Fwp%2Fv2%2Fproduct_cat&post=3264"},{"taxonomy":"product_tag","embeddable":true,"href":"https:\/\/www.packpapierverlag.de\/index.php?rest_route=%2Fwp%2Fv2%2Fproduct_tag&post=3264"}],"curies":[{"name":"wp","href":"https:\/\/api.w.org\/{rel}","templated":true}]}}