{"id":3267,"date":"2012-01-04T20:16:53","date_gmt":"2012-01-04T19:16:53","guid":{"rendered":"http:\/\/www.packpapierverlag.de\/?p=3267"},"modified":"2017-06-06T16:57:35","modified_gmt":"2017-06-06T14:57:35","slug":"wir-informieren-uns-misbrauchte-tiere-fragwurdige-tierversuche-sanwald","status":"publish","type":"product","link":"https:\/\/www.packpapierverlag.de\/?product=wir-informieren-uns-misbrauchte-tiere-fragwurdige-tierversuche-sanwald","title":{"rendered":"Wir informieren uns &#8211; Mi\u00dfbrauchte Tiere. Fragw\u00fcrdige Tierversuche (Sanwald) (i55)"},"content":{"rendered":"<p><small style=\"color: #003500;\"><span style=\"font-family: Helvetica,Arial,sans-serif;\"><a href=\"https:\/\/www.packpapierverlag.de\/wp-content\/uploads\/2017\/04\/wir-informieren-uns-...-Tierversuche.jpg\" rel=\"attachment wp-att-7255\"><img loading=\"lazy\" decoding=\"async\" class=\"size-medium wp-image-7255 alignleft\" src=\"https:\/\/www.packpapierverlag.de\/wp-content\/uploads\/2017\/04\/wir-informieren-uns-...-Tierversuche-202x300.jpg\" alt=\"wir informieren uns ... Tierversuche\" width=\"202\" height=\"300\" srcset=\"https:\/\/www.packpapierverlag.de\/wp-content\/uploads\/2017\/04\/wir-informieren-uns-...-Tierversuche-202x300.jpg 202w, https:\/\/www.packpapierverlag.de\/wp-content\/uploads\/2017\/04\/wir-informieren-uns-...-Tierversuche-300x446.jpg 300w, https:\/\/www.packpapierverlag.de\/wp-content\/uploads\/2017\/04\/wir-informieren-uns-...-Tierversuche-768x1141.jpg 768w, https:\/\/www.packpapierverlag.de\/wp-content\/uploads\/2017\/04\/wir-informieren-uns-...-Tierversuche-689x1024.jpg 689w, https:\/\/www.packpapierverlag.de\/wp-content\/uploads\/2017\/04\/wir-informieren-uns-...-Tierversuche.jpg 1024w\" sizes=\"auto, (max-width: 202px) 100vw, 202px\" \/><\/a>Imme Sanwald<\/span><br style=\"font-family: Helvetica,Arial,sans-serif;\" \/><span style=\"font-family: Helvetica,Arial,sans-serif; font-weight: bold; color: #351135;\">Wir informieren uns : Mi\u00dfbrauchte Tiere<\/span><br style=\"font-family: Helvetica,Arial,sans-serif; font-weight: bold; color: #351135;\" \/><span style=\"font-family: Helvetica,Arial,sans-serif; font-weight: bold; color: #351135;\">Fragw\u00fcrdige Tierversuche<\/span><br style=\"font-family: Helvetica,Arial,sans-serif;\" \/><span style=\"font-family: Helvetica,Arial,sans-serif;\">Aus der Reihe Aktion Ameise. Im Verlag F. Schneider in der Reihe Natur erschienen, M\u00fcnchen 1987. ISBN 3-505-09584-2<\/span><br style=\"font-family: Helvetica,Arial,sans-serif;\" \/><span style=\"font-family: Helvetica,Arial,sans-serif;\">Gebundenes Buch, Hardcover, 70 Seiten, viele Abbildungen und Photos.<\/span><br style=\"font-family: Helvetica,Arial,sans-serif;\" \/><span style=\"font-family: Helvetica,Arial,sans-serif;\">Die B\u00fccher der Aktion Ameise richten sich vornehmlich an junge Menschen.<\/span><br style=\"font-family: Helvetica,Arial,sans-serif;\" \/><span style=\"font-family: Helvetica,Arial,sans-serif;\">In diesem Buch sind einige schlimme Photos von Tierversuchen zu sehen- sie bilden aber lediglich die Wirklichkeit ab&#8230; und die sollte die Erwachsenenwelt nicht vor der Jugend verstecken.<\/span><br style=\"font-family: Helvetica,Arial,sans-serif;\" \/><span style=\"font-family: Helvetica,Arial,sans-serif;\">Aus dem Klappentext: Die Autorin Imme Sandwald studierte Agrarwissenschaften und ist freie Journalistin. Sie malt das Grauen in den modernen Folterkammern der Labors nicht aus, sondern sagt, in welchen Bereichen der Industrie, der Forschung (einschlie\u00dflich Wehrtechnik) und der Lehre heute das kl\u00e4gliche Leben der Versuchstiere dem \u201eWohl des Menschen\u201c geopfert wird. (&#8230;)<\/span><br style=\"font-family: Helvetica,Arial,sans-serif;\" \/><span style=\"font-weight: bold; font-family: Helvetica,Arial,sans-serif;\">INHALT:<br \/>\n<\/span><span style=\"font-family: Helvetica,Arial,sans-serif;\">* Zum Buch * Versuche an Tieren * Schreckenszahlen * Schimpansen sterben f\u00fcr Aids * Meerschweinchen m\u00f6gen Menschen * Katzen haben sieben Leben * Kuscheltiere im Lidschattentest * Wei\u00dfe M\u00e4use m\u00f6gen keinen Wodka * Frontschweine sind arme Schweine * Alternativen zum Tierversuch * Das tun Tiersch\u00fctzer * \u201eTasso\u201c (Kennzeichnung gegen Haustierdiebe) * Was kannst du tun? * Wir k\u00e4mpfen um jede Hundepfote * Positivliste der Kosmetikfirmen * Adressen * B\u00fccher f\u00fcr mehr Information * Die Aktion Ameise * Lieber Leser, lieber Freund<\/span><\/small><\/p>\n","protected":false},"excerpt":{"rendered":"<p>Imme SanwaldWir informieren uns : Mi\u00dfbrauchte TiereFragw\u00fcrdige TierversucheAus der Reihe [&hellip;] &hellip; <a href=\"https:\/\/www.packpapierverlag.de\/?product=wir-informieren-uns-misbrauchte-tiere-fragwurdige-tierversuche-sanwald\">Weiterlesen <span class=\"meta-nav\">&rarr;<\/span><\/a><\/p>\n","protected":false},"featured_media":7255,"template":"","meta":[],"product_brand":[],"product_cat":[41],"product_tag":[],"class_list":{"0":"post-3267","1":"product","2":"type-product","3":"status-publish","4":"has-post-thumbnail","6":"product_cat-antiquariat","8":"first","9":"instock","10":"shipping-taxable","11":"purchasable","12":"product-type-simple"},"_links":{"self":[{"href":"https:\/\/www.packpapierverlag.de\/index.php?rest_route=\/wp\/v2\/product\/3267","targetHints":{"allow":["GET"]}}],"collection":[{"href":"https:\/\/www.packpapierverlag.de\/index.php?rest_route=\/wp\/v2\/product"}],"about":[{"href":"https:\/\/www.packpapierverlag.de\/index.php?rest_route=\/wp\/v2\/types\/product"}],"wp:featuredmedia":[{"embeddable":true,"href":"https:\/\/www.packpapierverlag.de\/index.php?rest_route=\/wp\/v2\/media\/7255"}],"wp:attachment":[{"href":"https:\/\/www.packpapierverlag.de\/index.php?rest_route=%2Fwp%2Fv2%2Fmedia&parent=3267"}],"wp:term":[{"taxonomy":"product_brand","embeddable":true,"href":"https:\/\/www.packpapierverlag.de\/index.php?rest_route=%2Fwp%2Fv2%2Fproduct_brand&post=3267"},{"taxonomy":"product_cat","embeddable":true,"href":"https:\/\/www.packpapierverlag.de\/index.php?rest_route=%2Fwp%2Fv2%2Fproduct_cat&post=3267"},{"taxonomy":"product_tag","embeddable":true,"href":"https:\/\/www.packpapierverlag.de\/index.php?rest_route=%2Fwp%2Fv2%2Fproduct_tag&post=3267"}],"curies":[{"name":"wp","href":"https:\/\/api.w.org\/{rel}","templated":true}]}}