{"id":327,"date":"2010-12-12T15:18:01","date_gmt":"2010-12-12T14:18:01","guid":{"rendered":"http:\/\/www.packpapierverlag.de\/neu\/?p=327"},"modified":"2017-07-14T13:24:25","modified_gmt":"2017-07-14T11:24:25","slug":"garten-fur-selbstversorger","status":"publish","type":"product","link":"https:\/\/www.packpapierverlag.de\/?product=garten-fur-selbstversorger","title":{"rendered":"Der Garten &#8211; Anstiftung zur Selbstversorgung (f04)"},"content":{"rendered":"<p style=\"background: transparent none repeat scroll 0% 50%; -moz-background-clip: initial; -moz-background-origin: initial; -moz-background-inline-policy: initial; text-align: left; font-family: Helvetica,Arial,sans-serif;\"><a href=\"https:\/\/www.packpapierverlag.de\/wp-content\/uploads\/2010\/12\/Garten-f\u00fcr-Selbstversorger.jpg\"><img loading=\"lazy\" decoding=\"async\" class=\"alignleft size-medium wp-image-2400\" title=\"Garten f\u00fcr Selbstversorger\" src=\"https:\/\/www.packpapierverlag.de\/wp-content\/uploads\/2010\/12\/Garten-f\u00fcr-Selbstversorger-212x300.jpg\" alt=\"\" width=\"212\" height=\"300\" srcset=\"https:\/\/www.packpapierverlag.de\/wp-content\/uploads\/2010\/12\/Garten-f\u00fcr-Selbstversorger-212x300.jpg 212w, https:\/\/www.packpapierverlag.de\/wp-content\/uploads\/2010\/12\/Garten-f\u00fcr-Selbstversorger-300x425.jpg 300w, https:\/\/www.packpapierverlag.de\/wp-content\/uploads\/2010\/12\/Garten-f\u00fcr-Selbstversorger-723x1024.jpg 723w, https:\/\/www.packpapierverlag.de\/wp-content\/uploads\/2010\/12\/Garten-f\u00fcr-Selbstversorger.jpg 1024w\" sizes=\"auto, (max-width: 212px) 100vw, 212px\" \/><\/a><small style=\"color: #000000;\"><span style=\"font-size: large;\"><small><b><span style=\"background: transparent none repeat scroll 0% 50%; -moz-background-clip: initial; -moz-background-origin: initial; -moz-background-inline-policy: initial;\">Shankara\/Parvatee:<\/span><\/b><\/small><\/span><\/small><small><span style=\"color: #008000;\"><span style=\"font-size: large;\"><small><u><b> <\/b><\/u><b style=\"color: #007700;\"><span style=\"background: transparent none repeat scroll 0% 50%; -moz-background-clip: initial; -moz-background-origin: initial; -moz-background-inline-policy: initial;\">DER GARTEN. Anstiftung zur Selbstversorgung!<\/span><\/b><\/small><\/span><\/span><br \/>\n<b><br \/>\n224 Seiten, Taschenbuch, wundersch\u00f6n farbig gestaltet, reich illustriert, sch\u00f6ne, sehr gut lesbare und ordentliche Handschrift. Gemeinschaftsausgabe von: Packpapier- Verlag und Werner Pieper &amp; The Gr\u00fcne Kraft<\/b><br \/>\n<\/small><\/p>\n<p style=\"background: transparent none repeat scroll 0% 50%; -moz-background-clip: initial; -moz-background-origin: initial; -moz-background-inline-policy: initial; text-align: left; font-family: Helvetica,Arial,sans-serif;\"><small><b>Hier findet der Leser detaillierte Anleitungen \u00fcber das Anlegen von<br \/>\nGem\u00fcseg\u00e4rten, mit denen man sich komplett selbstversorgen kann und von allen Lebensmittelskandalen unbetroffen bleibt. Aber auch f\u00fcr den Hobby- G\u00e4rtner finden sich n\u00fctzliche Tipps und praktische Anleitungen zu ertragversprechenden und boden- und umweltschonenden Anbau-, D\u00fcngungs- und Sch\u00e4dlingsbek\u00e4mpfungsmethoden.<\/b><br \/>\n<\/small><\/p>\n<p style=\"background: transparent none repeat scroll 0% 50%; -moz-background-clip: initial; -moz-background-origin: initial; -moz-background-inline-policy: initial; text-align: left; font-family: Helvetica,Arial,sans-serif;\"><small><span style=\"color: #008000;\"><span style=\"font-size: large;\"><small><u><b><span style=\"background: transparent none repeat scroll 0% 50%; -moz-background-clip: initial; -moz-background-origin: initial; -moz-background-inline-policy: initial;\">Inhalt:<\/span><\/b><\/u><\/small><\/span><\/span><\/small><\/p>\n<p style=\"background: transparent none repeat scroll 0% 50%; -moz-background-clip: initial; -moz-background-origin: initial; -moz-background-inline-policy: initial; text-align: left; font-family: Helvetica,Arial,sans-serif;\"><small><b><span style=\"background: transparent none repeat scroll 0% 50%; -moz-background-clip: initial; -moz-background-origin: initial; -moz-background-inline-policy: initial;\">Vorwort<\/span><\/b><\/small><\/p>\n<p style=\"background: transparent none repeat scroll 0% 50%; -moz-background-clip: initial; -moz-background-origin: initial; -moz-background-inline-policy: initial; text-align: left; font-family: Helvetica,Arial,sans-serif;\"><small><b><span style=\"background: transparent none repeat scroll 0% 50%; -moz-background-clip: initial; -moz-background-origin: initial; -moz-background-inline-policy: initial;\">Gedanken zur Selbstversorgung<\/span><\/b><\/small><\/p>\n<p style=\"background: transparent none repeat scroll 0% 50%; -moz-background-clip: initial; -moz-background-origin: initial; -moz-background-inline-policy: initial; text-align: left; font-family: Helvetica,Arial,sans-serif;\"><small><span style=\"color: #008000;\"><span style=\"font-size: large;\"><small><u><b><span style=\"background: transparent none repeat scroll 0% 50%; -moz-background-clip: initial; -moz-background-origin: initial; -moz-background-inline-policy: initial;\">Boden und Fruchtbarkeit: <\/span><\/b><\/u><\/small><\/span><\/span><u><b>* <\/b><\/u><b>Die Wahl des Gartens * Bodenbestimmung: <\/b>Bodenarten bestimmen durch Wasserglastest, Ausrolltest, Bodenanalyse * <b>Die N\u00e4hrstoffe des Bodens: <\/b>eine Einf\u00fchrung in Chemie des Bodens * <b>Fruchtbarkeit, Bakterien und Pilze, Kleintiere, Mulchen * Die Ern\u00e4hrung: <\/b>Bodenleben aktiv halten durch Fl\u00e4chenkompostierung * <b>Der Kompost: <\/b>pH- Wert, C\/N- Verh\u00e4ltnis, Temperatur, Feuchtigkeit und Sauerstoff, Erde- und Tonzugabe, Kompostmaterialien, die Kompoststatt, Bauweise des Komposthaufens, Aufbau in einem Zug, Schichtweiser Aufbau, Gemischter Aufbau, Aktivierung, Umsetzen, Humus, Fehler: Kompost zu trocken, keine Verrottung * <b>Jauche: <\/b>von Tieren, aus Brennesseln, aus Kr\u00e4utern * <b>Gr\u00fcnd\u00fcngung, Kr\u00e4uteraktivator (z.B. Baldrianbl\u00fctensaft) * Die Hecke <\/b>und ihre Funktionen<\/small><\/p>\n<p style=\"background: transparent none repeat scroll 0% 50%; -moz-background-clip: initial; -moz-background-origin: initial; -moz-background-inline-policy: initial; text-align: left; font-family: Helvetica,Arial,sans-serif;\"><small><span style=\"color: #008000;\"><span style=\"font-size: large;\"><small><u><b><span style=\"background: transparent none repeat scroll 0% 50%; -moz-background-clip: initial; -moz-background-origin: initial; -moz-background-inline-policy: initial;\">Wirtschaftsformen und Methoden: <\/span><\/b><\/u><\/small><\/span><\/span><u><b>* <\/b><\/u><b>Wirtschaftsweise: <\/b>die biologisch- dynamische Methode, die biologisch-<span style=\"text-decoration: none;\">organische<br \/>\nMethode, die Indore- Methode, Andere Methoden <\/span>* <b>Anbaumethoden: <\/b>Beetkultur, Flachkultur, H\u00fcgelkultur, Muldenkultur Die Vielfalt der Natur: Fruchtfolge, Mischkultur * <b>Aussaattage * H\u00fcgelbeet<\/b><\/small><\/p>\n<p style=\"background: transparent none repeat scroll 0% 50%; -moz-background-clip: initial; -moz-background-origin: initial; -moz-background-inline-policy: initial; text-align: left; font-family: Helvetica,Arial,sans-serif;\"><small><span style=\"color: #008000;\"><span style=\"font-size: large;\"><small><u><b>Die praktischen Arbeiten: <\/b><\/u><\/small><\/span><\/span><u><b>*<\/b><\/u><b>Werkzeuge: <\/b>Spaten, Schaufel, Grabgabel, Mistgabel, Kultivator, Sauzahn,<br \/>\nUnkrauthacke, Doppelhacke, Dreieckhacke, Krail, Rachen, Schubkarren,<br \/>\nSpritze, Kupferwerkzeug *<b>Bodenvorbereitung und Gartenplan: <\/b>Saatgut, F1- Hybriden, Saatgut beizen * <b>Die Aussaat: <\/b>Vorquellen der Samen, Reihensaat, Breitw\u00fcrfige Saat, Haufensaat * <b>Gie\u00dfen * Pflegema\u00dfnahmen: Pflanzen vorziehen<\/b>, Das Pikieren, Saatbeet, Aussaat im Haus, Fr\u00fchbeet (warm und geheizt), Verpflanzen, Folgesaaten * <b>Ernte<\/b>, Ernteverfr\u00fchung, Vor- Zwischen- und Nachfr\u00fcchte<\/small><\/p>\n<p style=\"background: transparent none repeat scroll 0% 50%; -moz-background-clip: initial; -moz-background-origin: initial; -moz-background-inline-policy: initial; text-align: left; font-family: Helvetica,Arial,sans-serif;\"><small><span style=\"color: #008000;\"><span style=\"font-size: large;\"><small><u><b>Nutzpflanzen im Garten und wie man sie anbaut, pflegt und erntet: <\/b><\/u><\/small><\/span><\/span><b>Fruchtgem\u00fcse:<\/b> Tomate, Paprika, Aubergine\/Eierfrucht, Gurken, Zucker- und Wassermelone, K\u00fcrbis, Zucchetti, Zuckermais * <b>H\u00fclsenfr\u00fcchte:<\/b> Erbse, Buschbohne, Stangenbohne, Prunk- und Feuerbohne, Puffbohne, Sojabohne, Kichererbse * <b>Kohlarten: <\/b>Kohlrabi, Kraut\/Kopfkohl, Wirsing, Blumenkohl, Broccoli, Rosenkohl, Federkohl, Chinakohl *<b>Salate und Blattgem\u00fcse: <\/b>Kopfsalat, Kochsalat, Pfl\u00fccksalat, Schnittsalat, Endivie, Zichoriensalat (Zuckerhut, Rotbl\u00e4ttriger Zichoriensalat, Chicor\u00e9e oder Treibzichorie), Feldsalat, Gartenkresse, Brunnenkresse, Kapuzinerkresse, L\u00f6wenzahn, Spinat, Neuseel\u00e4nder Spinat, Mangold, Carden, Stangesellerie, Knollenfenchel * <b>Wurzelgem\u00fcse: <\/b>Kartoffel, Karotte\/M\u00f6hre, Rote R\u00fcbe, Schwarzwurzel, Rettich, Radieschen, Sellerie, Pastinake, Kohlr\u00fcbe, Mair\u00fcbe oder Herbstr\u00fcbe, Topinambur * <b>Zwiebelgew\u00e4chse: <\/b>Zwiebel, Schalotten, Knoblauch, Lauch\/Porree * <b>Mehrj\u00e4hrige Pflanzen: <\/b>Erdbeere, Rhabarber, Spargel * <b>Gew\u00fcrz- und Heilkr\u00e4uter: <\/b>Einj\u00e4hrige Kr\u00e4uter, mehrj\u00e4hrige Kr\u00e4uter<\/small><\/p>\n<p><small><span style=\"color: #008000;\"><span style=\"font-size: large;\"><small><u><b>Krankheiten und Sch\u00e4dlinge und Gegenma\u00dfnahmen: <\/b><\/u><\/small><\/span><\/span><b>\u00dcber Sch\u00e4dlinge und Schadensursachen * Art des Befalls: <\/b>Stoffwechselst\u00f6rungen, Bakterien (Welke, Blattfall, Fruchtf\u00e4ule), Pilze (Keimlingspilze, Falscher Mehltau, Grauschimmel), echter Mehltau (Krautf\u00e4ule, Kohlhernie, Rost), Viren, Insekten (Ameisen, Blattl\u00e4use, Drahtw\u00fcrmer, Erdfl\u00f6he, Kartoffelk\u00e4fer, Kohlfliege, Kohlwei\u00dfling, Maulwurfsgrille, M\u00f6hrenfliege, Nematoden, Spinnmilben), Andere Sch\u00e4dlinge (W\u00fchlm\u00e4use, Schnecken, V\u00f6gel) * <b>Pflege und Abwehmittel: <\/b>Auszug, Jauche, Tee, Absud * <b>N\u00fctzlinge<\/b> (V\u00f6gel, Igel, Blindschleichen, Eidechsen, Kr\u00f6ten, Insekten) <b>* Unkraut<\/b>, positiv und negativ * <b>Literaturhinweise * Bezugs- Adressen <\/b>aus \u00d6sterreich, Schweiz, Deutschland<\/small><\/p>\n<p style=\"background: transparent none repeat scroll 0% 50%; -moz-background-clip: initial; -moz-background-origin: initial; -moz-background-inline-policy: initial; text-align: left; font-family: Helvetica,Arial,sans-serif;\"><small><span style=\"color: #008000;\"><b><span style=\"background: transparent none repeat scroll 0% 50%; -moz-background-clip: initial; -moz-background-origin: initial; -moz-background-inline-policy: initial;\">****************<\/span><\/b><\/span><\/small><\/p>\n<p>&nbsp;<\/p>\n","protected":false},"excerpt":{"rendered":"<p>Shankara\/Parvatee: DER GARTEN. Anstiftung zur Selbstversorgung! 224 Seiten, Taschenbuch, wundersch\u00f6n [&hellip;] &hellip; <a href=\"https:\/\/www.packpapierverlag.de\/?product=garten-fur-selbstversorger\">Weiterlesen <span class=\"meta-nav\">&rarr;<\/span><\/a><\/p>\n","protected":false},"featured_media":2400,"template":"","meta":[],"product_brand":[],"product_cat":[17,3,5],"product_tag":[],"class_list":{"0":"post-327","1":"product","2":"type-product","3":"status-publish","4":"has-post-thumbnail","6":"product_cat-land-garten-anders-leben","7":"product_cat-produkte","8":"product_cat-selbstversorgung","10":"first","11":"instock","12":"shipping-taxable","13":"purchasable","14":"product-type-simple"},"_links":{"self":[{"href":"https:\/\/www.packpapierverlag.de\/index.php?rest_route=\/wp\/v2\/product\/327","targetHints":{"allow":["GET"]}}],"collection":[{"href":"https:\/\/www.packpapierverlag.de\/index.php?rest_route=\/wp\/v2\/product"}],"about":[{"href":"https:\/\/www.packpapierverlag.de\/index.php?rest_route=\/wp\/v2\/types\/product"}],"wp:featuredmedia":[{"embeddable":true,"href":"https:\/\/www.packpapierverlag.de\/index.php?rest_route=\/wp\/v2\/media\/2400"}],"wp:attachment":[{"href":"https:\/\/www.packpapierverlag.de\/index.php?rest_route=%2Fwp%2Fv2%2Fmedia&parent=327"}],"wp:term":[{"taxonomy":"product_brand","embeddable":true,"href":"https:\/\/www.packpapierverlag.de\/index.php?rest_route=%2Fwp%2Fv2%2Fproduct_brand&post=327"},{"taxonomy":"product_cat","embeddable":true,"href":"https:\/\/www.packpapierverlag.de\/index.php?rest_route=%2Fwp%2Fv2%2Fproduct_cat&post=327"},{"taxonomy":"product_tag","embeddable":true,"href":"https:\/\/www.packpapierverlag.de\/index.php?rest_route=%2Fwp%2Fv2%2Fproduct_tag&post=327"}],"curies":[{"name":"wp","href":"https:\/\/api.w.org\/{rel}","templated":true}]}}