{"id":3270,"date":"2012-01-04T20:24:38","date_gmt":"2012-01-04T19:24:38","guid":{"rendered":"http:\/\/www.packpapierverlag.de\/?p=3270"},"modified":"2022-03-28T12:41:02","modified_gmt":"2022-03-28T10:41:02","slug":"wir-informieren-uns-gentechnologie-kremer","status":"publish","type":"product","link":"https:\/\/www.packpapierverlag.de\/?product=wir-informieren-uns-gentechnologie-kremer","title":{"rendered":"Wir informieren uns &#8211; Gentechnologie? (Kremer) (i54)"},"content":{"rendered":"<p><small><span style=\"color: #003900; font-family: Helvetica,Arial,sans-serif;\"><a href=\"https:\/\/www.packpapierverlag.de\/wp-content\/uploads\/2017\/04\/wir-informieren-uns-...-Gentechnik.jpg\" rel=\"attachment wp-att-7253\"><img loading=\"lazy\" decoding=\"async\" class=\"size-medium wp-image-7253 alignleft\" src=\"https:\/\/www.packpapierverlag.de\/wp-content\/uploads\/2017\/04\/wir-informieren-uns-...-Gentechnik-199x300.jpg\" alt=\"wir informieren uns ... Gentechnik\" width=\"199\" height=\"300\" srcset=\"https:\/\/www.packpapierverlag.de\/wp-content\/uploads\/2017\/04\/wir-informieren-uns-...-Gentechnik-199x300.jpg 199w, https:\/\/www.packpapierverlag.de\/wp-content\/uploads\/2017\/04\/wir-informieren-uns-...-Gentechnik-300x451.jpg 300w, https:\/\/www.packpapierverlag.de\/wp-content\/uploads\/2017\/04\/wir-informieren-uns-...-Gentechnik-768x1156.jpg 768w, https:\/\/www.packpapierverlag.de\/wp-content\/uploads\/2017\/04\/wir-informieren-uns-...-Gentechnik-680x1024.jpg 680w, https:\/\/www.packpapierverlag.de\/wp-content\/uploads\/2017\/04\/wir-informieren-uns-...-Gentechnik.jpg 1024w\" sizes=\"auto, (max-width: 199px) 100vw, 199px\" \/><\/a>Dr. Bruno P. Kremer<\/span><br style=\"font-family: Helvetica,Arial,sans-serif;\" \/><span style=\"font-weight: bold; color: #351135; font-family: Helvetica,Arial,sans-serif;\">Wir informieren uns: Gentechnologie?<\/span><br style=\"font-family: Helvetica,Arial,sans-serif;\" \/><span style=\"color: #003900; font-family: Helvetica,Arial,sans-serif;\">Ein Buch aus der Reihe Aktion Ameise. M\u00fcnchen: Schneider 1988 ISBN 3 505 09873 \u20136<\/span><br style=\"color: #003900; font-family: Helvetica,Arial,sans-serif;\" \/><span style=\"color: #003900; font-family: Helvetica,Arial,sans-serif;\">Gebundenes Buch, Hardcover. 71 Seiten mit mehreren Farb- und Schwarz-Wei\u00df-Abbildungen, Schautafeln, Photos.<\/span><br style=\"color: #003900; font-family: Helvetica,Arial,sans-serif;\" \/><span style=\"color: #003900; font-family: Helvetica,Arial,sans-serif;\">Die Reihe der Aktion Ameise richtet sich an junge Leser, die sich f\u00fcr \u00d6kologie und Naturschutz interessieren.<\/span><br style=\"color: #003900; font-family: Helvetica,Arial,sans-serif;\" \/><span style=\"color: #003900; font-family: Helvetica,Arial,sans-serif;\">Die Gentechnologie hat sich seit Erscheinen des Buches erschreckend weiterentwickelt, aber die angesprochenen Gefahren sind die gleichen geblieben. Als Einf\u00fchrung in die Zellbiologie und die<br \/>\nverschiedenen Methoden ihrer genetischen Manipulation ist das Buch noch immer empfehlens- und lesenswert.<\/span><br style=\"color: #003900; font-family: Helvetica,Arial,sans-serif;\" \/><span style=\"color: #003900; font-family: Helvetica,Arial,sans-serif;\">Klappentext: Das j\u00fcngste Kind aus der Ehe von Naturwissenschaft und Technik macht be\u00e4ngstigende Fortschrotte. Die ersten nicht nat\u00fcrlichen Organismen, von Molekularbiologen im Labor komponiert, wurden freigesetzt. Heute sind es Bakterien, morgen k\u00f6nnen es mehrzellige Lebewesen sein.<\/span><br style=\"color: #003900; font-family: Helvetica,Arial,sans-serif;\" \/><span style=\"color: #003900; font-family: Helvetica,Arial,sans-serif;\">Wohin f\u00fchre die Spiele mit dem Werkzeug der Sch\u00f6pfungsgeschichte? Der Autor informiert uns \u00fcber Grundlagen, M\u00f6glichkeiten und Gefahren, die sich mit Gentechnologie verbinden.<\/span><br style=\"color: #003900; font-family: Helvetica,Arial,sans-serif;\" \/><span style=\"font-weight: bold; color: #003900; font-family: Helvetica,Arial,sans-serif;\">INHALT:<br \/>\n<\/span><span style=\"color: #003900; font-family: Helvetica,Arial,sans-serif;\">* Zum Buch * Gentechnologie &#8211; eine neue Bedrohung? * Der Stoff, aus dem die Gene sind * Der Griff nach den Genen * Wie am Schn\u00fcrchen * Blinde Passagiere * Ist die Ver\u00e4nderung des Erbguts grundlegend neu? * Manipuliert auch die Natur Gene? * Mikroben als Zell-Ingenieure * Ein Wunschziel der Pflanzenz\u00fcchtung * Gene nehmen &#8211; Leben retten? * Der n\u00e4chste Schritt: Gentherapie?* Der Krieg der Gene * Ver\u00e4nderte Gene &#8211; Gefahr f\u00fcr das Leben? * Der Sch\u00f6pfung ins Handwerk pfuschen? * Genetik und Gen-Ethik * Wo die Grenzen liegen * B\u00fccher und Schriften zum Thema * Adressen * Die Aktion Ameise * Lieber Leser, lieber Freund!<\/span><\/small><\/p>\n","protected":false},"excerpt":{"rendered":"<p>Dr. Bruno P. KremerWir informieren uns: Gentechnologie?Ein Buch aus der [&hellip;] &hellip; <a href=\"https:\/\/www.packpapierverlag.de\/?product=wir-informieren-uns-gentechnologie-kremer\">Weiterlesen <span class=\"meta-nav\">&rarr;<\/span><\/a><\/p>\n","protected":false},"featured_media":7253,"template":"","meta":[],"product_brand":[],"product_cat":[41],"product_tag":[],"class_list":{"0":"post-3270","1":"product","2":"type-product","3":"status-publish","4":"has-post-thumbnail","6":"product_cat-antiquariat","8":"first","9":"instock","10":"shipping-taxable","11":"purchasable","12":"product-type-simple"},"_links":{"self":[{"href":"https:\/\/www.packpapierverlag.de\/index.php?rest_route=\/wp\/v2\/product\/3270","targetHints":{"allow":["GET"]}}],"collection":[{"href":"https:\/\/www.packpapierverlag.de\/index.php?rest_route=\/wp\/v2\/product"}],"about":[{"href":"https:\/\/www.packpapierverlag.de\/index.php?rest_route=\/wp\/v2\/types\/product"}],"wp:featuredmedia":[{"embeddable":true,"href":"https:\/\/www.packpapierverlag.de\/index.php?rest_route=\/wp\/v2\/media\/7253"}],"wp:attachment":[{"href":"https:\/\/www.packpapierverlag.de\/index.php?rest_route=%2Fwp%2Fv2%2Fmedia&parent=3270"}],"wp:term":[{"taxonomy":"product_brand","embeddable":true,"href":"https:\/\/www.packpapierverlag.de\/index.php?rest_route=%2Fwp%2Fv2%2Fproduct_brand&post=3270"},{"taxonomy":"product_cat","embeddable":true,"href":"https:\/\/www.packpapierverlag.de\/index.php?rest_route=%2Fwp%2Fv2%2Fproduct_cat&post=3270"},{"taxonomy":"product_tag","embeddable":true,"href":"https:\/\/www.packpapierverlag.de\/index.php?rest_route=%2Fwp%2Fv2%2Fproduct_tag&post=3270"}],"curies":[{"name":"wp","href":"https:\/\/api.w.org\/{rel}","templated":true}]}}