{"id":3273,"date":"2012-01-04T20:29:23","date_gmt":"2012-01-04T19:29:23","guid":{"rendered":"http:\/\/www.packpapierverlag.de\/?p=3273"},"modified":"2022-03-28T12:41:17","modified_gmt":"2022-03-28T10:41:17","slug":"wir-informieren-uns-alternative-energien-beisel","status":"publish","type":"product","link":"https:\/\/www.packpapierverlag.de\/?product=wir-informieren-uns-alternative-energien-beisel","title":{"rendered":"Wir informieren uns &#8211; Alternative Energien (Beisel) (i53)"},"content":{"rendered":"<p><small style=\"color: #003900;\"><span style=\"font-family: Helvetica,Arial,sans-serif;\"><a href=\"https:\/\/www.packpapierverlag.de\/wp-content\/uploads\/2017\/04\/wir-informieren-uns-...-Alternative-Energie.jpg\" rel=\"attachment wp-att-7251\"><img loading=\"lazy\" decoding=\"async\" class=\"size-medium wp-image-7251 alignleft\" src=\"https:\/\/www.packpapierverlag.de\/wp-content\/uploads\/2017\/04\/wir-informieren-uns-...-Alternative-Energie-197x300.jpg\" alt=\"wir informieren uns ... Alternative Energie\" width=\"197\" height=\"300\" srcset=\"https:\/\/www.packpapierverlag.de\/wp-content\/uploads\/2017\/04\/wir-informieren-uns-...-Alternative-Energie-197x300.jpg 197w, https:\/\/www.packpapierverlag.de\/wp-content\/uploads\/2017\/04\/wir-informieren-uns-...-Alternative-Energie-300x457.jpg 300w, https:\/\/www.packpapierverlag.de\/wp-content\/uploads\/2017\/04\/wir-informieren-uns-...-Alternative-Energie-768x1171.jpg 768w, https:\/\/www.packpapierverlag.de\/wp-content\/uploads\/2017\/04\/wir-informieren-uns-...-Alternative-Energie-672x1024.jpg 672w, https:\/\/www.packpapierverlag.de\/wp-content\/uploads\/2017\/04\/wir-informieren-uns-...-Alternative-Energie.jpg 1024w\" sizes=\"auto, (max-width: 197px) 100vw, 197px\" \/><\/a>Dieter Beisel<\/span><br style=\"font-family: Helvetica,Arial,sans-serif;\" \/><span style=\"font-weight: bold; font-family: Helvetica,Arial,sans-serif; color: #632163;\">Wir informieren uns : Alternative Energien<\/span><br style=\"font-family: Helvetica,Arial,sans-serif;\" \/><span style=\"font-family: Helvetica,Arial,sans-serif;\">Aus der Reihe Aktion Ameise<\/span><br style=\"font-family: Helvetica,Arial,sans-serif;\" \/><span style=\"font-family: Helvetica,Arial,sans-serif;\">M\u00fcnchen: Schneider 1988 ISBN 3 505 09581 \u20138 Gebundenes Buch, Hardcover<\/span><br style=\"font-family: Helvetica,Arial,sans-serif;\" \/><span style=\"font-family: Helvetica,Arial,sans-serif;\">71 Seiten mit mehreren Farb- und Schwarz-Wei\u00df-Abbildungen und Photos<\/span><br style=\"font-family: Helvetica,Arial,sans-serif;\" \/><span style=\"font-family: Helvetica,Arial,sans-serif;\">Die Reihe der Aktion Ameise richtet sich an junge Leser, die sich f\u00fcr \u00d6kologie und Naturschutz interessieren.<\/span><br style=\"font-family: Helvetica,Arial,sans-serif;\" \/><span style=\"font-family: Helvetica,Arial,sans-serif;\">Die alternativen Technologien haben sich zwar seit Erscheinen des Buches weiterentwickelt, aber die zugrundeliegenden Prinzipien sind die gleichen geblieben &#8211; und einiges steckt weiterhin in den Kinderschuhen. Das Buch ist somit noch immer als erste Einf\u00fchrung in das Thema Alternative Energien empfehlens- und lesenswert.<\/span><br style=\"font-family: Helvetica,Arial,sans-serif;\" \/><span style=\"font-weight: bold; font-family: Helvetica,Arial,sans-serif;\">Klappentext:<\/span><span style=\"font-family: Helvetica,Arial,sans-serif;\"> Ohne Atomstrom gehen die Lichter aus- behaupten viele \u201eRealpolitiker\u201c. Aber vermutlich noch mehr Mitmenschen f\u00fcrchten die strahlende Zukunft, wie sie uns die Technokraten von Industrie und Veraltung heute einrichten. Das F\u00fcr und Wider der Kernkraft und \u201ealternativen\u201c Energien wird auf vielen Ebenen energisch er\u00f6rtert. <\/span><span style=\"font-family: Helvetica,Arial,sans-serif;\">Dieter Beisel beleuchtet die physikalischen und \u00f6kologischen Hintergr\u00fcnde jeder Energiegewinnung. Er macht deutlich, da\u00df die Energiefrage k\u00fcnftig nicht nur technisch machbare, sondern vor allem \u00f6kologisch vertretbare Antworten erfordert. Er informiert an konkreten Beispielen \u00fcber die M\u00f6glichkeiten umweltvertr\u00e4glicher Energiegewinnung von morgen am Stand der Technik von heute. <\/span><span style=\"font-weight: bold; font-family: Helvetica,Arial,sans-serif;\">INHALT:<\/span><span style=\"font-family: Helvetica,Arial,sans-serif;\"> * Zum Buch * Wozu wir Energien brauchen * Welche Energien wir nutzen * Warum unser Energieverbrauch der Umwelt schadet * Die Kraft des Wassers * Vom Wind getrieben * Wenn uns die Sonne w\u00e4rmt * W\u00e4rme in Luft, Wasser und Boden * Energien von Pflanzen und Tieren * Strom aus Sonnenlicht * Hoffnung Wasserstoff * Welche Zukunftsenergien im Gespr\u00e4ch sind * Wie wir Energie sparen k\u00f6nnen * Umweltbewu\u00dfter Gebrauch von Energie * B\u00fccher zum Thema * B\u00fccher der Aktion Ameise * Adressen * Aktion Ameise * Lieber Leser, lieber Freund!<\/span><\/small><\/p>\n","protected":false},"excerpt":{"rendered":"<p>Dieter BeiselWir informieren uns : Alternative EnergienAus der Reihe Aktion [&hellip;] &hellip; <a href=\"https:\/\/www.packpapierverlag.de\/?product=wir-informieren-uns-alternative-energien-beisel\">Weiterlesen <span class=\"meta-nav\">&rarr;<\/span><\/a><\/p>\n","protected":false},"featured_media":7251,"template":"","meta":[],"product_brand":[],"product_cat":[41],"product_tag":[],"class_list":{"0":"post-3273","1":"product","2":"type-product","3":"status-publish","4":"has-post-thumbnail","6":"product_cat-antiquariat","8":"first","9":"instock","10":"shipping-taxable","11":"purchasable","12":"product-type-simple"},"_links":{"self":[{"href":"https:\/\/www.packpapierverlag.de\/index.php?rest_route=\/wp\/v2\/product\/3273","targetHints":{"allow":["GET"]}}],"collection":[{"href":"https:\/\/www.packpapierverlag.de\/index.php?rest_route=\/wp\/v2\/product"}],"about":[{"href":"https:\/\/www.packpapierverlag.de\/index.php?rest_route=\/wp\/v2\/types\/product"}],"wp:featuredmedia":[{"embeddable":true,"href":"https:\/\/www.packpapierverlag.de\/index.php?rest_route=\/wp\/v2\/media\/7251"}],"wp:attachment":[{"href":"https:\/\/www.packpapierverlag.de\/index.php?rest_route=%2Fwp%2Fv2%2Fmedia&parent=3273"}],"wp:term":[{"taxonomy":"product_brand","embeddable":true,"href":"https:\/\/www.packpapierverlag.de\/index.php?rest_route=%2Fwp%2Fv2%2Fproduct_brand&post=3273"},{"taxonomy":"product_cat","embeddable":true,"href":"https:\/\/www.packpapierverlag.de\/index.php?rest_route=%2Fwp%2Fv2%2Fproduct_cat&post=3273"},{"taxonomy":"product_tag","embeddable":true,"href":"https:\/\/www.packpapierverlag.de\/index.php?rest_route=%2Fwp%2Fv2%2Fproduct_tag&post=3273"}],"curies":[{"name":"wp","href":"https:\/\/api.w.org\/{rel}","templated":true}]}}