{"id":3283,"date":"2012-01-04T20:48:07","date_gmt":"2012-01-04T19:48:07","guid":{"rendered":"http:\/\/www.packpapierverlag.de\/?p=3283"},"modified":"2020-12-04T12:45:59","modified_gmt":"2020-12-04T11:45:59","slug":"wir-tun-was-fur-hecken-und-feldgeholze-lohmann","status":"publish","type":"product","link":"https:\/\/www.packpapierverlag.de\/?product=wir-tun-was-fur-hecken-und-feldgeholze-lohmann","title":{"rendered":"Wir tun was &#8230; F\u00fcr Hecken und Feldgeh\u00f6lze (Lohmann) (i51)"},"content":{"rendered":"<p><small><span style=\"font-family: Helvetica,Arial,sans-serif; color: #003600;\"><a href=\"https:\/\/www.packpapierverlag.de\/wp-content\/uploads\/2017\/04\/wir-tun-was-..-hecken.jpg\" rel=\"attachment wp-att-7250\"><img loading=\"lazy\" decoding=\"async\" class=\"size-medium wp-image-7250 alignleft\" src=\"https:\/\/www.packpapierverlag.de\/wp-content\/uploads\/2017\/04\/wir-tun-was-..-hecken-203x300.jpg\" alt=\"wir tun was .. hecken\" width=\"203\" height=\"300\" srcset=\"https:\/\/www.packpapierverlag.de\/wp-content\/uploads\/2017\/04\/wir-tun-was-..-hecken-203x300.jpg 203w, https:\/\/www.packpapierverlag.de\/wp-content\/uploads\/2017\/04\/wir-tun-was-..-hecken-300x444.jpg 300w, https:\/\/www.packpapierverlag.de\/wp-content\/uploads\/2017\/04\/wir-tun-was-..-hecken-768x1136.jpg 768w, https:\/\/www.packpapierverlag.de\/wp-content\/uploads\/2017\/04\/wir-tun-was-..-hecken-693x1024.jpg 693w, https:\/\/www.packpapierverlag.de\/wp-content\/uploads\/2017\/04\/wir-tun-was-..-hecken.jpg 1024w\" sizes=\"auto, (max-width: 203px) 100vw, 203px\" \/><\/a>Dr.Michael Lohmann<\/span><br style=\"font-family: Helvetica,Arial,sans-serif;\" \/><span style=\"font-weight: bold; color: #632163; font-family: Helvetica,Arial,sans-serif;\">Wir tun was f\u00fcr Hecken und Feldgeh\u00f6lze<\/span><br style=\"font-family: Helvetica,Arial,sans-serif;\" \/><span style=\"font-family: Helvetica,Arial,sans-serif; color: #003600;\">Ein Buch der Aktion Ameise <\/span><span style=\"font-family: Helvetica,Arial,sans-serif; color: #003600;\">Serie Natur aus dem Verlag F. Schneider, M\u00fcnchen 1986. ISBN 3-505-09343-2 gebunden ISBN 3-505-09247-9 brosch\u00fcrt.<\/span><br style=\"font-family: Helvetica,Arial,sans-serif; color: #003600;\" \/><span style=\"font-family: Helvetica,Arial,sans-serif; color: #003600;\">63 Seiten. Mit vielen Farb- und Schwarz-Wei\u00df-Abbildungen und Photos.<\/span><br style=\"font-family: Helvetica,Arial,sans-serif; color: #003600;\" \/><span style=\"font-family: Helvetica,Arial,sans-serif; color: #003600;\">Die Reihe \u201eAktion Ameise\u201c richtet sich in erster Linie an Kinder und Jugendliche, aber auch der interessierte Erwachsene findet in den B\u00fcchern hilfreiche Anregungen zum praktischen Naturschutz oder f\u00fcr den Garten.<\/span><span style=\"font-weight: bold; font-family: Helvetica,Arial,sans-serif; color: #003600;\"><br \/>\nKlappentext:<\/span><span style=\"font-family: Helvetica,Arial,sans-serif; color: #003600;\"><br \/>\nHecken und Feldgeh\u00f6lze pr\u00e4gten die Kulturlandschaft unserer Vorfahren so selbstverst\u00e4ndlich, da\u00df sie auf kaum einer bildlichen Darstellung von Land und \u00c4ckern fehlten. Heute breiten sich gro\u00dffl\u00e4chig ausger\u00e4umte Produktionslandschaften aus. Doch setzt ein allgemeines Umdenken ein, denn Hecken und Feldgeh\u00f6lzen kommt ein hoher \u00f6kologischer Stellenwert zu. Wo der Wald stirbt, werden sie n\u00f6tiger gebraucht denn je. <\/span><span style=\"font-family: Helvetica,Arial,sans-serif; color: #003600;\">Der Biologe Michael Lohmann nennt die Tatsachen, die Hecken unverzichtbar machen- nicht nur f\u00fcr eine artenreiche Lebensgemeinschaft der freien Natur, sondern auch im Interesse des wirtschaftenden Menschen. Viele Jugendliche beteiligen sich (&#8230;) an Pflanz- und Pflegema\u00dfnahmen f\u00fcr Hecken und Feldgeh\u00f6lze. Der Autor sagt, wo und wie praktische Arbeit geleistet werden kann.<\/span><span style=\"font-weight: bold; font-family: Helvetica,Arial,sans-serif; color: #003600;\"><br \/>\nINHALT:<\/span><span style=\"font-family: Helvetica,Arial,sans-serif; color: #003600;\"><br \/>\n* Zum Buch * Hecken bilden Lebensr\u00e4ume * Die Geh\u00f6lze der Hecke * Tabelle der Heckengeh\u00f6lze * Die Kr\u00e4uter der Hecke * Die Tiere der Hecke * Tierarten der Hecke * Brutv\u00f6gel der Hecke* Flurb\u00e4ume und Feldgeh\u00f6lze * Laubb\u00e4ume im \u00dcberblick * Hecken pflanzen &#8211; wo und wie? * An die Arbeit! * Pflege und Schutz von Hecken * Noch zwei Hinweise * B\u00fccher und Schriften, die euch weiterhelfen * Die Aktion Ameise und ihre Grunds\u00e4tze * Adressen * Lieber Leser, lieber Freund!<\/span><\/small><\/p>\n","protected":false},"excerpt":{"rendered":"<p>Dr.Michael LohmannWir tun was f\u00fcr Hecken und Feldgeh\u00f6lzeEin Buch der [&hellip;] &hellip; <a href=\"https:\/\/www.packpapierverlag.de\/?product=wir-tun-was-fur-hecken-und-feldgeholze-lohmann\">Weiterlesen <span class=\"meta-nav\">&rarr;<\/span><\/a><\/p>\n","protected":false},"featured_media":7250,"template":"","meta":[],"product_brand":[],"product_cat":[41],"product_tag":[],"class_list":{"0":"post-3283","1":"product","2":"type-product","3":"status-publish","4":"has-post-thumbnail","6":"product_cat-antiquariat","8":"first","9":"instock","10":"shipping-taxable","11":"purchasable","12":"product-type-simple"},"_links":{"self":[{"href":"https:\/\/www.packpapierverlag.de\/index.php?rest_route=\/wp\/v2\/product\/3283","targetHints":{"allow":["GET"]}}],"collection":[{"href":"https:\/\/www.packpapierverlag.de\/index.php?rest_route=\/wp\/v2\/product"}],"about":[{"href":"https:\/\/www.packpapierverlag.de\/index.php?rest_route=\/wp\/v2\/types\/product"}],"wp:featuredmedia":[{"embeddable":true,"href":"https:\/\/www.packpapierverlag.de\/index.php?rest_route=\/wp\/v2\/media\/7250"}],"wp:attachment":[{"href":"https:\/\/www.packpapierverlag.de\/index.php?rest_route=%2Fwp%2Fv2%2Fmedia&parent=3283"}],"wp:term":[{"taxonomy":"product_brand","embeddable":true,"href":"https:\/\/www.packpapierverlag.de\/index.php?rest_route=%2Fwp%2Fv2%2Fproduct_brand&post=3283"},{"taxonomy":"product_cat","embeddable":true,"href":"https:\/\/www.packpapierverlag.de\/index.php?rest_route=%2Fwp%2Fv2%2Fproduct_cat&post=3283"},{"taxonomy":"product_tag","embeddable":true,"href":"https:\/\/www.packpapierverlag.de\/index.php?rest_route=%2Fwp%2Fv2%2Fproduct_tag&post=3283"}],"curies":[{"name":"wp","href":"https:\/\/api.w.org\/{rel}","templated":true}]}}