{"id":336,"date":"2010-12-12T15:20:08","date_gmt":"2010-12-12T14:20:08","guid":{"rendered":"http:\/\/www.packpapierverlag.de\/neu\/?p=336"},"modified":"2017-05-08T12:49:50","modified_gmt":"2017-05-08T10:49:50","slug":"kastanienhof-betriebsplan","status":"publish","type":"product","link":"https:\/\/www.packpapierverlag.de\/?product=kastanienhof-betriebsplan","title":{"rendered":"Alternativer Betriebsplan Kastanienhof (p111)"},"content":{"rendered":"<p><a href=\"https:\/\/www.packpapierverlag.de\/wp-content\/uploads\/2010\/12\/Kastanienhof.jpg\"><img loading=\"lazy\" decoding=\"async\" class=\"alignleft size-medium wp-image-5936\" title=\"Kastanienhof\" src=\"https:\/\/www.packpapierverlag.de\/wp-content\/uploads\/2010\/12\/Kastanienhof-211x300.jpg\" alt=\"\" width=\"211\" height=\"300\" srcset=\"https:\/\/www.packpapierverlag.de\/wp-content\/uploads\/2010\/12\/Kastanienhof-211x300.jpg 211w, https:\/\/www.packpapierverlag.de\/wp-content\/uploads\/2010\/12\/Kastanienhof-300x426.jpg 300w, https:\/\/www.packpapierverlag.de\/wp-content\/uploads\/2010\/12\/Kastanienhof-721x1024.jpg 721w, https:\/\/www.packpapierverlag.de\/wp-content\/uploads\/2010\/12\/Kastanienhof.jpg 1024w\" sizes=\"auto, (max-width: 211px) 100vw, 211px\" \/><\/a><small style=\"color: #214d07;\"><big><span style=\"font-family: Helvetica,Arial,sans-serif; font-weight: bold;\">Kastanienhofgemeinschaft: Alternativer Betriebsplan KASTANIENHOF<\/span><\/big><br style=\"font-family: Helvetica,Arial,sans-serif;\" \/><span style=\"font-family: Helvetica,Arial,sans-serif; color: #193a05;\">148 Seiten, DIN A5, illustriert, Handwerkerklebebindung. Packpapier Verlag Osnabr\u00fcck<\/span><br style=\"font-family: Helvetica,Arial,sans-serif; color: #193a05;\" \/><span style=\"font-family: Helvetica,Arial,sans-serif; font-weight: bold; font-style: italic; color: #193a05;\">\u201eEs geht nicht darum, endlich Gewinne einzufahren, sondern das Getr\u00e4umte auf eine sachliche Grundlage zu stellen. Dazu werden eine Reihe von Idealen und Tr\u00e4umereien einer wissenschaftlichen und betriebswirtschaftlichen Planung unterzogen.\u201c<\/span><br style=\"font-family: Helvetica,Arial,sans-serif; color: #193a05;\" \/><span style=\"font-family: Helvetica,Arial,sans-serif; color: #193a05;\">Im westth\u00fcringischen Eichsfeld, 20km von G\u00f6ttingen, liegt der Kastanienhof, zu dem 7 ha Land geh\u00f6ren. Der Hof hat sein Gesicht in den letzten Jahren immer wieder ver\u00e4ndert- da nicht nur die jeweiligen Bewohner, sondern auch Lehrlinge, Praktikanten und Seminarteilnehmer neue Ideen einbringen. Ziel des Hofes ist die Gestaltung und Verbreitung \u00f6kologisch-solidarischer Land- und Gartenkulturen, es bestehen Vernetzungen mit anderen Lebens- und Betriebsgemeinschaften. Auf dem Kastanienhof wird biologisch-dynamisch und nach permakulturellen Ans\u00e4tzen gearbeitet, es gibt Streuobstwiesen, Spezialgetreidesorten, Gem\u00fcseg\u00e4rten inkl. Saatgutgewinnung, Nutztiere, einen Handwerkerhof (Lehm, Holz, Metall), eine Pflanzenkl\u00e4ranlage und Seminarr\u00e4ume. <\/span><br style=\"font-family: Helvetica,Arial,sans-serif; color: #193a05;\" \/><span style=\"font-family: Helvetica,Arial,sans-serif; font-weight: bold; color: #193a05;\">INHALT:<\/span><br style=\"font-family: Helvetica,Arial,sans-serif; color: #193a05;\" \/><span style=\"font-family: Helvetica,Arial,sans-serif; color: #193a05;\"><span style=\"font-weight: bold;\">1. EINLEITUNG <\/span>* <span style=\"font-weight: bold;\">2. INNERE BEWEGGR\u00dcNDE <\/span>* <span style=\"font-weight: bold;\">3. DER HOF UND SEINE UMGEBUNG<\/span> * <span style=\"font-weight: bold;\">4. NAT\u00dcRLICHE VORAUSSETZUNGEN:<\/span> Geologie * Klima * Boden <span style=\"font-weight: bold;\">5. ANTROPOGENE VORAUSSETZUNGEN<\/span>: Landschaftsbild * \u00c4u\u00dfere Verkehrslage * Marth und sein Umfeld * Im Dorf* Betriebe und Einrichtungen im Dorf * Wichtige Betriebe und Einrichtungen im regionalen Umfeld * Die Hofanlage * Geschichte * Geschichte von Marth * Geschichte der Landwirtschaft in Marth * Geschichte des Hofes * Soziale Beziehungen zu den Nachbarn * <span style=\"font-weight: bold;\">6. PROJEKTINTERNE SITUATION:<\/span>\u00a0 Beschreibung der Personen und Wohnsituation* Rechtsstruktur * Finanzlage * <span style=\"font-weight: bold;\">7. GEB\u00c4UDE<\/span> * <span style=\"font-weight: bold;\">8. TECHNISCE AUSR\u00dcSTUNG <\/span>*<span style=\"font-weight: bold;\"> 9. AKTUELLER LANDBAU des Kastanienhofs<\/span> * Tierhaltung * Pflanzenbau * Verarbeitung * <span style=\"font-weight: bold;\">10. AKTUELLER LANDBAU der Agrargenossenschaft Arenshausen e.G. und der Milchviehanlage Marth GmbH <\/span>* <span style=\"font-weight: bold;\">11. PLAN-BETRIEBE <\/span>* <span style=\"font-weight: bold;\">12. LANDWIRTSCHAFT: <\/span>Grunds\u00e4tzliches zur Landwirtschaft * <span style=\"font-weight: bold;\">13. PFLANZENBAU:<\/span> Grunds\u00e4tzliches zum Pflanzenbau \u2013 Saatgutpflege * Ackerbau * <span style=\"font-weight: bold;\">\u00dcbersicht der Fruchtfolge 1<\/span>: S\u00fc\u00dflupine &#8212; Kartoffel\/Hackfrucht \u2013 Futterr\u00fcbe \u2013 Emmer \u2013 Ackerbohne &#8212; Nackthafer\/Hafer * Arbeitszeitbetrachtung Fruchtfolge 1: Humusbilanz &#8212; N-Bilanz &#8212; Investitionen im Ackerbau * <span style=\"font-weight: bold;\">\u00dcbersicht der Fruchtfolge 2<\/span>: Topinambur und Schweine \u2013 Hanf &#8212; Dauerroggen\/Waldstaude \u2013 Gr\u00fcnland \u2013 Nutzungssystem \u2013 Arbeitszeitbedarf &#8212; Ertr\u00e4ge und Futterbilanz \u2013 Investitionen * Obst: Obsternte und Obstverarbeitung &#8212; Deckungsbeitrag Apfelsaft &#8212; Deckungsbeitrag Zwetschgenmus &#8212; Deckungsbeitrag Sauerkirschaufstrich &#8212; Deckungsbeitrag S\u00fc\u00dfkirschen &#8212; Investitionen Obstverarbeitung<\/span><span style=\"font-family: Helvetica,Arial,sans-serif; color: #193a05;\">*<br \/>\n<span style=\"font-weight: bold;\">14. HOFPLANUNG AUS PERMAKULTURELLER SICHT<\/span>: Landschaftsgestaltungsplan der Hofumgebung * Essbare Landschaft * Zonierung der Hoffl\u00e4chen <span style=\"font-weight: bold;\">15. TIERHALTUNG auf dem Kastanienhof:<\/span> <span style=\"font-weight: bold;\">PFERDEHALTUNG <\/span>&#8212; Heu-, Stroh und Haferbedarf &#8212; Auflistung der Fixkosten f\u00fcr die Pferdehaltung \u2013 Arbeitszeitbedarf &#8212; Arbeit mit Pferden \u2013 Pferdeger\u00e4teinvestitionen * <span style=\"font-weight: bold;\">ZIEGEN<\/span> &#8212; Idee der<br \/>\nZiegenhaltung &#8212; Die Th\u00fcringerwaldziege &#8212; Die Herde-Gr\u00f6\u00dfe, Registrierung, Herdbuchzucht &#8212; Die Haltung &#8212; Die F\u00fctterung der Ziegen \u2013 Sommerf\u00fctterung \u2013 Winterf\u00fctterung \u2013 L\u00e4mmerf\u00fctterung &#8212; Der j\u00e4hrliche Futterbedarf &#8212; Milchleitung und \u2013gewinnung &#8212; Der Dungbeitrag &#8212; Die Verarbeitung und Vermarktung der Ziegenprodukte \u2013 Arbeitszeitbedarf &#8212; Investitionen Ziegen \u2013Stallumbau \u2013 Weidehaltung &#8212; Milchgewinnung und Verarbeitung<br \/>\n* <span style=\"font-weight: bold;\">DER ESEL <\/span>* <span style=\"font-weight: bold;\">RINDER<\/span>: Grunds\u00e4tzliches zur Rinderhaltung &#8212; Das Rote H\u00f6henvieh &#8212; Der Rinder- und Pferdestall \u2013 Einstreu \u2013 Mistanfall \u2013 Jaucheanfall &#8212; F\u00fctterung der Rinder &#8212; F\u00fctterung der Nachzucht &#8212; Gesamtbedarf an Futtermitteln &#8212; Der Auslauf \u2013 Arbeitszeitbilanz &#8212; Deckungsbeitr\u00e4ge Rinderhaltung * MILCHKUH: Ammenkuh \u2013 Investitionen Rinderhaltung\u00a0 &#8212; Investitionen Stallumbau &#8212; Investitionen Auslauf &#8212; Gesamtinvestitionen Rinderhaltung * <span style=\"font-weight: bold;\">SCHWEINE<\/span>: Das Deutsche Sattelschwein und Grunds\u00e4tzliches zur Schweinehaltung &#8212; Die Nachzucht &#8212; Die Haltung &#8212; Die H\u00fcttenkonstruktion &#8212; Der Dunganfall &#8212; Die F\u00fctterung &#8212; F\u00fctterung der Sau &#8212; F\u00fctterung der Mastschweine &#8212; Die praktische F\u00fctterung &#8212; Der Futtermittelbedarf &#8212; Der Vermarktung &#8212; Der Arbeitszeitbedarf &#8212; Deckungsbeitr\u00e4ge Schweinehaltung \u2013 Zuchtschwein \u2013 Mastschwein &#8212; Investitionen Schweine * <span style=\"font-weight: bold;\">16. WIRTSCHAFTLICHE GESAMTBETRACHTUNG<\/span> der Landwirtschaft * Vermarktung * F\u00f6rderungen, Beihilfen * Gesamtarbeitszeit * Gesamtfestkosten * Gesamtlohnaufwand * Deckungsbeitr\u00e4ge und Erfolgsgr\u00f6\u00dfen * Gesamt\u00fcbersicht der Investitionen * <span style=\"font-weight: bold;\">17. HANDWERK <\/span>* 18. <span style=\"font-weight: bold;\">KLEINGEWERBE <\/span>* Investitionen Hofladen * <span style=\"font-weight: bold;\">19. SOZIALES <\/span>* <span style=\"font-weight: bold;\">20. BILDUNGSARBEIT <\/span>* <span style=\"font-weight: bold;\">21. Literatur <\/span>* <span style=\"font-weight: bold;\">22. Adressen<\/span> * <span style=\"font-weight: bold;\">23. Anhang <\/span><\/span><\/small><\/p>\n","protected":false},"excerpt":{"rendered":"<p>Kastanienhofgemeinschaft: Alternativer Betriebsplan KASTANIENHOF148 Seiten, DIN A5, illustriert, Handwerkerklebebindung. Packpapier [&hellip;] &hellip; <a href=\"https:\/\/www.packpapierverlag.de\/?product=kastanienhof-betriebsplan\">Weiterlesen <span class=\"meta-nav\">&rarr;<\/span><\/a><\/p>\n","protected":false},"featured_media":5936,"template":"","meta":[],"product_brand":[],"product_cat":[17,3],"product_tag":[],"class_list":{"0":"post-336","1":"product","2":"type-product","3":"status-publish","4":"has-post-thumbnail","6":"product_cat-land-garten-anders-leben","7":"product_cat-produkte","9":"first","10":"instock","11":"shipping-taxable","12":"purchasable","13":"product-type-simple"},"_links":{"self":[{"href":"https:\/\/www.packpapierverlag.de\/index.php?rest_route=\/wp\/v2\/product\/336","targetHints":{"allow":["GET"]}}],"collection":[{"href":"https:\/\/www.packpapierverlag.de\/index.php?rest_route=\/wp\/v2\/product"}],"about":[{"href":"https:\/\/www.packpapierverlag.de\/index.php?rest_route=\/wp\/v2\/types\/product"}],"wp:featuredmedia":[{"embeddable":true,"href":"https:\/\/www.packpapierverlag.de\/index.php?rest_route=\/wp\/v2\/media\/5936"}],"wp:attachment":[{"href":"https:\/\/www.packpapierverlag.de\/index.php?rest_route=%2Fwp%2Fv2%2Fmedia&parent=336"}],"wp:term":[{"taxonomy":"product_brand","embeddable":true,"href":"https:\/\/www.packpapierverlag.de\/index.php?rest_route=%2Fwp%2Fv2%2Fproduct_brand&post=336"},{"taxonomy":"product_cat","embeddable":true,"href":"https:\/\/www.packpapierverlag.de\/index.php?rest_route=%2Fwp%2Fv2%2Fproduct_cat&post=336"},{"taxonomy":"product_tag","embeddable":true,"href":"https:\/\/www.packpapierverlag.de\/index.php?rest_route=%2Fwp%2Fv2%2Fproduct_tag&post=336"}],"curies":[{"name":"wp","href":"https:\/\/api.w.org\/{rel}","templated":true}]}}