{"id":344,"date":"2010-12-12T15:22:06","date_gmt":"2010-12-12T14:22:06","guid":{"rendered":"http:\/\/www.packpapierverlag.de\/neu\/?p=344"},"modified":"2017-04-11T11:35:23","modified_gmt":"2017-04-11T09:35:23","slug":"papke-dauerhafte-arbeit","status":"publish","type":"product","link":"https:\/\/www.packpapierverlag.de\/?product=papke-dauerhafte-arbeit","title":{"rendered":"G\u00f6tz Papke: Dauerhafte Arbeit durch Selbstversorgung (p110)"},"content":{"rendered":"<p><a href=\"https:\/\/www.packpapierverlag.de\/wp-content\/uploads\/2010\/12\/Papke-Dauerhafte-Arbeit.jpg\"><img loading=\"lazy\" decoding=\"async\" class=\"alignleft size-medium wp-image-5933\" title=\"Papke Dauerhafte Arbeit\" src=\"https:\/\/www.packpapierverlag.de\/wp-content\/uploads\/2010\/12\/Papke-Dauerhafte-Arbeit-210x300.jpg\" alt=\"\" width=\"210\" height=\"300\" srcset=\"https:\/\/www.packpapierverlag.de\/wp-content\/uploads\/2010\/12\/Papke-Dauerhafte-Arbeit-210x300.jpg 210w, https:\/\/www.packpapierverlag.de\/wp-content\/uploads\/2010\/12\/Papke-Dauerhafte-Arbeit-300x427.jpg 300w, https:\/\/www.packpapierverlag.de\/wp-content\/uploads\/2010\/12\/Papke-Dauerhafte-Arbeit-718x1024.jpg 718w, https:\/\/www.packpapierverlag.de\/wp-content\/uploads\/2010\/12\/Papke-Dauerhafte-Arbeit.jpg 1024w\" sizes=\"auto, (max-width: 210px) 100vw, 210px\" \/><\/a><small style=\"color: #021c0c;\"><big style=\"color: #07622a;\"><span style=\"font-family: Helvetica,Arial,sans-serif; font-weight: bold;\">G\u00f6tz Papke: Dauerhafte Arbeit<\/span><br style=\"font-family: Helvetica,Arial,sans-serif; font-weight: bold;\" \/><span style=\"font-family: Helvetica,Arial,sans-serif; font-weight: bold;\">Neue Arbeit durch Selbstversorgung &#8211; New work for a sustainable planet<\/span><\/big><br style=\"font-family: Helvetica,Arial,sans-serif;\" \/><span style=\"font-family: Helvetica,Arial,sans-serif; color: #032c13;\">Perspektiven der Erwerbs- und Eigenarbeit im l\u00e4ndlichen Raum. Unter<br \/>\nbesonderer Betrachtung nachhaltiger Selbsthilfe. <\/span><span style=\"font-family: Helvetica,Arial,sans-serif; color: #032c13;\">Packpapier\u00a0 Verlag Osnabr\u00fcck. 115 Seiten, Handwerkerklebebindung.<\/span><br style=\"font-family: Helvetica,Arial,sans-serif; color: #032c13;\" \/><span style=\"font-family: Helvetica,Arial,sans-serif; color: #032c13;\"><span style=\"font-weight: bold; font-style: italic;\">\u201eDie Angst vor einer Zukunft, die wir f\u00fcrchten, k\u00f6nnen wir nur \u00fcberwinden durch Bilder von einer Zukunft, die wir wollen.\u201c<\/span> (Wilhelm- Ernst Barkhoff)<br \/>\n<\/span><\/small><small style=\"color: #021c0c;\"><span style=\"font-family: Helvetica,Arial,sans-serif; color: #032c13;\">Ein Buch f\u00fcr Menschen, die aus der kapitalmaximierenden Wirtschaft aussteigen m\u00f6chten, nicht l\u00e4nger unter Chef oder Chefin \u201edienen\u201c wollen oder bereits als Selbstversorger leben und in einem zweiten Schritt ihre Produkte auch verkaufen m\u00f6chten.\u00a0 <\/span><\/small><small style=\"color: #021c0c;\"><span style=\"font-family: Helvetica,Arial,sans-serif; color: #032c13;\">Der Autor ist diplomierter Agrarwirt und Mitglied der Lebens- und Agrarkulturellen Initiative. Er hat ausreichend praktische Erfahrung durch das Leben und Arbeiten auf dem Kastanienhof in Marth gesammelt und stellt allen Interessierten mit diesem Buch eine alternative Wirtschaftsform vor, die nicht auf Konkurrenz und Ausschlu\u00df, sondern auf Kooperation und Gemeinschaftlichkeit gest\u00fctzt ist- und von der sich allen Skeptikern und Zynikern zum Trotz auch noch leben l\u00e4sst. <\/span><br style=\"font-family: Helvetica,Arial,sans-serif; color: #032c13;\" \/><span style=\"font-family: Helvetica,Arial,sans-serif; color: #032c13; font-weight: bold;\">INHALT:<\/span><br style=\"font-family: Helvetica,Arial,sans-serif; color: #032c13;\" \/><span style=\"font-family: Helvetica,Arial,sans-serif; color: #032c13;\">Vorwort * Abbildungsverzeichnis * Tabellenverzeichnis * Abk\u00fcrzungsverzeichnis<\/span><span style=\"font-family: Helvetica,Arial,sans-serif; color: #032c13;\"><span style=\"font-weight: bold;\"> * 1. Einf\u00fchrung <\/span>* 1.1 Problemstellung * 1.2 Zielsetzung und Vorgehensweise * 1.3 Begriffsbestimmung * 1.3.1 Dauerhaftigkeit * 1.3.2 Arbeit * 1.3.3 Erwerbsarbeit * 1.3.4 Eigenarbeit * 1.3.5 L\u00e4ndlicher Raum *<span style=\"font-weight: bold;\"> 2. Beschreibung des Ph\u00e4nomens<\/span> * 2.1 Das Verst\u00e4ndnis von Arbeit im historischen \u00dcberblick * 2.2 Arbeit und Umwelt heute <\/span><span style=\"font-family: Helvetica,Arial,sans-serif; color: #032c13;\">* <span style=\"font-weight: bold;\">3 Analyse des Problems dauerhafter Arbeit<\/span> * 3.1 Darstellung der aktuellen Diskussion \u00fcber L\u00f6sungsm\u00f6glichkeiten * 3.2 Drei vorstellbare Entwicklungstypen der Wirtschaft * 3.3 Neues \u00d6konomieverst\u00e4ndnis * 3.4 Bedeutung der Erwerbs- und Eigenarbeit im l\u00e4ndlichen Raum * 3.5 Systematische F\u00f6rderung der Eigenarbeit * 3.6 Was kann Eigenarbeit leisten? &#8211; Das Wesen der Eigenarbeit * 3.7 Vor- und Folgeleistungen durch Konsumentscheidungen * 3.8 Zeitaspekt und Wissen bei Eigenarbeitst\u00e4tigkeit * 3.9 Dezentralisierung und nachhaltige Regionalentwicklung * 3.10 Nachhaltigkeitspr\u00fcfung von Handlungsfeldern * 3.11 Rechtlicher Rahmen der Eigenarbeit * 3.11.1 Eigenarbeit und Einkommenssteuer * 3.11.2 Eigenarbeit und Umsatzsteuer * 3.11.3 Bedeutung der Gewerbe- und Handwerksordnung f\u00fcr die Eigenarbeit * 3.11.4 Anrechenbarkeit von Eigenarbeit auf Sozial- und Arbeitslosenleistungen * 3.11.5 Eigenarbeit und Schwarzarbeit * 3.12 Erwerbsarbeit unter Ber\u00fccksichtigung der Eigenarbeit * 3.13 Rechtlicher Rahmen selbst\u00e4ndiger landwirtschaftlicher und handwerklicher Erwerbsarbeit * 3.13.1 Bedingungen f\u00fcr das Vorliegen eines Gewerbes bzw. eines Handwerks * 3.13.2 Betreiben eines Handwerksbetriebs * 3.13.3 Selbst\u00e4ndige nichtgewerbliche Erwerbst\u00e4tigkeit, ohne in die Handwerksrolle eingetragen zu sein * 3.13.3.1 Land- und Forstwirtschaft * 3.13.3.2 K\u00fcnstlerische Bet\u00e4tigung * 3.13.3.3 Selbsthilfewerkst\u00e4tten * 3.13.4 Selbst\u00e4ndige gewerbliche Erwerbst\u00e4tigkeit, ohne in die Handwerksrolle eingetragen zu sein * 3.13.4.1 Minderhandwerk\/ Kleingewerbe * 3.13.4.2 Handwerks\u00e4hnliche Gewerbe * 3.13.4.3 Industriebetrieb * 3.13.4.4 Unerheblicher Nebenbetrieb * 3.13.4.5 Hilfebetrieb * 3.13.4.6 Marktverkehr und Reisegewerbe <\/span><span style=\"font-family: Helvetica,Arial,sans-serif; color: #032c13;\">* <span style=\"font-weight: bold;\">4 Visionen und Strategien <\/span>* 4.1 M\u00f6glichkeiten dauerhafter Arbeit im l\u00e4ndlichen Raum * 4.2 M\u00f6glichkeiten dauerhafter Erwerbsarbeit als Entwicklung aus der Eigenarbeit im l\u00e4ndlichen Raum * 4.3 Ver\u00e4nderungsnotwendigkeiten politischer Rahmenbedingungen<\/span><span style=\"font-family: Helvetica,Arial,sans-serif; color: #032c13;\">*<span style=\"font-weight: bold;\"> 5. Zusammenfassung <\/span>* Literaturverzeichnis * Adressen* Anhang <\/span><span style=\"font-family: Helvetica,Arial,sans-serif; color: #032c13;\">* <span style=\"font-weight: bold;\">Abbildungsverzeichnis: <\/span>* Zieldreieck der Nachhaltigkeit * Siedlungsstrukturelle Kreistypen * Ver\u00e4nderung einiger Indikatoren der Landwirtschaft in Deutschland * Kriterien nachhaltiger Regionalentwicklung * Kriterien nachhaltiger Regionalentwicklung bei Wirtschaftsunternehmen * Handwerk mit und ohne Meister * Abgrenzung von Be- und Verarbeitungst\u00e4tigkeiten zwischen Landwirtschaft und Gewerbe*<\/span><span style=\"font-family: Helvetica,Arial,sans-serif; color: #032c13;\"> <span style=\"font-weight: bold;\">Tabellenverzeichnis<\/span>: Beteiligung der Bev\u00f6lkerung am Erwerbsleben in Deutschland * Kurzarbeit, Arbeitslosigkeit, offene Stellen in Deutschland * Internationaler Vergleich der Arbeitslosen * Arbeitslosenquoten gegliedert nach Kreis- und Regionstypen * Bruttoinlandsprodukt, Bruttosozialprodukt und Volkseinkommen Deutschland * Die H\u00e4ufigkeit von Eigenarbeit bei ausgew\u00e4hlten, g\u00fcterbezogenen T\u00e4tigkeiten im Jahre 1980 in Prozent * Ausgew\u00e4hlte informelle Arbeiten nach H\u00e4ufigkeit ihrer Aus\u00fcbung differenziert nach Rechtsverh\u00e4ltnissen zur Wohnung in Prozent<\/span><\/small><\/p>\n","protected":false},"excerpt":{"rendered":"<p>G\u00f6tz Papke: Dauerhafte ArbeitNeue Arbeit durch Selbstversorgung &#8211; New work [&hellip;] &hellip; <a href=\"https:\/\/www.packpapierverlag.de\/?product=papke-dauerhafte-arbeit\">Weiterlesen <span class=\"meta-nav\">&rarr;<\/span><\/a><\/p>\n","protected":false},"featured_media":5933,"template":"","meta":[],"product_brand":[],"product_cat":[17,3],"product_tag":[],"class_list":{"0":"post-344","1":"product","2":"type-product","3":"status-publish","4":"has-post-thumbnail","6":"product_cat-land-garten-anders-leben","7":"product_cat-produkte","9":"first","10":"instock","11":"shipping-taxable","12":"purchasable","13":"product-type-simple"},"_links":{"self":[{"href":"https:\/\/www.packpapierverlag.de\/index.php?rest_route=\/wp\/v2\/product\/344","targetHints":{"allow":["GET"]}}],"collection":[{"href":"https:\/\/www.packpapierverlag.de\/index.php?rest_route=\/wp\/v2\/product"}],"about":[{"href":"https:\/\/www.packpapierverlag.de\/index.php?rest_route=\/wp\/v2\/types\/product"}],"wp:featuredmedia":[{"embeddable":true,"href":"https:\/\/www.packpapierverlag.de\/index.php?rest_route=\/wp\/v2\/media\/5933"}],"wp:attachment":[{"href":"https:\/\/www.packpapierverlag.de\/index.php?rest_route=%2Fwp%2Fv2%2Fmedia&parent=344"}],"wp:term":[{"taxonomy":"product_brand","embeddable":true,"href":"https:\/\/www.packpapierverlag.de\/index.php?rest_route=%2Fwp%2Fv2%2Fproduct_brand&post=344"},{"taxonomy":"product_cat","embeddable":true,"href":"https:\/\/www.packpapierverlag.de\/index.php?rest_route=%2Fwp%2Fv2%2Fproduct_cat&post=344"},{"taxonomy":"product_tag","embeddable":true,"href":"https:\/\/www.packpapierverlag.de\/index.php?rest_route=%2Fwp%2Fv2%2Fproduct_tag&post=344"}],"curies":[{"name":"wp","href":"https:\/\/api.w.org\/{rel}","templated":true}]}}