{"id":352,"date":"2010-12-12T15:24:02","date_gmt":"2010-12-12T14:24:02","guid":{"rendered":"http:\/\/www.packpapierverlag.de\/neu\/?p=352"},"modified":"2017-05-08T12:55:13","modified_gmt":"2017-05-08T10:55:13","slug":"tiermedizinfuhrer-fur-hunde-und-katzen","status":"publish","type":"product","link":"https:\/\/www.packpapierverlag.de\/?product=tiermedizinfuhrer-fur-hunde-und-katzen","title":{"rendered":"Tiermedizinf\u00fchrer f\u00fcr Hunde und Katzen (f11)"},"content":{"rendered":"<p><strong><a href=\"https:\/\/www.packpapierverlag.de\/wp-content\/uploads\/2017\/05\/Tiermedizinf\u00fchrer-Kunde-Katzen.jpg\" rel=\"attachment wp-att-7329\"><img loading=\"lazy\" decoding=\"async\" class=\"size-medium wp-image-7329 alignleft\" src=\"https:\/\/www.packpapierverlag.de\/wp-content\/uploads\/2017\/05\/Tiermedizinf\u00fchrer-Kunde-Katzen-218x300.jpg\" alt=\"Tiermedizinf\u00fchrer Kunde Katzen\" width=\"218\" height=\"300\" srcset=\"https:\/\/www.packpapierverlag.de\/wp-content\/uploads\/2017\/05\/Tiermedizinf\u00fchrer-Kunde-Katzen-218x300.jpg 218w, https:\/\/www.packpapierverlag.de\/wp-content\/uploads\/2017\/05\/Tiermedizinf\u00fchrer-Kunde-Katzen-300x412.jpg 300w, https:\/\/www.packpapierverlag.de\/wp-content\/uploads\/2017\/05\/Tiermedizinf\u00fchrer-Kunde-Katzen-768x1055.jpg 768w, https:\/\/www.packpapierverlag.de\/wp-content\/uploads\/2017\/05\/Tiermedizinf\u00fchrer-Kunde-Katzen-745x1024.jpg 745w, https:\/\/www.packpapierverlag.de\/wp-content\/uploads\/2017\/05\/Tiermedizinf\u00fchrer-Kunde-Katzen.jpg 1024w\" sizes=\"auto, (max-width: 218px) 100vw, 218px\" \/><\/a>Tiermedizinf\u00fchrer f\u00fcr Hunde und Katzen<\/strong><br \/>\nAuskopplung aus: Handbuch f\u00fcr Tierbesitzer von Dr. C. E. Spaulding<br \/>\nBrosch\u00fcre 60 Seiten, einige Abbildungen, DIN A5.<\/p>\n<p>Diese Brosch\u00fcre bietet einen \u00dcberblick \u00fcber die h\u00e4ufigsten Haltungsfehler und Krankheiten von Hunden und Katzen und gibt Pflege- und Behandlungstips f\u00fcr die vierbeinigen Mitbewohner.<\/p>\n<p>INHALT:<\/p>\n<p>Hunde<br \/>\nAllgemeine Betreuung und Pflege<br \/>\nF\u00fctterung<br \/>\nHundelager<br \/>\nBewegung<br \/>\nFesthalten<br \/>\nPaarung<br \/>\nWurf<br \/>\nSterilisation und Kastration<br \/>\nPflege des Fells<br \/>\nSchneiden der Krallen<br \/>\n\u00dcberpr\u00fcfen der Ohren<br \/>\nUntersuchung der Z\u00e4hne<br \/>\nDie Analdr\u00fcsen<br \/>\nBesondere Pflege des alternden Hundes<br \/>\nKrankheiten und andere Probleme<br \/>\nausgerenkte H\u00fcftgelenke<br \/>\nAutounf\u00e4lle<br \/>\nBandscheibenverletzungen<br \/>\nBindehautentz\u00fcndung<br \/>\nBlasenkatarrh<br \/>\nEklampsia<br \/>\nEpilepsie<br \/>\nFliegen<br \/>\nFl\u00f6he<br \/>\nGelbsucht<br \/>\nH\u00e4matome (Quetschungen)<br \/>\nKnochenbr\u00fcche<br \/>\nKokzidiose<br \/>\nL\u00e4use<br \/>\nLeptospirose<br \/>\nMandelentz\u00fcndung<br \/>\nMetritis<br \/>\nOhreninfektion<br \/>\nPilzinfektion<br \/>\nQuetschungen<br \/>\nR\u00e4ude<br \/>\nR\u00fcckenprobleme<br \/>\nSchnitte und Sch\u00fcrfungen<br \/>\nSchusswunden<br \/>\nStaupe<br \/>\nStrychninvergiftung<br \/>\nTollwut<br \/>\nVerstopfung und Infektion der Analdr\u00fcsen<br \/>\nW\u00fcrmer<br \/>\nZecken<br \/>\nZuckerkrankheit<\/p>\n<p>Katzen<br \/>\nAllgemeine Betreuung und Pflege<br \/>\nF\u00fctterung<br \/>\nFesthalten<br \/>\nTransport<br \/>\nPaarung<br \/>\nWurf<br \/>\nSterilisation und Kastration<br \/>\nStutzen der Krallen und Entkrallen<br \/>\nZahnprobleme und Zahnpflege<br \/>\nKrankheiten und andere Probleme<br \/>\nAbszesse<br \/>\nAutounf\u00e4lle<br \/>\nBindehautentz\u00fcndung<br \/>\nDurchfall<br \/>\nFl\u00f6he (und andere \u00e4u\u00dferliche Parasiten)<br \/>\nGebrochene Beine<br \/>\nGlatzflechte<br \/>\nHaarkn\u00e4uel<br \/>\nHarnsteine<br \/>\nHypokalz\u00e4mie<br \/>\nKatzenstaupe<br \/>\nMastitis<br \/>\nOhreninfektionen<br \/>\nPhenolvergiftung<br \/>\nPneumonitis<br \/>\nR\u00e4ude<br \/>\nReisekrankheit<br \/>\nRhinotracheitis<br \/>\nSchnittwunden<br \/>\nTollwut<br \/>\nVergiftungen<br \/>\nVerstopfung<br \/>\nW\u00fcrmer<br \/>\n************<\/p>\n","protected":false},"excerpt":{"rendered":"<p>Tiermedizinf\u00fchrer f\u00fcr Hunde und Katzen Auskopplung aus: Handbuch f\u00fcr Tierbesitzer [&hellip;] &hellip; <a href=\"https:\/\/www.packpapierverlag.de\/?product=tiermedizinfuhrer-fur-hunde-und-katzen\">Weiterlesen <span class=\"meta-nav\">&rarr;<\/span><\/a><\/p>\n","protected":false},"featured_media":7329,"template":"","meta":[],"product_brand":[],"product_cat":[17,3],"product_tag":[],"class_list":{"0":"post-352","1":"product","2":"type-product","3":"status-publish","4":"has-post-thumbnail","6":"product_cat-land-garten-anders-leben","7":"product_cat-produkte","9":"first","10":"instock","11":"shipping-taxable","12":"purchasable","13":"product-type-simple"},"_links":{"self":[{"href":"https:\/\/www.packpapierverlag.de\/index.php?rest_route=\/wp\/v2\/product\/352","targetHints":{"allow":["GET"]}}],"collection":[{"href":"https:\/\/www.packpapierverlag.de\/index.php?rest_route=\/wp\/v2\/product"}],"about":[{"href":"https:\/\/www.packpapierverlag.de\/index.php?rest_route=\/wp\/v2\/types\/product"}],"wp:featuredmedia":[{"embeddable":true,"href":"https:\/\/www.packpapierverlag.de\/index.php?rest_route=\/wp\/v2\/media\/7329"}],"wp:attachment":[{"href":"https:\/\/www.packpapierverlag.de\/index.php?rest_route=%2Fwp%2Fv2%2Fmedia&parent=352"}],"wp:term":[{"taxonomy":"product_brand","embeddable":true,"href":"https:\/\/www.packpapierverlag.de\/index.php?rest_route=%2Fwp%2Fv2%2Fproduct_brand&post=352"},{"taxonomy":"product_cat","embeddable":true,"href":"https:\/\/www.packpapierverlag.de\/index.php?rest_route=%2Fwp%2Fv2%2Fproduct_cat&post=352"},{"taxonomy":"product_tag","embeddable":true,"href":"https:\/\/www.packpapierverlag.de\/index.php?rest_route=%2Fwp%2Fv2%2Fproduct_tag&post=352"}],"curies":[{"name":"wp","href":"https:\/\/api.w.org\/{rel}","templated":true}]}}