{"id":381,"date":"2010-12-12T15:33:57","date_gmt":"2010-12-12T14:33:57","guid":{"rendered":"http:\/\/www.packpapierverlag.de\/neu\/?p=381"},"modified":"2020-01-30T09:39:48","modified_gmt":"2020-01-30T08:39:48","slug":"heilkrauter-kuchenposter","status":"publish","type":"product","link":"https:\/\/www.packpapierverlag.de\/?product=heilkrauter-kuchenposter","title":{"rendered":"+ Heilkr\u00e4uter &#8211; K\u00fcchenposter (p19)"},"content":{"rendered":"<p><a href=\"https:\/\/www.packpapierverlag.de\/wp-content\/uploads\/2010\/12\/Heilkr\u00e4uter-Poster.jpg\"><img loading=\"lazy\" decoding=\"async\" class=\"alignleft size-medium wp-image-2290\" title=\"Heilkr\u00e4uter Poster\" src=\"https:\/\/www.packpapierverlag.de\/wp-content\/uploads\/2010\/12\/Heilkr\u00e4uter-Poster-211x300.jpg\" alt=\"\" width=\"211\" height=\"300\" srcset=\"https:\/\/www.packpapierverlag.de\/wp-content\/uploads\/2010\/12\/Heilkr\u00e4uter-Poster-211x300.jpg 211w, https:\/\/www.packpapierverlag.de\/wp-content\/uploads\/2010\/12\/Heilkr\u00e4uter-Poster-300x426.jpg 300w, https:\/\/www.packpapierverlag.de\/wp-content\/uploads\/2010\/12\/Heilkr\u00e4uter-Poster-721x1024.jpg 721w, https:\/\/www.packpapierverlag.de\/wp-content\/uploads\/2010\/12\/Heilkr\u00e4uter-Poster.jpg 1024w\" sizes=\"auto, (max-width: 211px) 100vw, 211px\" \/><\/a><small style=\"color: #255105;\"><span style=\"font-family: Helvetica,Arial,sans-serif;\">Poster\/ Tafel\u00a0 in DIN A3<\/span><br style=\"font-family: Helvetica,Arial,sans-serif;\" \/><big style=\"color: #3c8408;\"><span style=\"font-family: Helvetica,Arial,sans-serif; font-weight: bold;\">Das Heilkr\u00e4uter \u2013 K\u00fcchenposter<\/span><\/big><br style=\"font-family: Helvetica,Arial,sans-serif;\" \/><span style=\"font-family: Helvetica,Arial,sans-serif;\">Welches Kraut hilft bei welcher Krankheit? Welche Anwendung (Wickel, Inhalation, Tee,&#8230;) ist die richtige? <\/span><span style=\"font-family: Helvetica,Arial,sans-serif;\">Dieses Poster liefert einen \u00dcberblick \u00fcber die Anwendung von Heilkr\u00e4utern und pa\u00dft gut in jede K\u00fcche.<\/span><\/small><\/p>\n","protected":false},"excerpt":{"rendered":"<p>Poster\/ Tafel\u00a0 in DIN A3Das Heilkr\u00e4uter \u2013 K\u00fcchenposterWelches Kraut hilft [&hellip;] &hellip; <a href=\"https:\/\/www.packpapierverlag.de\/?product=heilkrauter-kuchenposter\">Weiterlesen <span class=\"meta-nav\">&rarr;<\/span><\/a><\/p>\n","protected":false},"featured_media":2290,"template":"","meta":[],"product_brand":[],"product_cat":[16,20,21,3],"product_tag":[],"class_list":{"0":"post-381","1":"product","2":"type-product","3":"status-publish","4":"has-post-thumbnail","6":"product_cat-krauter-und-drogen","7":"product_cat-plakate-ernahrung-und-gesundheit","8":"product_cat-postkarten","9":"product_cat-produkte","11":"first","12":"instock","13":"shipping-taxable","14":"purchasable","15":"product-type-simple"},"_links":{"self":[{"href":"https:\/\/www.packpapierverlag.de\/index.php?rest_route=\/wp\/v2\/product\/381","targetHints":{"allow":["GET"]}}],"collection":[{"href":"https:\/\/www.packpapierverlag.de\/index.php?rest_route=\/wp\/v2\/product"}],"about":[{"href":"https:\/\/www.packpapierverlag.de\/index.php?rest_route=\/wp\/v2\/types\/product"}],"wp:featuredmedia":[{"embeddable":true,"href":"https:\/\/www.packpapierverlag.de\/index.php?rest_route=\/wp\/v2\/media\/2290"}],"wp:attachment":[{"href":"https:\/\/www.packpapierverlag.de\/index.php?rest_route=%2Fwp%2Fv2%2Fmedia&parent=381"}],"wp:term":[{"taxonomy":"product_brand","embeddable":true,"href":"https:\/\/www.packpapierverlag.de\/index.php?rest_route=%2Fwp%2Fv2%2Fproduct_brand&post=381"},{"taxonomy":"product_cat","embeddable":true,"href":"https:\/\/www.packpapierverlag.de\/index.php?rest_route=%2Fwp%2Fv2%2Fproduct_cat&post=381"},{"taxonomy":"product_tag","embeddable":true,"href":"https:\/\/www.packpapierverlag.de\/index.php?rest_route=%2Fwp%2Fv2%2Fproduct_tag&post=381"}],"curies":[{"name":"wp","href":"https:\/\/api.w.org\/{rel}","templated":true}]}}