{"id":382,"date":"2010-12-12T15:34:27","date_gmt":"2010-12-12T14:34:27","guid":{"rendered":"http:\/\/www.packpapierverlag.de\/neu\/?p=382"},"modified":"2024-10-25T12:01:27","modified_gmt":"2024-10-25T10:01:27","slug":"heilkrauter-heft","status":"publish","type":"product","link":"https:\/\/www.packpapierverlag.de\/?product=heilkrauter-heft","title":{"rendered":"Heilkr\u00e4uter &#8211; Heft (p03)"},"content":{"rendered":"<p><a href=\"https:\/\/www.packpapierverlag.de\/wp-content\/uploads\/2010\/12\/Heilkr\u00e4uter.jpg\"><img loading=\"lazy\" decoding=\"async\" class=\"alignleft size-medium wp-image-2287\" title=\"Heilkr\u00e4uter\" src=\"https:\/\/www.packpapierverlag.de\/wp-content\/uploads\/2010\/12\/Heilkr\u00e4uter-208x300.jpg\" alt=\"\" width=\"208\" height=\"300\" srcset=\"https:\/\/www.packpapierverlag.de\/wp-content\/uploads\/2010\/12\/Heilkr\u00e4uter-208x300.jpg 208w, https:\/\/www.packpapierverlag.de\/wp-content\/uploads\/2010\/12\/Heilkr\u00e4uter-300x432.jpg 300w, https:\/\/www.packpapierverlag.de\/wp-content\/uploads\/2010\/12\/Heilkr\u00e4uter-711x1024.jpg 711w, https:\/\/www.packpapierverlag.de\/wp-content\/uploads\/2010\/12\/Heilkr\u00e4uter.jpg 1024w\" sizes=\"auto, (max-width: 208px) 100vw, 208px\" \/><\/a><small><big style=\"color: #007e00;\"><span style=\"font-weight: bold;\">HEILKR\u00c4UTER<\/span><\/big><\/small><small><\/small><\/p>\n<div style=\"text-align: left; font-family: Helvetica,Arial,sans-serif;\"><small><span style=\"color: #003a00;\">Aus der Reihe Naturkostbrosch\u00fcren, Packpapier Verlag. Heft mit 64 Seiten, DIN A 6, Druck auf Umweltpapier.\u00a0 <\/span><span style=\"color: #003a00;\">62<br \/>\nHeilkr\u00e4uter, Wurzeln, Rinden, Bl\u00e4tter, Bl\u00fcten, Fr\u00fcchte und Samen. Beschrieben ist jeweils das Vorkommen (Region), der lateinische Name, die Wirkstoffe und die Anwendungsm\u00f6glichkeiten. Mit Zeichnungen der jeweiligen Pflanze.<\/span><br style=\"color: #003a00;\" \/><span style=\"color: #003a00;\">.<\/span><br style=\"color: #003a00;\" \/><span style=\"color: #003a00; font-weight: bold;\">INHALT:<\/span><br style=\"color: #003a00;\" \/><span style=\"color: #003a00;\">.<\/span><br style=\"color: #003a00;\" \/><span style=\"color: #003a00;\">HEILKR\u00c4UTER<br \/>\nHAUSAPOTHEKE<\/span><br style=\"color: #003a00;\" \/><span style=\"color: #003a00;\">.<\/span><br style=\"color: #003a00;\" \/><span style=\"color: #003a00;\">Wurzeln: Baldrian, Engelwurz, Enzian, Hauhechel, Kalmus, Kletten, Liebst\u00f6ckel, Queckenwurzel, S\u00fc\u00dfholz<\/span><br style=\"color: #003a00;\" \/><span style=\"color: #003a00;\">.<\/span><br style=\"color: #003a00;\" \/><span style=\"color: #003a00;\">Rinden: Eichenrinde, Faulbaumrinde<\/span><br style=\"color: #003a00;\" \/><span style=\"color: #003a00;\">.<\/span><br style=\"color: #003a00;\" \/><span style=\"color: #003a00;\">Bl\u00e4tter: B\u00e4rentrauben, Birke, Bitterklee, Erdbeerbl\u00e4tter, Frauenmantel, Heidelbeere, Huflattich, Melisse, Pfefferminze, Rosmarin, Salbei, Walnussbl\u00e4tter<\/span><br style=\"color: #003a00;\" \/><span style=\"color: #003a00;\">.<\/span><br style=\"color: #003a00;\" \/><span style=\"color: #003a00;\">Bl\u00fcten: Heidekraut, Holunder, Hopfen, Kamille, K\u00f6nigskerze, Lavendel, Lindenbl\u00fcte, Malven, Rainfarn, Ringelblume, R\u00f6mische Kamille, Schl\u00fcsselblume, Wohlverleih<\/span><br style=\"color: #003a00;\" \/><span style=\"color: #003a00;\">.<\/span><br style=\"color: #003a00;\" \/><span style=\"color: #003a00;\">Fr\u00fcchte und Samen: Anis, Fenchel, Hagebutte, Heidelbeere, K\u00fcmmel, Leinsamen, Wacholderbeeren<\/span><br style=\"color: #003a00;\" \/><span style=\"color: #003a00;\">.<\/span><br style=\"color: #003a00;\" \/><span style=\"color: #003a00;\">Kr\u00e4uterdrogen: Augentrost, Bitterdistel, Brennnessel, Erdrauch, Hirtent\u00e4schel, Hohlzahn, Isl\u00e4ndisch Moos, Johanniskraut, Kn\u00f6terich, L\u00f6wenzahn, Lungenkraut, Mistel, Schafgarbe, Spitzwegerich, Stiefm\u00fctterchen, Tausendg\u00fcldenkraut, Thymian, Wermut, Zinnkraut<\/span><\/small><\/div>\n<p>&nbsp;<\/p>\n","protected":false},"excerpt":{"rendered":"<p>HEILKR\u00c4UTER Aus der Reihe Naturkostbrosch\u00fcren, Packpapier Verlag. Heft mit 64 [&hellip;] &hellip; <a href=\"https:\/\/www.packpapierverlag.de\/?product=heilkrauter-heft\">Weiterlesen <span class=\"meta-nav\">&rarr;<\/span><\/a><\/p>\n","protected":false},"featured_media":2288,"template":"","meta":[],"product_brand":[],"product_cat":[16,3],"product_tag":[],"class_list":{"0":"post-382","1":"product","2":"type-product","3":"status-publish","4":"has-post-thumbnail","6":"product_cat-krauter-und-drogen","7":"product_cat-produkte","9":"first","10":"instock","11":"shipping-taxable","12":"purchasable","13":"product-type-simple"},"_links":{"self":[{"href":"https:\/\/www.packpapierverlag.de\/index.php?rest_route=\/wp\/v2\/product\/382","targetHints":{"allow":["GET"]}}],"collection":[{"href":"https:\/\/www.packpapierverlag.de\/index.php?rest_route=\/wp\/v2\/product"}],"about":[{"href":"https:\/\/www.packpapierverlag.de\/index.php?rest_route=\/wp\/v2\/types\/product"}],"wp:featuredmedia":[{"embeddable":true,"href":"https:\/\/www.packpapierverlag.de\/index.php?rest_route=\/wp\/v2\/media\/2288"}],"wp:attachment":[{"href":"https:\/\/www.packpapierverlag.de\/index.php?rest_route=%2Fwp%2Fv2%2Fmedia&parent=382"}],"wp:term":[{"taxonomy":"product_brand","embeddable":true,"href":"https:\/\/www.packpapierverlag.de\/index.php?rest_route=%2Fwp%2Fv2%2Fproduct_brand&post=382"},{"taxonomy":"product_cat","embeddable":true,"href":"https:\/\/www.packpapierverlag.de\/index.php?rest_route=%2Fwp%2Fv2%2Fproduct_cat&post=382"},{"taxonomy":"product_tag","embeddable":true,"href":"https:\/\/www.packpapierverlag.de\/index.php?rest_route=%2Fwp%2Fv2%2Fproduct_tag&post=382"}],"curies":[{"name":"wp","href":"https:\/\/api.w.org\/{rel}","templated":true}]}}