{"id":410,"date":"2010-12-12T15:42:03","date_gmt":"2010-12-12T14:42:03","guid":{"rendered":"http:\/\/www.packpapierverlag.de\/neu\/?p=410"},"modified":"2017-06-10T16:23:16","modified_gmt":"2017-06-10T14:23:16","slug":"hanfcomic-der-edle-rasta","status":"publish","type":"product","link":"https:\/\/www.packpapierverlag.de\/?product=hanfcomic-der-edle-rasta","title":{"rendered":"Ras R\u00fcbennase: Der edle Rasta (Hanfcomic) (zh03)"},"content":{"rendered":"<p><a href=\"https:\/\/www.packpapierverlag.de\/wp-content\/uploads\/2010\/12\/Ras-R\u00fcbennase.jpg\"><img loading=\"lazy\" decoding=\"async\" class=\"alignleft size-medium wp-image-4814\" title=\"Ras R\u00fcbennase\" src=\"https:\/\/www.packpapierverlag.de\/wp-content\/uploads\/2010\/12\/Ras-R\u00fcbennase-213x300.jpg\" alt=\"\" width=\"213\" height=\"300\" srcset=\"https:\/\/www.packpapierverlag.de\/wp-content\/uploads\/2010\/12\/Ras-R\u00fcbennase-213x300.jpg 213w, https:\/\/www.packpapierverlag.de\/wp-content\/uploads\/2010\/12\/Ras-R\u00fcbennase-300x421.jpg 300w, https:\/\/www.packpapierverlag.de\/wp-content\/uploads\/2010\/12\/Ras-R\u00fcbennase-729x1024.jpg 729w, https:\/\/www.packpapierverlag.de\/wp-content\/uploads\/2010\/12\/Ras-R\u00fcbennase.jpg 1024w\" sizes=\"auto, (max-width: 213px) 100vw, 213px\" \/><\/a><small style=\"color: #1f4405;\"><big style=\"color: #43930a;\"><span style=\"font-family: Helvetica,Arial,sans-serif; font-weight: bold;\">Ras R\u00fcbennase: Der edle Rasta <\/span><\/big><br style=\"font-family: Helvetica,Arial,sans-serif;\" \/><span style=\"font-family: Helvetica,Arial,sans-serif;\">Die glorreichen Abenteuer eines Deutschen Reggae-Freaks<\/span><br style=\"font-family: Helvetica,Arial,sans-serif;\" \/><span style=\"font-family: Helvetica,Arial,sans-serif;\">Zeichnungen und Texte von M. Pinsel. Kraut Komik 97, erschienen im Kraut Verlag <\/span><\/small><\/p>\n<p><small style=\"color: #1f4405;\"><span style=\"font-family: Helvetica,Arial,sans-serif;\">60 \u00fcppigst bemalte Seiten im Format DIN A5, schwarz-wei\u00df. Nat\u00fcrlich auf Hanf-Papier gedruckt!<\/span><br style=\"font-family: Helvetica,Arial,sans-serif;\" \/><span style=\"font-family: Helvetica,Arial,sans-serif;\">Liebevoll gemachter und klasse gezeichneter Rasta- Comic aus Bayern! Halb selbstironische Anschauungen und Erlebnisse eines deutschen Rasta zwischen Bavaria und Utopia.<\/span><\/small><\/p>\n<p><small style=\"color: #1f4405;\"><br style=\"font-family: Helvetica,Arial,sans-serif;\" \/><span style=\"font-family: Helvetica,Arial,sans-serif;\">Wer ein echter Rasta sein will, der mu\u00df zuerst einmal Rastaz\u00f6pfe haben- zumal wegen der Frauen&#8230;! Dauert n bi\u00dfchen, eh die Matte pa\u00dft. Dann gilt es, die echt coole, rastam\u00e4\u00dfige Gang- und Sprechweise einzu\u00fcben und- ja klar- die Reggae-Musik voll aufzudrehen! Hilfreich f\u00fcr unsren edlen Rasta: das gr\u00fcne Zauberkraut, das einen aus den rot-gelb-gr\u00fcnen Socken und die echte Rasta-Wollm\u00fctze vom Kopf haut! Und ehe Du Dich versiehst, stehste mitten in der sch\u00f6nsten Hitze Jamaicas oder wandelst durch \u00c4thiopien und sch\u00fcttelst so manchem K\u00f6nig die Hand.<\/span><br style=\"font-family: Helvetica,Arial,sans-serif;\" \/><span style=\"font-family: Helvetica,Arial,sans-serif;\">Soweit schon ganz gut, lieber Ras R\u00fcbennase. <\/span><span style=\"font-family: Helvetica,Arial,sans-serif;\">Wenn nur \u201eMutti\u201c nicht w\u00e4re mit ihrem\u00a0 infernalischen: \u201eFritz, mach den verdammten Krach ab, man versteht ja sein eig`nes Wort nicht mehr!\u201c<\/span><br style=\"font-family: Helvetica,Arial,sans-serif;\" \/><span style=\"font-family: Helvetica,Arial,sans-serif;\">Da mu\u00df Abhilfe her, und so gibt\u2019s nach der ersten Comicstory gleich Part 2 des \u201eSoundbattle inna tough<br \/>\nstylee\u201c, wo Ras R\u00fcbennase fett ins Musikgesch\u00e4ft einsteigen will &#8211; nojooo, weil\u2019s da so \u00b4n paar Problemchen gibt, folgt der Soundbattle inna tough stylee 3, called THE BATTLE! Und hier zeigt sich unser Ras ganz praktisch-politisch und stellt sich dem Kampf mit Glatz- und Polizeihelmk\u00f6pfen. Absolute Aufregung in der Bayerischen Landeszentrale und bei \u201eEdmund dem Gest\u00e4uberten\u201c: die Rastas wollen die Regierung \u00fcbernehmen! <\/span><span style=\"font-family: Helvetica,Arial,sans-serif;\">Wird Hans S\u00f6llner bald Ras President sein?!&#8230;..<\/span><span style=\"font-family: Helvetica,Arial,sans-serif;\">. Das m\u00fc\u00dft Ihr schon selbst herausfinden \ud83d\ude42<\/span><\/small><\/p>\n","protected":false},"excerpt":{"rendered":"<p>Ras R\u00fcbennase: Der edle Rasta Die glorreichen Abenteuer eines Deutschen [&hellip;] &hellip; <a href=\"https:\/\/www.packpapierverlag.de\/?product=hanfcomic-der-edle-rasta\">Weiterlesen <span class=\"meta-nav\">&rarr;<\/span><\/a><\/p>\n","protected":false},"featured_media":4814,"template":"","meta":[],"product_brand":[],"product_cat":[16,18,19,3],"product_tag":[],"class_list":{"0":"post-410","1":"product","2":"type-product","3":"status-publish","4":"has-post-thumbnail","6":"product_cat-krauter-und-drogen","7":"product_cat-literatur","8":"product_cat-musik-liederbucher","9":"product_cat-produkte","11":"first","12":"instock","13":"shipping-taxable","14":"purchasable","15":"product-type-simple"},"_links":{"self":[{"href":"https:\/\/www.packpapierverlag.de\/index.php?rest_route=\/wp\/v2\/product\/410","targetHints":{"allow":["GET"]}}],"collection":[{"href":"https:\/\/www.packpapierverlag.de\/index.php?rest_route=\/wp\/v2\/product"}],"about":[{"href":"https:\/\/www.packpapierverlag.de\/index.php?rest_route=\/wp\/v2\/types\/product"}],"wp:featuredmedia":[{"embeddable":true,"href":"https:\/\/www.packpapierverlag.de\/index.php?rest_route=\/wp\/v2\/media\/4814"}],"wp:attachment":[{"href":"https:\/\/www.packpapierverlag.de\/index.php?rest_route=%2Fwp%2Fv2%2Fmedia&parent=410"}],"wp:term":[{"taxonomy":"product_brand","embeddable":true,"href":"https:\/\/www.packpapierverlag.de\/index.php?rest_route=%2Fwp%2Fv2%2Fproduct_brand&post=410"},{"taxonomy":"product_cat","embeddable":true,"href":"https:\/\/www.packpapierverlag.de\/index.php?rest_route=%2Fwp%2Fv2%2Fproduct_cat&post=410"},{"taxonomy":"product_tag","embeddable":true,"href":"https:\/\/www.packpapierverlag.de\/index.php?rest_route=%2Fwp%2Fv2%2Fproduct_tag&post=410"}],"curies":[{"name":"wp","href":"https:\/\/api.w.org\/{rel}","templated":true}]}}