{"id":4416,"date":"2012-02-04T23:33:15","date_gmt":"2012-02-04T22:33:15","guid":{"rendered":"http:\/\/www.packpapierverlag.de\/?p=4416"},"modified":"2020-08-13T11:56:51","modified_gmt":"2020-08-13T09:56:51","slug":"gustan-landauer-bibliographie","status":"publish","type":"product","link":"https:\/\/www.packpapierverlag.de\/?product=gustan-landauer-bibliographie","title":{"rendered":"Gustav Landauer &#8211; Bibliographie (v150)"},"content":{"rendered":"<p><a href=\"https:\/\/www.packpapierverlag.de\/wp-content\/uploads\/2012\/02\/Landauer-Bibliographie.jpg\"><img loading=\"lazy\" decoding=\"async\" class=\"alignleft size-medium wp-image-4418\" title=\"Landauer Bibliographie\" src=\"https:\/\/www.packpapierverlag.de\/wp-content\/uploads\/2012\/02\/Landauer-Bibliographie-213x300.jpg\" alt=\"\" width=\"213\" height=\"300\" srcset=\"https:\/\/www.packpapierverlag.de\/wp-content\/uploads\/2012\/02\/Landauer-Bibliographie-213x300.jpg 213w, https:\/\/www.packpapierverlag.de\/wp-content\/uploads\/2012\/02\/Landauer-Bibliographie-300x421.jpg 300w, https:\/\/www.packpapierverlag.de\/wp-content\/uploads\/2012\/02\/Landauer-Bibliographie-729x1024.jpg 729w, https:\/\/www.packpapierverlag.de\/wp-content\/uploads\/2012\/02\/Landauer-Bibliographie.jpg 1024w\" sizes=\"auto, (max-width: 213px) 100vw, 213px\" \/><\/a><small style=\"color: #221938;\"><big><span style=\"font-family: Helvetica,Arial,sans-serif; font-weight: bold;\">Gustav Landauer Bibliographie. Herausgegeben von Siegbert Wolf<\/span><\/big><br style=\"font-family: Helvetica,Arial,sans-serif;\" \/><span style=\"font-family: Helvetica,Arial,sans-serif;\">Edition Anares im Trotzdem-Verlag. Bibliographienreihe Band 1, 1992. ISBN 3-922209-90-6<\/span><br style=\"font-family: Helvetica,Arial,sans-serif;\" \/><span style=\"font-family: Helvetica,Arial,sans-serif;\">Buch mit 140 Seiten, neuwertig<\/span><br style=\"font-family: Helvetica,Arial,sans-serif;\" \/><span style=\"font-family: Helvetica,Arial,sans-serif;\">INHALT:<br \/>\nVorwort- zu Leben und Werk Gustav Landauers <\/span><span style=\"font-family: Helvetica,Arial,sans-serif;\">Archivalien * Schriften * \u00dcbersetzungen (Buchausgaben) * Gedruckte Briefe * Gedruckte Protokolle von Reden Gustav Landauers * Aufs\u00e4tze in \u201eDer Sozialist\u201c * Zeitschriften- Aufs\u00e4tze * \u00dcbersetzungen im \u201eSozialist\u201c * Anthologien * Erinnerungen und W\u00fcrdigungen * Sekund\u00e4rliteratur (eine Auswahl) * Namensverzeichnis * \u00dcber den Herausgeber<\/span><\/small><\/p>\n","protected":false},"excerpt":{"rendered":"<p>Gustav Landauer Bibliographie. Herausgegeben von Siegbert WolfEdition Anares im Trotzdem-Verlag. [&hellip;] &hellip; <a href=\"https:\/\/www.packpapierverlag.de\/?product=gustan-landauer-bibliographie\">Weiterlesen <span class=\"meta-nav\">&rarr;<\/span><\/a><\/p>\n","protected":false},"featured_media":4418,"template":"","meta":[],"product_brand":[],"product_cat":[7,41],"product_tag":[],"class_list":{"0":"post-4416","1":"product","2":"type-product","3":"status-publish","4":"has-post-thumbnail","6":"product_cat-anarchie-hefte-und-bucher","7":"product_cat-antiquariat","9":"first","10":"instock","11":"shipping-taxable","12":"purchasable","13":"product-type-simple"},"_links":{"self":[{"href":"https:\/\/www.packpapierverlag.de\/index.php?rest_route=\/wp\/v2\/product\/4416","targetHints":{"allow":["GET"]}}],"collection":[{"href":"https:\/\/www.packpapierverlag.de\/index.php?rest_route=\/wp\/v2\/product"}],"about":[{"href":"https:\/\/www.packpapierverlag.de\/index.php?rest_route=\/wp\/v2\/types\/product"}],"wp:featuredmedia":[{"embeddable":true,"href":"https:\/\/www.packpapierverlag.de\/index.php?rest_route=\/wp\/v2\/media\/4418"}],"wp:attachment":[{"href":"https:\/\/www.packpapierverlag.de\/index.php?rest_route=%2Fwp%2Fv2%2Fmedia&parent=4416"}],"wp:term":[{"taxonomy":"product_brand","embeddable":true,"href":"https:\/\/www.packpapierverlag.de\/index.php?rest_route=%2Fwp%2Fv2%2Fproduct_brand&post=4416"},{"taxonomy":"product_cat","embeddable":true,"href":"https:\/\/www.packpapierverlag.de\/index.php?rest_route=%2Fwp%2Fv2%2Fproduct_cat&post=4416"},{"taxonomy":"product_tag","embeddable":true,"href":"https:\/\/www.packpapierverlag.de\/index.php?rest_route=%2Fwp%2Fv2%2Fproduct_tag&post=4416"}],"curies":[{"name":"wp","href":"https:\/\/api.w.org\/{rel}","templated":true}]}}