{"id":455,"date":"2010-12-12T16:30:22","date_gmt":"2010-12-12T15:30:22","guid":{"rendered":"http:\/\/www.packpapierverlag.de\/neu\/?p=455"},"modified":"2023-03-20T20:33:27","modified_gmt":"2023-03-20T19:33:27","slug":"cropp-projekt-grune-haare","status":"publish","type":"product","link":"https:\/\/www.packpapierverlag.de\/?product=cropp-projekt-grune-haare","title":{"rendered":"Cropp: Das Projekt gr\u00fcne Haare &#8211; die Bewegung tanzt (p101)"},"content":{"rendered":"<p><a href=\"https:\/\/www.packpapierverlag.de\/wp-content\/uploads\/2010\/12\/Cropp-Projekt-gr\u00fcne-Haare.jpg\"><img loading=\"lazy\" decoding=\"async\" class=\"alignleft size-medium wp-image-6466\" title=\"Cropp Projekt gr\u00fcne Haare\" src=\"https:\/\/www.packpapierverlag.de\/wp-content\/uploads\/2010\/12\/Cropp-Projekt-gr\u00fcne-Haare-216x300.jpg\" alt=\"\" width=\"216\" height=\"300\" srcset=\"https:\/\/www.packpapierverlag.de\/wp-content\/uploads\/2010\/12\/Cropp-Projekt-gr\u00fcne-Haare-216x300.jpg 216w, https:\/\/www.packpapierverlag.de\/wp-content\/uploads\/2010\/12\/Cropp-Projekt-gr\u00fcne-Haare-300x416.jpg 300w, https:\/\/www.packpapierverlag.de\/wp-content\/uploads\/2010\/12\/Cropp-Projekt-gr\u00fcne-Haare-738x1024.jpg 738w, https:\/\/www.packpapierverlag.de\/wp-content\/uploads\/2010\/12\/Cropp-Projekt-gr\u00fcne-Haare.jpg 1024w\" sizes=\"auto, (max-width: 216px) 100vw, 216px\" \/><\/a><small style=\"color: #071f11;\"><big style=\"color: #166336;\"><span style=\"font-family: Helvetica,Arial,sans-serif; font-weight: bold;\">Herrmann Cropp: Das Projekt Gr\u00fcne Haare oder: Die Bewegung tanzt<\/span><\/big><br style=\"font-family: Helvetica,Arial,sans-serif; font-weight: bold; color: #166336;\" \/><span style=\"font-family: Helvetica,Arial,sans-serif; font-weight: bold; color: #166336;\">GEN X? * VEGAN * CHAOS * LOVE * NEW WORK * TECHNO * LUCKY STRIKE<\/span><br style=\"font-family: Helvetica,Arial,sans-serif;\" \/><span style=\"font-family: Helvetica,Arial,sans-serif;\">Osnabr\u00fcck: Packpapierverlag 1997. 176 Seiten, illustriert (Photos, Zeichnungen, Pressebilder)<\/span><br style=\"font-family: Helvetica,Arial,sans-serif;\" \/><span style=\"font-family: Helvetica,Arial,sans-serif;\">Ein Buch \u00fcber die sozialen Bewegungen nach 1989, nach dem sogenannten \u201eEnde der Geschichte\u201c. (&#8230;) Aber was kommt jetzt? Wie finden sich die Menschen in der postmodernen Un\u00fcbersichtlichkeit zurecht? <\/span><span style=\"font-family: Helvetica,Arial,sans-serif;\">Kenntnisreich, anschaulich und locker gibt der Autor Einblick in die als beliebig und unverbindlich etikettierten sozialen Str\u00f6mungen der Chaoten, Tekknost\u00e4mme, Cybertribes, und wie das pluralistische Nebeneinander der Subkulturen (&#8230;) am Beginn einer neuen Geschichte hei\u00dfen mag.<\/span><br style=\"font-family: Helvetica,Arial,sans-serif;\" \/><span style=\"font-family: Helvetica,Arial,sans-serif; font-weight: bold;\">INHALT<\/span><span style=\"font-family: Helvetica,Arial,sans-serif;\"><span style=\"font-weight: bold;\">: <\/span>Vorwort * Das Projekt Gr\u00fcne Haare * Die Bewegung tanzt, Loveparade 95 * &#8230;oder die Verh\u00e4ltnisse tanzen, Chaostage 95 * Die Chaosstudie * Gen X? Eine Jugend-Studie * Veganismus als Kritik * Mein Freund Rio Reiser * Klaus der Geiger on tour * Das extreme K\u00f6rperkonzept * Alternative \u00d6konomie ohne Ideologie und Antifa-G\u00fctesiegel * New Work \u2013 Wir haben die L\u00f6sung * Tekkno-Message: Love! * Dr. Motte im Gespr\u00e4ch \u00fcber Musik, Drogen und Sinnfragen * Klaus Bischoff_ Eine neue Qualit\u00e4t der Konsumkultur * TekLex &amp; Jargon, ein aktuelles W\u00f6rterverzeichnis * Sim: Der Trip zur Love-Parade * Musikalische Innovationen * Lucky Strike- Zuf\u00e4lligkeit und Selbstorganisation eines Streiks * Skateparade?<\/span><\/small><\/p>\n","protected":false},"excerpt":{"rendered":"<p>Herrmann Cropp: Das Projekt Gr\u00fcne Haare oder: Die Bewegung tanztGEN [&hellip;] &hellip; <a href=\"https:\/\/www.packpapierverlag.de\/?product=cropp-projekt-grune-haare\">Weiterlesen <span class=\"meta-nav\">&rarr;<\/span><\/a><\/p>\n","protected":false},"featured_media":6466,"template":"","meta":[],"product_brand":[],"product_cat":[6,3],"product_tag":[],"class_list":{"0":"post-455","1":"product","2":"type-product","3":"status-publish","4":"has-post-thumbnail","6":"product_cat-politik-und-geschichte","7":"product_cat-produkte","9":"first","10":"instock","11":"shipping-taxable","12":"purchasable","13":"product-type-simple"},"_links":{"self":[{"href":"https:\/\/www.packpapierverlag.de\/index.php?rest_route=\/wp\/v2\/product\/455","targetHints":{"allow":["GET"]}}],"collection":[{"href":"https:\/\/www.packpapierverlag.de\/index.php?rest_route=\/wp\/v2\/product"}],"about":[{"href":"https:\/\/www.packpapierverlag.de\/index.php?rest_route=\/wp\/v2\/types\/product"}],"wp:featuredmedia":[{"embeddable":true,"href":"https:\/\/www.packpapierverlag.de\/index.php?rest_route=\/wp\/v2\/media\/6466"}],"wp:attachment":[{"href":"https:\/\/www.packpapierverlag.de\/index.php?rest_route=%2Fwp%2Fv2%2Fmedia&parent=455"}],"wp:term":[{"taxonomy":"product_brand","embeddable":true,"href":"https:\/\/www.packpapierverlag.de\/index.php?rest_route=%2Fwp%2Fv2%2Fproduct_brand&post=455"},{"taxonomy":"product_cat","embeddable":true,"href":"https:\/\/www.packpapierverlag.de\/index.php?rest_route=%2Fwp%2Fv2%2Fproduct_cat&post=455"},{"taxonomy":"product_tag","embeddable":true,"href":"https:\/\/www.packpapierverlag.de\/index.php?rest_route=%2Fwp%2Fv2%2Fproduct_tag&post=455"}],"curies":[{"name":"wp","href":"https:\/\/api.w.org\/{rel}","templated":true}]}}