{"id":477,"date":"2010-12-12T16:36:04","date_gmt":"2010-12-12T15:36:04","guid":{"rendered":"http:\/\/www.packpapierverlag.de\/neu\/?p=477"},"modified":"2020-06-05T08:29:41","modified_gmt":"2020-06-05T06:29:41","slug":"lukanga-mukara","status":"publish","type":"product","link":"https:\/\/www.packpapierverlag.de\/?product=lukanga-mukara","title":{"rendered":"Die Forschungsreise des Afrikaners Lukanga Mukara ins Innerste Deutschlands (von Hans Paasche) (p07)"},"content":{"rendered":"<p><a href=\"https:\/\/www.packpapierverlag.de\/wp-content\/uploads\/2010\/12\/Lukanga-Mukara.jpg\"><img loading=\"lazy\" decoding=\"async\" class=\"alignleft size-medium wp-image-2893\" title=\"Lukanga Mukara\" src=\"https:\/\/www.packpapierverlag.de\/wp-content\/uploads\/2010\/12\/Lukanga-Mukara-215x300.jpg\" alt=\"\" width=\"215\" height=\"300\" srcset=\"https:\/\/www.packpapierverlag.de\/wp-content\/uploads\/2010\/12\/Lukanga-Mukara-215x300.jpg 215w, https:\/\/www.packpapierverlag.de\/wp-content\/uploads\/2010\/12\/Lukanga-Mukara-300x417.jpg 300w, https:\/\/www.packpapierverlag.de\/wp-content\/uploads\/2010\/12\/Lukanga-Mukara-736x1024.jpg 736w, https:\/\/www.packpapierverlag.de\/wp-content\/uploads\/2010\/12\/Lukanga-Mukara.jpg 800w\" sizes=\"auto, (max-width: 215px) 100vw, 215px\" \/><\/a> <small style=\"color: #3d3d00;\"><span style=\"font-family: Helvetica,Arial,sans-serif; font-weight: bold;\">* Hans Paasche *<\/span><br style=\"font-family: Helvetica,Arial,sans-serif; font-weight: bold;\" \/><big style=\"color: #561c56;\"><span style=\"font-family: Helvetica,Arial,sans-serif; font-weight: bold;\">Die Forschungsreise des Afrikaners Lukanga Mukara ins Innerste Deutschlands<\/span><\/big><br style=\"font-family: Helvetica,Arial,sans-serif;\" \/><span style=\"font-family: Helvetica,Arial,sans-serif;\">DIN A6, 80 Seiten, mit 8 Zeichnungen illustriert.<\/span><br style=\"font-family: Helvetica,Arial,sans-serif;\" \/><span style=\"font-family: Helvetica,Arial,sans-serif;\">Packpapier-Verlag.<\/span><br style=\"font-family: Helvetica,Arial,sans-serif;\" \/><span style=\"font-family: Helvetica,Arial,sans-serif;\">Das halbfiktive Kultbuch des Lebensreformers Hans Paasche, der sich vom deutschen Soldaten und J\u00e4ger in Kolonialafrika zum Pazifisten, Vegetarier und Kulturkritiker wandelte. 1920 wurde Hans Paasche von rechtsgerichteten staatstreuen Freikoprs vor den Augen seiner Kinder ermordet.<\/span><br style=\"font-family: Helvetica,Arial,sans-serif;\" \/><br style=\"font-family: Helvetica,Arial,sans-serif;\" \/><span style=\"font-family: Helvetica,Arial,sans-serif;\">Im \u201eLukanga Mukara\u201c ist Paasche in die Haut eines mit ihm bekannten Afrikaners geschl\u00fcpft, der als Beauftragter seines H\u00e4uptlings die deutschen Sitten und Br\u00e4uche untersucht und sich sehr \u00fcber die &#8222;Zivilistion&#8220; wundert, etwa dar\u00fcber, da\u00df Tonnen von G\u00fctern von A nach B transportiert werden und zu gleicher Zeit die identischen G\u00fcter von B nach A: das Wort Kapitalismus kennt Lukanga Mukara nicht, er sieht daf\u00fcr das Widersinnige, das Absurde solcher und vieler anderer Aktivit\u00e4ten der \u201eWasungu\u201c, von denen er seinem H\u00e4uptling fassungslos berichtet.<\/span><br style=\"font-family: Helvetica,Arial,sans-serif;\" \/><span style=\"font-family: Helvetica,Arial,sans-serif;\">Der \u201eForschungsbericht\u201c gibt auch den sp\u00e4tergeborenen Europ\u00e4ern einen unterhaltsamen und nachdenklich stimmenden Eindruck von der wilhelminischen Zeit- und vieles, mu\u00df man feststellen, hat sich im Grunde nicht ge\u00e4ndert. Nat\u00fcrlich spiegelt der Lukanga Mukara auch das lebensreformerische Programm zu Beginn des 20. Jahrhunderts in Europa wieder.<\/span><br style=\"font-family: Helvetica,Arial,sans-serif;\" \/><br style=\"font-family: Helvetica,Arial,sans-serif;\" \/><span style=\"font-family: Helvetica,Arial,sans-serif;\">Spa\u00df macht der \u201eLukanga Mukara\u201c vor allem deshalb, weil hier nicht wie \u00fcblich ein \u201ewestlicher\u201c Soziologe oder Ethnologe die \u201ewilden\u201c Au\u00dfereurop\u00e4er beforscht, sondern der \u201efremde\u201c Europ\u00e4er pl\u00f6tzlich selbst zum Gegenstand einer Studie wird \u2013 dieser ungew\u00f6hnliche Positionswechsel sei jedem Forscher nur empfohlen! F\u00fcr alle anderen gilt: hier kann man \u00fcber den westlichen Kulturkreis und \u00fcber sich selbst lachen und manchmal auch ein bi\u00dfchen verzweifeln. Pl\u00f6tzlich teilt man die Sehnsucht Lukanga Mukaras, wieder in seiner Heimat zu sein und seinen wirklichen Namen zu tragen, der genau seine Pers\u00f6nlichkeit ausdr\u00fcckt. Denn in Deutschland ist er nicht er selbst, sondern:<\/span><br style=\"font-family: Helvetica,Arial,sans-serif;\" \/><span style=\"font-family: Helvetica,Arial,sans-serif;\">&#8230;&#8230;&#8230;&#8230;&#8230;&#8230;&#8230;&#8230;&#8230;&#8230;<\/span><br style=\"font-family: Helvetica,Arial,sans-serif;\" \/><span style=\"font-family: Helvetica,Arial,sans-serif;\">Lfd. Nr. &#8211; \/<\/span><br style=\"font-family: Helvetica,Arial,sans-serif;\" \/><span style=\"font-family: Helvetica,Arial,sans-serif;\">Name \u2013 Mukara<\/span><br style=\"font-family: Helvetica,Arial,sans-serif;\" \/><span style=\"font-family: Helvetica,Arial,sans-serif;\">Vorname \u2013 Lukanga<\/span><br style=\"font-family: Helvetica,Arial,sans-serif;\" \/><span style=\"font-family: Helvetica,Arial,sans-serif;\">Tag der Anmeldung &#8211; 4.4.12<\/span><br style=\"font-family: Helvetica,Arial,sans-serif;\" \/><span style=\"font-family: Helvetica,Arial,sans-serif;\">Religion \u2013 Heide<\/span><br style=\"font-family: Helvetica,Arial,sans-serif;\" \/><span style=\"font-family: Helvetica,Arial,sans-serif;\">Geburtstag- und Ort \u2013 unbek. Ukara<\/span><br style=\"font-family: Helvetica,Arial,sans-serif;\" \/><span style=\"font-family: Helvetica,Arial,sans-serif;\">Staatsangeh\u00f6rigkeit \u2013 Kitara<\/span><br style=\"font-family: Helvetica,Arial,sans-serif;\" \/><span style=\"font-family: Helvetica,Arial,sans-serif;\">Impfvermerk \u2013 Erfolg<\/span><br style=\"font-family: Helvetica,Arial,sans-serif;\" \/><span style=\"font-family: Helvetica,Arial,sans-serif;\">Vorbestraft &#8211; \/<\/span><br style=\"font-family: Helvetica,Arial,sans-serif;\" \/><span style=\"font-family: Helvetica,Arial,sans-serif;\">&#8230;&#8230;&#8230;&#8230;&#8230;&#8230;&#8230;&#8230;&#8230;&#8230;&#8230;.<\/span><br style=\"font-family: Helvetica,Arial,sans-serif;\" \/><span style=\"font-family: Helvetica,Arial,sans-serif; font-weight: bold;\">Inhaltsverzeichnis:<\/span><br style=\"font-family: Helvetica,Arial,sans-serif;\" \/><span style=\"font-family: Helvetica,Arial,sans-serif;\">Vorwort des Herausgebers<\/span><br style=\"font-family: Helvetica,Arial,sans-serif;\" \/><span style=\"font-family: Helvetica,Arial,sans-serif;\">Einleitung von Hans Paasche<\/span><br style=\"font-family: Helvetica,Arial,sans-serif;\" \/><\/small><\/p>\n<p><small style=\"color: #3d3d00;\"><span style=\"font-family: Helvetica,Arial,sans-serif;\">Erster Brief:<\/span><span style=\"font-family: Helvetica,Arial,sans-serif;\"> Von M\u00fcnzen, \u201eKultur\u201c und Briefen<\/span><br style=\"font-family: Helvetica,Arial,sans-serif;\" \/><\/small><\/p>\n<p><small style=\"color: #3d3d00;\"><span style=\"font-family: Helvetica,Arial,sans-serif;\">Zweiter Brief:<\/span><span style=\"font-family: Helvetica,Arial,sans-serif;\"> Vom Rauch, von der Arbeit und der Unsitte des Bekleidens<\/span><br style=\"font-family: Helvetica,Arial,sans-serif;\" \/><\/small><\/p>\n<p><small style=\"color: #3d3d00;\"><span style=\"font-family: Helvetica,Arial,sans-serif;\">Dritter Brief:<\/span><span style=\"font-family: Helvetica,Arial,sans-serif;\"> Das Handwerk des Schreibens und Lesens \/ Reiche und Arme \/ Die Wasungu sind keine Menschen \/ Die Frauen<\/span><\/small><\/p>\n<p><small style=\"color: #3d3d00;\"><span style=\"font-family: Helvetica,Arial,sans-serif;\">Vierter Brief:<\/span><span style=\"font-family: Helvetica,Arial,sans-serif;\"> Weshalb die Wasungu hin und her laufen und fahren<\/span><br style=\"font-family: Helvetica,Arial,sans-serif;\" \/><\/small><\/p>\n<p><small style=\"color: #3d3d00;\"><span style=\"font-family: Helvetica,Arial,sans-serif;\">F\u00fcnfter Brief:<\/span><span style=\"font-family: Helvetica,Arial,sans-serif;\"> Was und wie die Wasungu essen<\/span><br style=\"font-family: Helvetica,Arial,sans-serif;\" \/><\/small><\/p>\n<p><small style=\"color: #3d3d00;\"><span style=\"font-family: Helvetica,Arial,sans-serif;\">Sechster Brief: <\/span><span style=\"font-family: Helvetica,Arial,sans-serif;\">\u00dcber die Narrheit, die die Wasungu \u201eVolkswirtschaft\u201c nennen<\/span><br style=\"font-family: Helvetica,Arial,sans-serif;\" \/><\/small><\/p>\n<p><small style=\"color: #3d3d00;\"><span style=\"font-family: Helvetica,Arial,sans-serif;\">Siebenter Brief:<\/span><span style=\"font-family: Helvetica,Arial,sans-serif;\"> Wie die Deutschen ihren K\u00f6nig feiern<\/span><br style=\"font-family: Helvetica,Arial,sans-serif;\" \/><\/small><\/p>\n<p><small style=\"color: #3d3d00;\"><span style=\"font-family: Helvetica,Arial,sans-serif;\">Achter Brief: <\/span><span style=\"font-family: Helvetica,Arial,sans-serif;\">\u00dcber das Rauchstinken der Wasungu<\/span><br style=\"font-family: Helvetica,Arial,sans-serif;\" \/><\/small><\/p>\n<p><small style=\"color: #3d3d00;\"><span style=\"font-family: Helvetica,Arial,sans-serif;\">Neunter Brief:<\/span><span style=\"font-family: Helvetica,Arial,sans-serif;\"> Lukanga auf dem Hohen Mei\u00dfner<\/span><br style=\"font-family: Helvetica,Arial,sans-serif;\" \/><span style=\"font-family: Helvetica,Arial,sans-serif;\">***************<\/span><\/small><\/p>\n","protected":false},"excerpt":{"rendered":"<p>* Hans Paasche *Die Forschungsreise des Afrikaners Lukanga Mukara ins [&hellip;] &hellip; <a href=\"https:\/\/www.packpapierverlag.de\/?product=lukanga-mukara\">Weiterlesen <span class=\"meta-nav\">&rarr;<\/span><\/a><\/p>\n","protected":false},"featured_media":2893,"template":"","meta":[],"product_brand":[],"product_cat":[18,6,3],"product_tag":[],"class_list":{"0":"post-477","1":"product","2":"type-product","3":"status-publish","4":"has-post-thumbnail","6":"product_cat-literatur","7":"product_cat-politik-und-geschichte","8":"product_cat-produkte","10":"first","11":"instock","12":"shipping-taxable","13":"purchasable","14":"product-type-simple"},"_links":{"self":[{"href":"https:\/\/www.packpapierverlag.de\/index.php?rest_route=\/wp\/v2\/product\/477","targetHints":{"allow":["GET"]}}],"collection":[{"href":"https:\/\/www.packpapierverlag.de\/index.php?rest_route=\/wp\/v2\/product"}],"about":[{"href":"https:\/\/www.packpapierverlag.de\/index.php?rest_route=\/wp\/v2\/types\/product"}],"wp:featuredmedia":[{"embeddable":true,"href":"https:\/\/www.packpapierverlag.de\/index.php?rest_route=\/wp\/v2\/media\/2893"}],"wp:attachment":[{"href":"https:\/\/www.packpapierverlag.de\/index.php?rest_route=%2Fwp%2Fv2%2Fmedia&parent=477"}],"wp:term":[{"taxonomy":"product_brand","embeddable":true,"href":"https:\/\/www.packpapierverlag.de\/index.php?rest_route=%2Fwp%2Fv2%2Fproduct_brand&post=477"},{"taxonomy":"product_cat","embeddable":true,"href":"https:\/\/www.packpapierverlag.de\/index.php?rest_route=%2Fwp%2Fv2%2Fproduct_cat&post=477"},{"taxonomy":"product_tag","embeddable":true,"href":"https:\/\/www.packpapierverlag.de\/index.php?rest_route=%2Fwp%2Fv2%2Fproduct_tag&post=477"}],"curies":[{"name":"wp","href":"https:\/\/api.w.org\/{rel}","templated":true}]}}