{"id":486,"date":"2010-12-12T16:38:06","date_gmt":"2010-12-12T15:38:06","guid":{"rendered":"http:\/\/www.packpapierverlag.de\/neu\/?p=486"},"modified":"2017-04-24T11:37:25","modified_gmt":"2017-04-24T09:37:25","slug":"schweidlenka-gugenberger-mutter-erde-politik","status":"publish","type":"product","link":"https:\/\/www.packpapierverlag.de\/?product=schweidlenka-gugenberger-mutter-erde-politik","title":{"rendered":"Schweidlenka, Gugenberger: Mutter Erde, Magie &#038; Politik (v70)"},"content":{"rendered":"<p><a href=\"https:\/\/www.packpapierverlag.de\/wp-content\/uploads\/2010\/12\/Mutter-Erde.jpg\"><img loading=\"lazy\" decoding=\"async\" class=\"alignleft size-medium wp-image-3903\" title=\"Mutter Erde\" src=\"https:\/\/www.packpapierverlag.de\/wp-content\/uploads\/2010\/12\/Mutter-Erde-216x300.jpg\" alt=\"\" width=\"216\" height=\"300\" srcset=\"https:\/\/www.packpapierverlag.de\/wp-content\/uploads\/2010\/12\/Mutter-Erde-216x300.jpg 216w, https:\/\/www.packpapierverlag.de\/wp-content\/uploads\/2010\/12\/Mutter-Erde-300x415.jpg 300w, https:\/\/www.packpapierverlag.de\/wp-content\/uploads\/2010\/12\/Mutter-Erde-739x1024.jpg 739w, https:\/\/www.packpapierverlag.de\/wp-content\/uploads\/2010\/12\/Mutter-Erde.jpg 1024w\" sizes=\"auto, (max-width: 216px) 100vw, 216px\" \/><\/a><small style=\"color: #002b00; font-family: Helvetica,Arial,sans-serif;\">Eduard Gugenberger \/ Roman Schweidlenka:<br \/>\n<big style=\"font-weight: bold; color: #005d00;\">Mutter Erde, Magie &amp; Politik. Zwischen Faschismus und neuer Gesellschaft<\/big><br \/>\n322 Seiten starkes Buch. 2005 im Packpapierverlag (Osnabr\u00fcck).<br \/>\nISBN 3-931504-39-5<br \/>\nDie Autoren besch\u00e4ftigen sich seit vielen Jahren mit Esoterik und praktisch- utopischen Gemeinschaften. Wer in der Spiritualit\u00e4t nur seine Entspannung sucht, dem wird dieses Buch zu anspruchsvoll sein. Ideal ist es dagegen f\u00fcr alle, die sich \u00fcber spirituelle Str\u00f6mungen und Gemeinschaften und ihre braunen Randbereiche informieren m\u00f6chten- auch, um selbst nicht in fragw\u00fcrdige Netze zu geraten. Au\u00dferdem setzen sich die Autoren mit Mythen und sog. Natur- oder archaischen Religionen auseinander und mit dem oftmals erheblich verzerrten Bild, das sich die moderne \u201ewestliche Welt\u201c von diesen macht.<br \/>\nINHALT: \u00a0* Danksagung * Vorwort * Einleitung * Wie alles begann * Signale eines radikalen gesellschaftlichen Wandels * Die Gegenkultur * Mutterscho\u00df der naturreligi\u00f6sen und esoterischen Bewegungen * Das Andere Gesicht der Geschichte * Die Kontinuit\u00e4t des magischen Naturbewusstseins * Die Urkulturrezeption * Die Indianerrezeption * Die Germanenrezeption * Die Keltenrezeption * Der abendl\u00e4ndische Okkultismus \u2013 seine geistigen Grundlagen und politische Konsequenzen * Der Nationalsozialismus * Die pervertierte Spiritualit\u00e4t \u2013 der Nationalsozialismus als historisches Erbe * Anmerkung zur nationalsozialistischen Ideologie: Autorit\u00e4re Religiosit\u00e4t * Kehren die D\u00e4monen wieder? * Ariosophie \u2013 Wandlungen und Verkleidungen * Herman Wirth und das nationalsozialistische Matriarchat * Der \u201eAbendl\u00e4ndische Besinnungskreis Heimatreligion\u201c (ABH) * Die braune F\u00e4rbung der gr\u00fcnen Mutter Erde oder die Geschichte des Andreas Lentz * Julius Evola und sein magischer Faschismus * Theosophie \u2013 der Mythos von der gro\u00dfen wei\u00dfen Bruderschaft * Die Lehre von den Wurzelrassen * Die neue Innerlichkeit \u2013 Esoterik als Ego-Kult * Reinkarnation und Karma * Das gr\u00fcne<br \/>\nGesicht \u2013 okkulte Phantastik und politische Wirklichkeit * Neue Akropolis \u2013 eine Schule f\u00fcr Esoterik, Ordnung und Disziplin * Aquamarin und die Aura des Rassismus * Die New Age-Bewegung: Wegbereiter f\u00fcr einen esoterischen Faschismus? * Esoterische Ufologie: Au\u00dferirdische und ein Ufo-Hitler infiltrieren die esoterische und gr\u00fcne Bewegung * \u00d6ko-H\u00e4uptling Herbert Gruhl * Nationalrevolution\u00e4re und die Wiedervereinigung Deutschlands * Henning Eichberg \u2013 Chefidiologie der Nationalrevolution\u00e4re * \u00d6stliche Spiritualit\u00e4t * Seltsame Bl\u00fcten * Maharishi Mahesh Yogi und die Transzendentale Meditation * Ein Flirt mit Diktatoren? * Impulse aus dem Archaikum: Die Indianerbewegung * Die origin\u00e4re Indianerbewegung * Die europ\u00e4ische Indianerbewegung (im deutschen Sprachraum) * Stadtindianer * Indianerromantik und Plastikmedizinm\u00e4nner * Carlos Castaneda: ein gro\u00dfer Bluff als Startschuss zur Schamanenwelle * \u201eIndianische R\u00e4der\u201c rollen durch die Lande * Insidergeschichten aus der Indianerszene * Hopi-Indianer erobern den deutschen Sprachraum * Auf der Suche nach den verlorenen Wurzeln * Die neuen Heiden * Maginaug: Neuheidnischer Idealismus * Die \u00d6kologischen Germanen und ihre Schamanen * Es raun(t)en die Runen von nah und fern * Wilhelm Fabricius: ein \u201edeutscher Indianer\u201c? * Weibliche Spiritualit\u00e4t und modernes Hexentum \u2013 Versuch einer Ann\u00e4herung aus der Sicht eines Mannes * Erdreligion als Politik: das \u00dcberlebensnetzwerk * Aus der Szene * Spiritualit\u00e4t und Politik am Beispiel Hainburg * Alpbacher Schamanentreffen: Avantgarde mit Verwirrung * Das erste europ\u00e4ische Medizinradtreffen: der gro\u00dfe Auftritt der Sigrun Schleipfer * Sommernachtstraum und Druidenspuk \u2013 Nachlese zum Zwettler * Kelten-Kongre\u00df (Sp\u00e4tsommer 1984) * Der New Age-Kongre\u00df \u201eDer Geist des Friedens\u201c: Starkult, Chauvinismus und Neokolonialismus * Neo-schamanische Wege ins Neue Zeitalter * \u201eDas andere Amerika\u201c und die spirituellen Gehversuche der rotgr\u00fcnen Avantgarde * Schamanismus als \u201eShowmanismus\u201c * Anstelle eines Nachwortes * Die neue (Stammes-) Gesellschaft * Anhang * Gruppen- und Zeitschriftenanalyse * Bibliographie<\/small><\/p>\n","protected":false},"excerpt":{"rendered":"<p>Eduard Gugenberger \/ Roman Schweidlenka: Mutter Erde, Magie &amp; Politik. [&hellip;] &hellip; <a href=\"https:\/\/www.packpapierverlag.de\/?product=schweidlenka-gugenberger-mutter-erde-politik\">Weiterlesen <span class=\"meta-nav\">&rarr;<\/span><\/a><\/p>\n","protected":false},"featured_media":3903,"template":"","meta":[],"product_brand":[],"product_cat":[11,6,3],"product_tag":[],"class_list":{"0":"post-486","1":"product","2":"type-product","3":"status-publish","4":"has-post-thumbnail","6":"product_cat-indianer-poster-texte","7":"product_cat-politik-und-geschichte","8":"product_cat-produkte","10":"first","11":"instock","12":"shipping-taxable","13":"purchasable","14":"product-type-simple"},"_links":{"self":[{"href":"https:\/\/www.packpapierverlag.de\/index.php?rest_route=\/wp\/v2\/product\/486","targetHints":{"allow":["GET"]}}],"collection":[{"href":"https:\/\/www.packpapierverlag.de\/index.php?rest_route=\/wp\/v2\/product"}],"about":[{"href":"https:\/\/www.packpapierverlag.de\/index.php?rest_route=\/wp\/v2\/types\/product"}],"wp:featuredmedia":[{"embeddable":true,"href":"https:\/\/www.packpapierverlag.de\/index.php?rest_route=\/wp\/v2\/media\/3903"}],"wp:attachment":[{"href":"https:\/\/www.packpapierverlag.de\/index.php?rest_route=%2Fwp%2Fv2%2Fmedia&parent=486"}],"wp:term":[{"taxonomy":"product_brand","embeddable":true,"href":"https:\/\/www.packpapierverlag.de\/index.php?rest_route=%2Fwp%2Fv2%2Fproduct_brand&post=486"},{"taxonomy":"product_cat","embeddable":true,"href":"https:\/\/www.packpapierverlag.de\/index.php?rest_route=%2Fwp%2Fv2%2Fproduct_cat&post=486"},{"taxonomy":"product_tag","embeddable":true,"href":"https:\/\/www.packpapierverlag.de\/index.php?rest_route=%2Fwp%2Fv2%2Fproduct_tag&post=486"}],"curies":[{"name":"wp","href":"https:\/\/api.w.org\/{rel}","templated":true}]}}