{"id":4996,"date":"2012-06-08T23:06:14","date_gmt":"2012-06-08T21:06:14","guid":{"rendered":"http:\/\/www.packpapierverlag.de\/?p=4996"},"modified":"2020-05-12T15:29:11","modified_gmt":"2020-05-12T13:29:11","slug":"stoppt-den-agrarenergie-wahn-palmol-und-co","status":"publish","type":"product","link":"https:\/\/www.packpapierverlag.de\/?product=stoppt-den-agrarenergie-wahn-palmol-und-co","title":{"rendered":"Stoppt den Agrarenergie-Wahn! Palm\u00f6l und Co. (f45)"},"content":{"rendered":"<p><a href=\"https:\/\/www.packpapierverlag.de\/wp-content\/uploads\/2012\/06\/Agrarenergiewahn.jpg\"><img loading=\"lazy\" decoding=\"async\" class=\"alignleft size-medium wp-image-4997\" title=\"Agrarenergiewahn\" src=\"https:\/\/www.packpapierverlag.de\/wp-content\/uploads\/2012\/06\/Agrarenergiewahn-214x300.jpg\" alt=\"\" width=\"214\" height=\"300\" srcset=\"https:\/\/www.packpapierverlag.de\/wp-content\/uploads\/2012\/06\/Agrarenergiewahn-214x300.jpg 214w, https:\/\/www.packpapierverlag.de\/wp-content\/uploads\/2012\/06\/Agrarenergiewahn-300x420.jpg 300w, https:\/\/www.packpapierverlag.de\/wp-content\/uploads\/2012\/06\/Agrarenergiewahn-732x1024.jpg 732w, https:\/\/www.packpapierverlag.de\/wp-content\/uploads\/2012\/06\/Agrarenergiewahn.jpg 1024w\" sizes=\"auto, (max-width: 214px) 100vw, 214px\" \/><\/a><\/p>\n<p><small style=\"color: #2f470d;\"><big style=\"color: #9a2765;\"><span style=\"font-family: Helvetica,Arial,sans-serif; font-weight: bold;\">Stoppt den Agrarenergie-Wahn!<\/span><\/big><br style=\"font-family: Helvetica,Arial,sans-serif;\" \/><span style=\"font-family: Helvetica,Arial,sans-serif;\">Published by GRAIN. \u00dcbersetzt ins Deutsche von Norbert Suchanek<\/span> <span style=\"font-family: Helvetica,Arial,sans-serif;\">Hamburg: Rettet den Regenwald 2009. Bebilderte Brosch\u00fcre mit 67 Seiten,<br \/>\nDIN A4.<\/span><br style=\"font-family: Helvetica,Arial,sans-serif;\" \/><span style=\"font-family: Helvetica,Arial,sans-serif;\">Die rasante globale Expansion von sogenannten \u201eBio\u201c- Treibstoffen hat noch schlimmere Folgen, als Umweltverb\u00e4nde und NGOs bef\u00fcrchteten: Tausende empfindliche \u00d6kosysteme werden zerst\u00f6rt und Aberhunderte indigene und l\u00e4ndliche Gemeinschaften werden auf brutale Weise von ihrem Land vertrieben. Geht die Entwicklung weiter wie bisher, k\u00f6nnten wir es mit einer bisher beispiellosen weltweiten Landvertreibung zu tun bekommen, die nicht nur unabsehbare \u00f6kologische, sondern auch soziale Katastrophen zur Folge haben wird- und bereits hat.<\/span> <span style=\"font-family: Helvetica,Arial,sans-serif;\">Diese Brosch\u00fcre kl\u00e4rt \u00fcber die angebliche \u201e\u00d6ko\u201c-Verhei\u00dfung und ihre Folgen auf. Energie ist eines der wichtigsten Themen der Zukunft \u2013 denn unser Energie-Hunger stellt die Zukunft mehr denn je in Frage.<\/span><br style=\"font-family: Helvetica,Arial,sans-serif;\" \/><span style=\"font-family: Helvetica,Arial,sans-serif;\"><span style=\"font-weight: bold;\">INHALT: STOPPT DEN ARARENERGIE-WAHN! <\/span>* Bio oder Business? * Blaupause f\u00fcr gr\u00fcne Energie? * Millionen Hektar- Milliarden Dollar * Klimawandel bek\u00e4mpfen? * Die Energiegleichung * <span style=\"font-weight: bold;\">NACHHALTIGE AGRARTREIBSTOFFE: NEIN DANKE!<\/span> * <span style=\"font-weight: bold;\">WAS SIND AGRARTREIBSTOFFE?<\/span> * <span style=\"font-weight: bold;\">KONZERNMACHT: AGRARTREIBSTOFFE UND DIE AUSBREITUNG DES AGROBUSINESS<\/span> * Woher das Geld stammt * Wohin das Geld flie\u00dft * Politischer Wind * Gr\u00fcnes Agrobusiness? Don`t be fuelled * Die Carlyle-Gruppe: Ein Agrartreibstoff-Konzern? * Wall Street auf dem Bauernhof: George Soros und Goldman Sachs * Robert Kuok und das Wilmar-Netz * <span style=\"font-weight: bold;\">DIE PALM\u00d6L-BIODIESEL-VERBINDUNG<\/span> * <span style=\"font-weight: bold;\">KONZERNKONTROLLE, DIE FOLGEN<\/span> * Alternative Energiepflanzen und Agrartreibstoffe der n\u00e4chsten Generation* Gro\u00dfe Erd\u00f6lfirmen und gro\u00dfe Holzplantagen * <span style=\"font-weight: bold;\">DIE ZUCKERROHR-ETHANOL-VERBINDUNG<\/span>* Guyana: Die erste * Station des Ethanol-Express * Das Crystalsev-Konglomerat * Das Ometto-Konglomerat * <span style=\"font-weight: bold;\">AGRARTREIBSTOFFE IN ASIEN<\/span> * Antrieb f\u00fcr Verarmung, Konflikte, Entwaldung und Klimawandel * Ambitionierte Expansionspl\u00e4ne * Einheimische zahlen den Preis * Indonesien leidet unter Agrartreibstoff-Fieber * Wer steckt hinter S\u00fcdostasien Agrartreibstoff-Industrie? * Nachhaltige Agrartreibstoffe: falsche Versprechungen und L\u00f6sungen * Fazit * <span style=\"font-weight: bold;\">SCHNAPPSCHUSS AUF DIE AGRARTREIBSTOFF-SITUATION IN EINIGEN L\u00c4NDERN ASIENS <\/span>* Japan * China * S\u00fcdkorea * Philippinen * Thailand* Indien* <span style=\"font-weight: bold;\">JATROPHA- DER AGRARTREIBSTOFF DER ARMEN?<\/span> *<span style=\"font-weight: bold;\"> DER KAMPF UM AFRIKA<\/span> * Beispiele des internationalen Investments * Nigeria- neuer Energiemarkt, gleiche Geschichte * Land f\u00fcr Treibstoff, nicht f\u00fcr Bauern * Agrartreibstoffe verbessern die Energieversorgungssicherheit?* Massive Proteste in Uganda wegen Agrartreibstoffprojekten * Weckruf f\u00fcr S\u00fcdafrika* Widerstand w\u00e4chst* \u00c4thiopien-Szenenaufbau f\u00fcr die Hungersnot durch Biotreibstoffe * <span style=\"font-weight: bold;\">DIE SOJA-VERKN\u00dcPFUNG IN S\u00dcDAFRIKA<\/span> * <span style=\"font-weight: bold;\">WEITERF\u00dcHRENDE LITERATUR<\/span> * <span style=\"font-weight: bold;\">IMPRESSUM<\/span> (\u00fcber GRAIN und Rettet den Regenwald e.V.)<\/span><\/small><\/p>\n","protected":false},"excerpt":{"rendered":"<p>Stoppt den Agrarenergie-Wahn!Published by GRAIN. \u00dcbersetzt ins Deutsche von Norbert [&hellip;] &hellip; <a href=\"https:\/\/www.packpapierverlag.de\/?product=stoppt-den-agrarenergie-wahn-palmol-und-co\">Weiterlesen <span class=\"meta-nav\">&rarr;<\/span><\/a><\/p>\n","protected":false},"featured_media":4997,"template":"","meta":[],"product_brand":[],"product_cat":[17,3],"product_tag":[],"class_list":{"0":"post-4996","1":"product","2":"type-product","3":"status-publish","4":"has-post-thumbnail","6":"product_cat-land-garten-anders-leben","7":"product_cat-produkte","9":"first","10":"instock","11":"shipping-taxable","12":"purchasable","13":"product-type-simple"},"_links":{"self":[{"href":"https:\/\/www.packpapierverlag.de\/index.php?rest_route=\/wp\/v2\/product\/4996","targetHints":{"allow":["GET"]}}],"collection":[{"href":"https:\/\/www.packpapierverlag.de\/index.php?rest_route=\/wp\/v2\/product"}],"about":[{"href":"https:\/\/www.packpapierverlag.de\/index.php?rest_route=\/wp\/v2\/types\/product"}],"wp:featuredmedia":[{"embeddable":true,"href":"https:\/\/www.packpapierverlag.de\/index.php?rest_route=\/wp\/v2\/media\/4997"}],"wp:attachment":[{"href":"https:\/\/www.packpapierverlag.de\/index.php?rest_route=%2Fwp%2Fv2%2Fmedia&parent=4996"}],"wp:term":[{"taxonomy":"product_brand","embeddable":true,"href":"https:\/\/www.packpapierverlag.de\/index.php?rest_route=%2Fwp%2Fv2%2Fproduct_brand&post=4996"},{"taxonomy":"product_cat","embeddable":true,"href":"https:\/\/www.packpapierverlag.de\/index.php?rest_route=%2Fwp%2Fv2%2Fproduct_cat&post=4996"},{"taxonomy":"product_tag","embeddable":true,"href":"https:\/\/www.packpapierverlag.de\/index.php?rest_route=%2Fwp%2Fv2%2Fproduct_tag&post=4996"}],"curies":[{"name":"wp","href":"https:\/\/api.w.org\/{rel}","templated":true}]}}