{"id":5000,"date":"2012-06-08T23:17:04","date_gmt":"2012-06-08T21:17:04","guid":{"rendered":"http:\/\/www.packpapierverlag.de\/?p=5000"},"modified":"2017-03-05T08:49:27","modified_gmt":"2017-03-05T07:49:27","slug":"tropischer-regenwald-doku-f48","status":"publish","type":"product","link":"https:\/\/www.packpapierverlag.de\/?product=tropischer-regenwald-doku-f48","title":{"rendered":"Tropischer Regenwald \/ Doku (f48)"},"content":{"rendered":"<p>Preis: [yak_price] [yak_buy]<br \/>\n<a href=\"https:\/\/www.packpapierverlag.de\/wp-content\/uploads\/2012\/06\/Tropischer-Regenwald.jpg\"><img loading=\"lazy\" decoding=\"async\" class=\"alignleft size-medium wp-image-5001\" title=\"Tropischer Regenwald\" src=\"https:\/\/www.packpapierverlag.de\/wp-content\/uploads\/2012\/06\/Tropischer-Regenwald-213x300.jpg\" alt=\"\" width=\"213\" height=\"300\" srcset=\"https:\/\/www.packpapierverlag.de\/wp-content\/uploads\/2012\/06\/Tropischer-Regenwald-213x300.jpg 213w, https:\/\/www.packpapierverlag.de\/wp-content\/uploads\/2012\/06\/Tropischer-Regenwald-300x421.jpg 300w, https:\/\/www.packpapierverlag.de\/wp-content\/uploads\/2012\/06\/Tropischer-Regenwald-730x1024.jpg 730w, https:\/\/www.packpapierverlag.de\/wp-content\/uploads\/2012\/06\/Tropischer-Regenwald.jpg 1024w\" sizes=\"auto, (max-width: 213px) 100vw, 213px\" \/><\/a><\/p>\n<p><small style=\"color: #104804;\"><big style=\"color: #007900;\"><span style=\"font-family: Helvetica,Arial,sans-serif; font-weight: bold;\">Naturschutzjugend im DBV (Herausgeber): Tropischer Regenwald<\/span><\/big><br style=\"font-family: Helvetica,Arial,sans-serif;\" \/><span style=\"font-family: Helvetica,Arial,sans-serif;\">Autoren: Die Naturschutz- Kindergruppen der AG \u201eTropischer Regenwald\u201c vom DBV\u00a0 und der\u00a0 Naturwissenschaftliche Verein, Bielefeld<\/span><span style=\"font-family: Helvetica,Arial,sans-serif;\">. 1. Auflage 1989, 3.000 Exemplare<\/span><br style=\"font-family: Helvetica,Arial,sans-serif;\" \/><span style=\"font-family: Helvetica,Arial,sans-serif;\">Wir verkaufen hier die Restbest\u00e4nde einer wirklich sch\u00f6nen, raren Brosch\u00fcre in DIN A4 mit 122 Seiten. Sie ist durchg\u00e4ngig in sehr gut lesbarer Handschrift verfa\u00dft und enth\u00e4lt viele, viele Zeichnungen und Grafiken, zum Teil von Jugendlichen, zum Teil von erwachsenen Zeichnern. Die Brosch\u00fcre bietet eine (nicht nur f\u00fcr junge Menschen geeignete) Einf\u00fchrung in die verschiedenen Regenwaldformen, ihre \u00d6kosysteme, ihre tierischen und menschlichen Bewohner und die st\u00e4ndig fortschreitende Zerst\u00f6rung durch die Holz- und Agrarindustrie.\u00a0 Die Brosch\u00fcre ist auch f\u00fcr den Schulunterricht geeignet.<\/span><br style=\"font-family: Helvetica,Arial,sans-serif;\" \/><span style=\"font-family: Helvetica,Arial,sans-serif;\"><span style=\"font-weight: bold;\">INHALT<\/span>: * Der Urwald- ein Reisebericht * Warum gibt es in Europa keinen Regenwald? * Verbreitung des tropischen Regenwaldes * (Regen-)Wald ist nicht gleich (Regen-)Wald * \u00dcbersichtskarte von Brasilien * Brasilien&#8230; und mittendrin der Amazonas * <span style=\"font-weight: bold;\">PFLANZEN<\/span>: * B\u00e4ume * Zwischen Boden und Baumkrone * Der Auenregenwald * Moorregenwald * Mangrove * Gebirgsregenwald * Der Kampf um das \u00dcberleben * Pilze * <span style=\"font-weight: bold;\">TIERE: <\/span>* Affen, Affenverwandte und Affen\u00e4hnliche * Unpaarhufer * Paarhufer * Katzen * Andere S\u00e4ugetiere * V\u00f6gel * Nester * Fische im Amazonas und seinen Nebenfl\u00fcssen * Amphibien des Urwaldes * Reptilien * Insekten * Tropischer Regenwald- Wunderwelt der Genetik * Nahrungsnetze und andere Kreisl\u00e4ufe * <span style=\"font-weight: bold;\">DIE ZERST\u00d6RUNG EINES LEBENSRAUMES UND SEINER BEWOHNER <\/span>* Eisenbahn- und Stra\u00dfenbahn * Holzhandel * Rinderzucht * Plantagenwirtschaft, Monokultur * Andere Zerst\u00f6rungen * <span style=\"font-weight: bold;\">MENSCHEN DES TROPISCHEN REGENWALDES<\/span> * Menschliches Leben in S\u00fcdamerika * Lebensbedingungen im Tropischen Regenwald * Landwirtschaft * Nahrungsmittel * Struktur der indianischen Dorfgemeinschaften * Geschichtliche Entwicklung seit 1500 * Politische Entwicklung: Brasilianisch- indianische Problematik am Fallbeispiel * Hoffnungsschimmer?!<\/span><span style=\"font-family: Helvetica,Arial,sans-serif;\">\u00a0* <span style=\"font-weight: bold;\">Global gesehen<\/span> * Was eine Naturschutz-Kindergruppe mit dem Thema zu tun hat und wie sie aktiv werden kann (Aktionsvorschl\u00e4ge) * Ausschnitt aus der Rede des H\u00e4uptlings Seattle * Literatur, Quellenangaben * Impressum<\/span><\/small><\/p>\n","protected":false},"excerpt":{"rendered":"<p>Preis: [yak_price] [yak_buy] Naturschutzjugend im DBV (Herausgeber): Tropischer RegenwaldAutoren: Die [&hellip;] &hellip; <a href=\"https:\/\/www.packpapierverlag.de\/?product=tropischer-regenwald-doku-f48\">Weiterlesen <span class=\"meta-nav\">&rarr;<\/span><\/a><\/p>\n","protected":false},"featured_media":5001,"template":"","meta":[],"product_brand":[],"product_cat":[17,3],"product_tag":[],"class_list":{"0":"post-5000","1":"product","2":"type-product","3":"status-publish","4":"has-post-thumbnail","6":"product_cat-land-garten-anders-leben","7":"product_cat-produkte","9":"first","10":"instock","11":"shipping-taxable","12":"purchasable","13":"product-type-simple"},"_links":{"self":[{"href":"https:\/\/www.packpapierverlag.de\/index.php?rest_route=\/wp\/v2\/product\/5000","targetHints":{"allow":["GET"]}}],"collection":[{"href":"https:\/\/www.packpapierverlag.de\/index.php?rest_route=\/wp\/v2\/product"}],"about":[{"href":"https:\/\/www.packpapierverlag.de\/index.php?rest_route=\/wp\/v2\/types\/product"}],"wp:featuredmedia":[{"embeddable":true,"href":"https:\/\/www.packpapierverlag.de\/index.php?rest_route=\/wp\/v2\/media\/5001"}],"wp:attachment":[{"href":"https:\/\/www.packpapierverlag.de\/index.php?rest_route=%2Fwp%2Fv2%2Fmedia&parent=5000"}],"wp:term":[{"taxonomy":"product_brand","embeddable":true,"href":"https:\/\/www.packpapierverlag.de\/index.php?rest_route=%2Fwp%2Fv2%2Fproduct_brand&post=5000"},{"taxonomy":"product_cat","embeddable":true,"href":"https:\/\/www.packpapierverlag.de\/index.php?rest_route=%2Fwp%2Fv2%2Fproduct_cat&post=5000"},{"taxonomy":"product_tag","embeddable":true,"href":"https:\/\/www.packpapierverlag.de\/index.php?rest_route=%2Fwp%2Fv2%2Fproduct_tag&post=5000"}],"curies":[{"name":"wp","href":"https:\/\/api.w.org\/{rel}","templated":true}]}}