{"id":501,"date":"2010-12-12T16:41:40","date_gmt":"2010-12-12T15:41:40","guid":{"rendered":"http:\/\/www.packpapierverlag.de\/neu\/?p=501"},"modified":"2020-04-10T11:33:40","modified_gmt":"2020-04-10T09:33:40","slug":"schlemm-selbstentfaltungsgesellschaft-als-konkrete-utopie","status":"publish","type":"product","link":"https:\/\/www.packpapierverlag.de\/?product=schlemm-selbstentfaltungsgesellschaft-als-konkrete-utopie","title":{"rendered":"Annette Schlemm: Selbstentfaltungsgesellschaft (p140)"},"content":{"rendered":"<p><a href=\"https:\/\/www.packpapierverlag.de\/wp-content\/uploads\/2010\/12\/Schlemm-Selbst.jpg\"><img loading=\"lazy\" decoding=\"async\" class=\"alignleft size-medium wp-image-5147\" title=\"Schlemm Selbst\" src=\"https:\/\/www.packpapierverlag.de\/wp-content\/uploads\/2010\/12\/Schlemm-Selbst-213x300.jpg\" alt=\"\" width=\"213\" height=\"300\" srcset=\"https:\/\/www.packpapierverlag.de\/wp-content\/uploads\/2010\/12\/Schlemm-Selbst-213x300.jpg 213w, https:\/\/www.packpapierverlag.de\/wp-content\/uploads\/2010\/12\/Schlemm-Selbst-300x422.jpg 300w, https:\/\/www.packpapierverlag.de\/wp-content\/uploads\/2010\/12\/Schlemm-Selbst-728x1024.jpg 728w, https:\/\/www.packpapierverlag.de\/wp-content\/uploads\/2010\/12\/Schlemm-Selbst.jpg 1024w\" sizes=\"auto, (max-width: 213px) 100vw, 213px\" \/><\/a><small style=\"color: #25263e;\"><big style=\"color: #3b3c63;\"><span style=\"font-family: Helvetica,Arial,sans-serif; font-weight: bold;\">Annette Schlemm (Zukunftswerkstatt Jena): Selbstentfaltungsgesellschaft als konkrete Utopie<\/span><\/big><br style=\"font-family: Helvetica,Arial,sans-serif;\" \/><span style=\"font-family: Helvetica,Arial,sans-serif;\">Packpapier- Verlag Osnabr\u00fcck, 2006. ISBN 3-931504-41-7<\/span><span style=\"font-family: Helvetica,Arial,sans-serif;\">.<br \/>\nBrosch\u00fcre mit 32 Seiten, ca. DIN A5. Abbildung \u00e4hnlich.<\/span><br style=\"font-family: Helvetica,Arial,sans-serif;\" \/><span style=\"font-family: Helvetica,Arial,sans-serif;\">Die Physikerin Annette Schlemm entwickelt eine Theorie von Gesellschaft, bei der sie die Vitalit\u00e4t chaotischer Systeme in der Physik als Anleihe benutzt, um die \u00dcberlegenheit spontaner und freiwilliger Zusammenschl\u00fcsse in Form gesellschaftlich- politischer Netzwerke im Unterschied zu hierarchischen, zentralen Systemen hervorzuheben. Annette Schlemm spricht sich f\u00fcr eine gemeinsame Entwicklung der Zukunft aus, die sich sowohl zu den Ressourcen der Erde als auch zu den M\u00f6glichkeiten der Technik und computergest\u00fctzen Kommunikation realistisch verh\u00e4lt. Es kann ohne weiteres ein Zusammenspiel individueller Interessen und M\u00f6glichkeiten auf der einen und Stabilit\u00e4t und Sozialit\u00e4t von Gesellschaft auf der anderen Seite geben, solange die Freiwilligkeit und Interessiertheit der Mitglieder an der eigenen und an der Entwicklung der Zukunft gegeben ist und der Blindg\u00e4ngerideologie hierarchischer Systeme und Welterkl\u00e4rungsversuche endlich lebewohl gesagt wird. Die Machbarkeit der Selbstorganisation hat Annette Schlemm als aktive Teilnehmerin an verschiedenen Zukunftswerkst\u00e4tten und Projekten erlebt; und so basieren ihre Erkenntnisse trotz vieler<br \/>\ntheoretischer \u00dcberlegungen vor allem auf der konkreten Erfahrung bereits verwirklichter Utopien.<\/span><br style=\"font-family: Helvetica,Arial,sans-serif;\" \/><span style=\"font-family: Helvetica,Arial,sans-serif;\"><span style=\"font-weight: bold;\">INHALT:<\/span>* Lust auf Zukunft? * Menschen als gesellschaftliche Individuen * Individuum und Gesellschaft * Selbstentfaltung* Die spezifische M\u00f6glichkeit f\u00fcr menschliche Individuen * B\u00fcrgerlich- moderne Verh\u00e4ltnisse * Subjektstandpunkt und Selbstentfaltung * Was spielt das Geschlecht f\u00fcr eine Rolle? * Bed\u00fcrfnisbefriedigung in Allianz mit unserer Mit- Welt * Selbst- Organisation (Ordnung ohne Herrschaft) * Die Utopie einer selbstentfaltungsbasierten Wirtschaft * Freie Software als Keimform * Historische M\u00f6glichkeits- Konkretisierung der Utopie * Die Frage der Effektivit\u00e4t * Technik ist die Antwort, aber was war die Frage? * Community Fabricator * Was tun? * Anmerkungen, Literaturverzeichnis<\/span><br style=\"font-family: Helvetica,Arial,sans-serif;\" \/><span style=\"font-family: Helvetica,Arial,sans-serif;\">F\u00fcr die, die es genauer wissen wollen: Von Annette Schlemm f\u00fcr diese Darlegung verwendete Autoren sind unter anderem: Judith Butler, Werner Ebeling, Erich Fromm, Manfred Eigen, Neil Gerstenfeld, Hegel, Robert Jungk, Hobbes, Klaus Holzkamp, Lenin, Marx, Engels, Stefan Matteikat, Stefan Meretz, Carola M\u00f6ller, Franz Nahrada, Reiner Nebeling, Jean- Paul Sartre, Simone Weil,&#8230;<\/span><\/small><\/p>\n","protected":false},"excerpt":{"rendered":"<p>Annette Schlemm (Zukunftswerkstatt Jena): Selbstentfaltungsgesellschaft als konkrete UtopiePackpapier- Verlag Osnabr\u00fcck, [&hellip;] &hellip; <a href=\"https:\/\/www.packpapierverlag.de\/?product=schlemm-selbstentfaltungsgesellschaft-als-konkrete-utopie\">Weiterlesen <span class=\"meta-nav\">&rarr;<\/span><\/a><\/p>\n","protected":false},"featured_media":5147,"template":"","meta":[],"product_brand":[],"product_cat":[6,3,4],"product_tag":[],"class_list":{"0":"post-501","1":"product","2":"type-product","3":"status-publish","4":"has-post-thumbnail","6":"product_cat-politik-und-geschichte","7":"product_cat-produkte","8":"product_cat-projekte-utopie-chaos","10":"first","11":"instock","12":"shipping-taxable","13":"purchasable","14":"product-type-simple"},"_links":{"self":[{"href":"https:\/\/www.packpapierverlag.de\/index.php?rest_route=\/wp\/v2\/product\/501","targetHints":{"allow":["GET"]}}],"collection":[{"href":"https:\/\/www.packpapierverlag.de\/index.php?rest_route=\/wp\/v2\/product"}],"about":[{"href":"https:\/\/www.packpapierverlag.de\/index.php?rest_route=\/wp\/v2\/types\/product"}],"wp:featuredmedia":[{"embeddable":true,"href":"https:\/\/www.packpapierverlag.de\/index.php?rest_route=\/wp\/v2\/media\/5147"}],"wp:attachment":[{"href":"https:\/\/www.packpapierverlag.de\/index.php?rest_route=%2Fwp%2Fv2%2Fmedia&parent=501"}],"wp:term":[{"taxonomy":"product_brand","embeddable":true,"href":"https:\/\/www.packpapierverlag.de\/index.php?rest_route=%2Fwp%2Fv2%2Fproduct_brand&post=501"},{"taxonomy":"product_cat","embeddable":true,"href":"https:\/\/www.packpapierverlag.de\/index.php?rest_route=%2Fwp%2Fv2%2Fproduct_cat&post=501"},{"taxonomy":"product_tag","embeddable":true,"href":"https:\/\/www.packpapierverlag.de\/index.php?rest_route=%2Fwp%2Fv2%2Fproduct_tag&post=501"}],"curies":[{"name":"wp","href":"https:\/\/api.w.org\/{rel}","templated":true}]}}