{"id":5023,"date":"2012-06-08T23:58:06","date_gmt":"2012-06-08T21:58:06","guid":{"rendered":"http:\/\/www.packpapierverlag.de\/?p=5023"},"modified":"2017-05-08T13:02:52","modified_gmt":"2017-05-08T11:02:52","slug":"benaglio-pseud-das-skelett-literatur-gegen-neoliberale-blahungen-l21","status":"publish","type":"product","link":"https:\/\/www.packpapierverlag.de\/?product=benaglio-pseud-das-skelett-literatur-gegen-neoliberale-blahungen-l21","title":{"rendered":"Michael Benaglio : Das Skelett. Literatur gegen neoliberale Bl\u00e4hungen (l21)"},"content":{"rendered":"<p><a href=\"https:\/\/www.packpapierverlag.de\/wp-content\/uploads\/2012\/06\/Benaglio-Skelett.jpg\"><img loading=\"lazy\" decoding=\"async\" class=\"alignleft size-medium wp-image-5024\" title=\"Benaglio Skelett\" src=\"https:\/\/www.packpapierverlag.de\/wp-content\/uploads\/2012\/06\/Benaglio-Skelett-216x300.jpg\" alt=\"\" width=\"216\" height=\"300\" srcset=\"https:\/\/www.packpapierverlag.de\/wp-content\/uploads\/2012\/06\/Benaglio-Skelett-216x300.jpg 216w, https:\/\/www.packpapierverlag.de\/wp-content\/uploads\/2012\/06\/Benaglio-Skelett-300x415.jpg 300w, https:\/\/www.packpapierverlag.de\/wp-content\/uploads\/2012\/06\/Benaglio-Skelett-739x1024.jpg 739w, https:\/\/www.packpapierverlag.de\/wp-content\/uploads\/2012\/06\/Benaglio-Skelett.jpg 1024w\" sizes=\"auto, (max-width: 216px) 100vw, 216px\" \/><\/a><small style=\"color: #1f3e3e;\"><span style=\"font-family: Helvetica,Arial,sans-serif; font-weight: bold;\">Michael Benaglio (Pseud.):<br \/>\n<big style=\"color: #366d6d;\">Das Skelett.<br \/>\nLiteratur gegen neoliberale Bl\u00e4hungen<\/big><\/span><br style=\"font-family: Helvetica,Arial,sans-serif;\" \/><span style=\"font-family: Helvetica,Arial,sans-serif;\">B\u00fcchlein mit 144 Seiten, DIN A6 (Hosentaschenformat) auf Umweltpapier gedruckt.<br \/>\nOsnabr\u00fcck: Packpapier-Verlag 2009. ISBN 978-3-931504-47-6<\/span><br style=\"font-family: Helvetica,Arial,sans-serif;\" \/><span style=\"font-family: Helvetica,Arial,sans-serif; font-weight: bold;\">DIE ANTI-NEOLIBERALE PROVOKATION AUS \u00d6STERREICH!<\/span><br style=\"font-family: Helvetica,Arial,sans-serif;\" \/><span style=\"font-family: Helvetica,Arial,sans-serif;\">Michael Benaglio, bekennender 68er, beschw\u00f6rt in zugleich politisch radikalen wie mystischen Bildern und Kurzgeschichten die Lebenswirklichkeiten im Neoliberalismus. Sensible Wortgem\u00e4lde wechseln sich mit deftig-derben literarischen Karateschl\u00e4gen ab, und an allem nagt ein ironischer Humor, der zum \u00dcberleben notwendig und f\u00fcr den Benaglio bekannt ist. Michael Benaglio liest seit dem Jahr 2000 aus eigenen Werken und denen anderer Autoren, u.a. Hermann Hesse, meist in Verbindung mit Musik (Poesie und Musik). Ver\u00f6ffentlichungen im Brucker Literaturturm und im \u00f6sterreichischen Antifa Info. <\/span><span style=\"font-family: Helvetica,Arial,sans-serif;\">Banaglio leitet seit 2006 das Forum \u201eClub Literatur\u201c in Graz.<\/span><br style=\"font-family: Helvetica,Arial,sans-serif;\" \/><span style=\"font-family: Helvetica,Arial,sans-serif;\"><span style=\"font-weight: bold;\">INHALT:<\/span> * Ode an die Neoliberalen * Wie das Skelett, das den Bundeskanzler erscho\u00df, zu einer olympischen Gottheit wurde * Nackter Protest* Ein verr\u00fccktes Abendessen mit Folgen * Das Schiff * Straflager * Voodoo Child * Bleibt unten* Zeitanalyse<\/span><br style=\"font-family: Helvetica,Arial,sans-serif;\" \/><span style=\"font-family: Helvetica,Arial,sans-serif; font-weight: bold;\">AUSZUG AUS DER ERZ\u00c4HLUNG \u201eSKELETT\u201c:<\/span><span style=\"font-family: Helvetica,Arial,sans-serif;\"><br \/>\n\u201eGro\u00dfe Aufregung in Wien. Tatort: vor dem Parlament. Blaulichter und Sirenen rotierten, schrien wild durcheinander, Polizei sperrte den Raum vor dem Parlament ab und dr\u00e4ngte eine neugierig gaffende, wogende Menschenmenge zur\u00fcck. Es war eben Nacht geworden, der Himmel verhangen und Dunkelheit flutete durch die Gassen, nur schwach und unwirklich von den Stra\u00dfenlichtern verdr\u00e4ngt.\/ Am Boden vor dem Parlament lag der ultragro\u00dfe, megalangweilige Bundeskanzler. Blut sickerte aus seinem durchschossenen Sakko, lief in kleinen Rinnsalen \u00fcber den Asphalt. Die Augen erloschen, der Mund zum stummen Schrei ge\u00f6ffnet, die Finger verkrampft. Und Pallas Athene, die stolz als G\u00f6ttin der Gerechtigkeit vor dem Parlament stand, schlo\u00df ihre \u00fcberirdischen Augen. Es war einfach zuviel, der ultagro\u00dfe, megalangweilige Bundeskanzler war erschossen worden. <\/span><span style=\"font-family: Helvetica,Arial,sans-serif;\">Dabei hatte er so erfolgreich seine schwer rechtslastige Regierung gef\u00fchrt. Er hatte das Volk zum Sparen angehalten und die Superreichen, wie es ihnen geb\u00fchrte, noch superreicher gemacht. Ein Politiker der Spitzenklasse, einer, der Wein trank und Wasser predigte, ein Demagoge im Heiligenschein des Neoliberalismus; ein Genie.\u201c<\/span><br style=\"font-family: Helvetica,Arial,sans-serif;\" \/><span style=\"font-family: Helvetica,Arial,sans-serif; font-weight: bold;\">AUSZUG AUS \u201eVOODOO CHILD\u201c:<\/span><span style=\"font-family: Helvetica,Arial,sans-serif;\"><br \/>\n\u201e\u201cHaha\u201c sagte der K\u00f6nig der Schlangen zu mir und grinste mich an. \u201eHaha.\u201c \/ Ich musterte ihn. 1,50 Meter gro\u00df. Gr\u00fcn. Giftz\u00e4hne. Eine z\u00fcngelnde Zunge. Und der unergr\u00fcndliche Blick. \u201cHaha\u201c. (&#8230;) Er liebte es, sich zu wiederholen, wie dies Alte, K\u00f6nige, Narren und Politiker eben so gerne tun. (&#8230;) \/ Sicher, sie haben professionelle Werbeagenturen hinter sich. Ich bin nur ein Zeitgeisttrottel.\u201c<\/span><br style=\"font-family: Helvetica,Arial,sans-serif;\" \/><span style=\"font-family: Helvetica,Arial,sans-serif; font-weight: bold;\">AUSZUG AUS \u201eDAS SCHIFF\u201c:<\/span><span style=\"font-family: Helvetica,Arial,sans-serif;\"><br \/>\n\u201eWir gehen. Sie wollen uns nicht. (&#8230;) Wir gehen, denn sie vertragen uns nicht. (&#8230;) Wir gehen. Und sie folgen uns nicht.\u201c<\/span><br style=\"font-family: Helvetica,Arial,sans-serif;\" \/><span style=\"font-family: Helvetica,Arial,sans-serif; font-weight: bold;\">AUSZUG AUS \u201eZEITANALYSE\u201c:<\/span><span style=\"font-family: Helvetica,Arial,sans-serif;\"><br \/>\n\u201eWir leben in einer Zeit, in der sie es geschafft haben, die \u00d6konomisierung der Herzen und Hirne durchzusetzen (&#8230;) Wir leben in einer Zeit, in der sie es geschafft haben, da\u00df wir keine Lieder mehr singen, nicht mehr pfeifen, nicht mehr verr\u00fcckt sein wollen. \/ Wir leben in einer Zeit, in der sie es geschafft haben, da\u00df der Widerstand w\u00e4chst. Bei den Alten. Bei den Jungen.\u201c<\/span><\/small><\/p>\n","protected":false},"excerpt":{"rendered":"<p>Michael Benaglio (Pseud.): Das Skelett. Literatur gegen neoliberale Bl\u00e4hungenB\u00fcchlein mit [&hellip;] &hellip; <a href=\"https:\/\/www.packpapierverlag.de\/?product=benaglio-pseud-das-skelett-literatur-gegen-neoliberale-blahungen-l21\">Weiterlesen <span class=\"meta-nav\">&rarr;<\/span><\/a><\/p>\n","protected":false},"featured_media":5024,"template":"","meta":[],"product_brand":[],"product_cat":[9,18,3],"product_tag":[],"class_list":{"0":"post-5023","1":"product","2":"type-product","3":"status-publish","4":"has-post-thumbnail","6":"product_cat-bewegung-widerstand","7":"product_cat-literatur","8":"product_cat-produkte","10":"first","11":"instock","12":"shipping-taxable","13":"purchasable","14":"product-type-simple"},"_links":{"self":[{"href":"https:\/\/www.packpapierverlag.de\/index.php?rest_route=\/wp\/v2\/product\/5023","targetHints":{"allow":["GET"]}}],"collection":[{"href":"https:\/\/www.packpapierverlag.de\/index.php?rest_route=\/wp\/v2\/product"}],"about":[{"href":"https:\/\/www.packpapierverlag.de\/index.php?rest_route=\/wp\/v2\/types\/product"}],"wp:featuredmedia":[{"embeddable":true,"href":"https:\/\/www.packpapierverlag.de\/index.php?rest_route=\/wp\/v2\/media\/5024"}],"wp:attachment":[{"href":"https:\/\/www.packpapierverlag.de\/index.php?rest_route=%2Fwp%2Fv2%2Fmedia&parent=5023"}],"wp:term":[{"taxonomy":"product_brand","embeddable":true,"href":"https:\/\/www.packpapierverlag.de\/index.php?rest_route=%2Fwp%2Fv2%2Fproduct_brand&post=5023"},{"taxonomy":"product_cat","embeddable":true,"href":"https:\/\/www.packpapierverlag.de\/index.php?rest_route=%2Fwp%2Fv2%2Fproduct_cat&post=5023"},{"taxonomy":"product_tag","embeddable":true,"href":"https:\/\/www.packpapierverlag.de\/index.php?rest_route=%2Fwp%2Fv2%2Fproduct_tag&post=5023"}],"curies":[{"name":"wp","href":"https:\/\/api.w.org\/{rel}","templated":true}]}}