{"id":5067,"date":"2012-06-09T23:54:36","date_gmt":"2012-06-09T21:54:36","guid":{"rendered":"http:\/\/www.packpapierverlag.de\/?p=5067"},"modified":"2017-04-24T11:20:47","modified_gmt":"2017-04-24T09:20:47","slug":"erich-muhsam-war-einmal-ein-revoluzzer-schriften-e53","status":"publish","type":"product","link":"https:\/\/www.packpapierverlag.de\/?product=erich-muhsam-war-einmal-ein-revoluzzer-schriften-e53","title":{"rendered":"Erich M\u00fchsam War einmal ein Revoluzzer Schriften (e53)"},"content":{"rendered":"<p><a href=\"https:\/\/www.packpapierverlag.de\/wp-content\/uploads\/2012\/06\/M\u00fchsam-Revoluzzer.jpg\"><img loading=\"lazy\" decoding=\"async\" class=\"alignleft size-medium wp-image-5068\" title=\"M\u00fchsam Revoluzzer\" src=\"https:\/\/www.packpapierverlag.de\/wp-content\/uploads\/2012\/06\/M\u00fchsam-Revoluzzer-208x300.jpg\" alt=\"\" width=\"208\" height=\"300\" srcset=\"https:\/\/www.packpapierverlag.de\/wp-content\/uploads\/2012\/06\/M\u00fchsam-Revoluzzer-208x300.jpg 208w, https:\/\/www.packpapierverlag.de\/wp-content\/uploads\/2012\/06\/M\u00fchsam-Revoluzzer-300x431.jpg 300w, https:\/\/www.packpapierverlag.de\/wp-content\/uploads\/2012\/06\/M\u00fchsam-Revoluzzer-712x1024.jpg 712w, https:\/\/www.packpapierverlag.de\/wp-content\/uploads\/2012\/06\/M\u00fchsam-Revoluzzer.jpg 1024w\" sizes=\"auto, (max-width: 208px) 100vw, 208px\" \/><\/a> <span style=\"font-family: Helvetica,Arial,sans-serif; font-weight: bold; color: #993399;\">\u201eWar einmal ein Revoluzzer\u201c<\/span><small style=\"font-family: Helvetica,Arial,sans-serif; font-weight: bold; color: #993399;\"><br \/>\n<\/small><span style=\"font-family: Helvetica,Arial,sans-serif; font-weight: bold; color: #993399;\">Erich M\u00fchsam. Verstreute Schriften 1917-1932<\/span><small style=\"font-family: Helvetica,Arial,sans-serif;\"><br style=\"color: #495193;\" \/><span style=\"color: #495193;\">Edition Esprit Libertaire Nr. 8. Hannover\/Marburg : Verlag Die freie Gesellschaft 1985. 1. Auflage<\/span><span style=\"color: #993399;\"><br \/>\n96 Seiten, DIN A5.<\/span><br \/>\n<span style=\"color: #495193;\">Verstreute Schriften des Schriftstellers, Bohemien, Anarchisten und Sozialrevolution\u00e4rs Erich M\u00fchsam, v.a. aus der Weltb\u00fchne (Berlin)<br \/>\n<\/span><\/small><span style=\"color: #993399; font-family: Helvetica,Arial,sans-serif;\"><small style=\"font-weight: bold;\">INHALT<\/small>:<\/span><small style=\"font-family: Helvetica,Arial,sans-serif;\"><span style=\"color: #495193;\"> * Vorbemerkung des Herausgebers <\/span><span style=\"color: #993399;\">* Kriegstagebuch eines Kriegsgegners<\/span><span style=\"color: #495193;\"> (aus: Besinnung und Aufbruch, III.Jg.,Sept.1931)<\/span><span style=\"color: #993399;\"> * Brief an Kurt Tucholsky (Auszug) <\/span><span style=\"color: #495193;\">(aus: WB, XVI. Jg., 2. Hj., Nr. 35, 26.August 1920)<\/span><span style=\"color: #993399;\"> * Zur Judenfrage<\/span><span style=\"color: #495193;\"> (aus: WB, XVI. Jg., 2. Hj., Nr. 49, 2.Dezember 1920)<\/span><span style=\"color: #993399;\"> * Ein Brief Erich M\u00fchsams (an Otto R\u00fchle)<\/span><span style=\"color: #495193;\"> (aus: Der Kommunist (Dresden), Nr. 56, Januar 1921)<\/span><span style=\"color: #993399;\"> * Zuversicht (Gedicht)<\/span><span style=\"color: #495193;\"> (aus: WB, XVII. Jg., Nr. 52, 28.Dezember 1922)<\/span><span style=\"color: #993399;\">* Merkspruch (Gedicht)<\/span><span style=\"color: #495193;\"> (aus: WB, XIX.Jg., 1.Hj., Nr. 8.M\u00e4rz 1923)<\/span><span style=\"color: #993399;\"> * Autor und Verleger<\/span><span style=\"color: #495193;\"> (aus: WB, XX Jg., 1. Hj., Nr. 20. M\u00e4rz 1924)<\/span><span style=\"color: #993399;\"> * Kurt Wolff und wir<\/span><span style=\"color: #495193;\">\u00a0(aus: WB, XX. Jg., 1. Hj.,, Nr. 16, 17. April 1924)<\/span><span style=\"color: #993399;\"> * Standhafter Wille (Gedicht) <\/span><span style=\"color: #495193;\">(aus: WB, XX. Jg., Nr. 36, 4.\u00a0\u00a0\u00a0 September 1924) <\/span><span style=\"color: #993399;\">* Versammlungs- Erlebnisse<\/span><span style=\"color: #495193;\"> (aus: Der Syndikalist (Berlin), VII., Nr. 6, 7. Februar 1925)<\/span><span style=\"color: #993399;\"> * Reise an die \u00f6sterreichische Grenze<\/span><span style=\"color: #495193;\"> (aus: WB, XXI. Jg., Nr. 32, 11. August 1925)<\/span><span style=\"color: #993399;\"> * Zusammenh\u00e4nge<\/span><span style=\"color: #495193;\"> (aus: WB, XXI. JG., 2. Jg., Nr. 52, 29. Dezember 1925)<\/span><span style=\"color: #993399;\"> * Ein Opfer<\/span><span style=\"color: #495193;\"> (aus: WB, XXII. Jg., 1. Hj., Nr. 2, Januar 1926)<\/span><span style=\"color: #993399;\"> * Der Perlacher Mordproze\u00df<\/span><span style=\"color: #495193;\"> (aus: WB, XXII.Jg., 1. Hj., Nr.4, 26.\u00a0\u00a0\u00a0 Januar 1926)<\/span><span style=\"color: #993399;\"> * Die bayerische R\u00e4terepublik und die Anarchisten<\/span><span style=\"color: #495193;\"> (aus: Revolution\u00e4re Tat (Dresden), Nr. 1, Mai 1926; Nr. 2, Juli 1926)<\/span><span style=\"color: #993399;\"> * Ein Arbeiterkinderheim<\/span><span style=\"color: #495193;\"> (aus: WB, XXII. Nr. 32, 10. August 1926) <\/span><span style=\"color: #993399;\">* Aufruf <\/span><span style=\"color: #495193;\">(aus: WB, XXII. Jg., 2. Hj., NR. 43, 26. Oktober 1926)<\/span><span style=\"color: #993399;\"> * Honneff<\/span><span style=\"color: #495193;\"> (aus: WB, XXII. Jg., 2. Hj., Nr. 46, 16. November 1926)<\/span><span style=\"color: #993399;\"> * Der Stuttgarter Kommunistenproze\u00df<\/span><span style=\"color: #495193;\"> (aus: WB, XXIII. Jg., 2. Hj., Nr. 31, 2. August 1927)<\/span><span style=\"color: #993399;\"> * Die Gerechten und die Frommen <\/span><span style=\"color: #495193;\">(aus: WB, XXIII. Jg., 2. Hj., Nr. 35, 30.August 1927)<\/span><span style=\"color: #993399;\"> * Mein Gegner Kurt Eisner<\/span><span style=\"color: #495193;\"> (aus: WB, XXV. Jg., 2. Hj., Nr. 8, 19. Februar 1929)<\/span><span style=\"color: #993399;\"> * L\u00fcgen um Landauer <\/span><span style=\"color: #495193;\">(aus: WB, XXV. Jg., 1. Hj., Nr. 23, 4.Juni 1929)<\/span><span style=\"color: #993399;\"> * Kriegskunst<\/span><span style=\"color: #495193;\"> (aus: WB, XXV. Jg., 2. Hj., Nr. 34, 20. August 1929) <\/span><span style=\"color: #993399;\">* Die Ausbrecher von Buch <\/span><span style=\"color: #495193;\">(aus: WB, XXV. Jg., 2. Hj., Nr. 51, 17. Dezember 1929)<\/span><span style=\"color: #993399;\"> * Befreiungsamnestie<\/span><span style=\"color: #495193;\"> (aus: WB, XXVI. Jg., 1. Hj., Nr. 26, 24. Juni 1930)<\/span><span style=\"color: #993399;\"> * Julius Hart<\/span><span style=\"color: #495193;\"> (aus: WB, XXVI. Jg., 2. Hj., Nr. 29, 15.Juli 1930)<\/span><span style=\"color: #993399;\"> * Gru\u00df (25. Geburtstag der WB) <\/span><span style=\"color: #495193;\">(aus: WB, XXVI. Jg., 2. Hj., Nr. 37, 9. September 1930)<\/span><span style=\"color: #993399;\"> * Nora 1930<\/span><span style=\"color: #495193;\"> (aus: WB, XXVI. Jg., 2. HJ., Nr. 49, 2.Dezember 1930)<\/span><span style=\"color: #993399;\"> * Gewerkschaft der Schriftsteller <\/span><span style=\"color: #495193;\">(aus: WB, XXVII. Jg., 2. Hj., Nr. 28, 14.Juli 1931)<\/span><span style=\"color: #993399;\"> * Aktive Abwehr<\/span><span style=\"color: #495193;\"> (aus: WB, XXVII. Jg., 2. Hj., Nr. 50, 15. Dezember 1931) * <\/span><span style=\"color: #993399;\">Felseneck<\/span><span style=\"color: #495193;\"> (aus: WB, XXVIII. Jg., 1. Hj., Nr. 7, 16. Februar 1932) <\/span><span style=\"color: #993399;\">* Lenin und die \u201cSchein- R\u00e4terepublik\u201c<\/span><span style=\"color: #495193;\"> (aus: WB, XXVIII. Jg., 1. Hj., Nr. 18, 3. Mai 1932)<\/span><span style=\"color: #993399;\"> * Wehe den Gerichteten!<\/span><span style=\"color: #495193;\"> (aus: WB, XXVIII. Jg., 1.Hj. 21. Juni 1932, Nr. 25, 21.Juni<\/span><\/small><\/p>\n","protected":false},"excerpt":{"rendered":"<p>\u201eWar einmal ein Revoluzzer\u201c Erich M\u00fchsam. Verstreute Schriften 1917-1932Edition Esprit [&hellip;] &hellip; <a href=\"https:\/\/www.packpapierverlag.de\/?product=erich-muhsam-war-einmal-ein-revoluzzer-schriften-e53\">Weiterlesen <span class=\"meta-nav\">&rarr;<\/span><\/a><\/p>\n","protected":false},"featured_media":5068,"template":"","meta":[],"product_brand":[],"product_cat":[7,3],"product_tag":[],"class_list":{"0":"post-5067","1":"product","2":"type-product","3":"status-publish","4":"has-post-thumbnail","6":"product_cat-anarchie-hefte-und-bucher","7":"product_cat-produkte","9":"first","10":"instock","11":"shipping-taxable","12":"purchasable","13":"product-type-simple"},"_links":{"self":[{"href":"https:\/\/www.packpapierverlag.de\/index.php?rest_route=\/wp\/v2\/product\/5067","targetHints":{"allow":["GET"]}}],"collection":[{"href":"https:\/\/www.packpapierverlag.de\/index.php?rest_route=\/wp\/v2\/product"}],"about":[{"href":"https:\/\/www.packpapierverlag.de\/index.php?rest_route=\/wp\/v2\/types\/product"}],"wp:featuredmedia":[{"embeddable":true,"href":"https:\/\/www.packpapierverlag.de\/index.php?rest_route=\/wp\/v2\/media\/5068"}],"wp:attachment":[{"href":"https:\/\/www.packpapierverlag.de\/index.php?rest_route=%2Fwp%2Fv2%2Fmedia&parent=5067"}],"wp:term":[{"taxonomy":"product_brand","embeddable":true,"href":"https:\/\/www.packpapierverlag.de\/index.php?rest_route=%2Fwp%2Fv2%2Fproduct_brand&post=5067"},{"taxonomy":"product_cat","embeddable":true,"href":"https:\/\/www.packpapierverlag.de\/index.php?rest_route=%2Fwp%2Fv2%2Fproduct_cat&post=5067"},{"taxonomy":"product_tag","embeddable":true,"href":"https:\/\/www.packpapierverlag.de\/index.php?rest_route=%2Fwp%2Fv2%2Fproduct_tag&post=5067"}],"curies":[{"name":"wp","href":"https:\/\/api.w.org\/{rel}","templated":true}]}}