{"id":5157,"date":"2012-06-12T00:12:54","date_gmt":"2012-06-11T22:12:54","guid":{"rendered":"http:\/\/www.packpapierverlag.de\/?p=5157"},"modified":"2017-12-01T16:44:27","modified_gmt":"2017-12-01T15:44:27","slug":"da-direkte-aktion-nr-128-vom-juliaugust-1998","status":"publish","type":"product","link":"https:\/\/www.packpapierverlag.de\/?product=da-direkte-aktion-nr-128-vom-juliaugust-1998","title":{"rendered":"DA Direkte Aktion Nr 128 vom Juli\/August 1998"},"content":{"rendered":"<p><a href=\"https:\/\/www.packpapierverlag.de\/wp-content\/uploads\/2012\/06\/DA-128-von-1998.jpg\"><img loading=\"lazy\" decoding=\"async\" class=\"alignleft size-medium wp-image-5158\" title=\"DA 128 von 1998\" src=\"https:\/\/www.packpapierverlag.de\/wp-content\/uploads\/2012\/06\/DA-128-von-1998-207x300.jpg\" alt=\"\" width=\"207\" height=\"300\" srcset=\"https:\/\/www.packpapierverlag.de\/wp-content\/uploads\/2012\/06\/DA-128-von-1998-207x300.jpg 207w, https:\/\/www.packpapierverlag.de\/wp-content\/uploads\/2012\/06\/DA-128-von-1998-300x434.jpg 300w, https:\/\/www.packpapierverlag.de\/wp-content\/uploads\/2012\/06\/DA-128-von-1998-708x1024.jpg 708w, https:\/\/www.packpapierverlag.de\/wp-content\/uploads\/2012\/06\/DA-128-von-1998.jpg 1024w\" sizes=\"auto, (max-width: 207px) 100vw, 207px\" \/><\/a><br \/>\n<small style=\"color: #1d213a;\"><big style=\"color: #363e6d;\"><span style=\"font-family: Helvetica,Arial,sans-serif; font-weight: bold;\">DA &#8211; Direkte Aktion. Anarchosyndikalistische Zeitung<\/span><\/big><br style=\"font-family: Helvetica,Arial,sans-serif;\" \/><span style=\"font-family: Helvetica,Arial,sans-serif;\">H20318 22. Jahrgang Nr. 128 von Juli\/August 1998. Zeitungsformat, 16 Seiten<\/span><br style=\"font-family: Helvetica,Arial,sans-serif;\" \/><span style=\"font-family: Helvetica,Arial,sans-serif;\"><span style=\"font-weight: bold;\">INHALT UNTER ANDEREM<\/span>:<br \/>\n<span style=\"font-weight: bold;\">Nike: just do it. <\/span>Mehrwertabpressung in Bangladesch mit t\u00f6dlichen Folgen * <span style=\"font-weight: bold;\">Zeugnisse zu Asche, Noten zu Staub.<\/span> Schule und Zeugnisse sind ein Mittel der Herrschenden, die bestehenden Verh\u00e4ltnisse zu festigen. \u00c4ndert mensch die Verh\u00e4ltnisse in den Schulen, ver\u00e4ndert er die Gesellschaft. * <span style=\"font-weight: bold;\">Die Zivilisation fri\u00dft ihre Kinder<\/span>. Gedanken zum neuen Buch von Heleno Sana. * <span style=\"font-weight: bold;\">Ausgebeutet- totgeschwiegen<\/span>. BahnreinigungsarbeiterInnen in NRW: Streik gegen Billigl\u00f6hne und miese Arbeitsbedingungen. * <span style=\"font-weight: bold;\">Anarchie und Diktatur. <\/span>Je n\u00e4her die Jahrtausendwende r\u00fcckt, desto mehr besch\u00e4ftigen uns Fragen nach der Zukunft. Und au\u00dferdem ein Comic-Strip von Andi Wolff. * <span style=\"font-weight: bold;\">Widerstand gegen Nazis im Hinterland<\/span>. Im antifaschistischen Widerstand geht es meist um die Gro\u00dfst\u00e4dte. F\u00fcr uns Anla\u00df, einmal ausf\u00fchrlicher \u00fcber die Antifa in der \u201eProvinz\u201c, in Verden\/Aller, zu berichten. * \u201e<span style=\"font-weight: bold;\">Ich verstehe Che als Kampfansage\u201c<\/span> Gleich drei B\u00fccher des mexikanischen anarchistischen Schriftstellers Paco Taibo II sind im letzten Herbst in deutscher Sprache erschienen. Wir stellen sie vor. *<span style=\"font-weight: bold;\"> Brot, Bildung, Freiheit<\/span>. Zum ersten Mal seit Jahrzehnten kam es Mitte Juni in Griechenland zu landesweiten, massen-militanten Aktionen an denen sich ganz unterschiedliche Bev\u00f6lkerungsgruppen beteiligten. * <span style=\"font-weight: bold;\">Heinrich Friedetzky- Ein Leben lang<\/span>. Im Mai diesen Jahres starb im Alter von 88 Jahren unser lieber Genosse Heinrich in K\u00f6ln. Ein R\u00fcckblick auf ein Leben f\u00fcr die Freiheit. * <span style=\"font-weight: bold;\">MAI: Geld allein regiert die Welt. <\/span>Bislang hatten die Regierungen jeder Couleur ein Quasi-Monopol auf die G\u00e4ngelung ihrer Untertanen. Mit der Verabschiedung des MAI- Abkommens sollen k\u00fcnftig auch die Multis kr\u00e4ftig mitregieren d\u00fcrfen.<\/span><\/small><\/p>\n","protected":false},"excerpt":{"rendered":"<p>DA &#8211; Direkte Aktion. Anarchosyndikalistische ZeitungH20318 22. Jahrgang Nr. 128 [&hellip;] &hellip; <a href=\"https:\/\/www.packpapierverlag.de\/?product=da-direkte-aktion-nr-128-vom-juliaugust-1998\">Weiterlesen <span class=\"meta-nav\">&rarr;<\/span><\/a><\/p>\n","protected":false},"featured_media":5158,"template":"","meta":[],"product_brand":[],"product_cat":[40],"product_tag":[],"class_list":{"0":"post-5157","1":"product","2":"type-product","3":"status-publish","4":"has-post-thumbnail","6":"product_cat-zeitschriften","8":"first","9":"instock","10":"shipping-taxable","11":"purchasable","12":"product-type-simple"},"_links":{"self":[{"href":"https:\/\/www.packpapierverlag.de\/index.php?rest_route=\/wp\/v2\/product\/5157","targetHints":{"allow":["GET"]}}],"collection":[{"href":"https:\/\/www.packpapierverlag.de\/index.php?rest_route=\/wp\/v2\/product"}],"about":[{"href":"https:\/\/www.packpapierverlag.de\/index.php?rest_route=\/wp\/v2\/types\/product"}],"wp:featuredmedia":[{"embeddable":true,"href":"https:\/\/www.packpapierverlag.de\/index.php?rest_route=\/wp\/v2\/media\/5158"}],"wp:attachment":[{"href":"https:\/\/www.packpapierverlag.de\/index.php?rest_route=%2Fwp%2Fv2%2Fmedia&parent=5157"}],"wp:term":[{"taxonomy":"product_brand","embeddable":true,"href":"https:\/\/www.packpapierverlag.de\/index.php?rest_route=%2Fwp%2Fv2%2Fproduct_brand&post=5157"},{"taxonomy":"product_cat","embeddable":true,"href":"https:\/\/www.packpapierverlag.de\/index.php?rest_route=%2Fwp%2Fv2%2Fproduct_cat&post=5157"},{"taxonomy":"product_tag","embeddable":true,"href":"https:\/\/www.packpapierverlag.de\/index.php?rest_route=%2Fwp%2Fv2%2Fproduct_tag&post=5157"}],"curies":[{"name":"wp","href":"https:\/\/api.w.org\/{rel}","templated":true}]}}