{"id":5191,"date":"2012-06-14T23:34:05","date_gmt":"2012-06-14T21:34:05","guid":{"rendered":"http:\/\/www.packpapierverlag.de\/?p=5191"},"modified":"2019-05-04T23:00:55","modified_gmt":"2019-05-04T21:00:55","slug":"zero-hippiezeitschrift-nr-13-von-1978","status":"publish","type":"product","link":"https:\/\/www.packpapierverlag.de\/?product=zero-hippiezeitschrift-nr-13-von-1978","title":{"rendered":"ZERO Hippiezeitschrift Nr. 13 von 1978"},"content":{"rendered":"<p><a href=\"https:\/\/www.packpapierverlag.de\/wp-content\/uploads\/2012\/06\/ZERO-13.jpg\"><img loading=\"lazy\" decoding=\"async\" class=\"alignleft size-medium wp-image-5192\" title=\"ZERO 13\" src=\"https:\/\/www.packpapierverlag.de\/wp-content\/uploads\/2012\/06\/ZERO-13-211x300.jpg\" alt=\"\" width=\"211\" height=\"300\" srcset=\"https:\/\/www.packpapierverlag.de\/wp-content\/uploads\/2012\/06\/ZERO-13-211x300.jpg 211w, https:\/\/www.packpapierverlag.de\/wp-content\/uploads\/2012\/06\/ZERO-13-300x425.jpg 300w, https:\/\/www.packpapierverlag.de\/wp-content\/uploads\/2012\/06\/ZERO-13-723x1024.jpg 723w, https:\/\/www.packpapierverlag.de\/wp-content\/uploads\/2012\/06\/ZERO-13.jpg 1024w\" sizes=\"auto, (max-width: 211px) 100vw, 211px\" \/><\/a><small style=\"color: #202e3d;\"><big style=\"color: #60155d;\"><span style=\"font-family: Helvetica,Arial,sans-serif; font-weight: bold;\">ZERO. Original Hippie- Zeitschrift.<\/span><\/big><br style=\"font-family: Helvetica,Arial,sans-serif;\" \/><span style=\"font-family: Helvetica,Arial,sans-serif;\">Ein repr\u00e4sentatives Dokument der Hippie- \u00c4ra. Zeitung f\u00fcr (Gegen-)Kultur, Politik, Literatur, Musik, Philosophisches, Spirituelles und Kritik, Pazifistisches und Libert\u00e4res (anarchistisch). Zeitschrift Nr. 13 von 1978, reich illustriert mit vielen Photos, Zeichnungen, etc. 52 Seiten<\/span><br style=\"font-family: Helvetica,Arial,sans-serif;\" \/><span style=\"font-family: Helvetica,Arial,sans-serif;\"><span style=\"font-weight: bold;\">INHALT: <\/span>(auszugsweise): * <span style=\"font-weight: bold;\">Die Entdeckung des Wilden. <\/span>Von Wolfgang Esch. Unbemerkt von der \u00d6ffentlichkeit interessieren sich immer mehr Menschen im Westen f\u00fcr sogenannte primitive Kulturen\u00a0 Man entdeckt das \u201eArchaische in sich\u201c, l\u00e4sst sich von \u201eprimitiven\u201c gesellschaftlichen Modellen (Stadtindianer) inspirieren und praktiziert urspr\u00fcngliche Kunstformen (Tanz und Rhythmus). * <span style=\"font-weight: bold;\">Ein Rechter und ein linker Schuh&#8230;<\/span> Interview mit Rolf Exler, einem Jazz- Schlagzeuger, \u00fcber Perspektiven und Aspekte afro- europ\u00e4ischer Musik. * <span style=\"font-weight: bold;\">Die unsichtbaren Wirklichkeiten<\/span>. Von Wolfgang Esch. Afrikanische Religion und Tanz und ihre Einfl\u00fcsse auf die europ\u00e4ischen Phantasieromane der letzten Zeit. * <span style=\"font-weight: bold;\">Illuminatus!<\/span> (Die Illuminaten) Vorabdruck aus einem der am\u00fcsantesten, einfallsreichsten Phantasieromane der letzten Zeit. * <span style=\"font-weight: bold;\">Festival of Fools. <\/span>Von Thomas Fink. Feuerschlucker, Musiker, Artisten, Gaukler, Pantomimen, Filmmacher, Stra\u00dfenmusikanten, Theatergruppen und T\u00e4nzer gaben sich in Amsterdam ein Stelldichein. * <span style=\"font-weight: bold;\">Levitation f\u00fcr die Massen.<\/span> Von Y\u00fcrgen Oster. Die TM- J\u00fcnger gehen in die Luft. ZERO wollte es nicht glauben und sprach mit zwei Flug- Lehrern der Maharishi- Sekte. * <span style=\"font-weight: bold;\">Tai Chi Chuan<\/span>. Eine Leser- Reaktion auf die Tai Chi- Berichte in ZERO 11. * <span style=\"font-weight: bold;\">N\u00e4chste Ausfahrt Nirwana. <\/span>Von Tsch\u00f6gyam Trungpa (u.a. Autor von<br \/>\n\u201eMudra\u201c). Trungpa zeigt uns, wie unsere Verhaltenweisen, unsere Vorurteile und selbst unsere spirituellen Praktiken zu Ketten werden k\u00f6nnen, die uns an wiederholte Entt\u00e4uschungen und Verzweiflungen fesseln. * <span style=\"font-weight: bold;\">Lernen, auf Stelzen zu gehen<\/span>. Von Bruno Martin. Der Weg zu einer neuen phantastischen Kultur. * <span style=\"font-weight: bold;\">Genossenschaftssozialismus. <\/span>Von Unser Laden (M\u00fcnster). Die Wiederentdeckung der Genossenschaftsbewegung und ihre Geschichte. * <span style=\"font-weight: bold;\">Erdenlog<\/span>: Erinnerungen an die Zukunft.\/ Zweites ConFest in Australien. Eine erster Schritt von der Theorie zur Praxis\/ Bunte Liste: Wehrt euch! In Aktion. \/Sind die Deutschen wirklich anders?\/ Atomlotto<\/span><\/small><\/p>\n","protected":false},"excerpt":{"rendered":"<p>ZERO. Original Hippie- Zeitschrift.Ein repr\u00e4sentatives Dokument der Hippie- \u00c4ra. Zeitung [&hellip;] &hellip; <a href=\"https:\/\/www.packpapierverlag.de\/?product=zero-hippiezeitschrift-nr-13-von-1978\">Weiterlesen <span class=\"meta-nav\">&rarr;<\/span><\/a><\/p>\n","protected":false},"featured_media":5192,"template":"","meta":[],"product_brand":[],"product_cat":[3,40],"product_tag":[],"class_list":{"0":"post-5191","1":"product","2":"type-product","3":"status-publish","4":"has-post-thumbnail","6":"product_cat-produkte","7":"product_cat-zeitschriften","9":"first","10":"instock","11":"shipping-taxable","12":"purchasable","13":"product-type-simple"},"_links":{"self":[{"href":"https:\/\/www.packpapierverlag.de\/index.php?rest_route=\/wp\/v2\/product\/5191","targetHints":{"allow":["GET"]}}],"collection":[{"href":"https:\/\/www.packpapierverlag.de\/index.php?rest_route=\/wp\/v2\/product"}],"about":[{"href":"https:\/\/www.packpapierverlag.de\/index.php?rest_route=\/wp\/v2\/types\/product"}],"wp:featuredmedia":[{"embeddable":true,"href":"https:\/\/www.packpapierverlag.de\/index.php?rest_route=\/wp\/v2\/media\/5192"}],"wp:attachment":[{"href":"https:\/\/www.packpapierverlag.de\/index.php?rest_route=%2Fwp%2Fv2%2Fmedia&parent=5191"}],"wp:term":[{"taxonomy":"product_brand","embeddable":true,"href":"https:\/\/www.packpapierverlag.de\/index.php?rest_route=%2Fwp%2Fv2%2Fproduct_brand&post=5191"},{"taxonomy":"product_cat","embeddable":true,"href":"https:\/\/www.packpapierverlag.de\/index.php?rest_route=%2Fwp%2Fv2%2Fproduct_cat&post=5191"},{"taxonomy":"product_tag","embeddable":true,"href":"https:\/\/www.packpapierverlag.de\/index.php?rest_route=%2Fwp%2Fv2%2Fproduct_tag&post=5191"}],"curies":[{"name":"wp","href":"https:\/\/api.w.org\/{rel}","templated":true}]}}