{"id":5194,"date":"2012-06-14T23:42:34","date_gmt":"2012-06-14T21:42:34","guid":{"rendered":"http:\/\/www.packpapierverlag.de\/?p=5194"},"modified":"2022-01-06T22:46:26","modified_gmt":"2022-01-06T21:46:26","slug":"zero-hippiezeitschrift-nr-16-von-1980","status":"publish","type":"product","link":"https:\/\/www.packpapierverlag.de\/?product=zero-hippiezeitschrift-nr-16-von-1980","title":{"rendered":"ZERO Hippiezeitschrift Nr. 16 von 1980"},"content":{"rendered":"<p><a href=\"https:\/\/www.packpapierverlag.de\/wp-content\/uploads\/2012\/06\/ZERO-16.jpg\"><img loading=\"lazy\" decoding=\"async\" class=\"alignleft size-medium wp-image-5195\" title=\"ZERO 16\" src=\"https:\/\/www.packpapierverlag.de\/wp-content\/uploads\/2012\/06\/ZERO-16-218x300.jpg\" alt=\"\" width=\"218\" height=\"300\" srcset=\"https:\/\/www.packpapierverlag.de\/wp-content\/uploads\/2012\/06\/ZERO-16-218x300.jpg 218w, https:\/\/www.packpapierverlag.de\/wp-content\/uploads\/2012\/06\/ZERO-16-300x413.jpg 300w, https:\/\/www.packpapierverlag.de\/wp-content\/uploads\/2012\/06\/ZERO-16-744x1024.jpg 744w, https:\/\/www.packpapierverlag.de\/wp-content\/uploads\/2012\/06\/ZERO-16.jpg 1024w\" sizes=\"auto, (max-width: 218px) 100vw, 218px\" \/><\/a><small style=\"color: #193333;\"><big style=\"color: #663366;\"><span style=\"font-family: Helvetica,Arial,sans-serif; font-weight: bold;\">ZERO. Original Hippie- Zeitschrift.<\/span><\/big><br style=\"font-family: Helvetica,Arial,sans-serif;\" \/><span style=\"font-family: Helvetica,Arial,sans-serif;\">Ein repr\u00e4sentatives Dokument der Hippie- \u00c4ra. Zeitung f\u00fcr (Gegen-)Kultur, Politik, Literatur, Musik, Philosophisches, Spirituelles und Kritik, Pazifistisches und Libert\u00e4res (anarchistisch). Zeitschrift Nr. 16 von 1980, reich illustriert mit vielen Photos, Zeichnungen, etc. 52 Seiten<\/span><br style=\"font-family: Helvetica,Arial,sans-serif;\" \/><span style=\"font-family: Helvetica,Arial,sans-serif;\"><span style=\"font-weight: bold;\">INHALT: <\/span>*<br \/>\nLeserbriefe, Kleinanzeigen,&#8230; * <span style=\"font-weight: bold;\">Erdenlog<\/span>: Schafft zwei, drei, viele Sarakiniko\/ Hallo, sind sie Terrorist?\/ Leben im Tipi * <span style=\"font-weight: bold;\">Androgyne- Das erste Geschlecht. <\/span>Von Wolfgang J. Schmidt. \u201eFast alle Hochkulturen hatten den Glauben an eine Abstammung des Menschen \u2013 und sie verstanden diesen eben nicht nur als biologisches Wesen, sondern als von etwas \u201eGeistigem\u201c beseelt \u2013 von einem Urmenschen, einem Wesen, das m\u00e4nnlich und weiblich zugleich \u2013 ungeteilt \u2013 war. In teilweise erstaunlich parallelen indischen, persischen, \u00e4gyptischen, germanischen, s\u00fcdamerikanischen und afrikanischen Versionen von der Geschichte dieses Ahnenmenschen wird erz\u00e4hlt, wie sich aus ihm Mann und Frau abgespalten haben.\u201c * <span style=\"font-weight: bold;\">Masken \u00fcber Menschen<\/span>. Von Uwe Krieger. Geschichte der Masken von der \u201eUrgesellschaft\u201c bis heute. \u201eHeute sind uns die verschiedensten Maskentypen gel\u00e4ufig: D\u00e4monen, Ahnen, Tier- und Totengeister, Regen-, Wind- und Sonneng\u00f6tter, Krankheitsd\u00e4monen und gute Feen, Masken des Grauens und Engel, Groteskmasken des Theaters und die Karnevalsmasken, der Teufel und die Sekret\u00e4rin,&#8230;\u201c * <span style=\"font-weight: bold;\">Nichts Fantastisches, nichts Gro\u00dfes<\/span>. Von Hubert Backes. \u201ePers\u00f6nliche Erlebnisse, Gedanken und Gef\u00fchle auf einem Meditationskurs in der Tradition des tibetischen Buddhismus, wie ihn Ch\u00f6gyam Trungpa lehrt. Sitzen, sitzen, sitzen,&#8230;\u201c * <span style=\"font-weight: bold;\">Urschrei-Psychobre<\/span>i. Zur kommerziellen Verkleidung des Lebens. Von Dr. Friedrich Heubach. \u201eGlory, Glory, Psychotherapy\u201c sang Harry Belafonte 1960 in Abwandlung eines alten Spirituals. Machte sich lustig \u00fcber die damals in den<br \/>\nUSA massenhaft aus dem Boden schie\u00dfenden Psycho- Werkst\u00e4tten, in denen der wei\u00dfe amerikanische Mittelstand seine l\u00e4dierte Identit\u00e4t zu reparieren suchte. Zehn Jahre sp\u00e4ter waren es dann die Kinder dieses Mittelstandes, die nach dem Niedergang der Jugendrevolte auf sich selbst zur\u00fcckgeworfen, aus der drohenden Vereinzelung in die sich inzwischen alternativ gerierenden Betstunden von Therapie- Gurus flohen.\u201c * <span style=\"font-weight: bold;\">Have a Camel. Interview mit Buckminster Fuller,<\/span> dem Leonardo da Vinci unserer Zeit: \u201cDie Welt ist ein Butterbrot zwischen Himmel und Erde.\u201d * <span style=\"font-weight: bold;\">Einbahnstra\u00dfen im globalen Dorf.<\/span> Von Surya Green. Progressive Vertreter von hochentwickelten Industrienationen und Entwicklungsl\u00e4ndern nahmen an einem Forschungsseminar in Amsterdam \u00fcber Verbesserung und Umbildung der Weltnachrichtenwege teil. * <span style=\"font-weight: bold;\">LIP.<\/span> Leben und arbeiten in der Heimat. Ein selbstverwalteter Betrieb in Frankreich braucht praktische Solidarit\u00e4t. * <span style=\"font-weight: bold;\">Almanach:<\/span> Ein Meta- Brief \/Reinmar Lenz, Die Disco- Verschw\u00f6rung (Bernhard Brummb\u00e4r), Film- und Buch- Tipps, uvm.<\/span><\/small><\/p>\n","protected":false},"excerpt":{"rendered":"<p>ZERO. Original Hippie- Zeitschrift.Ein repr\u00e4sentatives Dokument der Hippie- \u00c4ra. Zeitung [&hellip;] &hellip; <a href=\"https:\/\/www.packpapierverlag.de\/?product=zero-hippiezeitschrift-nr-16-von-1980\">Weiterlesen <span class=\"meta-nav\">&rarr;<\/span><\/a><\/p>\n","protected":false},"featured_media":5195,"template":"","meta":[],"product_brand":[],"product_cat":[3,40],"product_tag":[],"class_list":{"0":"post-5194","1":"product","2":"type-product","3":"status-publish","4":"has-post-thumbnail","6":"product_cat-produkte","7":"product_cat-zeitschriften","9":"first","10":"instock","11":"shipping-taxable","12":"purchasable","13":"product-type-simple"},"_links":{"self":[{"href":"https:\/\/www.packpapierverlag.de\/index.php?rest_route=\/wp\/v2\/product\/5194","targetHints":{"allow":["GET"]}}],"collection":[{"href":"https:\/\/www.packpapierverlag.de\/index.php?rest_route=\/wp\/v2\/product"}],"about":[{"href":"https:\/\/www.packpapierverlag.de\/index.php?rest_route=\/wp\/v2\/types\/product"}],"wp:featuredmedia":[{"embeddable":true,"href":"https:\/\/www.packpapierverlag.de\/index.php?rest_route=\/wp\/v2\/media\/5195"}],"wp:attachment":[{"href":"https:\/\/www.packpapierverlag.de\/index.php?rest_route=%2Fwp%2Fv2%2Fmedia&parent=5194"}],"wp:term":[{"taxonomy":"product_brand","embeddable":true,"href":"https:\/\/www.packpapierverlag.de\/index.php?rest_route=%2Fwp%2Fv2%2Fproduct_brand&post=5194"},{"taxonomy":"product_cat","embeddable":true,"href":"https:\/\/www.packpapierverlag.de\/index.php?rest_route=%2Fwp%2Fv2%2Fproduct_cat&post=5194"},{"taxonomy":"product_tag","embeddable":true,"href":"https:\/\/www.packpapierverlag.de\/index.php?rest_route=%2Fwp%2Fv2%2Fproduct_tag&post=5194"}],"curies":[{"name":"wp","href":"https:\/\/api.w.org\/{rel}","templated":true}]}}