{"id":531,"date":"2010-12-12T19:26:45","date_gmt":"2010-12-12T18:26:45","guid":{"rendered":"http:\/\/www.packpapierverlag.de\/neu\/?p=531"},"modified":"2017-04-17T10:35:19","modified_gmt":"2017-04-17T08:35:19","slug":"lars-die-schuhfibel","status":"publish","type":"product","link":"https:\/\/www.packpapierverlag.de\/?product=lars-die-schuhfibel","title":{"rendered":"Lars Goral: Die Schuhfibel (p63)"},"content":{"rendered":"<p><a href=\"https:\/\/www.packpapierverlag.de\/wp-content\/uploads\/2010\/12\/Schuhfibel.jpg\"><img loading=\"lazy\" decoding=\"async\" class=\"alignleft size-medium wp-image-4447\" title=\"Schuhfibel\" src=\"https:\/\/www.packpapierverlag.de\/wp-content\/uploads\/2010\/12\/Schuhfibel-217x300.jpg\" alt=\"\" width=\"217\" height=\"300\" srcset=\"https:\/\/www.packpapierverlag.de\/wp-content\/uploads\/2010\/12\/Schuhfibel-217x300.jpg 217w, https:\/\/www.packpapierverlag.de\/wp-content\/uploads\/2010\/12\/Schuhfibel-300x414.jpg 300w, https:\/\/www.packpapierverlag.de\/wp-content\/uploads\/2010\/12\/Schuhfibel-742x1024.jpg 742w, https:\/\/www.packpapierverlag.de\/wp-content\/uploads\/2010\/12\/Schuhfibel.jpg 1024w\" sizes=\"auto, (max-width: 217px) 100vw, 217px\" \/><\/a><small style=\"color: #234747; font-family: Helvetica,Arial,sans-serif;\"><big style=\"color: #3b7777;\"><span style=\"font-weight: bold;\">Lars Goral: Die Schuhfibel<\/span><\/big><br \/>\n93 Seiten, DIN A4, reichlich illustriert. Packpapier Verlag. Erweiterte Auflage 2015.<br \/>\nAusf\u00fchrliche Schritt f\u00fcr Schritt- Anleitungen f\u00fcr Mokassins, Sandalen, Bundschuhe, klassische griechische Schn\u00fcrschuhe. Mit vielen Abbildungen und Schnittvorlagen.<br \/>\n<span style=\"font-weight: bold;\">INHALT:<\/span><br \/>\nEinleitung * Zeit * Leder * Werkzeug * Geld *\u00a0Mokkasinmodell: L\u00f6cher *\u00a0 Sohle * Beispiele und Anregungen * Schnitt * Babyschuh * Puppenschuh * Der Bundschuhmokkasin:\u00a0 Mokkasinmodell N\u00e4hte * Stiefelschnitte * Halbschuhschnitt * Kinderschuh *\u00a0Sandalen *\u00a0Sandalen mit Fu\u00dfbett * Tips und Tricks * Ausbessern und Reparieren * Klitzekleines Schuhmacher 1&#215;1 * \u00dcber den Autor<\/small><\/p>\n","protected":false},"excerpt":{"rendered":"<p>Lars Goral: Die Schuhfibel 93 Seiten, DIN A4, reichlich illustriert. [&hellip;] &hellip; <a href=\"https:\/\/www.packpapierverlag.de\/?product=lars-die-schuhfibel\">Weiterlesen <span class=\"meta-nav\">&rarr;<\/span><\/a><\/p>\n","protected":false},"featured_media":4447,"template":"","meta":[],"product_brand":[],"product_cat":[3,5],"product_tag":[],"class_list":{"0":"post-531","1":"product","2":"type-product","3":"status-publish","4":"has-post-thumbnail","6":"product_cat-produkte","7":"product_cat-selbstversorgung","9":"first","10":"instock","11":"shipping-taxable","12":"purchasable","13":"product-type-simple"},"_links":{"self":[{"href":"https:\/\/www.packpapierverlag.de\/index.php?rest_route=\/wp\/v2\/product\/531","targetHints":{"allow":["GET"]}}],"collection":[{"href":"https:\/\/www.packpapierverlag.de\/index.php?rest_route=\/wp\/v2\/product"}],"about":[{"href":"https:\/\/www.packpapierverlag.de\/index.php?rest_route=\/wp\/v2\/types\/product"}],"wp:featuredmedia":[{"embeddable":true,"href":"https:\/\/www.packpapierverlag.de\/index.php?rest_route=\/wp\/v2\/media\/4447"}],"wp:attachment":[{"href":"https:\/\/www.packpapierverlag.de\/index.php?rest_route=%2Fwp%2Fv2%2Fmedia&parent=531"}],"wp:term":[{"taxonomy":"product_brand","embeddable":true,"href":"https:\/\/www.packpapierverlag.de\/index.php?rest_route=%2Fwp%2Fv2%2Fproduct_brand&post=531"},{"taxonomy":"product_cat","embeddable":true,"href":"https:\/\/www.packpapierverlag.de\/index.php?rest_route=%2Fwp%2Fv2%2Fproduct_cat&post=531"},{"taxonomy":"product_tag","embeddable":true,"href":"https:\/\/www.packpapierverlag.de\/index.php?rest_route=%2Fwp%2Fv2%2Fproduct_tag&post=531"}],"curies":[{"name":"wp","href":"https:\/\/api.w.org\/{rel}","templated":true}]}}