{"id":534,"date":"2010-12-12T19:28:09","date_gmt":"2010-12-12T18:28:09","guid":{"rendered":"http:\/\/www.packpapierverlag.de\/neu\/?p=534"},"modified":"2017-04-24T10:59:46","modified_gmt":"2017-04-24T08:59:46","slug":"umweltfreundlich-waschen","status":"publish","type":"product","link":"https:\/\/www.packpapierverlag.de\/?product=umweltfreundlich-waschen","title":{"rendered":"Umweltfreundlich Waschen (p75)"},"content":{"rendered":"<p><a href=\"https:\/\/www.packpapierverlag.de\/wp-content\/uploads\/2010\/12\/Umweltfreundlich-waschen.jpg\"><img loading=\"lazy\" decoding=\"async\" class=\"alignleft size-medium wp-image-3883\" title=\"Umweltfreundlich waschen\" src=\"https:\/\/www.packpapierverlag.de\/wp-content\/uploads\/2010\/12\/Umweltfreundlich-waschen-210x300.jpg\" alt=\"\" width=\"210\" height=\"300\" srcset=\"https:\/\/www.packpapierverlag.de\/wp-content\/uploads\/2010\/12\/Umweltfreundlich-waschen-210x300.jpg 210w, https:\/\/www.packpapierverlag.de\/wp-content\/uploads\/2010\/12\/Umweltfreundlich-waschen-300x427.jpg 300w, https:\/\/www.packpapierverlag.de\/wp-content\/uploads\/2010\/12\/Umweltfreundlich-waschen-718x1024.jpg 718w, https:\/\/www.packpapierverlag.de\/wp-content\/uploads\/2010\/12\/Umweltfreundlich-waschen.jpg 1024w\" sizes=\"auto, (max-width: 210px) 100vw, 210px\" \/><\/a><small style=\"color: #264d4d;\"><span style=\"font-family: Helvetica,Arial,sans-serif;\"><span style=\"font-weight: bold; color: #397575;\">Frederik Wagner:\u00a0Umweltfreundlich Waschen<\/span>\u00a0<\/span><br style=\"font-family: Helvetica,Arial,sans-serif;\" \/><span style=\"font-family: Helvetica,Arial,sans-serif;\">Osnabr\u00fcck: Packpapier-Verlag 1989. Brosch\u00fcre mit 63 Seiten, DIN A5, illustiert.<\/span><br style=\"font-family: Helvetica,Arial,sans-serif;\" \/><span style=\"font-family: Helvetica,Arial,sans-serif;\">Waschmittel nennen sich inzwischen \u201e\u00f6ko\u201c und sollen\u201ebiologisch abbaubar\u201c sein, aber sie belasten weiterhin die Gew\u00e4sser und die Gesundheit derer, die ihre Kleidung mit Industriewaschmitteln reinigen. Diese Brosch\u00fcre kl\u00e4rt \u00fcber die Schadstoffe der Waschmittel auf und gibt Tipps und Ratschl\u00e4ge, wie man umwelt- und gesundheitsfreundlich waschen kann.<\/span><br style=\"font-family: Helvetica,Arial,sans-serif;\" \/><span style=\"font-family: Helvetica,Arial,sans-serif;\">INHALT:<br \/>\n* Waschen ? * Strukturen: Wassertropfen- Bilder * Es war einmal\u2026 Geschichtliches * Die Giftk\u00fcche der Industrie * Falsche Werbeversprechen * Lexikon der Waschmittelinhaltsstoffe * ABC der Giftstoffe * Umweltschonend waschen * Textilauswahl * Fleck weg! Tipps * Waschvorbereitung * Einweichen statt vorwaschen * Handw\u00e4sche* Maschinenw\u00e4sche * Waschfehler * \u00d6koputzschrank * Alternative Waschmittel<\/span><\/small><\/p>\n","protected":false},"excerpt":{"rendered":"<p>Frederik Wagner:\u00a0Umweltfreundlich Waschen\u00a0Osnabr\u00fcck: Packpapier-Verlag 1989. Brosch\u00fcre mit 63 Seiten, DIN [&hellip;] &hellip; <a href=\"https:\/\/www.packpapierverlag.de\/?product=umweltfreundlich-waschen\">Weiterlesen <span class=\"meta-nav\">&rarr;<\/span><\/a><\/p>\n","protected":false},"featured_media":3883,"template":"","meta":[],"product_brand":[],"product_cat":[3,5],"product_tag":[],"class_list":{"0":"post-534","1":"product","2":"type-product","3":"status-publish","4":"has-post-thumbnail","6":"product_cat-produkte","7":"product_cat-selbstversorgung","9":"first","10":"instock","11":"shipping-taxable","12":"purchasable","13":"product-type-simple"},"_links":{"self":[{"href":"https:\/\/www.packpapierverlag.de\/index.php?rest_route=\/wp\/v2\/product\/534","targetHints":{"allow":["GET"]}}],"collection":[{"href":"https:\/\/www.packpapierverlag.de\/index.php?rest_route=\/wp\/v2\/product"}],"about":[{"href":"https:\/\/www.packpapierverlag.de\/index.php?rest_route=\/wp\/v2\/types\/product"}],"wp:featuredmedia":[{"embeddable":true,"href":"https:\/\/www.packpapierverlag.de\/index.php?rest_route=\/wp\/v2\/media\/3883"}],"wp:attachment":[{"href":"https:\/\/www.packpapierverlag.de\/index.php?rest_route=%2Fwp%2Fv2%2Fmedia&parent=534"}],"wp:term":[{"taxonomy":"product_brand","embeddable":true,"href":"https:\/\/www.packpapierverlag.de\/index.php?rest_route=%2Fwp%2Fv2%2Fproduct_brand&post=534"},{"taxonomy":"product_cat","embeddable":true,"href":"https:\/\/www.packpapierverlag.de\/index.php?rest_route=%2Fwp%2Fv2%2Fproduct_cat&post=534"},{"taxonomy":"product_tag","embeddable":true,"href":"https:\/\/www.packpapierverlag.de\/index.php?rest_route=%2Fwp%2Fv2%2Fproduct_tag&post=534"}],"curies":[{"name":"wp","href":"https:\/\/api.w.org\/{rel}","templated":true}]}}