{"id":535,"date":"2010-12-12T19:28:31","date_gmt":"2010-12-12T18:28:31","guid":{"rendered":"http:\/\/www.packpapierverlag.de\/neu\/?p=535"},"modified":"2017-04-18T18:36:33","modified_gmt":"2017-04-18T16:36:33","slug":"rad-kaputt","status":"publish","type":"product","link":"https:\/\/www.packpapierverlag.de\/?product=rad-kaputt","title":{"rendered":"EsA Rad kaputt (c01)"},"content":{"rendered":"<p><a href=\"https:\/\/www.packpapierverlag.de\/wp-content\/uploads\/2010\/12\/Rad-kaputt1.jpg\"><img loading=\"lazy\" decoding=\"async\" class=\"alignleft size-medium wp-image-6092\" title=\"Rad kaputt\" src=\"https:\/\/www.packpapierverlag.de\/wp-content\/uploads\/2010\/12\/Rad-kaputt1-214x300.jpg\" alt=\"\" width=\"214\" height=\"300\" srcset=\"https:\/\/www.packpapierverlag.de\/wp-content\/uploads\/2010\/12\/Rad-kaputt1-214x300.jpg 214w, https:\/\/www.packpapierverlag.de\/wp-content\/uploads\/2010\/12\/Rad-kaputt1-300x420.jpg 300w, https:\/\/www.packpapierverlag.de\/wp-content\/uploads\/2010\/12\/Rad-kaputt1-732x1024.jpg 732w, https:\/\/www.packpapierverlag.de\/wp-content\/uploads\/2010\/12\/Rad-kaputt1.jpg 1024w\" sizes=\"auto, (max-width: 214px) 100vw, 214px\" \/><\/a><small style=\"color: #1a3636;\"><big><span style=\"font-family: Helvetica,Arial,sans-serif; font-weight: bold; color: #377474;\">Rad kaputt? Reparaturen aller Art, vom Platten bis zum Rahmenbruch, inklusive Bau, Tuning und Reparatur von Gangschaltungen.<\/span><\/big><br style=\"font-family: Helvetica,Arial,sans-serif;\" \/><span style=\"font-family: Helvetica,Arial,sans-serif;\">Aus der Reihe \u201eEinf\u00e4lle statt Abf\u00e4lle\u201c. Neue erg\u00e4nzte Auflage von 2014. Paperback mit 182 Seiten. Mit sehr detaillierten Illustrationen, Zeichnungen und Photos.<\/span><br style=\"font-family: Helvetica,Arial,sans-serif;\" \/><span style=\"font-family: Helvetica,Arial,sans-serif;\">Alles \u00fcber die Reparatur und den Selbstbau von Fahrr\u00e4dern aus alten Fahrradteilen und Schrott. Auch ein hilfreicher Begleiter f\u00fcr Radwanderer und Globetrotter, besonders, wenn weit und breit keine Fahrradwerkstatt zu finden ist. <\/span><br style=\"font-family: Helvetica,Arial,sans-serif;\" \/><span style=\"font-family: Helvetica,Arial,sans-serif;\">INHALT:<br \/>\n* Illustriertes Inhaltsverzeichnis * Illustrierte Werkzeugliste f\u00fcr kleine und gro\u00dfe Fahrt * Luftpumpe, Reparatur * Platten, Leck im Schlauch, Reparatur * Geplatzter Reifen, Reparatur * Licht, Pr\u00fcfen mit System * Licht, Reparaturen * Kugellager pflegen, pr\u00fcfen, einstellen * Das Lenkungslager * Vorderradlager * R\u00fcckstrittnabe * Tretlager, Keillager * Tretlager, Vierkantachse (Glockenlager) * Tretlager-Kugellager warten * Tretkurbel verbogen, gebrochen, Reparatur * Pedale, Kugellager, Tretstrahler, Reparaturen * Kette pr\u00fcfen, Ritzel (kleines Kettenrad) wechseln * Kette spannen, k\u00fcrzen, verbinden * Gerissene Kette flicken, Kettenschlo\u00df ersetzen * Kette pflegen, Kettenschutz * Speichen nachziehen, 8-en geradespannen * Unfall: 8 in der Felge beseitigen, * Felgenbruch reparieren * Lenker einstellen, Lenkerbruch reparieren * Griffe ersetzen, Ledergriffe selber machen * Handbremse einstellen und pflegen, Bremskl\u00f6tze machen * Bowdenz\u00fcge, Verbesserungen und Reparaturen * Sattel, Auswahl, Pflege und Reparatur * Gep\u00e4cktr\u00e4ger, Auswahl, Bruch reparieren * Gep\u00e4cktr\u00e4gerfedern wechseln, starke Federn selber machen * Schutzbleche, Befestigungen, Auswahl, Bruch reparieren * Rahmen und Gabel, Qualit\u00e4t, Sch\u00e4den, Reparatur * Gabel krumm, Gabelbruch, Reparatur * Rahmen krumm, Rahmenbruch, Reparatur * Weitere Qualit\u00e4tsm\u00e4ngel am Rahmen * Anstreichen und was dazugeh\u00f6rt * Rad- Pflege- Tips, Radkauf-Wegweiser * Gangschaltungen, Auswahl * Dreigangnaben, Funktion, richtig schalten * Fehler an Schalter, Schaltzug, Kettchen, Reparaturen * Nabe auseinander- und zusammenbauen, Teile reparieren * Sturmey- Archer- Dreigangnabe (im Ausland \u00fcblich) * F&amp;S- Dreigang 515 mit Leerlauf (\u00e4ltere Nabe)* F&amp;S- Dreigang Mod. 55 (alte Nabe) * Die Trick-Seite: Aus Dreigang wird Sechsgang * Kettenschaltung * Erlaubte und verbotene G\u00e4nge, Kettenlinie * Schaltwerk einstellen * Freilauf reparieren * Ritzel wechseln * Mit 5 Ketten einmal um die Welt * Uralt-Museums-Gangschaltungen * Besondere Ventile, Reifendruck und Rollwiderstand * Neuigkeiten von der Lichtanlage * Tretlager, neue Vierkantachsen und Pedallager * Alte Felgenbremsen verbessern, neue Felgenbremsen * Neue und neumodische Fahrr\u00e4der, Rahmen und Gabeln<\/span><\/small><\/p>\n","protected":false},"excerpt":{"rendered":"<p>Rad kaputt? Reparaturen aller Art, vom Platten bis zum Rahmenbruch, [&hellip;] &hellip; <a href=\"https:\/\/www.packpapierverlag.de\/?product=rad-kaputt\">Weiterlesen <span class=\"meta-nav\">&rarr;<\/span><\/a><\/p>\n","protected":false},"featured_media":6092,"template":"","meta":[],"product_brand":[],"product_cat":[3,5],"product_tag":[],"class_list":{"0":"post-535","1":"product","2":"type-product","3":"status-publish","4":"has-post-thumbnail","6":"product_cat-produkte","7":"product_cat-selbstversorgung","9":"first","10":"instock","11":"shipping-taxable","12":"purchasable","13":"product-type-simple"},"_links":{"self":[{"href":"https:\/\/www.packpapierverlag.de\/index.php?rest_route=\/wp\/v2\/product\/535","targetHints":{"allow":["GET"]}}],"collection":[{"href":"https:\/\/www.packpapierverlag.de\/index.php?rest_route=\/wp\/v2\/product"}],"about":[{"href":"https:\/\/www.packpapierverlag.de\/index.php?rest_route=\/wp\/v2\/types\/product"}],"wp:featuredmedia":[{"embeddable":true,"href":"https:\/\/www.packpapierverlag.de\/index.php?rest_route=\/wp\/v2\/media\/6092"}],"wp:attachment":[{"href":"https:\/\/www.packpapierverlag.de\/index.php?rest_route=%2Fwp%2Fv2%2Fmedia&parent=535"}],"wp:term":[{"taxonomy":"product_brand","embeddable":true,"href":"https:\/\/www.packpapierverlag.de\/index.php?rest_route=%2Fwp%2Fv2%2Fproduct_brand&post=535"},{"taxonomy":"product_cat","embeddable":true,"href":"https:\/\/www.packpapierverlag.de\/index.php?rest_route=%2Fwp%2Fv2%2Fproduct_cat&post=535"},{"taxonomy":"product_tag","embeddable":true,"href":"https:\/\/www.packpapierverlag.de\/index.php?rest_route=%2Fwp%2Fv2%2Fproduct_tag&post=535"}],"curies":[{"name":"wp","href":"https:\/\/api.w.org\/{rel}","templated":true}]}}