{"id":537,"date":"2010-12-12T19:29:02","date_gmt":"2010-12-12T18:29:02","guid":{"rendered":"http:\/\/www.packpapierverlag.de\/neu\/?p=537"},"modified":"2017-04-24T11:14:32","modified_gmt":"2017-04-24T09:14:32","slug":"tandemstretmobile","status":"publish","type":"product","link":"https:\/\/www.packpapierverlag.de\/?product=tandemstretmobile","title":{"rendered":"EsA Tandems+Tretmobile (c02)"},"content":{"rendered":"<p><a href=\"https:\/\/www.packpapierverlag.de\/wp-content\/uploads\/2010\/12\/Tandems.jpg\"><img loading=\"lazy\" decoding=\"async\" class=\"alignleft size-medium wp-image-3914\" title=\"Tandems\" src=\"https:\/\/www.packpapierverlag.de\/wp-content\/uploads\/2010\/12\/Tandems-219x300.jpg\" alt=\"\" width=\"219\" height=\"300\" srcset=\"https:\/\/www.packpapierverlag.de\/wp-content\/uploads\/2010\/12\/Tandems-219x300.jpg 219w, https:\/\/www.packpapierverlag.de\/wp-content\/uploads\/2010\/12\/Tandems-300x411.jpg 300w, https:\/\/www.packpapierverlag.de\/wp-content\/uploads\/2010\/12\/Tandems-747x1024.jpg 747w, https:\/\/www.packpapierverlag.de\/wp-content\/uploads\/2010\/12\/Tandems.jpg 1024w\" sizes=\"auto, (max-width: 219px) 100vw, 219px\" \/><\/a><small style=\"color: #204343; font-family: Helvetica,Arial,sans-serif;\"><big style=\"color: #3b7c7c;\"><span style=\"font-weight: bold;\">Tandems, Tretmobile und Kinder-Anh\u00e4ngetandems<\/span><\/big><br \/>\nAus Sperrm\u00fcll. Ausf\u00fchrliche Baupl\u00e4ne- auch ohne Schwei\u00dfen! Einfachste Pl\u00e4ne, einfache Bauweise, Profi-Qualit\u00e4t. Plus Extra-Pan f\u00fcr Liegerad- Tandems. Aus der Ingenieurswerkstatt von Einf\u00e4lle statt Abf\u00e4lle, Kiel, 2004. Fahrrad-Heft 2 ISBN 3-924038-59-7 106 Seiten, reichhaltig illustriert.<br \/>\nZu zweit ist` s doch am sch\u00f6nsten! Detaillierte Bauanleitungen f\u00fcr Tandems zum Hintereinander- oder Nebeneinandersitzen, f\u00fcr Erwachsenentandems und Eltern-Kind- Tandems. Kosteng\u00fcnstig und umweltfreundlich.<br \/>\n<span style=\"font-weight: bold;\">INHALT: TEIL 1: <\/span>* Ein Tandem ist \u2018ne tolle Sache&#8230; * Kleine Konstruktionslehre f\u00fcr Tandembastler: Rahamen-Bauarten * Ausw\u00e4hlen der Bauteile, Qualit\u00e4t erkennen * Bauplan f\u00fcr ein Herren- Tandem aus 2 Sperrm\u00fcllr\u00e4dern * Bauplan f\u00fcr ein Damen- Tandem aus 2 Sperrm\u00fcllr\u00e4dern * Hinweise zum Rahmenbau und zum Schwei\u00dfen * Bauplan f\u00fcr einen Renntandemrahmen weitgehend aus Sperrm\u00fcll * Bauplan f\u00fcr eine verst\u00e4rkte Gabel * Prima Tandemrahmen ohne Schwei\u00dfen: Das Mieten * Genieteter Herren- Herren- Tandemrahmen * Genieteter Damen- Damen- Tandemrahmen * Bremsen f\u00fcr ein Tandem * Alte R\u00fccktrittnabe als Vorderrad- Trommelbremse * Die Kettenf\u00fchrung beim Tandem * Gep\u00e4cktr\u00e4ger und Vordergep\u00e4cktr\u00e4ger am Rahmen * Lenker und Sattel * Super! Das Chopper- Tandem, ohne Schwei\u00dfstellen! * Gangschaltungen f\u00fcr Tandems, Hinweise zum Gebrauch * <span style=\"font-weight: bold;\">TEIL 2:<\/span> * Kinder- Anh\u00e4ngefahrr\u00e4der bauen * Bau- Tricks f\u00fcr Schleppstangen * Material- Auswahl, Schwei\u00dfen, Rohre biegen * Bauplan: Geschwei\u00dfte Anh\u00e4ngefahrrad * Baupl\u00e4ne: Die Kupplung, geschwei\u00dft oder geschraubt * Bauplan: Anh\u00e4ngefahrrad, verst\u00e4rkt &amp; ohne Schwei\u00dfen * <span style=\"font-weight: bold;\">TEIL 3: <\/span>*Fahrspa\u00df mit dem Tretmobil * Wichtige Punkte zur Konstruktion * Material und Bauweise * Bau des Tretmobil- Verbindungsgest\u00e4nges * Bau der Tretmobil- Lenkung * Ausstattung des Tretmobils * Probefahrten, Fehler, Schweinerei- Effekte * N\u00fctzliches Zubeh\u00f6r * Anh\u00e4nger Modell \u201eBastelfix\u201c * Anh\u00e4nger Modell &#8222;Bastelfix Mini- Klapp\u201c * Fahrrad- Beiwagen * Zweiachs- Anh\u00e4nger \u201eGigant Ultra\u201c<\/small><\/p>\n","protected":false},"excerpt":{"rendered":"<p>Tandems, Tretmobile und Kinder-Anh\u00e4ngetandems Aus Sperrm\u00fcll. Ausf\u00fchrliche Baupl\u00e4ne- auch ohne [&hellip;] &hellip; <a href=\"https:\/\/www.packpapierverlag.de\/?product=tandemstretmobile\">Weiterlesen <span class=\"meta-nav\">&rarr;<\/span><\/a><\/p>\n","protected":false},"featured_media":3914,"template":"","meta":[],"product_brand":[],"product_cat":[3,5],"product_tag":[],"class_list":{"0":"post-537","1":"product","2":"type-product","3":"status-publish","4":"has-post-thumbnail","6":"product_cat-produkte","7":"product_cat-selbstversorgung","9":"first","10":"instock","11":"shipping-taxable","12":"purchasable","13":"product-type-simple"},"_links":{"self":[{"href":"https:\/\/www.packpapierverlag.de\/index.php?rest_route=\/wp\/v2\/product\/537","targetHints":{"allow":["GET"]}}],"collection":[{"href":"https:\/\/www.packpapierverlag.de\/index.php?rest_route=\/wp\/v2\/product"}],"about":[{"href":"https:\/\/www.packpapierverlag.de\/index.php?rest_route=\/wp\/v2\/types\/product"}],"wp:featuredmedia":[{"embeddable":true,"href":"https:\/\/www.packpapierverlag.de\/index.php?rest_route=\/wp\/v2\/media\/3914"}],"wp:attachment":[{"href":"https:\/\/www.packpapierverlag.de\/index.php?rest_route=%2Fwp%2Fv2%2Fmedia&parent=537"}],"wp:term":[{"taxonomy":"product_brand","embeddable":true,"href":"https:\/\/www.packpapierverlag.de\/index.php?rest_route=%2Fwp%2Fv2%2Fproduct_brand&post=537"},{"taxonomy":"product_cat","embeddable":true,"href":"https:\/\/www.packpapierverlag.de\/index.php?rest_route=%2Fwp%2Fv2%2Fproduct_cat&post=537"},{"taxonomy":"product_tag","embeddable":true,"href":"https:\/\/www.packpapierverlag.de\/index.php?rest_route=%2Fwp%2Fv2%2Fproduct_tag&post=537"}],"curies":[{"name":"wp","href":"https:\/\/api.w.org\/{rel}","templated":true}]}}