{"id":540,"date":"2010-12-12T19:29:32","date_gmt":"2010-12-12T18:29:32","guid":{"rendered":"http:\/\/www.packpapierverlag.de\/neu\/?p=540"},"modified":"2017-04-24T11:12:21","modified_gmt":"2017-04-24T09:12:21","slug":"last-und-schwerlastrader","status":"publish","type":"product","link":"https:\/\/www.packpapierverlag.de\/?product=last-und-schwerlastrader","title":{"rendered":"EsA Last-und Schwerlastr\u00e4der (c03)"},"content":{"rendered":"<p><a href=\"https:\/\/www.packpapierverlag.de\/wp-content\/uploads\/2010\/12\/Lastenrad.jpg\"><img loading=\"lazy\" decoding=\"async\" class=\"alignleft size-medium wp-image-3909\" title=\"Lastenrad\" src=\"https:\/\/www.packpapierverlag.de\/wp-content\/uploads\/2010\/12\/Lastenrad-216x300.jpg\" alt=\"\" width=\"216\" height=\"300\" srcset=\"https:\/\/www.packpapierverlag.de\/wp-content\/uploads\/2010\/12\/Lastenrad-216x300.jpg 216w, https:\/\/www.packpapierverlag.de\/wp-content\/uploads\/2010\/12\/Lastenrad-300x416.jpg 300w, https:\/\/www.packpapierverlag.de\/wp-content\/uploads\/2010\/12\/Lastenrad-737x1024.jpg 737w, https:\/\/www.packpapierverlag.de\/wp-content\/uploads\/2010\/12\/Lastenrad.jpg 1016w\" sizes=\"auto, (max-width: 216px) 100vw, 216px\" \/><\/a><small style=\"color: #1a3535; font-family: Helvetica,Arial,sans-serif;\">Christian Kuhtz<br \/>\n<big><span style=\"font-weight: bold; color: #316464;\">Lasten-Fahrr\u00e4der, Schwerlast-Dreir\u00e4der und Anh\u00e4nger aller Art. Selber bauen auch ohne Schwei\u00dfarbeiten<\/span><\/big><br style=\"font-weight: bold;\" \/>Fahrrad-Heft 3 der Reihe \u201eEinf\u00e4lle statt Abf\u00e4lle\u201c, Kiel 2004. EAN 978-3-924038-63-2<br \/>\nReich bebilderte Brosch\u00fcre mit 94 Seiten Fahrr\u00e4der selbst kosteng\u00fcnstig aus Sperrm\u00fcll zusammenbauen. Konstruktionslehre und 5 Bauanleitungen: * B\u00e4cker-Fahrrad: Abnehmbarer Vorgep\u00e4cktr\u00e4ger, 30 kg Last * M\u00fcllfix: Einfachst-Lastrad f\u00fcr 50 kg Last * Tieflader in Holz-Bauweise, f\u00fcr 100 kg Last * Verst\u00e4rkter Riesen-Tieflader, extra lang, 100 kg Last * Schubkarren-Lastrad, ganz aus Stahl, gut 100 kg Last<br \/>\n<span style=\"font-weight: bold;\">INHALTSVERZEICHNIS : Teil 1: \u201eLasten-Fahrr\u00e4der\u201c: <\/span>* Ideen, Material und Werkzeug zum Lastradbau * 5 Bau-Beispiele; Kurzbeschreibung * Kleine Konstruktionslehre f\u00fcr Schrottbastler * Was tun gegen Biegung? Was tun gegen Torsion? * Aufgepa\u00dft bei Holzverbindungen! * Bauplan: \u201eB\u00e4ckerfahrrad\u201c- Zusatzgep\u00e4cktr\u00e4ger f\u00fcr 30kg * Bauplan \u201eM\u00fcllfix\u201c- Kleinlastrad f\u00fcr 50 kg * Bauplan: \u201eTieflader\u201c- Schwerlastrad f\u00fcr 100 kg * Bauplan: Verst\u00e4rktes \u201eRiesen-Tieflader\u201c \u2013 Schwerlastrad * Bauplan: \u201eSchubkarren-Tieflader\u201c ganz aus Stahl, f\u00fcr 100 kg * Was man beim Lastradbau noch wissen sollte * Packriemen aus altem Fahrradschlauch, Ladefl\u00e4che, Gebrauch. * <span style=\"font-weight: bold;\">Teil 2: \u201eSchwerlast-Dreir\u00e4der und Anh\u00e4nger\u201c:<\/span> *Ideen und Material f\u00fcr Lasten &#8211; Dreir\u00e4der und Anh\u00e4nger * Gesamtansicht &#8211; Explosionszeichnung, ben\u00f6tigtes Werkzeug * Bau des Schwerlast- Einer -Rahmens, wichtige Ma\u00dfe * Rohre biegen, Schwei\u00dfen, Bau -Details am Rahmen * Schwerlast \u2013 Tandem \u2013 Rahmen * Bau des Lenkungslagers * Vorderradrahmen, Radaufh\u00e4ngung, Federung * Ausrichten des Lenkungslagers, Montage am Lastkasten * Der Lastkasten, selbsttragend aus Sperrholz * Lastkasten mit Lattenrost und Rohr -Reling &#8212; ohne Tropenholz! * Riemen, Plane, Spiegel, Ausbau zum 2benzinfreien Wohnmobil\u201c * Lenkb\u00fcgel, Bremsb\u00fcgel, Bremsanlage * Lichtanlage, R\u00e4der, Reifen, Gangschaltung.* <span style=\"font-weight: bold;\">Bau von Vielzweck- Anh\u00e4ngers &#8212; auch ohne Schwei\u00dfarbeiten: <\/span>Langholz- Transporter und Kombi- Anh\u00e4nger * Anh\u00e4nger mit Kindersitz und Kindertransport \u2013Anh\u00e4nger * Tricks zum Lackieren mit Giftm\u00fcll- Vermeidung und \u201eVoll-\u00d6ko\u201c * Ein \u2013 Spur \u2013 Leichtlauf &#8211; Anh\u00e4nger, auch f\u00fcr Kinder * Die Schubkarre als Anh\u00e4nger * Spezial- Kupplung f\u00fcr Einspur- Anh\u00e4nger<\/small><\/p>\n","protected":false},"excerpt":{"rendered":"<p>Christian Kuhtz Lasten-Fahrr\u00e4der, Schwerlast-Dreir\u00e4der und Anh\u00e4nger aller Art. Selber bauen [&hellip;] &hellip; <a href=\"https:\/\/www.packpapierverlag.de\/?product=last-und-schwerlastrader\">Weiterlesen <span class=\"meta-nav\">&rarr;<\/span><\/a><\/p>\n","protected":false},"featured_media":3909,"template":"","meta":[],"product_brand":[],"product_cat":[3,5],"product_tag":[],"class_list":{"0":"post-540","1":"product","2":"type-product","3":"status-publish","4":"has-post-thumbnail","6":"product_cat-produkte","7":"product_cat-selbstversorgung","9":"first","10":"instock","11":"shipping-taxable","12":"purchasable","13":"product-type-simple"},"_links":{"self":[{"href":"https:\/\/www.packpapierverlag.de\/index.php?rest_route=\/wp\/v2\/product\/540","targetHints":{"allow":["GET"]}}],"collection":[{"href":"https:\/\/www.packpapierverlag.de\/index.php?rest_route=\/wp\/v2\/product"}],"about":[{"href":"https:\/\/www.packpapierverlag.de\/index.php?rest_route=\/wp\/v2\/types\/product"}],"wp:featuredmedia":[{"embeddable":true,"href":"https:\/\/www.packpapierverlag.de\/index.php?rest_route=\/wp\/v2\/media\/3909"}],"wp:attachment":[{"href":"https:\/\/www.packpapierverlag.de\/index.php?rest_route=%2Fwp%2Fv2%2Fmedia&parent=540"}],"wp:term":[{"taxonomy":"product_brand","embeddable":true,"href":"https:\/\/www.packpapierverlag.de\/index.php?rest_route=%2Fwp%2Fv2%2Fproduct_brand&post=540"},{"taxonomy":"product_cat","embeddable":true,"href":"https:\/\/www.packpapierverlag.de\/index.php?rest_route=%2Fwp%2Fv2%2Fproduct_cat&post=540"},{"taxonomy":"product_tag","embeddable":true,"href":"https:\/\/www.packpapierverlag.de\/index.php?rest_route=%2Fwp%2Fv2%2Fproduct_tag&post=540"}],"curies":[{"name":"wp","href":"https:\/\/api.w.org\/{rel}","templated":true}]}}