{"id":541,"date":"2010-12-12T19:29:57","date_gmt":"2010-12-12T18:29:57","guid":{"rendered":"http:\/\/www.packpapierverlag.de\/neu\/?p=541"},"modified":"2025-03-17T21:30:03","modified_gmt":"2025-03-17T20:30:03","slug":"das-chopperfahrrad","status":"publish","type":"product","link":"https:\/\/www.packpapierverlag.de\/?product=das-chopperfahrrad","title":{"rendered":"EsA Chopper- Fahrr\u00e4der (c05)"},"content":{"rendered":"<p><a href=\"https:\/\/www.packpapierverlag.de\/wp-content\/uploads\/2010\/12\/Chopperad.jpg\"><img loading=\"lazy\" decoding=\"async\" class=\"alignleft size-medium wp-image-3905\" title=\"Chopperad\" src=\"https:\/\/www.packpapierverlag.de\/wp-content\/uploads\/2010\/12\/Chopperad-213x300.jpg\" alt=\"\" width=\"213\" height=\"300\" srcset=\"https:\/\/www.packpapierverlag.de\/wp-content\/uploads\/2010\/12\/Chopperad-213x300.jpg 213w, https:\/\/www.packpapierverlag.de\/wp-content\/uploads\/2010\/12\/Chopperad-300x422.jpg 300w, https:\/\/www.packpapierverlag.de\/wp-content\/uploads\/2010\/12\/Chopperad-727x1024.jpg 727w, https:\/\/www.packpapierverlag.de\/wp-content\/uploads\/2010\/12\/Chopperad.jpg 1024w\" sizes=\"auto, (max-width: 213px) 100vw, 213px\" \/><\/a><small style=\"color: #152b2b;\"><span style=\"font-family: Helvetica,Arial,sans-serif;\">Fahrrad-Heft 5 der Reihe Einf\u00e4lle statt Abf\u00e4lle<\/span><br style=\"font-family: Helvetica,Arial,sans-serif;\" \/><big style=\"color: #2e5e5e;\"><span style=\"font-family: Helvetica,Arial,sans-serif; font-weight: bold;\">Chopper- Fahrr\u00e4der. Ganz einfache Baupl\u00e4ne, aus M\u00fcll, ohne Schwei\u00dfen.<\/span><\/big><br style=\"font-family: Helvetica,Arial,sans-serif;\" \/><span style=\"font-family: Helvetica,Arial,sans-serif;\">Auch als Tandem! Sowie Pl\u00e4ne, Ma\u00dfe und Tests zum Bau edelster Profi- Lieger\u00e4der<\/span><br style=\"font-family: Helvetica,Arial,sans-serif;\" \/><span style=\"font-family: Helvetica,Arial,sans-serif;\">Kiel 2005. ISBN 3-924038-66-X<\/span><br style=\"font-family: Helvetica,Arial,sans-serif;\" \/><span style=\"font-family: Helvetica,Arial,sans-serif;\">Handbuch \/ Brosch\u00fcre mit 96 Seiten; reichlich bebildert und illustriert.<\/span><br style=\"font-family: Helvetica,Arial,sans-serif;\" \/><span style=\"font-family: Helvetica,Arial,sans-serif;\">Ausf\u00fchrliche Bauanleitungen und viele Tipps, wie man sich kosteng\u00fcnstig verschiedene Liegefahrr\u00e4der selbst bauen kann. Lieger\u00e4der sind super- gem\u00fctlich und man kann mit ihnen richtig lange Touren fahren. Sie bieten der Luft weniger Widerstand als ein herk\u00f6mmliches Fahrrad, weshalb man deutlich schneller vorankommt. Lieger\u00e4der sind r\u00fcckenschonend und k\u00f6nnen selbst Sportmuffel \u00fcberzeugen, mit dem Rad weiter als bis zum B\u00e4cker zu fahren.<\/span><br style=\"font-family: Helvetica,Arial,sans-serif;\" \/><span style=\"font-family: Helvetica,Arial,sans-serif;\"><span style=\"font-weight: bold;\">INHALT: <\/span>* Chopper- Rad fahren ist supertoll * Liegerad \u2013 Geschichte * Vergleich Normalrad &#8211;\u00a0 Liegezweirad \u2013 Liegedreirad * Liegerad \u2013 Wissenschaft * Fahrwiderst\u00e4nde: Wof\u00fcr geht wieviel Kraft drauf beim Radfahren? * Ergonomie: Wie k\u00f6nnen Liegeradler ihre Kraft am besten einsetzen ?\u00a0 (Antrieb, Fersenhalter, kraftsparendste Sitzposition) * Aerodynamik und Ergonomie: Die g\u00fcnstigste Sitzposition zum Fahren * Allwetter- Aerodynamik- Verkleidungen * Der k\u00f6rpergerechte Sitz &#8211; entscheidend f\u00fcr den Liege- Radel- Spa\u00df * Liegerad &#8211; Technik und Bau- Details * Direkte oder indirekte Lenkung, Eigenschaften, Verbesserungen * Sitzh\u00f6he und Fahrverhalten Ausstattungs- Tricks: Reifen, R\u00e4der, Schaltung, Bremsen, Licht&#8230; * Unentbehrlich &#8211; die Federung * Einfache Selbstbau- Sitze * Bau- Tricks f\u00fcr Edel- Sitze * Liegerad \u2013 Entwurf * Ma\u00dfe eines guten Liegerades * Planen eines \u201elangen\u201c oder \u201ekurzen\u201c Liegerades * Lieger\u00e4der- und Rahmenbau * Rahmenbau- Materialien und Bautricks, L\u00f6ten &amp; Schwei\u00dfen * Das Chopper- Rad Modell 1 &#8211; ohne Schwei\u00dfstelle * Erg\u00e4nzung zum Chopper- Tandem \u2013 auch ohne Schwei\u00dfstelle * Jetzt noch besser: Modell 2- auch hier keine Schwei\u00dfstellen * Geschwei\u00dfter Rahmen f\u00fcr Modell 1 und 2 * Indirekt gelenktes Chopper- Rad, einfach aus M\u00fcll geschwei\u00dft * Edel- Rennrad- Liegeradrahmen\u201a aus Schrottr\u00e4dern hartgel\u00f6tet * Edel- Touren- Rahmen, aus Rohrst\u00fccken und Fahrradteilen zu l\u00f6ten * Garnd Tour De Luxe- Liegerad, Ergebnis der Diplomarbeit 1984 * \u201eUnsere wildesten Bastelwerke\u201c * Liege- Dreir\u00e4der: Lenkung, Antrieb, Bau- Tricks und Beispiele * Das \u201eAllwetter- Liegerad\u201c mit Luxus und Vollverkleidung * Werners Profi- Lieger\u00e4der&#8230; und der Weg dorthin * Einige (fr\u00fcher oder heute) k\u00e4ufliche Lieger\u00e4der als Vergleichsobjekte * N\u00fctzliche Adressen, Bezugsquellen f\u00fcr Tips und Bauteile<\/span><\/small><\/p>\n","protected":false},"excerpt":{"rendered":"<p>Fahrrad-Heft 5 der Reihe Einf\u00e4lle statt Abf\u00e4lleChopper- Fahrr\u00e4der. Ganz einfache [&hellip;] &hellip; <a href=\"https:\/\/www.packpapierverlag.de\/?product=das-chopperfahrrad\">Weiterlesen <span class=\"meta-nav\">&rarr;<\/span><\/a><\/p>\n","protected":false},"featured_media":3905,"template":"","meta":[],"product_brand":[],"product_cat":[3,5],"product_tag":[],"class_list":{"0":"post-541","1":"product","2":"type-product","3":"status-publish","4":"has-post-thumbnail","6":"product_cat-produkte","7":"product_cat-selbstversorgung","9":"first","10":"instock","11":"shipping-taxable","12":"purchasable","13":"product-type-simple"},"_links":{"self":[{"href":"https:\/\/www.packpapierverlag.de\/index.php?rest_route=\/wp\/v2\/product\/541","targetHints":{"allow":["GET"]}}],"collection":[{"href":"https:\/\/www.packpapierverlag.de\/index.php?rest_route=\/wp\/v2\/product"}],"about":[{"href":"https:\/\/www.packpapierverlag.de\/index.php?rest_route=\/wp\/v2\/types\/product"}],"wp:featuredmedia":[{"embeddable":true,"href":"https:\/\/www.packpapierverlag.de\/index.php?rest_route=\/wp\/v2\/media\/3905"}],"wp:attachment":[{"href":"https:\/\/www.packpapierverlag.de\/index.php?rest_route=%2Fwp%2Fv2%2Fmedia&parent=541"}],"wp:term":[{"taxonomy":"product_brand","embeddable":true,"href":"https:\/\/www.packpapierverlag.de\/index.php?rest_route=%2Fwp%2Fv2%2Fproduct_brand&post=541"},{"taxonomy":"product_cat","embeddable":true,"href":"https:\/\/www.packpapierverlag.de\/index.php?rest_route=%2Fwp%2Fv2%2Fproduct_cat&post=541"},{"taxonomy":"product_tag","embeddable":true,"href":"https:\/\/www.packpapierverlag.de\/index.php?rest_route=%2Fwp%2Fv2%2Fproduct_tag&post=541"}],"curies":[{"name":"wp","href":"https:\/\/api.w.org\/{rel}","templated":true}]}}