{"id":542,"date":"2010-12-12T19:30:22","date_gmt":"2010-12-12T18:30:22","guid":{"rendered":"http:\/\/www.packpapierverlag.de\/neu\/?p=542"},"modified":"2017-05-05T09:26:24","modified_gmt":"2017-05-05T07:26:24","slug":"sonnenwarme","status":"publish","type":"product","link":"https:\/\/www.packpapierverlag.de\/?product=sonnenwarme","title":{"rendered":"EsA Sonnenw\u00e4rme 20 Bauanleitungen (c06)"},"content":{"rendered":"<p><!--StartFragment --> <a href=\"https:\/\/www.packpapierverlag.de\/wp-content\/uploads\/2017\/05\/Sonnenw\u00e4rme-2017.jpg\" rel=\"attachment wp-att-7312\"><img loading=\"lazy\" decoding=\"async\" class=\"size-medium wp-image-7312 alignleft\" src=\"https:\/\/www.packpapierverlag.de\/wp-content\/uploads\/2017\/05\/Sonnenw\u00e4rme-2017-214x300.jpg\" alt=\"Sonnenw\u00e4rme 2017\" width=\"214\" height=\"300\" srcset=\"https:\/\/www.packpapierverlag.de\/wp-content\/uploads\/2017\/05\/Sonnenw\u00e4rme-2017-214x300.jpg 214w, https:\/\/www.packpapierverlag.de\/wp-content\/uploads\/2017\/05\/Sonnenw\u00e4rme-2017-300x420.jpg 300w, https:\/\/www.packpapierverlag.de\/wp-content\/uploads\/2017\/05\/Sonnenw\u00e4rme-2017-768x1075.jpg 768w, https:\/\/www.packpapierverlag.de\/wp-content\/uploads\/2017\/05\/Sonnenw\u00e4rme-2017-732x1024.jpg 732w, https:\/\/www.packpapierverlag.de\/wp-content\/uploads\/2017\/05\/Sonnenw\u00e4rme-2017.jpg 1024w\" sizes=\"auto, (max-width: 214px) 100vw, 214px\" \/><\/a><big><big>Sonnenw\u00e4rme!<br \/>\n20 Bauanleitungen<\/big><\/big><br \/>\nF\u00fcr viele Zwecke. Ausf\u00fchrliche Anleitung f\u00fcr gute, billige Warmwasseranlagen. Mit gro\u00dfem Basteltrick- Verzeichnis! Reich illustriert.<br \/>\n\u00dcber 30 Jahre Bauerfahrung inklusive regelm\u00e4\u00dfiger Aktualisierungen und Erweiterungen liegen dieser Brosch\u00fcre zugrunde.<br \/>\nSonne- Heft 1 der Reihe Einf\u00e4lle statt Abf\u00e4lle. Ausgabe 2017. 64 Seiten. EAN 978-3-924038-81-6<br \/>\nMit diesem Handbuch wird der engagierte Sonnenbenutzer umfassend und verst\u00e4ndlich in Nutzungsm\u00f6glichkeiten und Bauweisen von solaren Stromerzeugungsger\u00e4ten eingef\u00fchrt und kann sogleich frohgemut ans Werk gehen. Die meisten Anleitungen eignen sich auch f\u00fcr den Schulunterricht.<br \/>\n<em><big>Auf ins sonnige Leben!<\/big><\/em><br \/>\n<big>INHALT:<\/big><br \/>\n&#8222;Sonnenw\u00e4rme&#8220;<br \/>\n<big>Kleinere Bauwerke und N\u00fctzlichkeiten:<\/big><br \/>\nSonnen- K\u00fchlschrank<br \/>\nWaschsch\u00fcssel- Kollektor<br \/>\nPott- Kollektor, Mini- Kollektor f\u00fcr Bastelkurse (genauer Plan)<br \/>\nParabolspiegel- Rohrkollektor f\u00fcr kochend Wasser<br \/>\nKollektor- Nachf\u00fchrung solar betrieben und gesteuert<br \/>\nExakter Hohlspiegel aus reflektierender Folie<br \/>\nHohlspiegel- Kocher aus Satellitensch\u00fcsseln oder Spiegelscherben<br \/>\nEinfachste Sonnen- Kochkisten und D\u00f6rrer<br \/>\nExtra prima Kochkisten und D\u00f6rrapparate<br \/>\nEin Fr\u00fch\u00fcgelbeet<br \/>\nGartenschlauch- Kollektor<br \/>\nHeizen mit der Sonne!<br \/>\nHeiz- W\u00e4nde und Anlehn- Gew\u00e4chshaus<br \/>\n<big>Warmwasser- Sonnenkollektoranlagen, ganz einfach und edel:<\/big><br \/>\nFlachkollektor- Anlage, Einfachst-Beispiel und Erkl\u00e4rung<br \/>\nSchwerkraftumlauf, Kaltwasserzulauf, Wasserstrahl-Bremse<br \/>\nGr\u00f6\u00dfe und Standort, Verbesserungen<br \/>\nEinfachste und verbesserte System-Beispiele<br \/>\nR\u00fcckzirkulations-Stopper, Schrittweise Bau der Anlage<br \/>\nKollektor &#8222;\u00d6ko-Plus&#8220;- Bauweise und Erkl\u00e4rungen<br \/>\nAbsorber: Flachheizk\u00f6rper aussuchen und anschlie\u00dfen<br \/>\nProvisorische Heuhaufen-Kollektoranlage<br \/>\nEinfachste Kollektor-Bauweisen ohne Glaserarbeit<br \/>\nUmlaufleitungen, Speicher, Entl\u00fcftung, Ausdehnung, \u00dcberlauf<br \/>\nSaugheber-Effekt, F\u00fcllen und Entleeren, Frostsicherung<br \/>\nBew\u00e4hrte Anlagen-Beispiele, Fa\u00df als Speicher<br \/>\nF\u00fcllautomatik f\u00fcr drucklos mehrere Zapfstellen<br \/>\nAlte Elektro-Boiler zum Solarspeicher umbauen<br \/>\nLeistungsf\u00e4hige mbile Sonnen-Warmwasseranlage<br \/>\n<big>W\u00e4rmer\u00fcckgewinnung f\u00fcr Warmwasseranlagen<br \/>\nBasteltrick- und Materialverzeichnis, Rohrschraube-Anleitung<\/big><\/p>\n","protected":false},"excerpt":{"rendered":"<p>Sonnenw\u00e4rme! 20 Bauanleitungen F\u00fcr viele Zwecke. Ausf\u00fchrliche Anleitung f\u00fcr gute, [&hellip;] &hellip; <a href=\"https:\/\/www.packpapierverlag.de\/?product=sonnenwarme\">Weiterlesen <span class=\"meta-nav\">&rarr;<\/span><\/a><\/p>\n","protected":false},"featured_media":7312,"template":"","meta":[],"product_brand":[],"product_cat":[3,5],"product_tag":[],"class_list":{"0":"post-542","1":"product","2":"type-product","3":"status-publish","4":"has-post-thumbnail","6":"product_cat-produkte","7":"product_cat-selbstversorgung","9":"first","10":"instock","11":"shipping-taxable","12":"purchasable","13":"product-type-simple"},"_links":{"self":[{"href":"https:\/\/www.packpapierverlag.de\/index.php?rest_route=\/wp\/v2\/product\/542","targetHints":{"allow":["GET"]}}],"collection":[{"href":"https:\/\/www.packpapierverlag.de\/index.php?rest_route=\/wp\/v2\/product"}],"about":[{"href":"https:\/\/www.packpapierverlag.de\/index.php?rest_route=\/wp\/v2\/types\/product"}],"wp:featuredmedia":[{"embeddable":true,"href":"https:\/\/www.packpapierverlag.de\/index.php?rest_route=\/wp\/v2\/media\/7312"}],"wp:attachment":[{"href":"https:\/\/www.packpapierverlag.de\/index.php?rest_route=%2Fwp%2Fv2%2Fmedia&parent=542"}],"wp:term":[{"taxonomy":"product_brand","embeddable":true,"href":"https:\/\/www.packpapierverlag.de\/index.php?rest_route=%2Fwp%2Fv2%2Fproduct_brand&post=542"},{"taxonomy":"product_cat","embeddable":true,"href":"https:\/\/www.packpapierverlag.de\/index.php?rest_route=%2Fwp%2Fv2%2Fproduct_cat&post=542"},{"taxonomy":"product_tag","embeddable":true,"href":"https:\/\/www.packpapierverlag.de\/index.php?rest_route=%2Fwp%2Fv2%2Fproduct_tag&post=542"}],"curies":[{"name":"wp","href":"https:\/\/api.w.org\/{rel}","templated":true}]}}