{"id":5421,"date":"2012-09-15T03:17:18","date_gmt":"2012-09-15T01:17:18","guid":{"rendered":"http:\/\/www.packpapierverlag.de\/?p=5421"},"modified":"2017-06-06T17:08:34","modified_gmt":"2017-06-06T15:08:34","slug":"greenkids-magdeburg-unsere-umwelt-unsere-zukunft","status":"publish","type":"product","link":"https:\/\/www.packpapierverlag.de\/?product=greenkids-magdeburg-unsere-umwelt-unsere-zukunft","title":{"rendered":"Greenkids Magdeburg: Unsere Umwelt- unsere Zukunft"},"content":{"rendered":"<p><a href=\"https:\/\/www.packpapierverlag.de\/wp-content\/uploads\/2012\/09\/Unsere-Umwelt-unsere-Zukunft.jpg\"><img loading=\"lazy\" decoding=\"async\" class=\"alignleft size-medium wp-image-5422\" title=\"Unsere Umwelt unsere Zukunft\" src=\"https:\/\/www.packpapierverlag.de\/wp-content\/uploads\/2012\/09\/Unsere-Umwelt-unsere-Zukunft-210x300.jpg\" alt=\"\" width=\"210\" height=\"300\" srcset=\"https:\/\/www.packpapierverlag.de\/wp-content\/uploads\/2012\/09\/Unsere-Umwelt-unsere-Zukunft-210x300.jpg 210w, https:\/\/www.packpapierverlag.de\/wp-content\/uploads\/2012\/09\/Unsere-Umwelt-unsere-Zukunft-300x427.jpg 300w, https:\/\/www.packpapierverlag.de\/wp-content\/uploads\/2012\/09\/Unsere-Umwelt-unsere-Zukunft-719x1024.jpg 719w, https:\/\/www.packpapierverlag.de\/wp-content\/uploads\/2012\/09\/Unsere-Umwelt-unsere-Zukunft.jpg 1024w\" sizes=\"auto, (max-width: 210px) 100vw, 210px\" \/><\/a><\/p>\n<p><small><span style=\"font-family: Helvetica,Arial,sans-serif;\">Greenkids <\/span><\/small><small style=\"color: #152d02;\"><span style=\"font-family: Helvetica,Arial,sans-serif;\">Magdeburg e.V., Unabh\u00e4ngige Jugendschutzorganisation Magdeburg:<\/span><br style=\"font-family: Helvetica,Arial,sans-serif;\" \/><big style=\"color: #2d6004;\"><span style=\"font-family: Helvetica,Arial,sans-serif; font-weight: bold;\">Unsere Umwelt &#8211; unsere Zukunft!<\/span><\/big><br style=\"font-family: Helvetica,Arial,sans-serif;\" \/><span style=\"font-family: Helvetica,Arial,sans-serif;\">Die Brosch\u00fcre wurde 1995 f\u00fcr die Umwelterziehung an Schulen in Sachsen-Anhalt entwickelt, 29 Seiten, DIN A5.<\/span><br style=\"font-family: Helvetica,Arial,sans-serif;\" \/><span style=\"font-family: Helvetica,Arial,sans-serif;\">INHALT:<br \/>\n* Vorwort von Felux Husmann * Das Klima * Verkehr (&#8222;Zu uns Menschen geh\u00f6rt Bewegung&#8220; -Verkehr &#8211; Auto &#8211; Auswirkungen &#8211; Alternativen) * Der Regenwald (Wirtschaft und Tropenschutz &#8211; Die Tropen und ihre Natur &#8211; Der Kampf ums Licht &#8211; Tiere werden seltener &#8211; Menschen im Kampf um die Natur &#8211; Stop dem Import von Tropenh\u00f6lzern!) * Verunreinigung der Gew\u00e4sser (Meere und Fl\u00fcsse) *<br \/>\nPapier (Zu viel Papier landet auf dem M\u00fcll) * FCKW und FKW &#8211; Eine Familie von Ozonkillern * Chlorchemie (Chlor &#8211; kleines Symbol, verheerende Wirkung) * Atomm\u00fcllager Morsleben (Endlich wahre Fakten &#8211; dennoch jeden Tag weitere Einlagerungen &#8211; Atomm\u00fcllendlager und Morsleben &#8211; Braucht Morsleben bald Schwimmringe f\u00fcr den radioaktiven Abfall? Es tropft und suppt in der Grube) * Unser M\u00fcll (Gar nicht erst benutzen, was erst zu Abfall wird &#8211; Material- und qualit\u00e4tsbewu\u00dft einkaufen &#8211; Wertstoffe getrennt sammeln &#8211; Recyclingprodukte verwenden &#8211; Auf gef\u00e4hrliche Stoffe achten) * Greenkids Magdeburg e.V. Aufgaben und Ziele der Jugendumweltschutzorganisation<\/span><\/small><\/p>\n","protected":false},"excerpt":{"rendered":"<p>Greenkids Magdeburg e.V., Unabh\u00e4ngige Jugendschutzorganisation Magdeburg:Unsere Umwelt &#8211; unsere Zukunft!Die [&hellip;] &hellip; <a href=\"https:\/\/www.packpapierverlag.de\/?product=greenkids-magdeburg-unsere-umwelt-unsere-zukunft\">Weiterlesen <span class=\"meta-nav\">&rarr;<\/span><\/a><\/p>\n","protected":false},"featured_media":5422,"template":"","meta":[],"product_brand":[],"product_cat":[41,3],"product_tag":[],"class_list":{"0":"post-5421","1":"product","2":"type-product","3":"status-publish","4":"has-post-thumbnail","6":"product_cat-antiquariat","7":"product_cat-produkte","9":"first","10":"instock","11":"shipping-taxable","12":"purchasable","13":"product-type-simple"},"_links":{"self":[{"href":"https:\/\/www.packpapierverlag.de\/index.php?rest_route=\/wp\/v2\/product\/5421","targetHints":{"allow":["GET"]}}],"collection":[{"href":"https:\/\/www.packpapierverlag.de\/index.php?rest_route=\/wp\/v2\/product"}],"about":[{"href":"https:\/\/www.packpapierverlag.de\/index.php?rest_route=\/wp\/v2\/types\/product"}],"wp:featuredmedia":[{"embeddable":true,"href":"https:\/\/www.packpapierverlag.de\/index.php?rest_route=\/wp\/v2\/media\/5422"}],"wp:attachment":[{"href":"https:\/\/www.packpapierverlag.de\/index.php?rest_route=%2Fwp%2Fv2%2Fmedia&parent=5421"}],"wp:term":[{"taxonomy":"product_brand","embeddable":true,"href":"https:\/\/www.packpapierverlag.de\/index.php?rest_route=%2Fwp%2Fv2%2Fproduct_brand&post=5421"},{"taxonomy":"product_cat","embeddable":true,"href":"https:\/\/www.packpapierverlag.de\/index.php?rest_route=%2Fwp%2Fv2%2Fproduct_cat&post=5421"},{"taxonomy":"product_tag","embeddable":true,"href":"https:\/\/www.packpapierverlag.de\/index.php?rest_route=%2Fwp%2Fv2%2Fproduct_tag&post=5421"}],"curies":[{"name":"wp","href":"https:\/\/api.w.org\/{rel}","templated":true}]}}