{"id":547,"date":"2010-12-12T19:31:06","date_gmt":"2010-12-12T18:31:06","guid":{"rendered":"http:\/\/www.packpapierverlag.de\/neu\/?p=547"},"modified":"2023-06-11T21:54:33","modified_gmt":"2023-06-11T19:54:33","slug":"solarstrom-12v-anlagen-selbstbau-elektrik-grundkurs-mesgerate-abc-tipstricks","status":"publish","type":"product","link":"https:\/\/www.packpapierverlag.de\/?product=solarstrom-12v-anlagen-selbstbau-elektrik-grundkurs-mesgerate-abc-tipstricks","title":{"rendered":"EsA Solarstrom f\u00fcr 12V-Anlagen (c20)"},"content":{"rendered":"<p style=\"margin-bottom: 0cm; text-align: left; font-family: Helvetica,Arial,sans-serif; color: #002200;\"><a href=\"https:\/\/www.packpapierverlag.de\/wp-content\/uploads\/2010\/12\/Solarstrom1.jpg\"><img loading=\"lazy\" decoding=\"async\" class=\"alignleft size-medium wp-image-6484\" title=\"Solarstrom\" src=\"https:\/\/www.packpapierverlag.de\/wp-content\/uploads\/2010\/12\/Solarstrom1-207x300.jpg\" alt=\"\" width=\"207\" height=\"300\" srcset=\"https:\/\/www.packpapierverlag.de\/wp-content\/uploads\/2010\/12\/Solarstrom1-207x300.jpg 207w, https:\/\/www.packpapierverlag.de\/wp-content\/uploads\/2010\/12\/Solarstrom1-300x434.jpg 300w, https:\/\/www.packpapierverlag.de\/wp-content\/uploads\/2010\/12\/Solarstrom1-708x1024.jpg 708w, https:\/\/www.packpapierverlag.de\/wp-content\/uploads\/2010\/12\/Solarstrom1.jpg 1024w\" sizes=\"auto, (max-width: 207px) 100vw, 207px\" \/><\/a><small><b>Michael Daniek:<\/b><br \/>\n<span style=\"color: #428585; font-size: large;\"><small><b>Einfache Nutzung von Solarstrom in 12- Volt- Anlagen.<\/b><\/small><\/span><br \/>\n<b>Mit Anleitungen zum Selbstbau, Elektrik- Grundkurs, Me\u00dfger\u00e4te- ABC, Selbstbau von 12- Volt- Ger\u00e4ten und vielen Tips und Tricks. Aus der Reihe &#8222;Einf\u00e4lle statt Abf\u00e4lle&#8220;,\u00a0 5.<br \/>\nerweiterte Auflage von 2023. \u00a0ISBN 978-3-924038-58-8 EAN 978-3-924038-79-3<\/b><br \/>\nBrosch\u00fcre mit 158 Seiten, DIN A 5, reich mit Zeichnungen, Skizzen und Photos illustriert.<br \/>\nEine gut verst\u00e4ndliche und anschauliche Einf\u00fchrung in die M\u00f6glichkeiten der Gewinnung und Nutzung von Sonnenenergie. F\u00fcr viele Zwecke und Gelegenheiten, zum Sofortbenutzen oder Speichern von Sonnenenergie. Auf ins sonnige Leben!<br \/>\n<span style=\"font-size: medium; font-weight: bold;\"><small>INHALT<\/small><\/span><\/small><small><span style=\"font-size: medium; font-weight: bold;\"><small>:<\/small><\/span><br \/>\n<span style=\"font-weight: bold;\">THEORETISCHER TEIL: <\/span>* Vorwort * Solarmodule *\u00a0Batterien *\u00a0Laderegler\u00a0* Watt ihr Volt\u00a0* Messger\u00e4te ABC\u00a0* Kabel\u00a0* Sicherungen\u00a0* Stecker\u00a0* Schalter\u00a0* Anschlussplan\u00a0* Spannungswandler\u00a0* Elektrosmog\u00a0* <span style=\"font-weight: bold;\">PRAKTISCHER TEIL<\/span>: Lampen\u00a0* Musikanlagen\u00a0* Akkumaschinen\u00a0* Solarschleifbock\u00a0* Solarkreiss\u00e4gen\u00a0* Nachf\u00fchrungssystem\u00a0* Solar- Schwei\u00dfger\u00e4t\u00a0* Batterie- Tester * Spezial-Voltmeter\u00a0* Modul-Selbstbau * Kaputte Module * Kaputte Batterien * L\u00f6tkolben * Haushaltsger\u00e4te * Licht im Dunkel * <span style=\"font-weight: bold;\">ELEKTRONISCHER TEIL<\/span>: Elektro-Ger\u00e4te * Elektro-Tricks * Labornetzger\u00e4t * Selbstbauregler * Smogfreier Regler * Lithium-BMS * Lithium-Lader * Solar E-Bike * LiFePo Direkt laden * Solar-Direkt-Betrieb * Tabellenteil * Foto-Seiten * Adressen<br \/>\n<span style=\"font-size: medium;\"><small><b><br \/>\n<\/b><\/small><\/span><\/small><\/p>\n<p>&nbsp;<\/p>\n","protected":false},"excerpt":{"rendered":"<p>Michael Daniek: Einfache Nutzung von Solarstrom in 12- Volt- Anlagen. [&hellip;] &hellip; <a href=\"https:\/\/www.packpapierverlag.de\/?product=solarstrom-12v-anlagen-selbstbau-elektrik-grundkurs-mesgerate-abc-tipstricks\">Weiterlesen <span class=\"meta-nav\">&rarr;<\/span><\/a><\/p>\n","protected":false},"featured_media":6484,"template":"","meta":[],"product_brand":[],"product_cat":[3,5],"product_tag":[],"class_list":{"0":"post-547","1":"product","2":"type-product","3":"status-publish","4":"has-post-thumbnail","6":"product_cat-produkte","7":"product_cat-selbstversorgung","9":"first","10":"instock","11":"shipping-taxable","12":"purchasable","13":"product-type-simple"},"_links":{"self":[{"href":"https:\/\/www.packpapierverlag.de\/index.php?rest_route=\/wp\/v2\/product\/547","targetHints":{"allow":["GET"]}}],"collection":[{"href":"https:\/\/www.packpapierverlag.de\/index.php?rest_route=\/wp\/v2\/product"}],"about":[{"href":"https:\/\/www.packpapierverlag.de\/index.php?rest_route=\/wp\/v2\/types\/product"}],"wp:featuredmedia":[{"embeddable":true,"href":"https:\/\/www.packpapierverlag.de\/index.php?rest_route=\/wp\/v2\/media\/6484"}],"wp:attachment":[{"href":"https:\/\/www.packpapierverlag.de\/index.php?rest_route=%2Fwp%2Fv2%2Fmedia&parent=547"}],"wp:term":[{"taxonomy":"product_brand","embeddable":true,"href":"https:\/\/www.packpapierverlag.de\/index.php?rest_route=%2Fwp%2Fv2%2Fproduct_brand&post=547"},{"taxonomy":"product_cat","embeddable":true,"href":"https:\/\/www.packpapierverlag.de\/index.php?rest_route=%2Fwp%2Fv2%2Fproduct_cat&post=547"},{"taxonomy":"product_tag","embeddable":true,"href":"https:\/\/www.packpapierverlag.de\/index.php?rest_route=%2Fwp%2Fv2%2Fproduct_tag&post=547"}],"curies":[{"name":"wp","href":"https:\/\/api.w.org\/{rel}","templated":true}]}}