{"id":548,"date":"2010-12-12T19:31:29","date_gmt":"2010-12-12T18:31:29","guid":{"rendered":"http:\/\/www.packpapierverlag.de\/neu\/?p=548"},"modified":"2017-04-24T11:09:05","modified_gmt":"2017-04-24T09:09:05","slug":"kleine-ofenkunde-fur-bastler","status":"publish","type":"product","link":"https:\/\/www.packpapierverlag.de\/?product=kleine-ofenkunde-fur-bastler","title":{"rendered":"EsA Kleine Ofenkunde f\u00fcr Bastler (c07)"},"content":{"rendered":"<p><a href=\"https:\/\/www.packpapierverlag.de\/wp-content\/uploads\/2010\/12\/Kleine-Ofenkunde.jpg\"><img loading=\"lazy\" decoding=\"async\" class=\"alignleft size-medium wp-image-3917\" title=\"Kleine Ofenkunde\" src=\"https:\/\/www.packpapierverlag.de\/wp-content\/uploads\/2010\/12\/Kleine-Ofenkunde-209x300.jpg\" alt=\"\" width=\"209\" height=\"300\" srcset=\"https:\/\/www.packpapierverlag.de\/wp-content\/uploads\/2010\/12\/Kleine-Ofenkunde-209x300.jpg 209w, https:\/\/www.packpapierverlag.de\/wp-content\/uploads\/2010\/12\/Kleine-Ofenkunde-300x430.jpg 300w, https:\/\/www.packpapierverlag.de\/wp-content\/uploads\/2010\/12\/Kleine-Ofenkunde-714x1024.jpg 714w, https:\/\/www.packpapierverlag.de\/wp-content\/uploads\/2010\/12\/Kleine-Ofenkunde.jpg 1024w\" sizes=\"auto, (max-width: 209px) 100vw, 209px\" \/><\/a><small style=\"color: #600000;\"><big style=\"color: #7a0000;\"><span style=\"font-family: Helvetica,Arial,sans-serif; font-weight: bold;\">Energie\u2013 Sparofen. Kleine Ofenkunde f\u00fcr Bastler.<\/span><\/big><br style=\"font-family: Helvetica,Arial,sans-serif;\" \/><span style=\"font-family: Helvetica,Arial,sans-serif;\">Aus der Reihe \u201eEinf\u00e4lle statt Abf\u00e4lle\u201c in Kooperation mit dem Packpapier Verlag.<br \/>\nHeft mit 53 Seiten + 3 Seiten f\u00fcr Notizen, DIN A 6, Druck auf Umweltpapier. Mit vielen erl\u00e4uternden Zeichnungen.<\/span><br style=\"font-family: Helvetica,Arial,sans-serif;\" \/><span style=\"font-family: Helvetica,Arial,sans-serif;\">INHALT: * Der Energiesparofen * Luft erw\u00e4rmen oder W\u00e4rmeabstrahlung? * Wie erreicht man W\u00e4rmestrahlung? * Tipps zum richtigen, d.h. sparsamen, sauberen Heizen * Hinweise und Bauanleitungen * Brennstoffverschwendung * Der gute Kachelofen\/ Der \u201eschlechte\u201c Kachelofen * Ofenrohr verl\u00e4ngern (gr\u00f6\u00dfere Heizfl\u00e4che) * Ofenrohr mit W\u00e4rmespeicher * Steht der Ofen an der richtigen Stelle? * Backr\u00f6hre und Heizstrahler aus alten Blechtonnen * Verzweigtes Ofenrohr bei Platzmangel * \u201eW\u00e4rmeklau\u201c, der niemand sch\u00e4digt (Abw\u00e4rme nutzen) * Es zieht&#8230; * Der Ofen raucht und ru\u00dft. Umweltverschmutzung vermeiden * Wasserheizer * Die Zentralheizung aus dem Ofenrohr * Zum Schluss noch Etwas<\/span><\/small><\/p>\n","protected":false},"excerpt":{"rendered":"<p>Energie\u2013 Sparofen. Kleine Ofenkunde f\u00fcr Bastler.Aus der Reihe \u201eEinf\u00e4lle statt [&hellip;] &hellip; <a href=\"https:\/\/www.packpapierverlag.de\/?product=kleine-ofenkunde-fur-bastler\">Weiterlesen <span class=\"meta-nav\">&rarr;<\/span><\/a><\/p>\n","protected":false},"featured_media":3917,"template":"","meta":[],"product_brand":[],"product_cat":[3,5],"product_tag":[],"class_list":{"0":"post-548","1":"product","2":"type-product","3":"status-publish","4":"has-post-thumbnail","6":"product_cat-produkte","7":"product_cat-selbstversorgung","9":"first","10":"instock","11":"shipping-taxable","12":"purchasable","13":"product-type-simple"},"_links":{"self":[{"href":"https:\/\/www.packpapierverlag.de\/index.php?rest_route=\/wp\/v2\/product\/548","targetHints":{"allow":["GET"]}}],"collection":[{"href":"https:\/\/www.packpapierverlag.de\/index.php?rest_route=\/wp\/v2\/product"}],"about":[{"href":"https:\/\/www.packpapierverlag.de\/index.php?rest_route=\/wp\/v2\/types\/product"}],"wp:featuredmedia":[{"embeddable":true,"href":"https:\/\/www.packpapierverlag.de\/index.php?rest_route=\/wp\/v2\/media\/3917"}],"wp:attachment":[{"href":"https:\/\/www.packpapierverlag.de\/index.php?rest_route=%2Fwp%2Fv2%2Fmedia&parent=548"}],"wp:term":[{"taxonomy":"product_brand","embeddable":true,"href":"https:\/\/www.packpapierverlag.de\/index.php?rest_route=%2Fwp%2Fv2%2Fproduct_brand&post=548"},{"taxonomy":"product_cat","embeddable":true,"href":"https:\/\/www.packpapierverlag.de\/index.php?rest_route=%2Fwp%2Fv2%2Fproduct_cat&post=548"},{"taxonomy":"product_tag","embeddable":true,"href":"https:\/\/www.packpapierverlag.de\/index.php?rest_route=%2Fwp%2Fv2%2Fproduct_tag&post=548"}],"curies":[{"name":"wp","href":"https:\/\/api.w.org\/{rel}","templated":true}]}}