{"id":557,"date":"2010-12-12T19:33:06","date_gmt":"2010-12-12T18:33:06","guid":{"rendered":"http:\/\/www.packpapierverlag.de\/neu\/?p=557"},"modified":"2017-04-18T18:39:56","modified_gmt":"2017-04-18T16:39:56","slug":"ofen-aus-lehm","status":"publish","type":"product","link":"https:\/\/www.packpapierverlag.de\/?product=ofen-aus-lehm","title":{"rendered":"EsA \u00d6fen aus Lehm bauen (c17)"},"content":{"rendered":"<p><a href=\"https:\/\/www.packpapierverlag.de\/wp-content\/uploads\/2010\/12\/Lehmofen.jpg\"><img loading=\"lazy\" decoding=\"async\" class=\"alignleft size-medium wp-image-3928\" title=\"Lehmofen\" src=\"https:\/\/www.packpapierverlag.de\/wp-content\/uploads\/2010\/12\/Lehmofen-210x300.jpg\" alt=\"\" width=\"210\" height=\"300\" srcset=\"https:\/\/www.packpapierverlag.de\/wp-content\/uploads\/2010\/12\/Lehmofen-210x300.jpg 210w, https:\/\/www.packpapierverlag.de\/wp-content\/uploads\/2010\/12\/Lehmofen-300x428.jpg 300w, https:\/\/www.packpapierverlag.de\/wp-content\/uploads\/2010\/12\/Lehmofen-718x1024.jpg 718w, https:\/\/www.packpapierverlag.de\/wp-content\/uploads\/2010\/12\/Lehmofen.jpg 1024w\" sizes=\"auto, (max-width: 210px) 100vw, 210px\" \/><\/a><small style=\"color: #440000;\"><big style=\"color: #850000;\"><span style=\"font-family: Helvetica,Arial,sans-serif; font-weight: bold;\">\u00d6fen ganz aus Lehm gebaut !<\/span><\/big><br style=\"font-family: Helvetica,Arial,sans-serif;\" \/><span style=\"font-family: Helvetica,Arial,sans-serif;\">Einfache und urspr\u00fcngliche Lehmbauweisen aus Stampflehm, Graslehm oder Lehmb\u00e4llen (u.a. auf Feldern zu finden) f\u00fcr Herde, Kuppel- und Gew\u00f6lbe\u00f6fen zum Backen, Kochen, Heizen und Tonbrennen. \u00c4u\u00dferst billige bis kostenlose Rohstoffe (Naturmaterialien) kommen hier zu ihrem effektiven und erlebnisreichen Einsatz.<\/span><br style=\"font-family: Helvetica,Arial,sans-serif;\" \/><span style=\"font-family: Helvetica,Arial,sans-serif;\">Ofenbauheft 6 aus der Reihe Einf\u00e4lle statt Abf\u00e4lle.<br \/>\nISBN 3-924038-56-2<\/span><br style=\"font-family: Helvetica,Arial,sans-serif;\" \/><span style=\"font-family: Helvetica,Arial,sans-serif;\">Brosch\u00fcre mit 48 Seiten, DIN A 5 mit vielen erl\u00e4uternden Zeichnungen und Photos.<\/span><br style=\"font-family: Helvetica,Arial,sans-serif;\" \/><span style=\"font-family: Helvetica,Arial,sans-serif;\"><span style=\"font-weight: bold;\">INHALT: <\/span>* Bauen und Lehm. Unsere Ofenbau- Verfahren * Erd- Kochstelle * Lehm- Kochstelle * Herd aus Stampflehm * Tunnelofen f\u00fcr T\u00f6pferbr\u00e4nde; Ton richtig brennen * Kuppel- Backofen aus Lehmb\u00e4llen\u00a0inkl. Hinweise zum Austrocknen und Backen * Verbesserungen, Zus\u00e4tze, Ofent\u00fcr * Doppelst\u00f6ckiger Tonbrennofen * Backofen aus Graslehm mit Blech- Backr\u00f6hre inkl. Backofen- Arten und \u2013 Eigenschaften * Heiz\u00f6fen mit Rauchz\u00fcgen * Wand- Bauart und Wirkung * Tragbarer Tunnelofen * Tragbarer, verst\u00e4rkter Kuppel- Backofen aus Lehmb\u00e4llen und Graslehm * Backofen mit doppeltem Gew\u00f6lbe * Besondere Bauweisen: Erfahrungen mit Feuer sammeln * Zug des Schlotes, Feuer lenken * Bau aus Lehmbatzen * Block stampfen und ausschneiden * Feuerboden mit Rillen * Ger\u00fcst- Bauweise * Bau aus Graslehm * Lehm stampfen, mischen, B\u00e4lle formen * Mauern mit Lehmb\u00e4llen * Gew\u00f6lbe frei in der Luft bauen * Doppelte Gew\u00f6lbe * Bau \u00fcber Sandformen * Graslehm- Eigenschaften * Graslehm zubereiten und verarbeiten * Blech- Arbeiten, Backr\u00f6hre * Mehrst\u00f6ckiger Bau \u00fcber Sandformen * Lehm- Ziegelpulver- Mischung * Traggestell aus Holz * Bau \u00fcber Sandform * Traggestell aus Eisen * Bau \u00fcber Sandform * Schnell- Austrocknungs- Trick * Verst\u00e4rkung aus Maschendraht * Bau \u00fcber Sandschicht; Graslehm- T\u00fcr.<\/span><\/small><\/p>\n","protected":false},"excerpt":{"rendered":"<p>\u00d6fen ganz aus Lehm gebaut !Einfache und urspr\u00fcngliche Lehmbauweisen aus [&hellip;] &hellip; <a href=\"https:\/\/www.packpapierverlag.de\/?product=ofen-aus-lehm\">Weiterlesen <span class=\"meta-nav\">&rarr;<\/span><\/a><\/p>\n","protected":false},"featured_media":3928,"template":"","meta":[],"product_brand":[],"product_cat":[3,5],"product_tag":[],"class_list":{"0":"post-557","1":"product","2":"type-product","3":"status-publish","4":"has-post-thumbnail","6":"product_cat-produkte","7":"product_cat-selbstversorgung","9":"first","10":"instock","11":"shipping-taxable","12":"purchasable","13":"product-type-simple"},"_links":{"self":[{"href":"https:\/\/www.packpapierverlag.de\/index.php?rest_route=\/wp\/v2\/product\/557","targetHints":{"allow":["GET"]}}],"collection":[{"href":"https:\/\/www.packpapierverlag.de\/index.php?rest_route=\/wp\/v2\/product"}],"about":[{"href":"https:\/\/www.packpapierverlag.de\/index.php?rest_route=\/wp\/v2\/types\/product"}],"wp:featuredmedia":[{"embeddable":true,"href":"https:\/\/www.packpapierverlag.de\/index.php?rest_route=\/wp\/v2\/media\/3928"}],"wp:attachment":[{"href":"https:\/\/www.packpapierverlag.de\/index.php?rest_route=%2Fwp%2Fv2%2Fmedia&parent=557"}],"wp:term":[{"taxonomy":"product_brand","embeddable":true,"href":"https:\/\/www.packpapierverlag.de\/index.php?rest_route=%2Fwp%2Fv2%2Fproduct_brand&post=557"},{"taxonomy":"product_cat","embeddable":true,"href":"https:\/\/www.packpapierverlag.de\/index.php?rest_route=%2Fwp%2Fv2%2Fproduct_cat&post=557"},{"taxonomy":"product_tag","embeddable":true,"href":"https:\/\/www.packpapierverlag.de\/index.php?rest_route=%2Fwp%2Fv2%2Fproduct_tag&post=557"}],"curies":[{"name":"wp","href":"https:\/\/api.w.org\/{rel}","templated":true}]}}