{"id":559,"date":"2010-12-12T19:34:03","date_gmt":"2010-12-12T18:34:03","guid":{"rendered":"http:\/\/www.packpapierverlag.de\/neu\/?p=559"},"modified":"2017-04-18T18:39:41","modified_gmt":"2017-04-18T16:39:41","slug":"doppelfenster","status":"publish","type":"product","link":"https:\/\/www.packpapierverlag.de\/?product=doppelfenster","title":{"rendered":"EsA Doppelfenster selber bauen (c10)"},"content":{"rendered":"<p><a href=\"https:\/\/www.packpapierverlag.de\/wp-content\/uploads\/2010\/12\/Doppelfenster.jpg\"><img loading=\"lazy\" decoding=\"async\" class=\"alignleft size-medium wp-image-4441\" title=\"Doppelfenster\" src=\"https:\/\/www.packpapierverlag.de\/wp-content\/uploads\/2010\/12\/Doppelfenster-211x300.jpg\" alt=\"\" width=\"211\" height=\"300\" srcset=\"https:\/\/www.packpapierverlag.de\/wp-content\/uploads\/2010\/12\/Doppelfenster-211x300.jpg 211w, https:\/\/www.packpapierverlag.de\/wp-content\/uploads\/2010\/12\/Doppelfenster-300x425.jpg 300w, https:\/\/www.packpapierverlag.de\/wp-content\/uploads\/2010\/12\/Doppelfenster-723x1024.jpg 723w, https:\/\/www.packpapierverlag.de\/wp-content\/uploads\/2010\/12\/Doppelfenster.jpg 1024w\" sizes=\"auto, (max-width: 211px) 100vw, 211px\" \/><\/a><small style=\"color: #1a3535;\"><big style=\"font-weight: bold; color: #316464;\"><span style=\"font-family: Helvetica,Arial,sans-serif;\">Doppelfenster, Trockenlegen, Isolieren<\/span><\/big><br style=\"font-family: Helvetica,Arial,sans-serif;\" \/><span style=\"font-family: Helvetica,Arial,sans-serif;\">\u00d6ko-Sanierung und alternative Bauweisen, Fachkunde, Erfahrungen &amp; Anleitungen f\u00fcr Instand(be)setzer. Gro\u00dfes Material &#8211; und Trick &#8211; Verzeichnis und weiteren Tipps zum \u00f6kologischen und energieeffizienten Wohnen.<\/span><br style=\"font-family: Helvetica,Arial,sans-serif;\" \/><span style=\"font-family: Helvetica,Arial,sans-serif;\">Brosch\u00fcre mit 96 Seiten, Verlag Einf\u00e4lle statt Abf\u00e4lle, Handwerkheft 3, Kiel, 2005.<\/span><br style=\"font-family: Helvetica,Arial,sans-serif;\" \/><span style=\"font-family: Helvetica,Arial,sans-serif;\"><span style=\"font-weight: bold;\">INHALT:<\/span> \u00a0* Selbstbau von Doppelfenstern, Fenster-Reparaturen * Wohltat und Wirkung * Isoliereffekt von Doppelfenstern * Aufdoppeln von Innen, Folie oder Glas * Doppelfenster als K\u00fchlschrank * Sch\u00f6ner Wohnen * Aufdoppeln von au\u00dfen * Kastenfenster, zu \u00f6ffnen (Zusatzfenster von innen) * Profilrahmen und Fensterfl\u00fcgel selbst bauen * Altfenster \u201eknacken\u201c, Glasschneiden, Scheiben einkitten * Fenster klemmt? Rahmen und Fl\u00fcgel richten, Eckreparatur * Scharniere und Verschl\u00fcsse instand setzen * Scharniere (Fitschen) einbauen * Putzreparaturen innen, Gipsputz, Lehmputz <\/span><span style=\"font-family: Helvetica,Arial,sans-serif;\">Fensterrahmen einbauen * Warum ist es am Fenster kalt? * Fensterritzen, L\u00fcften, Luftfeuchtigkeit * Feuchtkalte W\u00e4nde \u2013 Mauern trocken legen * Erste Hilfe * Schimmel bek\u00e4mpfen * Dachrinne und Entw\u00e4sserung reparieren * Kiessch\u00fcttung und Drainage * W\u00e4rmed\u00e4mmung -Isolierungsma\u00dfnahmen rund ums Haus * Bedenken gegen das Isolieren * Kleine Isolirungs-Fachkunde * W\u00e4nde von innen isolieren, Pappbude, Gipsbude, Reet, Strohballenwand * W\u00e4nde von aussen isolieren, L\u00e4rchenholzfassade * Sockel isolieren * Fenster in die Isolierung einbauen, Fensterlaibung, Kastenfenster * Fu\u00dfb\u00f6den isolieren: Steinboden, kellerdecke, Dielenb\u00f6den * Dielen ohne Schaden hochnehmen, Dielen ohne Ritzen legen * D\u00e4mmestrich aus Bl\u00e4hton * Decke und Dach isolieren * Dachschr\u00e4ge von innen und von au\u00dfen * Wind- und Schneedichtung * Schlauer als blo\u00df isolieren: Sonnenw\u00e4rme gewinnen! * Solarheizwand * Anlehn-Gew\u00e4chshaus * Alternative Bauweisen * Strohballenhaus * Bretterbude mit Glasgiebel * Materialliste mit Herstellungs- und Verarbeitungstricks * D\u00e4mmstoffe \/ Isoliermaterialien konventiell, industrie-\u00d6ko und voll-\u00d6ko * Folien, Platten und Steine * Bauchemie: Zement und Co., Anwendung, Lagerung * Impr\u00e4gnierung herstellen und anwenden * \u00d6l- und Lackfarbe, Pinsel reinigen * Wandfarbe selbst herstellen (Erd-, Kalk-, Casein-, und Leimfarbe) * Klebstoffe und Kitte * Stichwort &#8211; Register<\/span><\/small><\/p>\n","protected":false},"excerpt":{"rendered":"<p>Doppelfenster, Trockenlegen, Isolieren\u00d6ko-Sanierung und alternative Bauweisen, Fachkunde, Erfahrungen &amp; Anleitungen [&hellip;] &hellip; <a href=\"https:\/\/www.packpapierverlag.de\/?product=doppelfenster\">Weiterlesen <span class=\"meta-nav\">&rarr;<\/span><\/a><\/p>\n","protected":false},"featured_media":4441,"template":"","meta":[],"product_brand":[],"product_cat":[3,5],"product_tag":[],"class_list":{"0":"post-559","1":"product","2":"type-product","3":"status-publish","4":"has-post-thumbnail","6":"product_cat-produkte","7":"product_cat-selbstversorgung","9":"first","10":"instock","11":"shipping-taxable","12":"purchasable","13":"product-type-simple"},"_links":{"self":[{"href":"https:\/\/www.packpapierverlag.de\/index.php?rest_route=\/wp\/v2\/product\/559","targetHints":{"allow":["GET"]}}],"collection":[{"href":"https:\/\/www.packpapierverlag.de\/index.php?rest_route=\/wp\/v2\/product"}],"about":[{"href":"https:\/\/www.packpapierverlag.de\/index.php?rest_route=\/wp\/v2\/types\/product"}],"wp:featuredmedia":[{"embeddable":true,"href":"https:\/\/www.packpapierverlag.de\/index.php?rest_route=\/wp\/v2\/media\/4441"}],"wp:attachment":[{"href":"https:\/\/www.packpapierverlag.de\/index.php?rest_route=%2Fwp%2Fv2%2Fmedia&parent=559"}],"wp:term":[{"taxonomy":"product_brand","embeddable":true,"href":"https:\/\/www.packpapierverlag.de\/index.php?rest_route=%2Fwp%2Fv2%2Fproduct_brand&post=559"},{"taxonomy":"product_cat","embeddable":true,"href":"https:\/\/www.packpapierverlag.de\/index.php?rest_route=%2Fwp%2Fv2%2Fproduct_cat&post=559"},{"taxonomy":"product_tag","embeddable":true,"href":"https:\/\/www.packpapierverlag.de\/index.php?rest_route=%2Fwp%2Fv2%2Fproduct_tag&post=559"}],"curies":[{"name":"wp","href":"https:\/\/api.w.org\/{rel}","templated":true}]}}