{"id":561,"date":"2010-12-12T19:34:39","date_gmt":"2010-12-12T18:34:39","guid":{"rendered":"http:\/\/www.packpapierverlag.de\/neu\/?p=561"},"modified":"2017-11-21T09:18:18","modified_gmt":"2017-11-21T08:18:18","slug":"windkraft-ganz-einfach","status":"publish","type":"product","link":"https:\/\/www.packpapierverlag.de\/?product=windkraft-ganz-einfach","title":{"rendered":"EsA Windkraft? Ganz einfach! (c11)"},"content":{"rendered":"<p><small style=\"color: #1f3f3f; font-family: Helvetica,Arial,sans-serif;\"><big style=\"font-weight: bold; color: #3c7a7a;\"><a href=\"https:\/\/www.packpapierverlag.de\/wp-content\/uploads\/2017\/11\/Windkraft-einfach-2017.jpg\" rel=\"attachment wp-att-7873\"><img loading=\"lazy\" decoding=\"async\" class=\"size-medium wp-image-7873 alignleft\" src=\"https:\/\/www.packpapierverlag.de\/wp-content\/uploads\/2017\/11\/Windkraft-einfach-2017-209x300.jpg\" alt=\"Windkraft einfach 2017\" width=\"209\" height=\"300\" srcset=\"https:\/\/www.packpapierverlag.de\/wp-content\/uploads\/2017\/11\/Windkraft-einfach-2017-209x300.jpg 209w, https:\/\/www.packpapierverlag.de\/wp-content\/uploads\/2017\/11\/Windkraft-einfach-2017-300x431.jpg 300w, https:\/\/www.packpapierverlag.de\/wp-content\/uploads\/2017\/11\/Windkraft-einfach-2017-768x1104.jpg 768w, https:\/\/www.packpapierverlag.de\/wp-content\/uploads\/2017\/11\/Windkraft-einfach-2017-712x1024.jpg 712w, https:\/\/www.packpapierverlag.de\/wp-content\/uploads\/2017\/11\/Windkraft-einfach-2017.jpg 1024w\" sizes=\"auto, (max-width: 209px) 100vw, 209px\" \/><\/a>Windkraft? Ganz einfach! Drei Bauanleitungen f\u00fcr kleine Windr\u00e4der.<\/big><br \/>\nWindkraft- Heft 1 der Reihe Einf\u00e4lle statt Abf\u00e4lle. 4. Erweiterte Auflage von 2017. EAN 978-3-924038-83-0<br \/>\n(Gegen\u00fcber der Ausgabe von 2005 ist das Heft um 13 Seiten st\u00e4rker, Vieles wurde \u00fcberarbeitet und verbessert und das Kapitel \u00fcber Druckmotoren-Windr\u00e4der ist ganz neu dazugekommen! F\u00fcr noch mehr Bastel- und Energiespar-Spa\u00df!)<br \/>\nBrosch\u00fcre mit 93 Seiten, DIN A5. Mit vielen Photos und Illustrationen, die den Nachbau Schritt f\u00fcr Schritt erl\u00e4utern.<br \/>\nIn dieser Brosch\u00fcre wird der Bau von kleinen, besonders einfach zu konstruierenden Windr\u00e4dern erkl\u00e4rt. Die ausf\u00fchrliche Erl\u00e4uterung elektronischer Grundbegriffe macht es \u00fcberdies auch dem handwerklichen und physikalischen Laien m\u00f6glich, Windr\u00e4der nachzubauen. Die hier vorgestellten Windr\u00e4der ben\u00f6tigen nicht viel Platz, und man braucht nicht einmal eine Baugenehmigung, um sie aufzustellen. Die Baumaterialien sind problemlos auf Schrottpl\u00e4tzen oder auch zu erschwinglichen Preisen im Handel zu erwerben. Spezialwerkzeug wird nicht ben\u00f6tigt, es reichen ein Arbeitstisch, zwei Schraubzwingen, Raspel, Feile, Schleifpapier, Messer, Bohrleier, Schraubenzieher und \u2013Schl\u00fcssel. N\u00fctzlich w\u00e4ren auch L\u00f6tkolben und -Zinn, Schraubstock, Hammer, Zange und ein Hobel. Und dann kann es auch schon losgehen!<br \/>\nINHALT:<span style=\"font-weight: bold;\"> * <span style=\"color: #3c7a7a;\">Teil 1: Das Fahrraddynamo- Windrad<\/span>:\u00a0<\/span>Gesamtzeichnung und Kurzbeschreibung *\u00a0Der Repeller: * Repeller, nicht Propeller * Aerodynamik, Funktion * Schnell\u00e4ufigkeit, Anstellwinkel, Verweindung * Profil, Ausf\u00fchrung *\u00a0Bau desHolz- Repellers einfach oder edel *\u00a0Die Anlaufhilfe und Befestigung auf dem Dynamo *\u00a0Extra einfacher Plastik- Repeller aus Abwasserrohr *\u00a0Windfahne und Mast- Drehlager *\u00a0 Der Fahrraddynamo: Prinzip, Stromerzeugung (Wechselstrom), verschiedene Dynamo-Bauformen und Eigenschaften\u00a0*\u00a0Dynamo- Test: Leichtg\u00e4ngigkeit, n\u00f6tige Drehzahl *\u00a0Verbesserungen am Dynamo, Ankerwickeln * Verbraucher, Dioden und Batterien f\u00fcr denDynamowindstrom *\u00a0Ladeger\u00e4te ganz einfach *\u00a0Lustige Strom- Spielchen * Witziges \u201cDemo-Equipment\u201c mit Wind- und Solarantrieb<br \/>\n<\/small><small style=\"color: #1f3f3f; font-family: Helvetica,Arial,sans-serif;\"><span style=\"font-weight: bold;\"><span style=\"color: #3c7a7a;\">Teil 2: Das Druckmotor-Windrad: <\/span><\/span><\/small><small style=\"color: #1f3f3f; font-family: Helvetica,Arial,sans-serif;\">* Dynamo und Druckermotoren im Vergleich * Aufbau und Stromerzeugung (2-Phasen-Wechselstrom) * Strom-Nutzungs-Schaltungen (Gleichrichter, Gl\u00e4tt-Kondensatoren) * Befestigen des Repellers am Druckermotor<\/small><small style=\"color: #1f3f3f; font-family: Helvetica,Arial,sans-serif;\"><span style=\"font-weight: bold;\"><span style=\"color: #3c7a7a;\"><br \/>\nTeil 3: Das Auto- K\u00fchler- Gebl\u00e4semotor<\/span>&#8211; Windrad: <\/span>* Gesamtzeichnung und Kurzbeschreibung *\u00a0Der Repeller: Gr\u00f6\u00dfe, Blattzahl, Blattform *\u00a0Der Massentr\u00e4gheitsmomentenausgleich *\u00a0 Bau eines 2- Blatt- Repellers, rchteckige oder trapezf\u00f6rmige Bl\u00e4tter *Bau eines Drei- Blatt- Repellers * Anlaufhilfe f\u00fcr den 2-Blatt-Repeller * Befestigung des Repellers auf der Achse *\u00a0Mastdrehlager, Kabeldurchf\u00fchrung *\u00a0Sturmsicherung *\u00a0Rahmen mit Sturmsicherung, Details, Explosionszeichnung *\u00a0Der Gebl\u00e4semotor als Generator : * Prinzip der Stromerzeugung (Gleichstrom) * Verbesserter Aufbau in der Praxis *\u00a0Das Umwickeln f\u00fcr h\u00f6here Spannung : * Berechnung, Wickelschema * Ausf\u00fchren und Sichern der Wicklung *\u00a0\u00a0Zusammenbauen der umgewickelten Maschine *\u00a0Stromverwertung, elektrische Beschaltung *<span style=\"font-weight: bold;\"><br \/>\n<\/span><span style=\"font-weight: bold; color: #3c7a7a;\">Teil 4: Volt und Watt, was is denn dat? (Elektrogrundkurs)<\/span>: Elektronen, Gleichstrom, Wechselstrom *\u00a0Spannung, Stromst\u00e4rke, Leistung, Arbeit, Widerstand *\u00a0Besondere Effekte: Leitungswiderstand, Entladen, Laden und \u00dcberladen der Batterie, Leerlauf des Generators *<\/small><\/p>\n","protected":false},"excerpt":{"rendered":"<p>Windkraft? Ganz einfach! Drei Bauanleitungen f\u00fcr kleine Windr\u00e4der. Windkraft- Heft [&hellip;] &hellip; <a href=\"https:\/\/www.packpapierverlag.de\/?product=windkraft-ganz-einfach\">Weiterlesen <span class=\"meta-nav\">&rarr;<\/span><\/a><\/p>\n","protected":false},"featured_media":7873,"template":"","meta":[],"product_brand":[],"product_cat":[3,5],"product_tag":[],"class_list":{"0":"post-561","1":"product","2":"type-product","3":"status-publish","4":"has-post-thumbnail","6":"product_cat-produkte","7":"product_cat-selbstversorgung","9":"first","10":"instock","11":"shipping-taxable","12":"purchasable","13":"product-type-simple"},"_links":{"self":[{"href":"https:\/\/www.packpapierverlag.de\/index.php?rest_route=\/wp\/v2\/product\/561","targetHints":{"allow":["GET"]}}],"collection":[{"href":"https:\/\/www.packpapierverlag.de\/index.php?rest_route=\/wp\/v2\/product"}],"about":[{"href":"https:\/\/www.packpapierverlag.de\/index.php?rest_route=\/wp\/v2\/types\/product"}],"wp:featuredmedia":[{"embeddable":true,"href":"https:\/\/www.packpapierverlag.de\/index.php?rest_route=\/wp\/v2\/media\/7873"}],"wp:attachment":[{"href":"https:\/\/www.packpapierverlag.de\/index.php?rest_route=%2Fwp%2Fv2%2Fmedia&parent=561"}],"wp:term":[{"taxonomy":"product_brand","embeddable":true,"href":"https:\/\/www.packpapierverlag.de\/index.php?rest_route=%2Fwp%2Fv2%2Fproduct_brand&post=561"},{"taxonomy":"product_cat","embeddable":true,"href":"https:\/\/www.packpapierverlag.de\/index.php?rest_route=%2Fwp%2Fv2%2Fproduct_cat&post=561"},{"taxonomy":"product_tag","embeddable":true,"href":"https:\/\/www.packpapierverlag.de\/index.php?rest_route=%2Fwp%2Fv2%2Fproduct_tag&post=561"}],"curies":[{"name":"wp","href":"https:\/\/api.w.org\/{rel}","templated":true}]}}