{"id":562,"date":"2010-12-12T19:34:55","date_gmt":"2010-12-12T18:34:55","guid":{"rendered":"http:\/\/www.packpapierverlag.de\/neu\/?p=562"},"modified":"2017-04-24T10:58:38","modified_gmt":"2017-04-24T08:58:38","slug":"windkraft-ja-bitte","status":"publish","type":"product","link":"https:\/\/www.packpapierverlag.de\/?product=windkraft-ja-bitte","title":{"rendered":"EsA Windkraft? Ja bitte! (c12)"},"content":{"rendered":"<p><a href=\"https:\/\/www.packpapierverlag.de\/wp-content\/uploads\/2010\/12\/Wind-ja-bitte.jpg\"><img loading=\"lazy\" decoding=\"async\" class=\"alignleft size-medium wp-image-3939\" title=\"Wind ja bitte\" src=\"https:\/\/www.packpapierverlag.de\/wp-content\/uploads\/2010\/12\/Wind-ja-bitte-214x300.jpg\" alt=\"\" width=\"214\" height=\"300\" srcset=\"https:\/\/www.packpapierverlag.de\/wp-content\/uploads\/2010\/12\/Wind-ja-bitte-214x300.jpg 214w, https:\/\/www.packpapierverlag.de\/wp-content\/uploads\/2010\/12\/Wind-ja-bitte-300x420.jpg 300w, https:\/\/www.packpapierverlag.de\/wp-content\/uploads\/2010\/12\/Wind-ja-bitte-730x1024.jpg 730w, https:\/\/www.packpapierverlag.de\/wp-content\/uploads\/2010\/12\/Wind-ja-bitte.jpg 1024w\" sizes=\"auto, (max-width: 214px) 100vw, 214px\" \/><\/a><small style=\"color: #172f2f;\"><big style=\"color: #3a7777;\"><span style=\"font-family: Helvetica,Arial,sans-serif; font-weight: bold;\">Windkraft? Ja bitte! Windr\u00e4der mit verbesserter Autolichtmaschine, Holzrepeller, Direktantrieb.<\/span><\/big><br style=\"font-family: Helvetica,Arial,sans-serif;\" \/><span style=\"font-family: Helvetica,Arial,sans-serif;\">Neue vereinfachte Bauanleitung! \u00dcber 30% h\u00f6herer Wirkungsgrad! Genaue Darstellung des Ankerwickelns sowie Bauten ohne Umwicklung. <\/span><span style=\"font-family: Helvetica,Arial,sans-serif;\">Windkraftheft 2 der Reihe Einf\u00e4lle statt Abf\u00e4lle. Erweiterte Auflage von 2011. 124 Seiten, DIN A5. EAN 978-3-924038-76-2<\/span><br style=\"font-family: Helvetica,Arial,sans-serif;\" \/><span style=\"font-family: Helvetica,Arial,sans-serif;\">Sehr ausf\u00fchrlich illustrierte, anschauliche Darstellung des Baus verschiedener Windkraftr\u00e4der und der vielseitigen Nutzung des Windradstroms. Mithilfe der Brosch\u00fcre kann jeder f\u00fcr wenig Geld zu seinem eigenen Stromerzeuger werden. Ein dickes Danke an den Ingenieur Christian Kuhtz, der` s m\u00f6glich macht.<\/span><br style=\"font-family: Helvetica,Arial,sans-serif;\" \/><span style=\"font-family: Helvetica,Arial,sans-serif;\"><span style=\"font-weight: bold; color: #3a7777;\">INHALT:<\/span><br \/>\n* Windkraft? Ja, bitte. Idee und Hintergrund * Fachkunde f\u00fcr Windradbastler: Wie funktioniert&#8230; * Der Repeller: Aerodynamik, Schnell\u00e4ufigkeit, Verwindung * 2- Fl\u00fcgler, 3- Fl\u00fcgler, Massentr\u00e4gheitsmomenten- Ausgleich * Die Autolichtmaschine: Magnetisieren des Polrades, Selbsterregung * Umwickeln- warum? * Stromerzeugung und Wicklungsarten * Wirkungsgrad der Lichtmaschine erh\u00f6hen * Die Sturmsicherung: Sicherungs- M\u00f6glichkeiten * Eklipsen-, Seitenfahnen- und Helikoptersicherung * Planung: Standort, Repellergr\u00f6\u00dfe und \u2013leistung * Anpassung der Lichtmaschine- Repeller, elektrische Leistung * Bauanleitung f\u00fcr das \u201eStandart- Windrad\u201c: Der Repeller: Repellerbau- Werkzeuge, Holz aussuchen * Die Repeller- Bauschritte (einfacher Repeller 1,7 Meter Durchmesser) * Gleichgewicht erreichen, Montierung an der Nabe * Schmirgeln, Hagelschutz, Lackierung * Achse, Lager, Bau der Nabe aus einer Riemenscheibe * Ausrichten des Repellers gegen dynamische Unwucht * Anlaufhilfe und Massentr\u00e4gheitsmomenten- Ausgleichgewicht * Die Lichtmaschine: Bauarten, Aussuchen, Pr\u00fcfen * Auseinander- und Zusammenbauen der Lichtmaschine * Umwickeln der Lichtmaschine: einfache Drehstrom- Wellenwicklung * Die elektrische Schaltung am Windrad * Aufbau und Mechanik der Windrades: Azimutlager und Rahmen * Handbremse und Eklipsen- Sturmsicherung * Stromleitung und Bremsseilf\u00fchrung nach unten, Regenschutz * Aufstellen und Nutzen des Windrades: Mast oder Befestigung auf dem Dach * Batterien richtig behandeln, Ladenkontrolle und Schutzschaltungen * Batterien im Schrott aussuchen, pr\u00fcfen und aufbessern * Wie vielseitig man den Windradstrom nutzen kann&#8230; * Das 12- Volt-Leitungsnetz im Haus * Varianten und besondere Bauweisen: Repeller \u201eFast lautlos\u201c * Dreifl\u00fcgler \u201eAbsolut vibrationsfrei\u201c * Lichtmaschinen und- Schaltungen: Werks- Schaltungen und Windrad- Schaltungen * Schaltungen zum Vormagnetisieren oder Selbsterregen der Lichtmaschine * 2- Stufen- Automatik, Schutzschaltung, Ladeanzeige- Lampe * Sonderwicklungen und \u2013 Schaltungen in der Lichtmaschine * Lichtmaschine f\u00fcr 12 und 24 Volt oder Hochspannung, Dauermagnetlichtmaschine * Umwickeln \u2013oder Umwickeln sparen- bei jeder beliebigen Lichtmaschine * Wickeln mit Wickelvorrichtung * Rahmen und Sturmsicherung: Rechteckrahmen, Seitenfahnen- Sicherung * Bauart mit Helikoptersicherung * \u00dcberdrehzahl- Sicherung mit Fliehgewichten * Neue Bautricks ohne Umwickeln * Die Romantik- Seiten: Selbstversorger-Windr\u00e4der fr\u00fcher und heute<\/span><\/small><\/p>\n","protected":false},"excerpt":{"rendered":"<p>Windkraft? Ja bitte! Windr\u00e4der mit verbesserter Autolichtmaschine, Holzrepeller, Direktantrieb.Neue vereinfachte [&hellip;] &hellip; <a href=\"https:\/\/www.packpapierverlag.de\/?product=windkraft-ja-bitte\">Weiterlesen <span class=\"meta-nav\">&rarr;<\/span><\/a><\/p>\n","protected":false},"featured_media":3939,"template":"","meta":[],"product_brand":[],"product_cat":[3,5],"product_tag":[],"class_list":{"0":"post-562","1":"product","2":"type-product","3":"status-publish","4":"has-post-thumbnail","6":"product_cat-produkte","7":"product_cat-selbstversorgung","9":"first","10":"instock","11":"shipping-taxable","12":"purchasable","13":"product-type-simple"},"_links":{"self":[{"href":"https:\/\/www.packpapierverlag.de\/index.php?rest_route=\/wp\/v2\/product\/562","targetHints":{"allow":["GET"]}}],"collection":[{"href":"https:\/\/www.packpapierverlag.de\/index.php?rest_route=\/wp\/v2\/product"}],"about":[{"href":"https:\/\/www.packpapierverlag.de\/index.php?rest_route=\/wp\/v2\/types\/product"}],"wp:featuredmedia":[{"embeddable":true,"href":"https:\/\/www.packpapierverlag.de\/index.php?rest_route=\/wp\/v2\/media\/3939"}],"wp:attachment":[{"href":"https:\/\/www.packpapierverlag.de\/index.php?rest_route=%2Fwp%2Fv2%2Fmedia&parent=562"}],"wp:term":[{"taxonomy":"product_brand","embeddable":true,"href":"https:\/\/www.packpapierverlag.de\/index.php?rest_route=%2Fwp%2Fv2%2Fproduct_brand&post=562"},{"taxonomy":"product_cat","embeddable":true,"href":"https:\/\/www.packpapierverlag.de\/index.php?rest_route=%2Fwp%2Fv2%2Fproduct_cat&post=562"},{"taxonomy":"product_tag","embeddable":true,"href":"https:\/\/www.packpapierverlag.de\/index.php?rest_route=%2Fwp%2Fv2%2Fproduct_tag&post=562"}],"curies":[{"name":"wp","href":"https:\/\/api.w.org\/{rel}","templated":true}]}}